{"id":1644,"date":"2021-09-16T18:09:59","date_gmt":"2021-09-16T18:09:59","guid":{"rendered":"https:\/\/the7.io\/consulting\/?page_id=1644"},"modified":"2025-08-01T14:13:57","modified_gmt":"2025-08-01T19:13:57","slug":"contacto","status":"publish","type":"page","link":"https:\/\/locsoftware.com\/es\/contact\/","title":{"rendered":"Cont\u00e1ctenos"},"content":{"rendered":"<div data-elementor-type=\"wp-page\" data-elementor-id=\"1644\" class=\"elementor elementor-1644\" data-elementor-post-type=\"page\">\n\t\t\t\t\t\t<section class=\"elementor-section elementor-top-section elementor-element elementor-element-607938b elementor-section-content-top elementor-section-boxed elementor-section-height-default elementor-section-height-default\" data-id=\"607938b\" data-element_type=\"section\" data-e-type=\"section\" data-settings=\"{&quot;background_background&quot;:&quot;classic&quot;}\">\n\t\t\t\t\t\t<div class=\"elementor-container elementor-column-gap-wide\">\n\t\t\t\t\t<div class=\"elementor-column elementor-col-50 elementor-top-column elementor-element elementor-element-a88b233\" data-id=\"a88b233\" data-element_type=\"column\" data-e-type=\"column\">\n\t\t\t<div class=\"elementor-widget-wrap elementor-element-populated\">\n\t\t\t\t\t\t<div class=\"elementor-element elementor-element-af8038c elementor-widget elementor-widget-heading\" data-id=\"af8038c\" data-element_type=\"widget\" data-e-type=\"widget\" data-widget_type=\"heading.default\">\n\t\t\t\t<div class=\"elementor-widget-container\">\n\t\t\t\t\t<h1 class=\"elementor-heading-title elementor-size-default\">Comun\u00edquese con LOC Software<\/h1>\t\t\t\t<\/div>\n\t\t\t\t<\/div>\n\t\t\t\t<div class=\"elementor-element elementor-element-5b79eeb elementor-widget elementor-widget-text-editor\" data-id=\"5b79eeb\" data-element_type=\"widget\" data-e-type=\"widget\" data-widget_type=\"text-editor.default\">\n\t\t\t\t<div class=\"elementor-widget-container\">\n\t\t\t\t\t\t\t\t\tEl equipo de especialistas en soluciones de punto de venta, gesti\u00f3n interna e industria de LOC Software est\u00e1 listo para responder a sus preguntas. Rellene este formulario y un consultor se pondr\u00e1 en contacto con usted para darle m\u00e1s informaci\u00f3n sobre LOC o hablar sobre sus planes de actualizaci\u00f3n del sistema de gesti\u00f3n de tiendas.\t\t\t\t\t\t\t\t<\/div>\n\t\t\t\t<\/div>\n\t\t\t\t<div class=\"elementor-element elementor-element-682e273 elementor-widget elementor-widget-image\" data-id=\"682e273\" data-element_type=\"widget\" data-e-type=\"widget\" data-widget_type=\"image.default\">\n\t\t\t\t<div class=\"elementor-widget-container\">\n\t\t\t\t\t\t\t\t\t\t\t\t\t\t\t<img fetchpriority=\"high\" decoding=\"async\" width=\"660\" height=\"336\" src=\"https:\/\/locsoftware.com\/wp-content\/uploads\/2024\/02\/loc-contact-us-image.png\" class=\"attachment-full size-full wp-image-5622\" alt=\"\" srcset=\"https:\/\/locsoftware.com\/wp-content\/uploads\/2024\/02\/loc-contact-us-image.png 660w, https:\/\/locsoftware.com\/wp-content\/uploads\/2024\/02\/loc-contact-us-image-300x153.png 300w\" sizes=\"(max-width: 660px) 100vw, 660px\" \/>\t\t\t\t\t\t\t\t\t\t\t\t\t\t\t<\/div>\n\t\t\t\t<\/div>\n\t\t\t\t\t<\/div>\n\t\t<\/div>\n\t\t\t\t<div class=\"elementor-column elementor-col-50 elementor-top-column elementor-element elementor-element-a856253\" data-id=\"a856253\" data-element_type=\"column\" data-e-type=\"column\">\n\t\t\t<div class=\"elementor-widget-wrap elementor-element-populated\">\n\t\t\t\t\t\t<div class=\"elementor-element elementor-element-bf551ef elementor-widget elementor-widget-html\" data-id=\"bf551ef\" data-element_type=\"widget\" data-e-type=\"widget\" data-widget_type=\"html.default\">\n\t\t\t\t<div class=\"elementor-widget-container\">\n\t\t\t\t\t<script src=\"https:\/\/js.hsforms.net\/forms\/embed\/48452317.js\" defer><\/script>\r\n<div class=\"hs-form-frame\" data-region=\"na1\" data-form-id=\"736c6618-d730-4eaa-8dab-47aa800bcfb1\" data-portal-id=\"48452317\"><\/div>\t\t\t\t<\/div>\n\t\t\t\t<\/div>\n\t\t\t\t\t<\/div>\n\t\t<\/div>\n\t\t\t\t\t<\/div>\n\t\t<\/section>\n\t\t\t\t<\/div>","protected":false},"excerpt":{"rendered":"<p>P\u00f3ngase en contacto con LOC Software El equipo de especialistas en puntos de venta, back-office y soluciones sectoriales de LOC Software est\u00e1 preparado para responder a sus preguntas. Rellene este formulario para que un asesor se ponga en contacto con usted y le proporcione m\u00e1s informaci\u00f3n sobre LOC o para comentar sus planes de actualizaci\u00f3n del sistema de gesti\u00f3n de tiendas. P\u00f3ngase en contacto con LOC Software El equipo de...<\/p>","protected":false},"author":1,"featured_media":0,"parent":0,"menu_order":30,"comment_status":"closed","ping_status":"closed","template":"elementor_header_footer","meta":{"footnotes":""},"class_list":["post-1644","page","type-page","status-publish","hentry"],"yoast_head":"<!-- This site is optimized with the Yoast SEO Premium plugin v27.4 (Yoast SEO v27.4) - https:\/\/yoast.com\/product\/yoast-seo-premium-wordpress\/ -->\n<title>Contact Our Experts | LOC<\/title>\n<meta name=\"description\" content=\"The LOC Software team is available to answer your questions, provide information, and introduce you to our ThriVersA suite of products. Contact us today.\" \/>\n<meta name=\"robots\" content=\"index, follow, max-snippet:-1, max-image-preview:large, max-video-preview:-1\" \/>\n<link rel=\"canonical\" href=\"https:\/\/locsoftware.com\/es\/contacto\/\" \/>\n<meta property=\"og:locale\" content=\"es_ES\" \/>\n<meta property=\"og:type\" content=\"article\" \/>\n<meta property=\"og:title\" content=\"Contact Us\" \/>\n<meta property=\"og:description\" content=\"The LOC Software team is available to answer your questions, provide information, and introduce you to our ThriVersA suite of products. Contact us today.\" \/>\n<meta property=\"og:url\" content=\"https:\/\/locsoftware.com\/es\/contacto\/\" \/>\n<meta property=\"og:site_name\" content=\"LOC\" \/>\n<meta property=\"article:modified_time\" content=\"2025-08-01T19:13:57+00:00\" \/>\n<meta property=\"og:image\" content=\"https:\/\/locsoftware.com\/wp-content\/uploads\/2024\/02\/loc-contact-us-image.png\" \/>\n\t<meta property=\"og:image:width\" content=\"660\" \/>\n\t<meta property=\"og:image:height\" content=\"336\" \/>\n\t<meta property=\"og:image:type\" content=\"image\/png\" \/>\n<meta name=\"twitter:card\" content=\"summary_large_image\" \/>\n<meta name=\"twitter:label1\" content=\"Tiempo de lectura\" \/>\n\t<meta name=\"twitter:data1\" content=\"2 minutos\" \/>\n<script type=\"application\/ld+json\" class=\"yoast-schema-graph\">{\"@context\":\"https:\\\/\\\/schema.org\",\"@graph\":[{\"@type\":\"WebPage\",\"@id\":\"https:\\\/\\\/locsoftware.com\\\/contact\\\/\",\"url\":\"https:\\\/\\\/locsoftware.com\\\/contact\\\/\",\"name\":\"Contact Our Experts | LOC\",\"isPartOf\":{\"@id\":\"https:\\\/\\\/locsoftware.com\\\/#website\"},\"primaryImageOfPage\":{\"@id\":\"https:\\\/\\\/locsoftware.com\\\/contact\\\/#primaryimage\"},\"image\":{\"@id\":\"https:\\\/\\\/locsoftware.com\\\/contact\\\/#primaryimage\"},\"thumbnailUrl\":\"https:\\\/\\\/locsoftware.com\\\/wp-content\\\/uploads\\\/2024\\\/02\\\/loc-contact-us-image.png\",\"datePublished\":\"2021-09-16T18:09:59+00:00\",\"dateModified\":\"2025-08-01T19:13:57+00:00\",\"description\":\"The LOC Software team is available to answer your questions, provide information, and introduce you to our ThriVersA suite of products. Contact us today.\",\"breadcrumb\":{\"@id\":\"https:\\\/\\\/locsoftware.com\\\/contact\\\/#breadcrumb\"},\"inLanguage\":\"es\",\"potentialAction\":[{\"@type\":\"ReadAction\",\"target\":[\"https:\\\/\\\/locsoftware.com\\\/contact\\\/\"]}]},{\"@type\":\"ImageObject\",\"inLanguage\":\"es\",\"@id\":\"https:\\\/\\\/locsoftware.com\\\/contact\\\/#primaryimage\",\"url\":\"https:\\\/\\\/locsoftware.com\\\/wp-content\\\/uploads\\\/2024\\\/02\\\/loc-contact-us-image.png\",\"contentUrl\":\"https:\\\/\\\/locsoftware.com\\\/wp-content\\\/uploads\\\/2024\\\/02\\\/loc-contact-us-image.png\"},{\"@type\":\"BreadcrumbList\",\"@id\":\"https:\\\/\\\/locsoftware.com\\\/contact\\\/#breadcrumb\",\"itemListElement\":[{\"@type\":\"ListItem\",\"position\":1,\"name\":\"Home\",\"item\":\"https:\\\/\\\/locsoftware.com\\\/\"},{\"@type\":\"ListItem\",\"position\":2,\"name\":\"Contact Us\"}]},{\"@type\":\"WebSite\",\"@id\":\"https:\\\/\\\/locsoftware.com\\\/#website\",\"url\":\"https:\\\/\\\/locsoftware.com\\\/\",\"name\":\"LOC\",\"description\":\"Best-in-Class Retail Management Software\",\"publisher\":{\"@id\":\"https:\\\/\\\/locsoftware.com\\\/#organization\"},\"potentialAction\":[{\"@type\":\"SearchAction\",\"target\":{\"@type\":\"EntryPoint\",\"urlTemplate\":\"https:\\\/\\\/locsoftware.com\\\/?s={search_term_string}\"},\"query-input\":{\"@type\":\"PropertyValueSpecification\",\"valueRequired\":true,\"valueName\":\"search_term_string\"}}],\"inLanguage\":\"es\"},{\"@type\":\"Organization\",\"@id\":\"https:\\\/\\\/locsoftware.com\\\/#organization\",\"name\":\"Best-in-Class Retail Management Software\",\"url\":\"https:\\\/\\\/locsoftware.com\\\/\",\"logo\":{\"@type\":\"ImageObject\",\"inLanguage\":\"es\",\"@id\":\"https:\\\/\\\/locsoftware.com\\\/#\\\/schema\\\/logo\\\/image\\\/\",\"url\":\"\",\"contentUrl\":\"\",\"caption\":\"Best-in-Class Retail Management Software\"},\"image\":{\"@id\":\"https:\\\/\\\/locsoftware.com\\\/#\\\/schema\\\/logo\\\/image\\\/\"}}]}<\/script>\n<!-- \/ Yoast SEO Premium plugin. -->","yoast_head_json":{"title":"Contacte con nuestros expertos | LOC","description":"El equipo de LOC Software est\u00e1 a su disposici\u00f3n para responder a sus preguntas, proporcionarle informaci\u00f3n y presentarle nuestra suite de productos ThriVersA. P\u00f3ngase en contacto con nosotros hoy mismo.","robots":{"index":"index","follow":"follow","max-snippet":"max-snippet:-1","max-image-preview":"max-image-preview:large","max-video-preview":"max-video-preview:-1"},"canonical":"https:\/\/locsoftware.com\/es\/contacto\/","og_locale":"es_ES","og_type":"article","og_title":"Contact Us","og_description":"The LOC Software team is available to answer your questions, provide information, and introduce you to our ThriVersA suite of products. Contact us today.","og_url":"https:\/\/locsoftware.com\/es\/contacto\/","og_site_name":"LOC","article_modified_time":"2025-08-01T19:13:57+00:00","og_image":[{"width":660,"height":336,"url":"https:\/\/locsoftware.com\/wp-content\/uploads\/2024\/02\/loc-contact-us-image.png","type":"image\/png"}],"twitter_card":"summary_large_image","twitter_misc":{"Tiempo de lectura":"2 minutos"},"schema":{"@context":"https:\/\/schema.org","@graph":[{"@type":"WebPage","@id":"https:\/\/locsoftware.com\/contact\/","url":"https:\/\/locsoftware.com\/contact\/","name":"Contacte con nuestros expertos | LOC","isPartOf":{"@id":"https:\/\/locsoftware.com\/#website"},"primaryImageOfPage":{"@id":"https:\/\/locsoftware.com\/contact\/#primaryimage"},"image":{"@id":"https:\/\/locsoftware.com\/contact\/#primaryimage"},"thumbnailUrl":"https:\/\/locsoftware.com\/wp-content\/uploads\/2024\/02\/loc-contact-us-image.png","datePublished":"2021-09-16T18:09:59+00:00","dateModified":"2025-08-01T19:13:57+00:00","description":"El equipo de LOC Software est\u00e1 a su disposici\u00f3n para responder a sus preguntas, proporcionarle informaci\u00f3n y presentarle nuestra suite de productos ThriVersA. P\u00f3ngase en contacto con nosotros hoy mismo.","breadcrumb":{"@id":"https:\/\/locsoftware.com\/contact\/#breadcrumb"},"inLanguage":"es","potentialAction":[{"@type":"ReadAction","target":["https:\/\/locsoftware.com\/contact\/"]}]},{"@type":"ImageObject","inLanguage":"es","@id":"https:\/\/locsoftware.com\/contact\/#primaryimage","url":"https:\/\/locsoftware.com\/wp-content\/uploads\/2024\/02\/loc-contact-us-image.png","contentUrl":"https:\/\/locsoftware.com\/wp-content\/uploads\/2024\/02\/loc-contact-us-image.png"},{"@type":"BreadcrumbList","@id":"https:\/\/locsoftware.com\/contact\/#breadcrumb","itemListElement":[{"@type":"ListItem","position":1,"name":"Home","item":"https:\/\/locsoftware.com\/"},{"@type":"ListItem","position":2,"name":"Contact Us"}]},{"@type":"WebSite","@id":"https:\/\/locsoftware.com\/#website","url":"https:\/\/locsoftware.com\/","name":"LOC","description":"El mejor software de gesti\u00f3n para minoristas","publisher":{"@id":"https:\/\/locsoftware.com\/#organization"},"potentialAction":[{"@type":"SearchAction","target":{"@type":"EntryPoint","urlTemplate":"https:\/\/locsoftware.com\/?s={search_term_string}"},"query-input":{"@type":"PropertyValueSpecification","valueRequired":true,"valueName":"search_term_string"}}],"inLanguage":"es"},{"@type":"Organization","@id":"https:\/\/locsoftware.com\/#organization","name":"El mejor software de gesti\u00f3n para minoristas","url":"https:\/\/locsoftware.com\/","logo":{"@type":"ImageObject","inLanguage":"es","@id":"https:\/\/locsoftware.com\/#\/schema\/logo\/image\/","url":"","contentUrl":"","caption":"Best-in-Class Retail Management Software"},"image":{"@id":"https:\/\/locsoftware.com\/#\/schema\/logo\/image\/"}}]}},"_links":{"self":[{"href":"https:\/\/locsoftware.com\/es\/wp-json\/wp\/v2\/pages\/1644","targetHints":{"allow":["GET"]}}],"collection":[{"href":"https:\/\/locsoftware.com\/es\/wp-json\/wp\/v2\/pages"}],"about":[{"href":"https:\/\/locsoftware.com\/es\/wp-json\/wp\/v2\/types\/page"}],"author":[{"embeddable":true,"href":"https:\/\/locsoftware.com\/es\/wp-json\/wp\/v2\/users\/1"}],"replies":[{"embeddable":true,"href":"https:\/\/locsoftware.com\/es\/wp-json\/wp\/v2\/comments?post=1644"}],"version-history":[{"count":5,"href":"https:\/\/locsoftware.com\/es\/wp-json\/wp\/v2\/pages\/1644\/revisions"}],"predecessor-version":[{"id":9004,"href":"https:\/\/locsoftware.com\/es\/wp-json\/wp\/v2\/pages\/1644\/revisions\/9004"}],"wp:attachment":[{"href":"https:\/\/locsoftware.com\/es\/wp-json\/wp\/v2\/media?parent=1644"}],"curies":[{"name":"wp","href":"https:\/\/api.w.org\/{rel}","templated":true}]}}