{"id":5110,"date":"2024-01-17T19:07:20","date_gmt":"2024-01-17T19:07:20","guid":{"rendered":"https:\/\/locsoftware.com\/?page_id=5110"},"modified":"2025-04-24T15:55:33","modified_gmt":"2025-04-24T15:55:33","slug":"7-de-marzo-de-2024","status":"publish","type":"page","link":"https:\/\/locsoftware.com\/es\/careers\/","title":{"rendered":"Oportunidades profesionales"},"content":{"rendered":"<div data-elementor-type=\"wp-page\" data-elementor-id=\"5110\" class=\"elementor elementor-5110\" data-elementor-post-type=\"page\">\n\t\t\t\t\t\t<section class=\"elementor-section elementor-top-section elementor-element elementor-element-5c9e168 elementor-section-height-min-height elementor-section-content-middle elementor-section-boxed elementor-section-height-default elementor-section-items-middle\" data-id=\"5c9e168\" data-element_type=\"section\" data-e-type=\"section\" data-settings=\"{&quot;background_background&quot;:&quot;classic&quot;}\">\n\t\t\t\t\t\t\t<div class=\"elementor-background-overlay\"><\/div>\n\t\t\t\t\t\t\t<div class=\"elementor-container elementor-column-gap-default\">\n\t\t\t\t\t<div class=\"elementor-column elementor-col-100 elementor-top-column elementor-element elementor-element-20088ad9\" data-id=\"20088ad9\" data-element_type=\"column\" data-e-type=\"column\">\n\t\t\t<div class=\"elementor-widget-wrap elementor-element-populated\">\n\t\t\t\t\t\t<div class=\"elementor-element elementor-element-48775250 elementor-widget elementor-widget-heading\" data-id=\"48775250\" data-element_type=\"widget\" data-e-type=\"widget\" data-widget_type=\"heading.default\">\n\t\t\t\t<div class=\"elementor-widget-container\">\n\t\t\t\t\t<h1 class=\"elementor-heading-title elementor-size-default\">Explore las ofertas de trabajo de LOC Software<\/h1>\t\t\t\t<\/div>\n\t\t\t\t<\/div>\n\t\t\t\t\t<\/div>\n\t\t<\/div>\n\t\t\t\t\t<\/div>\n\t\t<\/section>\n\t\t\t\t<section class=\"elementor-section elementor-top-section elementor-element elementor-element-1fc86159 elementor-section-boxed elementor-section-height-default elementor-section-height-default\" data-id=\"1fc86159\" data-element_type=\"section\" data-e-type=\"section\" data-settings=\"{&quot;background_background&quot;:&quot;classic&quot;}\">\n\t\t\t\t\t\t<div class=\"elementor-container elementor-column-gap-wide\">\n\t\t\t\t\t<div class=\"elementor-column elementor-col-50 elementor-top-column elementor-element elementor-element-5f47994e\" data-id=\"5f47994e\" data-element_type=\"column\" data-e-type=\"column\">\n\t\t\t<div class=\"elementor-widget-wrap elementor-element-populated\">\n\t\t\t\t\t\t<div class=\"elementor-element elementor-element-159cb2d2 elementor-widget elementor-widget-heading\" data-id=\"159cb2d2\" data-element_type=\"widget\" data-e-type=\"widget\" data-widget_type=\"heading.default\">\n\t\t\t\t<div class=\"elementor-widget-container\">\n\t\t\t\t\t<h2 class=\"elementor-heading-title elementor-size-default\">Acomp\u00e1\u00f1enos a optimizar el rendimiento del sector minorista<\/h2>\t\t\t\t<\/div>\n\t\t\t\t<\/div>\n\t\t\t\t<div class=\"elementor-element elementor-element-23dbcc02 elementor-widget elementor-widget-text-editor\" data-id=\"23dbcc02\" data-element_type=\"widget\" data-e-type=\"widget\" data-widget_type=\"text-editor.default\">\n\t\t\t\t<div class=\"elementor-widget-container\">\n\t\t\t\t\t\t\t\t\t<div data-slate-type=\"paragraph\">En LOC Software, somos m\u00e1s que una empresa canadiense de puntos de venta. Somos un equipo de personas dedicadas, impulsadas por el trabajo en equipo y nuestro compromiso de servir. Nuestro lema, \u201cOptimizar el rendimiento del sector minorista\u201d, define nuestro compromiso de brindar soluciones de vanguardia que permitan a los minoristas prosperar en un panorama de mercado en constante evoluci\u00f3n.<\/div><div data-slate-type=\"paragraph\">\u00a0<\/div><p>Si busca una oportunidad profesional din\u00e1mica y gratificante donde pueda tener un verdadero impacto, LOC Software es el lugar para usted. Ofrecemos una remuneraci\u00f3n competitiva, capacitaci\u00f3n continua y oportunidades de desarrollo, adem\u00e1s de un entorno laboral de apoyo, donde se valoran las ideas y se reconocen las contribuciones. Optimicemos juntos el rendimiento del sector minorista y forjemos el futuro de la industria. Env\u00ede su solicitud hoy y emprenda una traves\u00eda de crecimiento, innovaci\u00f3n y \u00e9xito con LOC Software.<\/p>\t\t\t\t\t\t\t\t<\/div>\n\t\t\t\t<\/div>\n\t\t\t\t<div class=\"elementor-element elementor-element-ed93ab5 custom-list content-align-left icon-box-vertical-align-top icon-vertical-align-start elementor-widget elementor-widget-the7_image_box_widget\" data-id=\"ed93ab5\" data-element_type=\"widget\" data-e-type=\"widget\" data-widget_type=\"the7_image_box_widget.default\">\n\t\t\t\t<div class=\"elementor-widget-container\">\n\t\t\t\t\t\n\t\t<div class=\"the7-box-wrapper the7-elementor-widget the7_image_box_widget-ed93ab5\">\t\t\t<div class=\"box-content-wrapper\">\n\t\t\t\t\n\t\t\t\t<div class=\"box-content\">\n\t\t\t\t\t<h3 class=\"box-heading\"><a >Excelentes beneficios al trabajar en LOC Software<\/a><\/h3><div class=\"box-description\"><ul>\n \t<li>M\u00ednimo de tres semanas de vacaciones desde el primer a\u00f1o<\/li>\n \t<li>Seguro m\u00e9dico colectivo y beneficios por incapacidad a largo plazo<\/li>\n \t<li>Plan de pensiones con contribuci\u00f3n del empleador despu\u00e9s del primer a\u00f1o<\/li>\n \t<li>Cinco d\u00edas de tiempo libre remunerado (PTO) despu\u00e9s de tres meses<\/li>\n \t<li>Flexibilidad para trabajar de forma remota: opciones h\u00edbridas, a distancia y en las instalaciones<\/li>\n<\/ul><\/div>\t\t\t\t<\/div>\n\t\t\t<\/div>\n\t\t<\/div>\t\t\t\t<\/div>\n\t\t\t\t<\/div>\n\t\t\t\t<div class=\"elementor-element elementor-element-884bb9d elementor-widget elementor-widget-heading\" data-id=\"884bb9d\" data-element_type=\"widget\" data-e-type=\"widget\" data-widget_type=\"heading.default\">\n\t\t\t\t<div class=\"elementor-widget-container\">\n\t\t\t\t\t<h3 class=\"elementor-heading-title elementor-size-default\">La cultura de nuestra empresa<\/h3>\t\t\t\t<\/div>\n\t\t\t\t<\/div>\n\t\t\t\t<div class=\"elementor-element elementor-element-1f0cbe5 elementor-widget elementor-widget-text-editor\" data-id=\"1f0cbe5\" data-element_type=\"widget\" data-e-type=\"widget\" data-widget_type=\"text-editor.default\">\n\t\t\t\t<div class=\"elementor-widget-container\">\n\t\t\t\t\t\t\t\t\t<p>El equipo de LOC Software valora el trabajo en equipo, pero tambi\u00e9n el \u00e9xito de los miembros individuales. En LOC, recibir\u00e1 el apoyo y la confianza para crecer profesionalmente y desarrollar habilidades de liderazgo. Fomentamos el pensamiento creativo y la innovaci\u00f3n, por lo que damos al personal la oportunidad de seguir sus intereses y pasiones para construir una carrera profesional satisfactoria.<\/p><p>D\u00e9 el siguiente paso y explore las ofertas de trabajo de LOC Software para que pueda tener un impacto como parte de una empresa que crece r\u00e1pidamente y ofrece las mejores soluciones de software para el mercado minorista.<\/p>\t\t\t\t\t\t\t\t<\/div>\n\t\t\t\t<\/div>\n\t\t\t\t<div class=\"elementor-element elementor-element-4cfc495 elementor-widget elementor-widget-button\" data-id=\"4cfc495\" data-element_type=\"widget\" data-e-type=\"widget\" data-widget_type=\"button.default\">\n\t\t\t\t<div class=\"elementor-widget-container\">\n\t\t\t\t\t\t\t\t\t<div class=\"elementor-button-wrapper\">\n\t\t\t\t\t<a class=\"elementor-button elementor-button-link elementor-size-md\" href=\"https:\/\/locsoftware.catsone.com\/careers\/47684-English\" target=\"_blank\">\n\t\t\t\t\t\t<span class=\"elementor-button-content-wrapper\">\n\t\t\t\t\t\t\t\t\t<span class=\"elementor-button-text\">VER OFERTAS DE EMPLEO<\/span>\n\t\t\t\t\t<\/span>\n\t\t\t\t\t<\/a>\n\t\t\t\t<\/div>\n\t\t\t\t\t\t\t\t<\/div>\n\t\t\t\t<\/div>\n\t\t\t\t\t<\/div>\n\t\t<\/div>\n\t\t\t\t<div class=\"elementor-column elementor-col-50 elementor-top-column elementor-element elementor-element-642c57d2\" data-id=\"642c57d2\" data-element_type=\"column\" data-e-type=\"column\">\n\t\t\t<div class=\"elementor-widget-wrap elementor-element-populated\">\n\t\t\t\t\t\t<div class=\"elementor-element elementor-element-12afc5b9 elementor-widget elementor-widget-image\" data-id=\"12afc5b9\" data-element_type=\"widget\" data-e-type=\"widget\" data-widget_type=\"image.default\">\n\t\t\t\t<div class=\"elementor-widget-container\">\n\t\t\t\t\t\t\t\t\t\t\t\t\t\t\t<img fetchpriority=\"high\" decoding=\"async\" width=\"407\" height=\"389\" src=\"https:\/\/locsoftware.com\/wp-content\/uploads\/2024\/02\/careerspage.png\" class=\"attachment-full size-full wp-image-6027\" alt=\"7 de marzo de 2024\" srcset=\"https:\/\/locsoftware.com\/wp-content\/uploads\/2024\/02\/careerspage.png 407w, https:\/\/locsoftware.com\/wp-content\/uploads\/2024\/02\/careerspage-300x287.png 300w, https:\/\/locsoftware.com\/wp-content\/uploads\/2024\/02\/careerspage-13x12.png 13w\" sizes=\"(max-width: 407px) 100vw, 407px\" \/>\t\t\t\t\t\t\t\t\t\t\t\t\t\t\t<\/div>\n\t\t\t\t<\/div>\n\t\t\t\t\t<\/div>\n\t\t<\/div>\n\t\t\t\t\t<\/div>\n\t\t<\/section>\n\t\t\t\t<\/div>","protected":false},"excerpt":{"rendered":"<p>Explore las ofertas de empleo de LOC Software \u00danase a nosotros para optimizar el rendimiento del comercio minorista En LOC Software, somos algo m\u00e1s que una empresa global de puntos de venta. Somos un equipo de personas dedicadas, impulsadas por el trabajo en equipo y nuestro compromiso de servicio. Nuestro lema, \"Optimizar el rendimiento del comercio minorista\", define nuestro compromiso de ofrecer soluciones de vanguardia que...<\/p>","protected":false},"author":1,"featured_media":0,"parent":0,"menu_order":0,"comment_status":"closed","ping_status":"closed","template":"elementor_header_footer","meta":{"footnotes":""},"class_list":["post-5110","page","type-page","status-publish","hentry"],"yoast_head":"<!-- This site is optimized with the Yoast SEO Premium plugin v27.4 (Yoast SEO v27.4) - https:\/\/yoast.com\/product\/yoast-seo-premium-wordpress\/ -->\n<title>LOC Software Jobs: Start an Exciting Career | LOC Software<\/title>\n<meta name=\"description\" content=\"Explore LOC software job openings that may be your opportunity to begin a career optimizing retail performance and impacting the future of the industry.\" \/>\n<meta name=\"robots\" content=\"index, follow, max-snippet:-1, max-image-preview:large, max-video-preview:-1\" \/>\n<link rel=\"canonical\" href=\"https:\/\/locsoftware.com\/es\/7-de-marzo-de-2024\/\" \/>\n<meta property=\"og:locale\" content=\"es_ES\" \/>\n<meta property=\"og:type\" content=\"article\" \/>\n<meta property=\"og:title\" content=\"Careers\" \/>\n<meta property=\"og:description\" content=\"Explore LOC software job openings that may be your opportunity to begin a career optimizing retail performance and impacting the future of the industry.\" \/>\n<meta property=\"og:url\" content=\"https:\/\/locsoftware.com\/es\/7-de-marzo-de-2024\/\" \/>\n<meta property=\"og:site_name\" content=\"LOC\" \/>\n<meta property=\"article:modified_time\" content=\"2025-04-24T15:55:33+00:00\" \/>\n<meta property=\"og:image\" content=\"https:\/\/locsoftware.com\/wp-content\/uploads\/2024\/02\/careerspage.png\" \/>\n\t<meta property=\"og:image:width\" content=\"407\" \/>\n\t<meta property=\"og:image:height\" content=\"389\" \/>\n\t<meta property=\"og:image:type\" content=\"image\/png\" \/>\n<meta name=\"twitter:card\" content=\"summary_large_image\" \/>\n<meta name=\"twitter:label1\" content=\"Tiempo de lectura\" \/>\n\t<meta name=\"twitter:data1\" content=\"2 minutos\" \/>\n<script type=\"application\/ld+json\" class=\"yoast-schema-graph\">{\"@context\":\"https:\\\/\\\/schema.org\",\"@graph\":[{\"@type\":\"WebPage\",\"@id\":\"https:\\\/\\\/locsoftware.com\\\/careers\\\/\",\"url\":\"https:\\\/\\\/locsoftware.com\\\/careers\\\/\",\"name\":\"LOC Software Jobs: Start an Exciting Career | LOC Software\",\"isPartOf\":{\"@id\":\"https:\\\/\\\/locsoftware.com\\\/#website\"},\"primaryImageOfPage\":{\"@id\":\"https:\\\/\\\/locsoftware.com\\\/careers\\\/#primaryimage\"},\"image\":{\"@id\":\"https:\\\/\\\/locsoftware.com\\\/careers\\\/#primaryimage\"},\"thumbnailUrl\":\"https:\\\/\\\/locsoftware.com\\\/wp-content\\\/uploads\\\/2024\\\/02\\\/careerspage.png\",\"datePublished\":\"2024-01-17T19:07:20+00:00\",\"dateModified\":\"2025-04-24T15:55:33+00:00\",\"description\":\"Explore LOC software job openings that may be your opportunity to begin a career optimizing retail performance and impacting the future of the industry.\",\"breadcrumb\":{\"@id\":\"https:\\\/\\\/locsoftware.com\\\/careers\\\/#breadcrumb\"},\"inLanguage\":\"es\",\"potentialAction\":[{\"@type\":\"ReadAction\",\"target\":[\"https:\\\/\\\/locsoftware.com\\\/careers\\\/\"]}]},{\"@type\":\"ImageObject\",\"inLanguage\":\"es\",\"@id\":\"https:\\\/\\\/locsoftware.com\\\/careers\\\/#primaryimage\",\"url\":\"https:\\\/\\\/locsoftware.com\\\/wp-content\\\/uploads\\\/2024\\\/02\\\/careerspage.png\",\"contentUrl\":\"https:\\\/\\\/locsoftware.com\\\/wp-content\\\/uploads\\\/2024\\\/02\\\/careerspage.png\"},{\"@type\":\"BreadcrumbList\",\"@id\":\"https:\\\/\\\/locsoftware.com\\\/careers\\\/#breadcrumb\",\"itemListElement\":[{\"@type\":\"ListItem\",\"position\":1,\"name\":\"Home\",\"item\":\"https:\\\/\\\/locsoftware.com\\\/\"},{\"@type\":\"ListItem\",\"position\":2,\"name\":\"Careers\"}]},{\"@type\":\"WebSite\",\"@id\":\"https:\\\/\\\/locsoftware.com\\\/#website\",\"url\":\"https:\\\/\\\/locsoftware.com\\\/\",\"name\":\"LOC\",\"description\":\"Best-in-Class Retail Management Software\",\"publisher\":{\"@id\":\"https:\\\/\\\/locsoftware.com\\\/#organization\"},\"potentialAction\":[{\"@type\":\"SearchAction\",\"target\":{\"@type\":\"EntryPoint\",\"urlTemplate\":\"https:\\\/\\\/locsoftware.com\\\/?s={search_term_string}\"},\"query-input\":{\"@type\":\"PropertyValueSpecification\",\"valueRequired\":true,\"valueName\":\"search_term_string\"}}],\"inLanguage\":\"es\"},{\"@type\":\"Organization\",\"@id\":\"https:\\\/\\\/locsoftware.com\\\/#organization\",\"name\":\"Best-in-Class Retail Management Software\",\"url\":\"https:\\\/\\\/locsoftware.com\\\/\",\"logo\":{\"@type\":\"ImageObject\",\"inLanguage\":\"es\",\"@id\":\"https:\\\/\\\/locsoftware.com\\\/#\\\/schema\\\/logo\\\/image\\\/\",\"url\":\"\",\"contentUrl\":\"\",\"caption\":\"Best-in-Class Retail Management Software\"},\"image\":{\"@id\":\"https:\\\/\\\/locsoftware.com\\\/#\\\/schema\\\/logo\\\/image\\\/\"}}]}<\/script>\n<!-- \/ Yoast SEO Premium plugin. -->","yoast_head_json":{"title":"LOC Software Jobs: Empieza una carrera apasionante | LOC Software","description":"Explore las ofertas de empleo en software LOC que pueden ser su oportunidad para iniciar una carrera profesional optimizando el rendimiento del comercio minorista e influyendo en el futuro del sector.","robots":{"index":"index","follow":"follow","max-snippet":"max-snippet:-1","max-image-preview":"max-image-preview:large","max-video-preview":"max-video-preview:-1"},"canonical":"https:\/\/locsoftware.com\/es\/7-de-marzo-de-2024\/","og_locale":"es_ES","og_type":"article","og_title":"Careers","og_description":"Explore LOC software job openings that may be your opportunity to begin a career optimizing retail performance and impacting the future of the industry.","og_url":"https:\/\/locsoftware.com\/es\/7-de-marzo-de-2024\/","og_site_name":"LOC","article_modified_time":"2025-04-24T15:55:33+00:00","og_image":[{"width":407,"height":389,"url":"https:\/\/locsoftware.com\/wp-content\/uploads\/2024\/02\/careerspage.png","type":"image\/png"}],"twitter_card":"summary_large_image","twitter_misc":{"Tiempo de lectura":"2 minutos"},"schema":{"@context":"https:\/\/schema.org","@graph":[{"@type":"WebPage","@id":"https:\/\/locsoftware.com\/careers\/","url":"https:\/\/locsoftware.com\/careers\/","name":"LOC Software Jobs: Empieza una carrera apasionante | LOC Software","isPartOf":{"@id":"https:\/\/locsoftware.com\/#website"},"primaryImageOfPage":{"@id":"https:\/\/locsoftware.com\/careers\/#primaryimage"},"image":{"@id":"https:\/\/locsoftware.com\/careers\/#primaryimage"},"thumbnailUrl":"https:\/\/locsoftware.com\/wp-content\/uploads\/2024\/02\/careerspage.png","datePublished":"2024-01-17T19:07:20+00:00","dateModified":"2025-04-24T15:55:33+00:00","description":"Explore las ofertas de empleo en software LOC que pueden ser su oportunidad para iniciar una carrera profesional optimizando el rendimiento del comercio minorista e influyendo en el futuro del sector.","breadcrumb":{"@id":"https:\/\/locsoftware.com\/careers\/#breadcrumb"},"inLanguage":"es","potentialAction":[{"@type":"ReadAction","target":["https:\/\/locsoftware.com\/careers\/"]}]},{"@type":"ImageObject","inLanguage":"es","@id":"https:\/\/locsoftware.com\/careers\/#primaryimage","url":"https:\/\/locsoftware.com\/wp-content\/uploads\/2024\/02\/careerspage.png","contentUrl":"https:\/\/locsoftware.com\/wp-content\/uploads\/2024\/02\/careerspage.png"},{"@type":"BreadcrumbList","@id":"https:\/\/locsoftware.com\/careers\/#breadcrumb","itemListElement":[{"@type":"ListItem","position":1,"name":"Home","item":"https:\/\/locsoftware.com\/"},{"@type":"ListItem","position":2,"name":"Careers"}]},{"@type":"WebSite","@id":"https:\/\/locsoftware.com\/#website","url":"https:\/\/locsoftware.com\/","name":"LOC","description":"El mejor software de gesti\u00f3n para minoristas","publisher":{"@id":"https:\/\/locsoftware.com\/#organization"},"potentialAction":[{"@type":"SearchAction","target":{"@type":"EntryPoint","urlTemplate":"https:\/\/locsoftware.com\/?s={search_term_string}"},"query-input":{"@type":"PropertyValueSpecification","valueRequired":true,"valueName":"search_term_string"}}],"inLanguage":"es"},{"@type":"Organization","@id":"https:\/\/locsoftware.com\/#organization","name":"El mejor software de gesti\u00f3n para minoristas","url":"https:\/\/locsoftware.com\/","logo":{"@type":"ImageObject","inLanguage":"es","@id":"https:\/\/locsoftware.com\/#\/schema\/logo\/image\/","url":"","contentUrl":"","caption":"Best-in-Class Retail Management Software"},"image":{"@id":"https:\/\/locsoftware.com\/#\/schema\/logo\/image\/"}}]}},"_links":{"self":[{"href":"https:\/\/locsoftware.com\/es\/wp-json\/wp\/v2\/pages\/5110","targetHints":{"allow":["GET"]}}],"collection":[{"href":"https:\/\/locsoftware.com\/es\/wp-json\/wp\/v2\/pages"}],"about":[{"href":"https:\/\/locsoftware.com\/es\/wp-json\/wp\/v2\/types\/page"}],"author":[{"embeddable":true,"href":"https:\/\/locsoftware.com\/es\/wp-json\/wp\/v2\/users\/1"}],"replies":[{"embeddable":true,"href":"https:\/\/locsoftware.com\/es\/wp-json\/wp\/v2\/comments?post=5110"}],"version-history":[{"count":52,"href":"https:\/\/locsoftware.com\/es\/wp-json\/wp\/v2\/pages\/5110\/revisions"}],"predecessor-version":[{"id":8715,"href":"https:\/\/locsoftware.com\/es\/wp-json\/wp\/v2\/pages\/5110\/revisions\/8715"}],"wp:attachment":[{"href":"https:\/\/locsoftware.com\/es\/wp-json\/wp\/v2\/media?parent=5110"}],"curies":[{"name":"wp","href":"https:\/\/api.w.org\/{rel}","templated":true}]}}