{"id":5116,"date":"2024-01-17T19:08:42","date_gmt":"2024-01-17T19:08:42","guid":{"rendered":"https:\/\/locsoftware.com\/?page_id=5116"},"modified":"2025-10-16T08:12:20","modified_gmt":"2025-10-16T13:12:20","slug":"solicite-una-demostracion","status":"publish","type":"page","link":"https:\/\/locsoftware.com\/es\/request-a-demo\/","title":{"rendered":"SOLICITAR UNA DEMOSTRACI\u00d3N"},"content":{"rendered":"<div data-elementor-type=\"wp-page\" data-elementor-id=\"5116\" class=\"elementor elementor-5116\" data-elementor-post-type=\"page\">\n\t\t\t\t\t\t<section class=\"elementor-section elementor-top-section elementor-element elementor-element-1c08e04 elementor-section-content-top elementor-section-boxed elementor-section-height-default elementor-section-height-default\" data-id=\"1c08e04\" data-element_type=\"section\" data-e-type=\"section\" data-settings=\"{&quot;background_background&quot;:&quot;classic&quot;}\">\n\t\t\t\t\t\t<div class=\"elementor-container elementor-column-gap-wide\">\n\t\t\t\t\t<div class=\"elementor-column elementor-col-50 elementor-top-column elementor-element elementor-element-a827c11\" data-id=\"a827c11\" data-element_type=\"column\" data-e-type=\"column\">\n\t\t\t<div class=\"elementor-widget-wrap elementor-element-populated\">\n\t\t\t\t\t\t<div class=\"elementor-element elementor-element-58655de elementor-widget elementor-widget-heading\" data-id=\"58655de\" data-element_type=\"widget\" data-e-type=\"widget\" data-widget_type=\"heading.default\">\n\t\t\t\t<div class=\"elementor-widget-container\">\n\t\t\t\t\t<h1 class=\"elementor-heading-title elementor-size-default\">Solicite una demostraci\u00f3n personalizada de LOC ThriVersA<\/h1>\t\t\t\t<\/div>\n\t\t\t\t<\/div>\n\t\t\t\t<div class=\"elementor-element elementor-element-7b84454 elementor-widget elementor-widget-heading\" data-id=\"7b84454\" data-element_type=\"widget\" data-e-type=\"widget\" data-widget_type=\"heading.default\">\n\t\t\t\t<div class=\"elementor-widget-container\">\n\t\t\t\t\t<h3 class=\"elementor-heading-title elementor-size-default\">Experimente la flexibilidad, la potencia y la escalabilidad del paquete de software de comercio minorista ThriVersA, adaptado a las necesidades \u00fanicas de su empresa.<\/h3>\t\t\t\t<\/div>\n\t\t\t\t<\/div>\n\t\t\t\t<div class=\"elementor-element elementor-element-cc484da elementor-widget elementor-widget-text-editor\" data-id=\"cc484da\" data-element_type=\"widget\" data-e-type=\"widget\" data-widget_type=\"text-editor.default\">\n\t\t\t\t<div class=\"elementor-widget-container\">\n\t\t\t\t\t\t\t\t\t<p><span style=\"font-weight: 400;\">Tanto si dirige una tienda de comestibles, una farmacia, una tienda de conveniencia o un negocio minorista especializado, LOC Software le ofrece una plataforma minorista configurable creada para optimizar el rendimiento, simplificar las operaciones e impulsar el crecimiento.<\/span><\/p>\t\t\t\t\t\t\t\t<\/div>\n\t\t\t\t<\/div>\n\t\t\t\t<div class=\"elementor-element elementor-element-1c9eb7b elementor-widget elementor-widget-text-editor\" data-id=\"1c9eb7b\" data-element_type=\"widget\" data-e-type=\"widget\" data-widget_type=\"text-editor.default\">\n\t\t\t\t<div class=\"elementor-widget-container\">\n\t\t\t\t\t\t\t\t\t<h4><strong>\u00bfPor qu\u00e9 LOC Software?<\/strong><\/h4><p><span style=\"font-weight: 400;\">Durante m\u00e1s de 30 a\u00f1os, LOC Software ha sido un nombre de confianza en la tecnolog\u00eda del comercio minorista. Nuestra plataforma ThriVersA est\u00e1 dise\u00f1ada para minoristas independientes de gran volumen que necesitan un software flexible, escalable y f\u00e1cilmente configurable para seguir siendo competitivos en un sector en constante evoluci\u00f3n.<\/span><\/p><p><span style=\"font-weight: 400;\">Nuestro conjunto de soluciones de software le ofrece la libertad de crear el sistema exacto que su empresa necesita: desde POS y fidelizaci\u00f3n hasta inventario, eCommerce, herramientas m\u00f3viles y mucho m\u00e1s. Y con las soluciones preparadas para la nube, puede gestionar las operaciones en cualquier momento y lugar.<\/span><\/p>\t\t\t\t\t\t\t\t<\/div>\n\t\t\t\t<\/div>\n\t\t\t\t<div class=\"elementor-element elementor-element-fafc32a elementor-widget elementor-widget-text-editor\" data-id=\"fafc32a\" data-element_type=\"widget\" data-e-type=\"widget\" data-widget_type=\"text-editor.default\">\n\t\t\t\t<div class=\"elementor-widget-container\">\n\t\t\t\t\t\t\t\t\t<h4><strong>\u00bfEst\u00e1 listo para ver lo que LOC ThriVersA puede hacer por su empresa?<\/strong><\/h4><p><span style=\"font-weight: 400;\">Rellene el breve formulario y un socio certificado de LOC se pondr\u00e1 en contacto con usted para programar una demostraci\u00f3n personalizada basada en sus objetivos espec\u00edficos.<\/span><\/p>\t\t\t\t\t\t\t\t<\/div>\n\t\t\t\t<\/div>\n\t\t\t\t<div class=\"elementor-element elementor-element-e7c7e9c elementor-widget elementor-widget-image\" data-id=\"e7c7e9c\" data-element_type=\"widget\" data-e-type=\"widget\" data-widget_type=\"image.default\">\n\t\t\t\t<div class=\"elementor-widget-container\">\n\t\t\t\t\t\t\t\t\t\t\t\t\t\t\t<img fetchpriority=\"high\" decoding=\"async\" width=\"660\" height=\"336\" src=\"https:\/\/locsoftware.com\/wp-content\/uploads\/2024\/02\/loc-request-a-demo-image.png\" class=\"attachment-full size-full wp-image-6618\" alt=\"\" srcset=\"https:\/\/locsoftware.com\/wp-content\/uploads\/2024\/02\/loc-request-a-demo-image.png 660w, https:\/\/locsoftware.com\/wp-content\/uploads\/2024\/02\/loc-request-a-demo-image-300x153.png 300w\" sizes=\"(max-width: 660px) 100vw, 660px\" \/>\t\t\t\t\t\t\t\t\t\t\t\t\t\t\t<\/div>\n\t\t\t\t<\/div>\n\t\t\t\t\t<\/div>\n\t\t<\/div>\n\t\t\t\t<div class=\"elementor-column elementor-col-50 elementor-top-column elementor-element elementor-element-f65d562\" data-id=\"f65d562\" data-element_type=\"column\" data-e-type=\"column\">\n\t\t\t<div class=\"elementor-widget-wrap elementor-element-populated\">\n\t\t\t\t\t\t<div class=\"elementor-element elementor-element-3cf4925 elementor-widget elementor-widget-html\" data-id=\"3cf4925\" data-element_type=\"widget\" data-e-type=\"widget\" data-widget_type=\"html.default\">\n\t\t\t\t<div class=\"elementor-widget-container\">\n\t\t\t\t\t<script src=\"https:\/\/js.hsforms.net\/forms\/embed\/48452317.js\" defer><\/script>\r\n<div class=\"hs-form-frame\" data-region=\"na1\" data-form-id=\"6834ccb0-28c5-4a76-abdf-9c837bf536d6\" data-portal-id=\"48452317\"><\/div>\t\t\t\t<\/div>\n\t\t\t\t<\/div>\n\t\t\t\t\t<\/div>\n\t\t<\/div>\n\t\t\t\t\t<\/div>\n\t\t<\/section>\n\t\t\t\t<\/div>","protected":false},"excerpt":{"rendered":"<p>Solicite una demostraci\u00f3n personalizada de LOC ThriVersA Experimente la flexibilidad, potencia y escalabilidad de la suite de software de comercio minorista ThriVersA, adaptada a las necesidades \u00fanicas de su negocio. Tanto si dirige una tienda de comestibles, una farmacia, una tienda de conveniencia o un negocio minorista especializado, LOC Software le ofrece una plataforma minorista configurable creada para optimizar el rendimiento, simplificar las operaciones e impulsar el crecimiento.....<\/p>","protected":false},"author":1,"featured_media":0,"parent":0,"menu_order":0,"comment_status":"closed","ping_status":"closed","template":"elementor_header_footer","meta":{"footnotes":""},"class_list":["post-5116","page","type-page","status-publish","hentry"],"yoast_head":"<!-- This site is optimized with the Yoast SEO Premium plugin v27.4 (Yoast SEO v27.4) - https:\/\/yoast.com\/product\/yoast-seo-premium-wordpress\/ -->\n<title>Request a Personalized Software Demo | LOC<\/title>\n<meta name=\"description\" content=\"Request a LOC software demo to experience its functionality and flexibility tailored to your retail operation. Complete this short form to start the process.\" \/>\n<meta name=\"robots\" content=\"index, follow, max-snippet:-1, max-image-preview:large, max-video-preview:-1\" \/>\n<link rel=\"canonical\" href=\"https:\/\/locsoftware.com\/es\/solicite-una-demostracion\/\" \/>\n<meta property=\"og:locale\" content=\"es_ES\" \/>\n<meta property=\"og:type\" content=\"article\" \/>\n<meta property=\"og:title\" content=\"Request a Demo\" \/>\n<meta property=\"og:description\" content=\"Request a LOC software demo to experience its functionality and flexibility tailored to your retail operation. Complete this short form to start the process.\" \/>\n<meta property=\"og:url\" content=\"https:\/\/locsoftware.com\/es\/solicite-una-demostracion\/\" \/>\n<meta property=\"og:site_name\" content=\"LOC\" \/>\n<meta property=\"article:modified_time\" content=\"2025-10-16T13:12:20+00:00\" \/>\n<meta property=\"og:image\" content=\"https:\/\/locsoftware.com\/wp-content\/uploads\/2024\/02\/loc-request-a-demo-image.png\" \/>\n\t<meta property=\"og:image:width\" content=\"660\" \/>\n\t<meta property=\"og:image:height\" content=\"336\" \/>\n\t<meta property=\"og:image:type\" content=\"image\/png\" \/>\n<meta name=\"twitter:card\" content=\"summary_large_image\" \/>\n<meta name=\"twitter:label1\" content=\"Tiempo de lectura\" \/>\n\t<meta name=\"twitter:data1\" content=\"3 minutos\" \/>\n<script type=\"application\/ld+json\" class=\"yoast-schema-graph\">{\"@context\":\"https:\\\/\\\/schema.org\",\"@graph\":[{\"@type\":\"WebPage\",\"@id\":\"https:\\\/\\\/locsoftware.com\\\/request-a-demo\\\/\",\"url\":\"https:\\\/\\\/locsoftware.com\\\/request-a-demo\\\/\",\"name\":\"Request a Personalized Software Demo | LOC\",\"isPartOf\":{\"@id\":\"https:\\\/\\\/locsoftware.com\\\/#website\"},\"primaryImageOfPage\":{\"@id\":\"https:\\\/\\\/locsoftware.com\\\/request-a-demo\\\/#primaryimage\"},\"image\":{\"@id\":\"https:\\\/\\\/locsoftware.com\\\/request-a-demo\\\/#primaryimage\"},\"thumbnailUrl\":\"https:\\\/\\\/locsoftware.com\\\/wp-content\\\/uploads\\\/2024\\\/02\\\/loc-request-a-demo-image.png\",\"datePublished\":\"2024-01-17T19:08:42+00:00\",\"dateModified\":\"2025-10-16T13:12:20+00:00\",\"description\":\"Request a LOC software demo to experience its functionality and flexibility tailored to your retail operation. Complete this short form to start the process.\",\"breadcrumb\":{\"@id\":\"https:\\\/\\\/locsoftware.com\\\/request-a-demo\\\/#breadcrumb\"},\"inLanguage\":\"es\",\"potentialAction\":[{\"@type\":\"ReadAction\",\"target\":[\"https:\\\/\\\/locsoftware.com\\\/request-a-demo\\\/\"]}]},{\"@type\":\"ImageObject\",\"inLanguage\":\"es\",\"@id\":\"https:\\\/\\\/locsoftware.com\\\/request-a-demo\\\/#primaryimage\",\"url\":\"https:\\\/\\\/locsoftware.com\\\/wp-content\\\/uploads\\\/2024\\\/02\\\/loc-request-a-demo-image.png\",\"contentUrl\":\"https:\\\/\\\/locsoftware.com\\\/wp-content\\\/uploads\\\/2024\\\/02\\\/loc-request-a-demo-image.png\"},{\"@type\":\"BreadcrumbList\",\"@id\":\"https:\\\/\\\/locsoftware.com\\\/request-a-demo\\\/#breadcrumb\",\"itemListElement\":[{\"@type\":\"ListItem\",\"position\":1,\"name\":\"Home\",\"item\":\"https:\\\/\\\/locsoftware.com\\\/\"},{\"@type\":\"ListItem\",\"position\":2,\"name\":\"Request a Demo\"}]},{\"@type\":\"WebSite\",\"@id\":\"https:\\\/\\\/locsoftware.com\\\/#website\",\"url\":\"https:\\\/\\\/locsoftware.com\\\/\",\"name\":\"LOC\",\"description\":\"Best-in-Class Retail Management Software\",\"publisher\":{\"@id\":\"https:\\\/\\\/locsoftware.com\\\/#organization\"},\"potentialAction\":[{\"@type\":\"SearchAction\",\"target\":{\"@type\":\"EntryPoint\",\"urlTemplate\":\"https:\\\/\\\/locsoftware.com\\\/?s={search_term_string}\"},\"query-input\":{\"@type\":\"PropertyValueSpecification\",\"valueRequired\":true,\"valueName\":\"search_term_string\"}}],\"inLanguage\":\"es\"},{\"@type\":\"Organization\",\"@id\":\"https:\\\/\\\/locsoftware.com\\\/#organization\",\"name\":\"Best-in-Class Retail Management Software\",\"url\":\"https:\\\/\\\/locsoftware.com\\\/\",\"logo\":{\"@type\":\"ImageObject\",\"inLanguage\":\"es\",\"@id\":\"https:\\\/\\\/locsoftware.com\\\/#\\\/schema\\\/logo\\\/image\\\/\",\"url\":\"\",\"contentUrl\":\"\",\"caption\":\"Best-in-Class Retail Management Software\"},\"image\":{\"@id\":\"https:\\\/\\\/locsoftware.com\\\/#\\\/schema\\\/logo\\\/image\\\/\"}}]}<\/script>\n<!-- \/ Yoast SEO Premium plugin. -->","yoast_head_json":{"title":"Solicite una demostraci\u00f3n personalizada del software | LOC","description":"Solicite una demostraci\u00f3n del software LOC para experimentar su funcionalidad y flexibilidad adaptadas a sus operaciones minoristas. Rellene este breve formulario para iniciar el proceso.","robots":{"index":"index","follow":"follow","max-snippet":"max-snippet:-1","max-image-preview":"max-image-preview:large","max-video-preview":"max-video-preview:-1"},"canonical":"https:\/\/locsoftware.com\/es\/solicite-una-demostracion\/","og_locale":"es_ES","og_type":"article","og_title":"Request a Demo","og_description":"Request a LOC software demo to experience its functionality and flexibility tailored to your retail operation. Complete this short form to start the process.","og_url":"https:\/\/locsoftware.com\/es\/solicite-una-demostracion\/","og_site_name":"LOC","article_modified_time":"2025-10-16T13:12:20+00:00","og_image":[{"width":660,"height":336,"url":"https:\/\/locsoftware.com\/wp-content\/uploads\/2024\/02\/loc-request-a-demo-image.png","type":"image\/png"}],"twitter_card":"summary_large_image","twitter_misc":{"Tiempo de lectura":"3 minutos"},"schema":{"@context":"https:\/\/schema.org","@graph":[{"@type":"WebPage","@id":"https:\/\/locsoftware.com\/request-a-demo\/","url":"https:\/\/locsoftware.com\/request-a-demo\/","name":"Solicite una demostraci\u00f3n personalizada del software | LOC","isPartOf":{"@id":"https:\/\/locsoftware.com\/#website"},"primaryImageOfPage":{"@id":"https:\/\/locsoftware.com\/request-a-demo\/#primaryimage"},"image":{"@id":"https:\/\/locsoftware.com\/request-a-demo\/#primaryimage"},"thumbnailUrl":"https:\/\/locsoftware.com\/wp-content\/uploads\/2024\/02\/loc-request-a-demo-image.png","datePublished":"2024-01-17T19:08:42+00:00","dateModified":"2025-10-16T13:12:20+00:00","description":"Solicite una demostraci\u00f3n del software LOC para experimentar su funcionalidad y flexibilidad adaptadas a sus operaciones minoristas. Rellene este breve formulario para iniciar el proceso.","breadcrumb":{"@id":"https:\/\/locsoftware.com\/request-a-demo\/#breadcrumb"},"inLanguage":"es","potentialAction":[{"@type":"ReadAction","target":["https:\/\/locsoftware.com\/request-a-demo\/"]}]},{"@type":"ImageObject","inLanguage":"es","@id":"https:\/\/locsoftware.com\/request-a-demo\/#primaryimage","url":"https:\/\/locsoftware.com\/wp-content\/uploads\/2024\/02\/loc-request-a-demo-image.png","contentUrl":"https:\/\/locsoftware.com\/wp-content\/uploads\/2024\/02\/loc-request-a-demo-image.png"},{"@type":"BreadcrumbList","@id":"https:\/\/locsoftware.com\/request-a-demo\/#breadcrumb","itemListElement":[{"@type":"ListItem","position":1,"name":"Home","item":"https:\/\/locsoftware.com\/"},{"@type":"ListItem","position":2,"name":"Request a Demo"}]},{"@type":"WebSite","@id":"https:\/\/locsoftware.com\/#website","url":"https:\/\/locsoftware.com\/","name":"LOC","description":"El mejor software de gesti\u00f3n para minoristas","publisher":{"@id":"https:\/\/locsoftware.com\/#organization"},"potentialAction":[{"@type":"SearchAction","target":{"@type":"EntryPoint","urlTemplate":"https:\/\/locsoftware.com\/?s={search_term_string}"},"query-input":{"@type":"PropertyValueSpecification","valueRequired":true,"valueName":"search_term_string"}}],"inLanguage":"es"},{"@type":"Organization","@id":"https:\/\/locsoftware.com\/#organization","name":"El mejor software de gesti\u00f3n para minoristas","url":"https:\/\/locsoftware.com\/","logo":{"@type":"ImageObject","inLanguage":"es","@id":"https:\/\/locsoftware.com\/#\/schema\/logo\/image\/","url":"","contentUrl":"","caption":"Best-in-Class Retail Management Software"},"image":{"@id":"https:\/\/locsoftware.com\/#\/schema\/logo\/image\/"}}]}},"_links":{"self":[{"href":"https:\/\/locsoftware.com\/es\/wp-json\/wp\/v2\/pages\/5116","targetHints":{"allow":["GET"]}}],"collection":[{"href":"https:\/\/locsoftware.com\/es\/wp-json\/wp\/v2\/pages"}],"about":[{"href":"https:\/\/locsoftware.com\/es\/wp-json\/wp\/v2\/types\/page"}],"author":[{"embeddable":true,"href":"https:\/\/locsoftware.com\/es\/wp-json\/wp\/v2\/users\/1"}],"replies":[{"embeddable":true,"href":"https:\/\/locsoftware.com\/es\/wp-json\/wp\/v2\/comments?post=5116"}],"version-history":[{"count":5,"href":"https:\/\/locsoftware.com\/es\/wp-json\/wp\/v2\/pages\/5116\/revisions"}],"predecessor-version":[{"id":9378,"href":"https:\/\/locsoftware.com\/es\/wp-json\/wp\/v2\/pages\/5116\/revisions\/9378"}],"wp:attachment":[{"href":"https:\/\/locsoftware.com\/es\/wp-json\/wp\/v2\/media?parent=5116"}],"curies":[{"name":"wp","href":"https:\/\/api.w.org\/{rel}","templated":true}]}}