{"id":5845,"date":"2024-02-15T18:45:16","date_gmt":"2024-02-15T18:45:16","guid":{"rendered":"https:\/\/locsoftware.com\/?page_id=5845"},"modified":"2025-10-16T08:05:09","modified_gmt":"2025-10-16T13:05:09","slug":"descargar-el-folleto-de-la-empresa-loc","status":"publish","type":"page","link":"https:\/\/locsoftware.com\/es\/download-the-loc-company-brochure\/","title":{"rendered":"Descargar el folleto de la empresa LOC"},"content":{"rendered":"<div data-elementor-type=\"wp-page\" data-elementor-id=\"5845\" class=\"elementor elementor-5845\" data-elementor-post-type=\"page\">\n\t\t\t\t\t\t<section class=\"elementor-section elementor-top-section elementor-element elementor-element-67fd44a elementor-section-content-top elementor-section-boxed elementor-section-height-default elementor-section-height-default\" data-id=\"67fd44a\" data-element_type=\"section\" data-e-type=\"section\" data-settings=\"{&quot;background_background&quot;:&quot;classic&quot;}\">\n\t\t\t\t\t\t<div class=\"elementor-container elementor-column-gap-wide\">\n\t\t\t\t\t<div class=\"elementor-column elementor-col-50 elementor-top-column elementor-element elementor-element-5c94a19\" data-id=\"5c94a19\" data-element_type=\"column\" data-e-type=\"column\">\n\t\t\t<div class=\"elementor-widget-wrap elementor-element-populated\">\n\t\t\t\t\t\t<div class=\"elementor-element elementor-element-c7e93ba elementor-widget elementor-widget-heading\" data-id=\"c7e93ba\" data-element_type=\"widget\" data-e-type=\"widget\" data-widget_type=\"heading.default\">\n\t\t\t\t<div class=\"elementor-widget-container\">\n\t\t\t\t\t<h1 class=\"elementor-heading-title elementor-size-default\">Descargue el folleto de nuestra empresa<\/h1>\t\t\t\t<\/div>\n\t\t\t\t<\/div>\n\t\t\t\t<div class=\"elementor-element elementor-element-c554ac0 elementor-widget elementor-widget-heading\" data-id=\"c554ac0\" data-element_type=\"widget\" data-e-type=\"widget\" data-widget_type=\"heading.default\">\n\t\t\t\t<div class=\"elementor-widget-container\">\n\t\t\t\t\t<h3 class=\"elementor-heading-title elementor-size-default\">Conozca el conjunto de soluciones de LOC Software<\/h3>\t\t\t\t<\/div>\n\t\t\t\t<\/div>\n\t\t\t\t<div class=\"elementor-element elementor-element-91b8ec9 elementor-widget elementor-widget-text-editor\" data-id=\"91b8ec9\" data-element_type=\"widget\" data-e-type=\"widget\" data-widget_type=\"text-editor.default\">\n\t\t\t\t<div class=\"elementor-widget-container\">\n\t\t\t\t\t\t\t\t\t<p><span style=\"font-weight: 400;\">\u00bfBusca una descripci\u00f3n r\u00e1pida y completa de los productos y servicios de LOC Software? Nuestro folleto de empresa destaca c\u00f3mo la plataforma ThriVersA permite a los minoristas agilizar las operaciones, mejorar la experiencia del cliente y escalar de forma eficiente.<\/span><\/p><p><span style=\"font-weight: 400;\">Tanto si gestiona una tienda de comestibles, una farmacia, una tienda de conveniencia o un comercio minorista especializado, este folleto describe c\u00f3mo la soluci\u00f3n flexible basada en navegador de LOC puede adaptarse a sus necesidades exactas.<\/span><\/p>\t\t\t\t\t\t\t\t<\/div>\n\t\t\t\t<\/div>\n\t\t\t\t<div class=\"elementor-element elementor-element-e45e546 elementor-widget elementor-widget-text-editor\" data-id=\"e45e546\" data-element_type=\"widget\" data-e-type=\"widget\" data-widget_type=\"text-editor.default\">\n\t\t\t\t<div class=\"elementor-widget-container\">\n\t\t\t\t\t\t\t\t\t<p><b>Lo que aprender\u00e1s:<\/b><\/p><ul><li style=\"font-weight: 400;\" aria-level=\"1\"><span style=\"font-weight: 400;\">Una visi\u00f3n general del paquete de software ThriVersA, incluyendo POS, black office, m\u00f3vil y nube<\/span><\/li><li style=\"font-weight: 400;\" aria-level=\"1\"><span style=\"font-weight: 400;\">Las ventajas de un sistema modular basado en navegador que crece con su empresa<\/span><\/li><li style=\"font-weight: 400;\" aria-level=\"1\"><span style=\"font-weight: 400;\">Funciones clave para la gesti\u00f3n de inventarios, cadena de suministro, eCommerce y toda la empresa<\/span><\/li><li style=\"font-weight: 400;\" aria-level=\"1\"><span style=\"font-weight: 400;\">C\u00f3mo ThriVersA permite la visibilidad en tiempo real y el acceso a los datos desde distintas ubicaciones y dispositivos<\/span><\/li><li style=\"font-weight: 400;\" aria-level=\"1\"><span style=\"font-weight: 400;\">C\u00f3mo la flexibilidad y facilidad de configuraci\u00f3n de ThriVersA lo diferencian de otros programas inform\u00e1ticos<\/span><\/li><li style=\"font-weight: 400;\" aria-level=\"1\"><span style=\"font-weight: 400;\">C\u00f3mo nuestra red de distribuidores certificados ofrece experiencia de confianza y asistencia continua<\/span><\/li><li style=\"font-weight: 400;\" aria-level=\"1\"><span style=\"font-weight: 400;\">Por qu\u00e9 m\u00e1s de 10.000 minoristas conf\u00edan cada d\u00eda en LOC Software<\/span><\/li><\/ul>\t\t\t\t\t\t\t\t<\/div>\n\t\t\t\t<\/div>\n\t\t\t\t<div class=\"elementor-element elementor-element-0532fa2 elementor-widget elementor-widget-text-editor\" data-id=\"0532fa2\" data-element_type=\"widget\" data-e-type=\"widget\" data-widget_type=\"text-editor.default\">\n\t\t\t\t<div class=\"elementor-widget-container\">\n\t\t\t\t\t\t\t\t\t<p><span style=\"font-weight: 400;\">Descargue el folleto de nuestra empresa para ver c\u00f3mo LOC Software puede ayudarle a simplificar las operaciones minoristas e impulsar el crecimiento de su negocio.<\/span><\/p>\t\t\t\t\t\t\t\t<\/div>\n\t\t\t\t<\/div>\n\t\t\t\t<div class=\"elementor-element elementor-element-a6a62b1 elementor-widget elementor-widget-image\" data-id=\"a6a62b1\" data-element_type=\"widget\" data-e-type=\"widget\" data-widget_type=\"image.default\">\n\t\t\t\t<div class=\"elementor-widget-container\">\n\t\t\t\t\t\t\t\t\t\t\t\t\t\t\t<img fetchpriority=\"high\" decoding=\"async\" width=\"231\" height=\"320\" src=\"https:\/\/locsoftware.com\/wp-content\/uploads\/2024\/09\/LOC_Company-Brochure-XL_mockup2.png\" class=\"attachment-full size-full wp-image-8101\" alt=\"LOC_Modelo de folleto de empresa\" srcset=\"https:\/\/locsoftware.com\/wp-content\/uploads\/2024\/09\/LOC_Company-Brochure-XL_mockup2.png 231w, https:\/\/locsoftware.com\/wp-content\/uploads\/2024\/09\/LOC_Company-Brochure-XL_mockup2-217x300.png 217w, https:\/\/locsoftware.com\/wp-content\/uploads\/2024\/09\/LOC_Company-Brochure-XL_mockup2-9x12.png 9w\" sizes=\"(max-width: 231px) 100vw, 231px\" \/>\t\t\t\t\t\t\t\t\t\t\t\t\t\t\t<\/div>\n\t\t\t\t<\/div>\n\t\t\t\t\t<\/div>\n\t\t<\/div>\n\t\t\t\t<div class=\"elementor-column elementor-col-50 elementor-top-column elementor-element elementor-element-a8f178a\" data-id=\"a8f178a\" data-element_type=\"column\" data-e-type=\"column\">\n\t\t\t<div class=\"elementor-widget-wrap elementor-element-populated\">\n\t\t\t\t\t\t<div class=\"elementor-element elementor-element-b4dfbe4 elementor-widget elementor-widget-heading\" data-id=\"b4dfbe4\" data-element_type=\"widget\" data-e-type=\"widget\" data-widget_type=\"heading.default\">\n\t\t\t\t<div class=\"elementor-widget-container\">\n\t\t\t\t\t<h2 class=\"elementor-heading-title elementor-size-default\">Rellene este formulario para obtener una copia gratuita hoy<\/h2>\t\t\t\t<\/div>\n\t\t\t\t<\/div>\n\t\t\t\t<div class=\"elementor-element elementor-element-79286ee elementor-widget elementor-widget-html\" data-id=\"79286ee\" data-element_type=\"widget\" data-e-type=\"widget\" data-widget_type=\"html.default\">\n\t\t\t\t<div class=\"elementor-widget-container\">\n\t\t\t\t\t<script src=\"https:\/\/js.hsforms.net\/forms\/embed\/48452317.js\" defer><\/script>\r\n<div class=\"hs-form-frame\" data-region=\"na1\" data-form-id=\"0c9d4a93-9796-4646-816a-09a0c839f6ea\" data-portal-id=\"48452317\"><\/div>\t\t\t\t<\/div>\n\t\t\t\t<\/div>\n\t\t\t\t\t<\/div>\n\t\t<\/div>\n\t\t\t\t\t<\/div>\n\t\t<\/section>\n\t\t\t\t<\/div>","protected":false},"excerpt":{"rendered":"<p>Descargue el folleto de nuestra empresa Conozca el conjunto de soluciones de LOC Software \u00bfBusca una descripci\u00f3n r\u00e1pida y completa de los productos y servicios de LOC Software? Nuestro folleto de empresa destaca c\u00f3mo la plataforma ThriVersA permite a los minoristas agilizar las operaciones, mejorar la experiencia del cliente y escalar de forma eficiente. Tanto si gestiona una tienda de comestibles, una farmacia, una...<\/p>","protected":false},"author":1,"featured_media":0,"parent":0,"menu_order":30,"comment_status":"closed","ping_status":"closed","template":"elementor_header_footer","meta":{"footnotes":""},"class_list":["post-5845","page","type-page","status-publish","hentry"],"yoast_head":"<!-- This site is optimized with the Yoast SEO Premium plugin v27.3 (Yoast SEO v27.3) - https:\/\/yoast.com\/product\/yoast-seo-premium-wordpress\/ -->\n<title>Get Your Copy of Our Software Brochure | LOC<\/title>\n<meta name=\"description\" content=\"Complete this brief form for a copy of the LOC Software company brochure that shows how to create a tailored solution for optimizing retail performance.\" \/>\n<meta name=\"robots\" content=\"index, follow, max-snippet:-1, max-image-preview:large, max-video-preview:-1\" \/>\n<link rel=\"canonical\" href=\"https:\/\/locsoftware.com\/es\/descargar-el-folleto-de-la-empresa-loc\/\" \/>\n<meta property=\"og:locale\" content=\"es_ES\" \/>\n<meta property=\"og:type\" content=\"article\" \/>\n<meta property=\"og:title\" content=\"Download the LOC Company Brochure\" \/>\n<meta property=\"og:description\" content=\"Complete this brief form for a copy of the LOC Software company brochure that shows how to create a tailored solution for optimizing retail performance.\" \/>\n<meta property=\"og:url\" content=\"https:\/\/locsoftware.com\/es\/descargar-el-folleto-de-la-empresa-loc\/\" \/>\n<meta property=\"og:site_name\" content=\"LOC\" \/>\n<meta property=\"article:modified_time\" content=\"2025-10-16T13:05:09+00:00\" \/>\n<meta property=\"og:image\" content=\"https:\/\/locsoftware.com\/wp-content\/uploads\/2024\/09\/LOC_Company-Brochure-Mockup.png\" \/>\n\t<meta property=\"og:image:width\" content=\"231\" \/>\n\t<meta property=\"og:image:height\" content=\"320\" \/>\n\t<meta property=\"og:image:type\" content=\"image\/png\" \/>\n<meta name=\"twitter:card\" content=\"summary_large_image\" \/>\n<meta name=\"twitter:label1\" content=\"Tiempo de lectura\" \/>\n\t<meta name=\"twitter:data1\" content=\"4 minutos\" \/>\n<script type=\"application\/ld+json\" class=\"yoast-schema-graph\">{\"@context\":\"https:\\\/\\\/schema.org\",\"@graph\":[{\"@type\":\"WebPage\",\"@id\":\"https:\\\/\\\/locsoftware.com\\\/download-the-loc-company-brochure\\\/\",\"url\":\"https:\\\/\\\/locsoftware.com\\\/download-the-loc-company-brochure\\\/\",\"name\":\"Get Your Copy of Our Software Brochure | LOC\",\"isPartOf\":{\"@id\":\"https:\\\/\\\/locsoftware.com\\\/#website\"},\"primaryImageOfPage\":{\"@id\":\"https:\\\/\\\/locsoftware.com\\\/download-the-loc-company-brochure\\\/#primaryimage\"},\"image\":{\"@id\":\"https:\\\/\\\/locsoftware.com\\\/download-the-loc-company-brochure\\\/#primaryimage\"},\"thumbnailUrl\":\"https:\\\/\\\/locsoftware.com\\\/wp-content\\\/uploads\\\/2024\\\/09\\\/LOC_Company-Brochure-Mockup.png\",\"datePublished\":\"2024-02-15T18:45:16+00:00\",\"dateModified\":\"2025-10-16T13:05:09+00:00\",\"description\":\"Complete this brief form for a copy of the LOC Software company brochure that shows how to create a tailored solution for optimizing retail performance.\",\"breadcrumb\":{\"@id\":\"https:\\\/\\\/locsoftware.com\\\/download-the-loc-company-brochure\\\/#breadcrumb\"},\"inLanguage\":\"es\",\"potentialAction\":[{\"@type\":\"ReadAction\",\"target\":[\"https:\\\/\\\/locsoftware.com\\\/download-the-loc-company-brochure\\\/\"]}]},{\"@type\":\"ImageObject\",\"inLanguage\":\"es\",\"@id\":\"https:\\\/\\\/locsoftware.com\\\/download-the-loc-company-brochure\\\/#primaryimage\",\"url\":\"https:\\\/\\\/locsoftware.com\\\/wp-content\\\/uploads\\\/2024\\\/09\\\/LOC_Company-Brochure-Mockup.png\",\"contentUrl\":\"https:\\\/\\\/locsoftware.com\\\/wp-content\\\/uploads\\\/2024\\\/09\\\/LOC_Company-Brochure-Mockup.png\"},{\"@type\":\"BreadcrumbList\",\"@id\":\"https:\\\/\\\/locsoftware.com\\\/download-the-loc-company-brochure\\\/#breadcrumb\",\"itemListElement\":[{\"@type\":\"ListItem\",\"position\":1,\"name\":\"Home\",\"item\":\"https:\\\/\\\/locsoftware.com\\\/\"},{\"@type\":\"ListItem\",\"position\":2,\"name\":\"Download the LOC Company Brochure\"}]},{\"@type\":\"WebSite\",\"@id\":\"https:\\\/\\\/locsoftware.com\\\/#website\",\"url\":\"https:\\\/\\\/locsoftware.com\\\/\",\"name\":\"LOC\",\"description\":\"Best-in-Class Retail Management Software\",\"publisher\":{\"@id\":\"https:\\\/\\\/locsoftware.com\\\/#organization\"},\"potentialAction\":[{\"@type\":\"SearchAction\",\"target\":{\"@type\":\"EntryPoint\",\"urlTemplate\":\"https:\\\/\\\/locsoftware.com\\\/?s={search_term_string}\"},\"query-input\":{\"@type\":\"PropertyValueSpecification\",\"valueRequired\":true,\"valueName\":\"search_term_string\"}}],\"inLanguage\":\"es\"},{\"@type\":\"Organization\",\"@id\":\"https:\\\/\\\/locsoftware.com\\\/#organization\",\"name\":\"Best-in-Class Retail Management Software\",\"url\":\"https:\\\/\\\/locsoftware.com\\\/\",\"logo\":{\"@type\":\"ImageObject\",\"inLanguage\":\"es\",\"@id\":\"https:\\\/\\\/locsoftware.com\\\/#\\\/schema\\\/logo\\\/image\\\/\",\"url\":\"\",\"contentUrl\":\"\",\"caption\":\"Best-in-Class Retail Management Software\"},\"image\":{\"@id\":\"https:\\\/\\\/locsoftware.com\\\/#\\\/schema\\\/logo\\\/image\\\/\"}}]}<\/script>\n<!-- \/ Yoast SEO Premium plugin. -->","yoast_head_json":{"title":"Obtenga su copia de nuestro folleto de software | LOC","description":"Rellene este breve formulario para obtener una copia del folleto de la empresa LOC Software que muestra c\u00f3mo crear una soluci\u00f3n a medida para optimizar el rendimiento del comercio minorista.","robots":{"index":"index","follow":"follow","max-snippet":"max-snippet:-1","max-image-preview":"max-image-preview:large","max-video-preview":"max-video-preview:-1"},"canonical":"https:\/\/locsoftware.com\/es\/descargar-el-folleto-de-la-empresa-loc\/","og_locale":"es_ES","og_type":"article","og_title":"Download the LOC Company Brochure","og_description":"Complete this brief form for a copy of the LOC Software company brochure that shows how to create a tailored solution for optimizing retail performance.","og_url":"https:\/\/locsoftware.com\/es\/descargar-el-folleto-de-la-empresa-loc\/","og_site_name":"LOC","article_modified_time":"2025-10-16T13:05:09+00:00","og_image":[{"width":231,"height":320,"url":"https:\/\/locsoftware.com\/wp-content\/uploads\/2024\/09\/LOC_Company-Brochure-Mockup.png","type":"image\/png"}],"twitter_card":"summary_large_image","twitter_misc":{"Tiempo de lectura":"4 minutos"},"schema":{"@context":"https:\/\/schema.org","@graph":[{"@type":"WebPage","@id":"https:\/\/locsoftware.com\/download-the-loc-company-brochure\/","url":"https:\/\/locsoftware.com\/download-the-loc-company-brochure\/","name":"Obtenga su copia de nuestro folleto de software | LOC","isPartOf":{"@id":"https:\/\/locsoftware.com\/#website"},"primaryImageOfPage":{"@id":"https:\/\/locsoftware.com\/download-the-loc-company-brochure\/#primaryimage"},"image":{"@id":"https:\/\/locsoftware.com\/download-the-loc-company-brochure\/#primaryimage"},"thumbnailUrl":"https:\/\/locsoftware.com\/wp-content\/uploads\/2024\/09\/LOC_Company-Brochure-Mockup.png","datePublished":"2024-02-15T18:45:16+00:00","dateModified":"2025-10-16T13:05:09+00:00","description":"Rellene este breve formulario para obtener una copia del folleto de la empresa LOC Software que muestra c\u00f3mo crear una soluci\u00f3n a medida para optimizar el rendimiento del comercio minorista.","breadcrumb":{"@id":"https:\/\/locsoftware.com\/download-the-loc-company-brochure\/#breadcrumb"},"inLanguage":"es","potentialAction":[{"@type":"ReadAction","target":["https:\/\/locsoftware.com\/download-the-loc-company-brochure\/"]}]},{"@type":"ImageObject","inLanguage":"es","@id":"https:\/\/locsoftware.com\/download-the-loc-company-brochure\/#primaryimage","url":"https:\/\/locsoftware.com\/wp-content\/uploads\/2024\/09\/LOC_Company-Brochure-Mockup.png","contentUrl":"https:\/\/locsoftware.com\/wp-content\/uploads\/2024\/09\/LOC_Company-Brochure-Mockup.png"},{"@type":"BreadcrumbList","@id":"https:\/\/locsoftware.com\/download-the-loc-company-brochure\/#breadcrumb","itemListElement":[{"@type":"ListItem","position":1,"name":"Home","item":"https:\/\/locsoftware.com\/"},{"@type":"ListItem","position":2,"name":"Download the LOC Company Brochure"}]},{"@type":"WebSite","@id":"https:\/\/locsoftware.com\/#website","url":"https:\/\/locsoftware.com\/","name":"LOC","description":"El mejor software de gesti\u00f3n para minoristas","publisher":{"@id":"https:\/\/locsoftware.com\/#organization"},"potentialAction":[{"@type":"SearchAction","target":{"@type":"EntryPoint","urlTemplate":"https:\/\/locsoftware.com\/?s={search_term_string}"},"query-input":{"@type":"PropertyValueSpecification","valueRequired":true,"valueName":"search_term_string"}}],"inLanguage":"es"},{"@type":"Organization","@id":"https:\/\/locsoftware.com\/#organization","name":"El mejor software de gesti\u00f3n para minoristas","url":"https:\/\/locsoftware.com\/","logo":{"@type":"ImageObject","inLanguage":"es","@id":"https:\/\/locsoftware.com\/#\/schema\/logo\/image\/","url":"","contentUrl":"","caption":"Best-in-Class Retail Management Software"},"image":{"@id":"https:\/\/locsoftware.com\/#\/schema\/logo\/image\/"}}]}},"_links":{"self":[{"href":"https:\/\/locsoftware.com\/es\/wp-json\/wp\/v2\/pages\/5845","targetHints":{"allow":["GET"]}}],"collection":[{"href":"https:\/\/locsoftware.com\/es\/wp-json\/wp\/v2\/pages"}],"about":[{"href":"https:\/\/locsoftware.com\/es\/wp-json\/wp\/v2\/types\/page"}],"author":[{"embeddable":true,"href":"https:\/\/locsoftware.com\/es\/wp-json\/wp\/v2\/users\/1"}],"replies":[{"embeddable":true,"href":"https:\/\/locsoftware.com\/es\/wp-json\/wp\/v2\/comments?post=5845"}],"version-history":[{"count":47,"href":"https:\/\/locsoftware.com\/es\/wp-json\/wp\/v2\/pages\/5845\/revisions"}],"predecessor-version":[{"id":9372,"href":"https:\/\/locsoftware.com\/es\/wp-json\/wp\/v2\/pages\/5845\/revisions\/9372"}],"wp:attachment":[{"href":"https:\/\/locsoftware.com\/es\/wp-json\/wp\/v2\/media?parent=5845"}],"curies":[{"name":"wp","href":"https:\/\/api.w.org\/{rel}","templated":true}]}}