{"id":7321,"date":"2024-05-02T12:23:21","date_gmt":"2024-05-02T12:23:21","guid":{"rendered":"https:\/\/locsoftware.com\/?page_id=7321"},"modified":"2025-10-16T08:01:33","modified_gmt":"2025-10-16T13:01:33","slug":"un-sistema-de-gestion-minorista-preparado-para-el-futuro","status":"publish","type":"page","link":"https:\/\/locsoftware.com\/es\/a-future-proof-retail-management-system\/","title":{"rendered":"Un sistema de gesti\u00f3n de minoristas preparado para el futuro"},"content":{"rendered":"<div data-elementor-type=\"wp-page\" data-elementor-id=\"7321\" class=\"elementor elementor-7321\" data-elementor-post-type=\"page\">\n\t\t\t\t\t\t<section class=\"elementor-section elementor-top-section elementor-element elementor-element-bd760f3 elementor-section-content-top elementor-section-boxed elementor-section-height-default elementor-section-height-default\" data-id=\"bd760f3\" data-element_type=\"section\" data-e-type=\"section\" data-settings=\"{&quot;background_background&quot;:&quot;classic&quot;}\">\n\t\t\t\t\t\t<div class=\"elementor-container elementor-column-gap-wide\">\n\t\t\t\t\t<div class=\"elementor-column elementor-col-50 elementor-top-column elementor-element elementor-element-daf8009\" data-id=\"daf8009\" data-element_type=\"column\" data-e-type=\"column\">\n\t\t\t<div class=\"elementor-widget-wrap elementor-element-populated\">\n\t\t\t\t\t\t<div class=\"elementor-element elementor-element-d6cd856 elementor-widget elementor-widget-heading\" data-id=\"d6cd856\" data-element_type=\"widget\" data-e-type=\"widget\" data-widget_type=\"heading.default\">\n\t\t\t\t<div class=\"elementor-widget-container\">\n\t\t\t\t\t<h1 class=\"elementor-heading-title elementor-size-default\">C\u00f3mo invertir en un sistema de gesti\u00f3n minorista de futuro<\/h1>\t\t\t\t<\/div>\n\t\t\t\t<\/div>\n\t\t\t\t<div class=\"elementor-element elementor-element-c421c6e elementor-widget elementor-widget-heading\" data-id=\"c421c6e\" data-element_type=\"widget\" data-e-type=\"widget\" data-widget_type=\"heading.default\">\n\t\t\t\t<div class=\"elementor-widget-container\">\n\t\t\t\t\t<h3 class=\"elementor-heading-title elementor-size-default\">Descubra qu\u00e9 funciones ayudan a los minoristas a adaptarse tan r\u00e1pido como evoluciona el sector.<\/h3>\t\t\t\t<\/div>\n\t\t\t\t<\/div>\n\t\t\t\t<div class=\"elementor-element elementor-element-a4a86e5 elementor-widget elementor-widget-text-editor\" data-id=\"a4a86e5\" data-element_type=\"widget\" data-e-type=\"widget\" data-widget_type=\"text-editor.default\">\n\t\t\t\t<div class=\"elementor-widget-container\">\n\t\t\t\t\t\t\t\t\t<p><span style=\"font-weight: 400;\">La tecnolog\u00eda avanza r\u00e1pidamente, y su sistema de gesti\u00f3n minorista debe seguirle el ritmo. Desde las cambiantes expectativas de los consumidores y la escasez de mano de obra hasta las crecientes demandas omnicanal, los minoristas no pueden permitirse invertir en un software que se quede obsoleto en pocos a\u00f1os.<\/span><\/p><p><span style=\"font-weight: 400;\">Nuestro libro electr\u00f3nico gratuito explora c\u00f3mo un sistema de gesti\u00f3n minorista preparado para el futuro le ayuda a escalar, simplificar las TI y adelantarse a las disrupciones con una arquitectura moderna, funciones flexibles y acceso a los datos en tiempo real.<\/span><\/p>\t\t\t\t\t\t\t\t<\/div>\n\t\t\t\t<\/div>\n\t\t\t\t<div class=\"elementor-element elementor-element-7dc2b9b elementor-widget elementor-widget-text-editor\" data-id=\"7dc2b9b\" data-element_type=\"widget\" data-e-type=\"widget\" data-widget_type=\"text-editor.default\">\n\t\t\t\t<div class=\"elementor-widget-container\">\n\t\t\t\t\t\t\t\t\t<p><b>Lo que aprender\u00e1s:<\/b><\/p><ul><li style=\"font-weight: 400;\" aria-level=\"1\"><span style=\"font-weight: 400;\">Qu\u00e9 hace que una inversi\u00f3n en un sistema de gesti\u00f3n comercial est\u00e9 \"preparada para el futuro\"\u00a0<\/span><\/li><li style=\"font-weight: 400;\" aria-level=\"1\"><span style=\"font-weight: 400;\">C\u00f3mo la arquitectura de software modular le permite adaptar, no sustituir, su sistema\u00a0<\/span><\/li><li style=\"font-weight: 400;\" aria-level=\"1\"><span style=\"font-weight: 400;\">El papel de la entrega basada en la nube para lograr agilidad, resistencia y rentabilidad<\/span><\/li><li style=\"font-weight: 400;\" aria-level=\"1\"><span style=\"font-weight: 400;\">C\u00f3mo las integraciones API facilitan la conexi\u00f3n con la cadena de suministro, los pagos y otros socios<\/span><\/li><li style=\"font-weight: 400;\" aria-level=\"1\"><span style=\"font-weight: 400;\">C\u00f3mo los sistemas escalables basados en navegador permiten a los inform\u00e1ticos gestionar m\u00faltiples tiendas con menos complejidad.<\/span><\/li><\/ul>\t\t\t\t\t\t\t\t<\/div>\n\t\t\t\t<\/div>\n\t\t\t\t<div class=\"elementor-element elementor-element-33be174 elementor-widget elementor-widget-text-editor\" data-id=\"33be174\" data-element_type=\"widget\" data-e-type=\"widget\" data-widget_type=\"text-editor.default\">\n\t\t\t\t<div class=\"elementor-widget-container\">\n\t\t\t\t\t\t\t\t\tTanto si est\u00e1 modernizando una tienda como si gestiona una operaci\u00f3n con varias ubicaciones, esta gu\u00eda le ayudar\u00e1 a elegir un sistema de gesti\u00f3n minorista dise\u00f1ado para adaptarse, crecer y competir en un mercado competitivo.\t\t\t\t\t\t\t\t<\/div>\n\t\t\t\t<\/div>\n\t\t\t\t<div class=\"elementor-element elementor-element-3ad2b10 elementor-widget elementor-widget-image\" data-id=\"3ad2b10\" data-element_type=\"widget\" data-e-type=\"widget\" data-widget_type=\"image.default\">\n\t\t\t\t<div class=\"elementor-widget-container\">\n\t\t\t\t\t\t\t\t\t\t\t\t\t\t\t<img fetchpriority=\"high\" decoding=\"async\" width=\"280\" height=\"350\" src=\"https:\/\/locsoftware.com\/wp-content\/uploads\/2024\/05\/LOC_Futureproof-IT-Ebook_mockup.png\" class=\"attachment-full size-full wp-image-8121\" alt=\"ebook\" srcset=\"https:\/\/locsoftware.com\/wp-content\/uploads\/2024\/05\/LOC_Futureproof-IT-Ebook_mockup.png 253w, https:\/\/locsoftware.com\/wp-content\/uploads\/2024\/05\/LOC_Futureproof-IT-Ebook_mockup-217x300.png 217w, https:\/\/locsoftware.com\/wp-content\/uploads\/2024\/05\/LOC_Futureproof-IT-Ebook_mockup-9x12.png 9w\" sizes=\"(max-width: 280px) 100vw, 280px\" \/>\t\t\t\t\t\t\t\t\t\t\t\t\t\t\t<\/div>\n\t\t\t\t<\/div>\n\t\t\t\t\t<\/div>\n\t\t<\/div>\n\t\t\t\t<div class=\"elementor-column elementor-col-50 elementor-top-column elementor-element elementor-element-1fe071a\" data-id=\"1fe071a\" data-element_type=\"column\" data-e-type=\"column\">\n\t\t\t<div class=\"elementor-widget-wrap elementor-element-populated\">\n\t\t\t\t\t\t<div class=\"elementor-element elementor-element-d978d8d elementor-widget elementor-widget-heading\" data-id=\"d978d8d\" data-element_type=\"widget\" data-e-type=\"widget\" data-widget_type=\"heading.default\">\n\t\t\t\t<div class=\"elementor-widget-container\">\n\t\t\t\t\t<h2 class=\"elementor-heading-title elementor-size-default\">Rellene este formulario para obtener una copia gratuita hoy<\/h2>\t\t\t\t<\/div>\n\t\t\t\t<\/div>\n\t\t\t\t<div class=\"elementor-element elementor-element-347e402 elementor-widget elementor-widget-html\" data-id=\"347e402\" data-element_type=\"widget\" data-e-type=\"widget\" data-widget_type=\"html.default\">\n\t\t\t\t<div class=\"elementor-widget-container\">\n\t\t\t\t\t<script src=\"https:\/\/js.hsforms.net\/forms\/embed\/48452317.js\" defer><\/script>\r\n<div class=\"hs-form-frame\" data-region=\"na1\" data-form-id=\"4b75fb15-9bc1-4039-97b8-f050b0c3dc18\" data-portal-id=\"48452317\"><\/div>\t\t\t\t<\/div>\n\t\t\t\t<\/div>\n\t\t\t\t\t<\/div>\n\t\t<\/div>\n\t\t\t\t\t<\/div>\n\t\t<\/section>\n\t\t\t\t<\/div>","protected":false},"excerpt":{"rendered":"<p>C\u00f3mo invertir en un sistema de gesti\u00f3n minorista preparado para el futuro Conozca qu\u00e9 funciones ayudan a los minoristas a adaptarse tan r\u00e1pido como evoluciona el sector. La tecnolog\u00eda avanza r\u00e1pidamente, y su sistema de gesti\u00f3n minorista debe seguirle el ritmo. Desde las cambiantes expectativas de los consumidores y la escasez de mano de obra hasta las crecientes demandas omnicanal, los minoristas no pueden permitirse invertir en un software que se quede obsoleto....<\/p>","protected":false},"author":1,"featured_media":0,"parent":0,"menu_order":30,"comment_status":"closed","ping_status":"closed","template":"elementor_header_footer","meta":{"footnotes":""},"class_list":["post-7321","page","type-page","status-publish","hentry"],"yoast_head":"<!-- This site is optimized with the Yoast SEO Premium plugin v27.4 (Yoast SEO v27.4) - https:\/\/yoast.com\/product\/yoast-seo-premium-wordpress\/ -->\n<title>Invest in a Future-Proof Retail Management System | LOC<\/title>\n<meta name=\"description\" content=\"Discover how having the right retail management system can help future-proof your business. Download our ebook today to get tips and advice!\" \/>\n<meta name=\"robots\" content=\"index, follow, max-snippet:-1, max-image-preview:large, max-video-preview:-1\" \/>\n<link rel=\"canonical\" href=\"https:\/\/locsoftware.com\/es\/un-sistema-de-gestion-minorista-preparado-para-el-futuro\/\" \/>\n<meta property=\"og:locale\" content=\"es_ES\" \/>\n<meta property=\"og:type\" content=\"article\" \/>\n<meta property=\"og:title\" content=\"A Future-Proof Retail Management System\" \/>\n<meta property=\"og:description\" content=\"Discover how having the right retail management system can help future-proof your business. Download our ebook today to get tips and advice!\" \/>\n<meta property=\"og:url\" content=\"https:\/\/locsoftware.com\/es\/un-sistema-de-gestion-minorista-preparado-para-el-futuro\/\" \/>\n<meta property=\"og:site_name\" content=\"LOC\" \/>\n<meta property=\"article:modified_time\" content=\"2025-10-16T13:01:33+00:00\" \/>\n<meta property=\"og:image\" content=\"https:\/\/locsoftware.com\/wp-content\/uploads\/2024\/09\/LOC_Futureproof-IT-Ebook_mockup.png\" \/>\n\t<meta property=\"og:image:width\" content=\"280\" \/>\n\t<meta property=\"og:image:height\" content=\"350\" \/>\n\t<meta property=\"og:image:type\" content=\"image\/png\" \/>\n<meta name=\"twitter:card\" content=\"summary_large_image\" \/>\n<meta name=\"twitter:label1\" content=\"Tiempo de lectura\" \/>\n\t<meta name=\"twitter:data1\" content=\"4 minutos\" \/>\n<script type=\"application\/ld+json\" class=\"yoast-schema-graph\">{\"@context\":\"https:\\\/\\\/schema.org\",\"@graph\":[{\"@type\":\"WebPage\",\"@id\":\"https:\\\/\\\/locsoftware.com\\\/a-future-proof-retail-management-system\\\/\",\"url\":\"https:\\\/\\\/locsoftware.com\\\/a-future-proof-retail-management-system\\\/\",\"name\":\"Invest in a Future-Proof Retail Management System | LOC\",\"isPartOf\":{\"@id\":\"https:\\\/\\\/locsoftware.com\\\/#website\"},\"primaryImageOfPage\":{\"@id\":\"https:\\\/\\\/locsoftware.com\\\/a-future-proof-retail-management-system\\\/#primaryimage\"},\"image\":{\"@id\":\"https:\\\/\\\/locsoftware.com\\\/a-future-proof-retail-management-system\\\/#primaryimage\"},\"thumbnailUrl\":\"https:\\\/\\\/locsoftware.com\\\/wp-content\\\/uploads\\\/2024\\\/09\\\/LOC_Futureproof-IT-Ebook_mockup.png\",\"datePublished\":\"2024-05-02T12:23:21+00:00\",\"dateModified\":\"2025-10-16T13:01:33+00:00\",\"description\":\"Discover how having the right retail management system can help future-proof your business. Download our ebook today to get tips and advice!\",\"breadcrumb\":{\"@id\":\"https:\\\/\\\/locsoftware.com\\\/a-future-proof-retail-management-system\\\/#breadcrumb\"},\"inLanguage\":\"es\",\"potentialAction\":[{\"@type\":\"ReadAction\",\"target\":[\"https:\\\/\\\/locsoftware.com\\\/a-future-proof-retail-management-system\\\/\"]}]},{\"@type\":\"ImageObject\",\"inLanguage\":\"es\",\"@id\":\"https:\\\/\\\/locsoftware.com\\\/a-future-proof-retail-management-system\\\/#primaryimage\",\"url\":\"https:\\\/\\\/locsoftware.com\\\/wp-content\\\/uploads\\\/2024\\\/09\\\/LOC_Futureproof-IT-Ebook_mockup.png\",\"contentUrl\":\"https:\\\/\\\/locsoftware.com\\\/wp-content\\\/uploads\\\/2024\\\/09\\\/LOC_Futureproof-IT-Ebook_mockup.png\"},{\"@type\":\"BreadcrumbList\",\"@id\":\"https:\\\/\\\/locsoftware.com\\\/a-future-proof-retail-management-system\\\/#breadcrumb\",\"itemListElement\":[{\"@type\":\"ListItem\",\"position\":1,\"name\":\"Home\",\"item\":\"https:\\\/\\\/locsoftware.com\\\/\"},{\"@type\":\"ListItem\",\"position\":2,\"name\":\"A Future-Proof Retail Management System\"}]},{\"@type\":\"WebSite\",\"@id\":\"https:\\\/\\\/locsoftware.com\\\/#website\",\"url\":\"https:\\\/\\\/locsoftware.com\\\/\",\"name\":\"LOC\",\"description\":\"Best-in-Class Retail Management Software\",\"publisher\":{\"@id\":\"https:\\\/\\\/locsoftware.com\\\/#organization\"},\"potentialAction\":[{\"@type\":\"SearchAction\",\"target\":{\"@type\":\"EntryPoint\",\"urlTemplate\":\"https:\\\/\\\/locsoftware.com\\\/?s={search_term_string}\"},\"query-input\":{\"@type\":\"PropertyValueSpecification\",\"valueRequired\":true,\"valueName\":\"search_term_string\"}}],\"inLanguage\":\"es\"},{\"@type\":\"Organization\",\"@id\":\"https:\\\/\\\/locsoftware.com\\\/#organization\",\"name\":\"Best-in-Class Retail Management Software\",\"url\":\"https:\\\/\\\/locsoftware.com\\\/\",\"logo\":{\"@type\":\"ImageObject\",\"inLanguage\":\"es\",\"@id\":\"https:\\\/\\\/locsoftware.com\\\/#\\\/schema\\\/logo\\\/image\\\/\",\"url\":\"\",\"contentUrl\":\"\",\"caption\":\"Best-in-Class Retail Management Software\"},\"image\":{\"@id\":\"https:\\\/\\\/locsoftware.com\\\/#\\\/schema\\\/logo\\\/image\\\/\"}}]}<\/script>\n<!-- \/ Yoast SEO Premium plugin. -->","yoast_head_json":{"title":"Invertir en un sistema de gesti\u00f3n minorista preparado para el futuro | LOC","description":"Descubra c\u00f3mo contar con el sistema de gesti\u00f3n minorista adecuado puede ayudarle a preparar su negocio para el futuro. Descargue nuestro ebook hoy mismo para obtener consejos y sugerencias.","robots":{"index":"index","follow":"follow","max-snippet":"max-snippet:-1","max-image-preview":"max-image-preview:large","max-video-preview":"max-video-preview:-1"},"canonical":"https:\/\/locsoftware.com\/es\/un-sistema-de-gestion-minorista-preparado-para-el-futuro\/","og_locale":"es_ES","og_type":"article","og_title":"A Future-Proof Retail Management System","og_description":"Discover how having the right retail management system can help future-proof your business. Download our ebook today to get tips and advice!","og_url":"https:\/\/locsoftware.com\/es\/un-sistema-de-gestion-minorista-preparado-para-el-futuro\/","og_site_name":"LOC","article_modified_time":"2025-10-16T13:01:33+00:00","og_image":[{"width":280,"height":350,"url":"https:\/\/locsoftware.com\/wp-content\/uploads\/2024\/09\/LOC_Futureproof-IT-Ebook_mockup.png","type":"image\/png"}],"twitter_card":"summary_large_image","twitter_misc":{"Tiempo de lectura":"4 minutos"},"schema":{"@context":"https:\/\/schema.org","@graph":[{"@type":"WebPage","@id":"https:\/\/locsoftware.com\/a-future-proof-retail-management-system\/","url":"https:\/\/locsoftware.com\/a-future-proof-retail-management-system\/","name":"Invertir en un sistema de gesti\u00f3n minorista preparado para el futuro | LOC","isPartOf":{"@id":"https:\/\/locsoftware.com\/#website"},"primaryImageOfPage":{"@id":"https:\/\/locsoftware.com\/a-future-proof-retail-management-system\/#primaryimage"},"image":{"@id":"https:\/\/locsoftware.com\/a-future-proof-retail-management-system\/#primaryimage"},"thumbnailUrl":"https:\/\/locsoftware.com\/wp-content\/uploads\/2024\/09\/LOC_Futureproof-IT-Ebook_mockup.png","datePublished":"2024-05-02T12:23:21+00:00","dateModified":"2025-10-16T13:01:33+00:00","description":"Descubra c\u00f3mo contar con el sistema de gesti\u00f3n minorista adecuado puede ayudarle a preparar su negocio para el futuro. Descargue nuestro ebook hoy mismo para obtener consejos y sugerencias.","breadcrumb":{"@id":"https:\/\/locsoftware.com\/a-future-proof-retail-management-system\/#breadcrumb"},"inLanguage":"es","potentialAction":[{"@type":"ReadAction","target":["https:\/\/locsoftware.com\/a-future-proof-retail-management-system\/"]}]},{"@type":"ImageObject","inLanguage":"es","@id":"https:\/\/locsoftware.com\/a-future-proof-retail-management-system\/#primaryimage","url":"https:\/\/locsoftware.com\/wp-content\/uploads\/2024\/09\/LOC_Futureproof-IT-Ebook_mockup.png","contentUrl":"https:\/\/locsoftware.com\/wp-content\/uploads\/2024\/09\/LOC_Futureproof-IT-Ebook_mockup.png"},{"@type":"BreadcrumbList","@id":"https:\/\/locsoftware.com\/a-future-proof-retail-management-system\/#breadcrumb","itemListElement":[{"@type":"ListItem","position":1,"name":"Home","item":"https:\/\/locsoftware.com\/"},{"@type":"ListItem","position":2,"name":"A Future-Proof Retail Management System"}]},{"@type":"WebSite","@id":"https:\/\/locsoftware.com\/#website","url":"https:\/\/locsoftware.com\/","name":"LOC","description":"El mejor software de gesti\u00f3n para minoristas","publisher":{"@id":"https:\/\/locsoftware.com\/#organization"},"potentialAction":[{"@type":"SearchAction","target":{"@type":"EntryPoint","urlTemplate":"https:\/\/locsoftware.com\/?s={search_term_string}"},"query-input":{"@type":"PropertyValueSpecification","valueRequired":true,"valueName":"search_term_string"}}],"inLanguage":"es"},{"@type":"Organization","@id":"https:\/\/locsoftware.com\/#organization","name":"El mejor software de gesti\u00f3n para minoristas","url":"https:\/\/locsoftware.com\/","logo":{"@type":"ImageObject","inLanguage":"es","@id":"https:\/\/locsoftware.com\/#\/schema\/logo\/image\/","url":"","contentUrl":"","caption":"Best-in-Class Retail Management Software"},"image":{"@id":"https:\/\/locsoftware.com\/#\/schema\/logo\/image\/"}}]}},"_links":{"self":[{"href":"https:\/\/locsoftware.com\/es\/wp-json\/wp\/v2\/pages\/7321","targetHints":{"allow":["GET"]}}],"collection":[{"href":"https:\/\/locsoftware.com\/es\/wp-json\/wp\/v2\/pages"}],"about":[{"href":"https:\/\/locsoftware.com\/es\/wp-json\/wp\/v2\/types\/page"}],"author":[{"embeddable":true,"href":"https:\/\/locsoftware.com\/es\/wp-json\/wp\/v2\/users\/1"}],"replies":[{"embeddable":true,"href":"https:\/\/locsoftware.com\/es\/wp-json\/wp\/v2\/comments?post=7321"}],"version-history":[{"count":5,"href":"https:\/\/locsoftware.com\/es\/wp-json\/wp\/v2\/pages\/7321\/revisions"}],"predecessor-version":[{"id":9369,"href":"https:\/\/locsoftware.com\/es\/wp-json\/wp\/v2\/pages\/7321\/revisions\/9369"}],"wp:attachment":[{"href":"https:\/\/locsoftware.com\/es\/wp-json\/wp\/v2\/media?parent=7321"}],"curies":[{"name":"wp","href":"https:\/\/api.w.org\/{rel}","templated":true}]}}