{"id":8045,"date":"2024-08-29T15:53:56","date_gmt":"2024-08-29T15:53:56","guid":{"rendered":"https:\/\/locsoftware.com\/?page_id=8045"},"modified":"2025-10-16T08:01:18","modified_gmt":"2025-10-16T13:01:18","slug":"las-5-mejores-soluciones-tecnologicas-para-ultramarinos","status":"publish","type":"page","link":"https:\/\/locsoftware.com\/es\/the-top-5-grocery-technology-solutions\/","title":{"rendered":"Las 5 mejores soluciones tecnol\u00f3gicas para ultramarinos"},"content":{"rendered":"<div data-elementor-type=\"wp-page\" data-elementor-id=\"8045\" class=\"elementor elementor-8045\" data-elementor-post-type=\"page\">\n\t\t\t\t\t\t<section class=\"elementor-section elementor-top-section elementor-element elementor-element-7ca53d6 elementor-section-content-top elementor-section-boxed elementor-section-height-default elementor-section-height-default\" data-id=\"7ca53d6\" data-element_type=\"section\" data-e-type=\"section\" data-settings=\"{&quot;background_background&quot;:&quot;classic&quot;}\">\n\t\t\t\t\t\t<div class=\"elementor-container elementor-column-gap-wide\">\n\t\t\t\t\t<div class=\"elementor-column elementor-col-50 elementor-top-column elementor-element elementor-element-42a5e07\" data-id=\"42a5e07\" data-element_type=\"column\" data-e-type=\"column\">\n\t\t\t<div class=\"elementor-widget-wrap elementor-element-populated\">\n\t\t\t\t\t\t<div class=\"elementor-element elementor-element-430264f elementor-widget elementor-widget-heading\" data-id=\"430264f\" data-element_type=\"widget\" data-e-type=\"widget\" data-widget_type=\"heading.default\">\n\t\t\t\t<div class=\"elementor-widget-container\">\n\t\t\t\t\t<h1 class=\"elementor-heading-title elementor-size-default\">5 soluciones tecnol\u00f3gicas para supermercados que necesita para competir<\/h1>\t\t\t\t<\/div>\n\t\t\t\t<\/div>\n\t\t\t\t<div class=\"elementor-element elementor-element-6a00421 elementor-widget elementor-widget-heading\" data-id=\"6a00421\" data-element_type=\"widget\" data-e-type=\"widget\" data-widget_type=\"heading.default\">\n\t\t\t\t<div class=\"elementor-widget-container\">\n\t\t\t\t\t<h3 class=\"elementor-heading-title elementor-size-default\">\u00bfSu tecnolog\u00eda actual le ayuda a seguir siendo competitivo o le frena?<\/h3>\t\t\t\t<\/div>\n\t\t\t\t<\/div>\n\t\t\t\t<div class=\"elementor-element elementor-element-730f39b elementor-widget elementor-widget-text-editor\" data-id=\"730f39b\" data-element_type=\"widget\" data-e-type=\"widget\" data-widget_type=\"text-editor.default\">\n\t\t\t\t<div class=\"elementor-widget-container\">\n\t\t\t\t\t\t\t\t\t<p><span style=\"font-weight: 400;\">Desde el aumento de los costes y los retos de la cadena de suministro hasta la evoluci\u00f3n de las expectativas de los clientes, el sector de la alimentaci\u00f3n est\u00e1 cambiando r\u00e1pidamente. Para prosperar, los supermercados independientes necesitan soluciones flexibles y preparadas para el futuro, no sistemas obsoletos.<\/span><\/p>\t\t\t\t\t\t\t\t<\/div>\n\t\t\t\t<\/div>\n\t\t\t\t<div class=\"elementor-element elementor-element-558222c elementor-widget elementor-widget-text-editor\" data-id=\"558222c\" data-element_type=\"widget\" data-e-type=\"widget\" data-widget_type=\"text-editor.default\">\n\t\t\t\t<div class=\"elementor-widget-container\">\n\t\t\t\t\t\t\t\t\t<p><b>Lo que aprender\u00e1s:<\/b><\/p><ul><li style=\"font-weight: 400;\" aria-level=\"1\"><span style=\"font-weight: 400;\">C\u00f3mo los sistemas basados en la nube reducen costes y mejoran la agilidad<\/span><\/li><li style=\"font-weight: 400;\" aria-level=\"1\"><span style=\"font-weight: 400;\">Por qu\u00e9 el POS m\u00f3vil y las herramientas de back-office son esenciales para las operaciones actuales<\/span><\/li><li style=\"font-weight: 400;\" aria-level=\"1\"><span style=\"font-weight: 400;\">Los peligros de los sistemas patchwork y por qu\u00e9 triunfan las plataformas configurables<\/span><\/li><li style=\"font-weight: 400;\" aria-level=\"1\"><span style=\"font-weight: 400;\">C\u00f3mo las API le permiten integrarse con los servicios que demandan sus clientes<\/span><\/li><li style=\"font-weight: 400;\" aria-level=\"1\"><span style=\"font-weight: 400;\">Formas m\u00e1s inteligentes de gestionar el inventario, los proveedores y el espacio en las estanter\u00edas<\/span><\/li><\/ul>\t\t\t\t\t\t\t\t<\/div>\n\t\t\t\t<\/div>\n\t\t\t\t<div class=\"elementor-element elementor-element-e4e4180 elementor-widget elementor-widget-text-editor\" data-id=\"e4e4180\" data-element_type=\"widget\" data-e-type=\"widget\" data-widget_type=\"text-editor.default\">\n\t\t\t\t<div class=\"elementor-widget-container\">\n\t\t\t\t\t\t\t\t\t<p><span style=\"font-weight: 400;\">Tanto si gestiona una sola tienda como si tiene varias, la tecnolog\u00eda de alimentaci\u00f3n adecuada le ayudar\u00e1 a aumentar la eficiencia, controlar los costes y mejorar la experiencia del cliente. Descargue nuestro eBook gratuito y empiece hoy mismo a crear un negocio de alimentaci\u00f3n m\u00e1s inteligente y escalable.<\/span><\/p>\t\t\t\t\t\t\t\t<\/div>\n\t\t\t\t<\/div>\n\t\t\t\t<div class=\"elementor-element elementor-element-180af46 elementor-widget elementor-widget-image\" data-id=\"180af46\" data-element_type=\"widget\" data-e-type=\"widget\" data-widget_type=\"image.default\">\n\t\t\t\t<div class=\"elementor-widget-container\">\n\t\t\t\t\t\t\t\t\t\t\t\t\t\t\t<img fetchpriority=\"high\" decoding=\"async\" width=\"280\" height=\"350\" src=\"https:\/\/locsoftware.com\/wp-content\/uploads\/2024\/09\/LOC_5-Grocery-Technology-Solutions_mockup-1.png\" class=\"attachment-full size-full wp-image-8111\" alt=\"5 soluciones tecnol\u00f3gicas para supermercados que necesita para competir\" srcset=\"https:\/\/locsoftware.com\/wp-content\/uploads\/2024\/09\/LOC_5-Grocery-Technology-Solutions_mockup-1.png 280w, https:\/\/locsoftware.com\/wp-content\/uploads\/2024\/09\/LOC_5-Grocery-Technology-Solutions_mockup-1-240x300.png 240w, https:\/\/locsoftware.com\/wp-content\/uploads\/2024\/09\/LOC_5-Grocery-Technology-Solutions_mockup-1-10x12.png 10w\" sizes=\"(max-width: 280px) 100vw, 280px\" \/>\t\t\t\t\t\t\t\t\t\t\t\t\t\t\t<\/div>\n\t\t\t\t<\/div>\n\t\t\t\t\t<\/div>\n\t\t<\/div>\n\t\t\t\t<div class=\"elementor-column elementor-col-50 elementor-top-column elementor-element elementor-element-58034f4\" data-id=\"58034f4\" data-element_type=\"column\" data-e-type=\"column\">\n\t\t\t<div class=\"elementor-widget-wrap elementor-element-populated\">\n\t\t\t\t\t\t<div class=\"elementor-element elementor-element-35a3cee elementor-widget elementor-widget-heading\" data-id=\"35a3cee\" data-element_type=\"widget\" data-e-type=\"widget\" data-widget_type=\"heading.default\">\n\t\t\t\t<div class=\"elementor-widget-container\">\n\t\t\t\t\t<h2 class=\"elementor-heading-title elementor-size-default\">Rellene este formulario para obtener una copia gratuita hoy<\/h2>\t\t\t\t<\/div>\n\t\t\t\t<\/div>\n\t\t\t\t<div class=\"elementor-element elementor-element-05ac128 elementor-widget elementor-widget-html\" data-id=\"05ac128\" data-element_type=\"widget\" data-e-type=\"widget\" data-widget_type=\"html.default\">\n\t\t\t\t<div class=\"elementor-widget-container\">\n\t\t\t\t\t<script src=\"https:\/\/js.hsforms.net\/forms\/embed\/48452317.js\" defer><\/script>\r\n<div class=\"hs-form-frame\" data-region=\"na1\" data-form-id=\"82b6d334-eac0-44b7-ba63-154b9442db37\" data-portal-id=\"48452317\"><\/div>\t\t\t\t<\/div>\n\t\t\t\t<\/div>\n\t\t\t\t\t<\/div>\n\t\t<\/div>\n\t\t\t\t\t<\/div>\n\t\t<\/section>\n\t\t\t\t<\/div>","protected":false},"excerpt":{"rendered":"<p>5 soluciones tecnol\u00f3gicas para ultramarinos que necesita para competir \u00bfSu tecnolog\u00eda actual para ultramarinos le ayuda a seguir siendo competitivo o le frena? Desde el aumento de los costes y los retos de la cadena de suministro hasta la evoluci\u00f3n de las expectativas de los clientes, el sector de la alimentaci\u00f3n est\u00e1 cambiando r\u00e1pidamente. Para que las tiendas independientes prosperen, necesitan soluciones flexibles y preparadas para el futuro, no sistemas obsoletos. Lo que...<\/p>","protected":false},"author":1,"featured_media":0,"parent":0,"menu_order":30,"comment_status":"closed","ping_status":"closed","template":"elementor_header_footer","meta":{"footnotes":""},"class_list":["post-8045","page","type-page","status-publish","hentry"],"yoast_head":"<!-- This site is optimized with the Yoast SEO Premium plugin v27.4 (Yoast SEO v27.4) - https:\/\/yoast.com\/product\/yoast-seo-premium-wordpress\/ -->\n<title>Boost Revenue With Top Grocery Technology Solutions | LOC<\/title>\n<meta name=\"description\" content=\"Discover the top 5 grocery technologies that can help your business stay competitive, boost revenue, and streamline operations. Download our ebook today to get tips and advice!\" \/>\n<meta name=\"robots\" content=\"index, follow, max-snippet:-1, max-image-preview:large, max-video-preview:-1\" \/>\n<link rel=\"canonical\" href=\"https:\/\/locsoftware.com\/es\/las-5-mejores-soluciones-tecnologicas-para-ultramarinos\/\" \/>\n<meta property=\"og:locale\" content=\"es_ES\" \/>\n<meta property=\"og:type\" content=\"article\" \/>\n<meta property=\"og:title\" content=\"The Top 5 Grocery Technology Solutions\" \/>\n<meta property=\"og:description\" content=\"Discover the top 5 grocery technologies that can help your business stay competitive, boost revenue, and streamline operations. Download our ebook today to get tips and advice!\" \/>\n<meta property=\"og:url\" content=\"https:\/\/locsoftware.com\/es\/las-5-mejores-soluciones-tecnologicas-para-ultramarinos\/\" \/>\n<meta property=\"og:site_name\" content=\"LOC\" \/>\n<meta property=\"article:modified_time\" content=\"2025-10-16T13:01:18+00:00\" \/>\n<meta property=\"og:image\" content=\"https:\/\/locsoftware.com\/wp-content\/uploads\/2024\/09\/LOC_5-Grocery-Technology-Solutions_mockup-1.png\" \/>\n\t<meta property=\"og:image:width\" content=\"280\" \/>\n\t<meta property=\"og:image:height\" content=\"350\" \/>\n\t<meta property=\"og:image:type\" content=\"image\/png\" \/>\n<meta name=\"twitter:card\" content=\"summary_large_image\" \/>\n<meta name=\"twitter:label1\" content=\"Tiempo de lectura\" \/>\n\t<meta name=\"twitter:data1\" content=\"3 minutos\" \/>\n<script type=\"application\/ld+json\" class=\"yoast-schema-graph\">{\"@context\":\"https:\\\/\\\/schema.org\",\"@graph\":[{\"@type\":\"WebPage\",\"@id\":\"https:\\\/\\\/locsoftware.com\\\/the-top-5-grocery-technology-solutions\\\/\",\"url\":\"https:\\\/\\\/locsoftware.com\\\/the-top-5-grocery-technology-solutions\\\/\",\"name\":\"Boost Revenue With Top Grocery Technology Solutions | LOC\",\"isPartOf\":{\"@id\":\"https:\\\/\\\/locsoftware.com\\\/#website\"},\"primaryImageOfPage\":{\"@id\":\"https:\\\/\\\/locsoftware.com\\\/the-top-5-grocery-technology-solutions\\\/#primaryimage\"},\"image\":{\"@id\":\"https:\\\/\\\/locsoftware.com\\\/the-top-5-grocery-technology-solutions\\\/#primaryimage\"},\"thumbnailUrl\":\"https:\\\/\\\/locsoftware.com\\\/wp-content\\\/uploads\\\/2024\\\/09\\\/LOC_5-Grocery-Technology-Solutions_mockup-1.png\",\"datePublished\":\"2024-08-29T15:53:56+00:00\",\"dateModified\":\"2025-10-16T13:01:18+00:00\",\"description\":\"Discover the top 5 grocery technologies that can help your business stay competitive, boost revenue, and streamline operations. Download our ebook today to get tips and advice!\",\"breadcrumb\":{\"@id\":\"https:\\\/\\\/locsoftware.com\\\/the-top-5-grocery-technology-solutions\\\/#breadcrumb\"},\"inLanguage\":\"es\",\"potentialAction\":[{\"@type\":\"ReadAction\",\"target\":[\"https:\\\/\\\/locsoftware.com\\\/the-top-5-grocery-technology-solutions\\\/\"]}]},{\"@type\":\"ImageObject\",\"inLanguage\":\"es\",\"@id\":\"https:\\\/\\\/locsoftware.com\\\/the-top-5-grocery-technology-solutions\\\/#primaryimage\",\"url\":\"https:\\\/\\\/locsoftware.com\\\/wp-content\\\/uploads\\\/2024\\\/09\\\/LOC_5-Grocery-Technology-Solutions_mockup-1.png\",\"contentUrl\":\"https:\\\/\\\/locsoftware.com\\\/wp-content\\\/uploads\\\/2024\\\/09\\\/LOC_5-Grocery-Technology-Solutions_mockup-1.png\"},{\"@type\":\"BreadcrumbList\",\"@id\":\"https:\\\/\\\/locsoftware.com\\\/the-top-5-grocery-technology-solutions\\\/#breadcrumb\",\"itemListElement\":[{\"@type\":\"ListItem\",\"position\":1,\"name\":\"Home\",\"item\":\"https:\\\/\\\/locsoftware.com\\\/\"},{\"@type\":\"ListItem\",\"position\":2,\"name\":\"The Top 5 Grocery Technology Solutions\"}]},{\"@type\":\"WebSite\",\"@id\":\"https:\\\/\\\/locsoftware.com\\\/#website\",\"url\":\"https:\\\/\\\/locsoftware.com\\\/\",\"name\":\"LOC\",\"description\":\"Best-in-Class Retail Management Software\",\"publisher\":{\"@id\":\"https:\\\/\\\/locsoftware.com\\\/#organization\"},\"potentialAction\":[{\"@type\":\"SearchAction\",\"target\":{\"@type\":\"EntryPoint\",\"urlTemplate\":\"https:\\\/\\\/locsoftware.com\\\/?s={search_term_string}\"},\"query-input\":{\"@type\":\"PropertyValueSpecification\",\"valueRequired\":true,\"valueName\":\"search_term_string\"}}],\"inLanguage\":\"es\"},{\"@type\":\"Organization\",\"@id\":\"https:\\\/\\\/locsoftware.com\\\/#organization\",\"name\":\"Best-in-Class Retail Management Software\",\"url\":\"https:\\\/\\\/locsoftware.com\\\/\",\"logo\":{\"@type\":\"ImageObject\",\"inLanguage\":\"es\",\"@id\":\"https:\\\/\\\/locsoftware.com\\\/#\\\/schema\\\/logo\\\/image\\\/\",\"url\":\"\",\"contentUrl\":\"\",\"caption\":\"Best-in-Class Retail Management Software\"},\"image\":{\"@id\":\"https:\\\/\\\/locsoftware.com\\\/#\\\/schema\\\/logo\\\/image\\\/\"}}]}<\/script>\n<!-- \/ Yoast SEO Premium plugin. -->","yoast_head_json":{"title":"Aumente sus ingresos con las mejores soluciones tecnol\u00f3gicas para ultramarinos | LOC","description":"Descubra las 5 principales tecnolog\u00edas de la alimentaci\u00f3n que pueden ayudar a su empresa a seguir siendo competitiva, aumentar los ingresos y agilizar las operaciones. Desc\u00e1rguese hoy mismo nuestro ebook para obtener consejos y sugerencias.","robots":{"index":"index","follow":"follow","max-snippet":"max-snippet:-1","max-image-preview":"max-image-preview:large","max-video-preview":"max-video-preview:-1"},"canonical":"https:\/\/locsoftware.com\/es\/las-5-mejores-soluciones-tecnologicas-para-ultramarinos\/","og_locale":"es_ES","og_type":"article","og_title":"The Top 5 Grocery Technology Solutions","og_description":"Discover the top 5 grocery technologies that can help your business stay competitive, boost revenue, and streamline operations. Download our ebook today to get tips and advice!","og_url":"https:\/\/locsoftware.com\/es\/las-5-mejores-soluciones-tecnologicas-para-ultramarinos\/","og_site_name":"LOC","article_modified_time":"2025-10-16T13:01:18+00:00","og_image":[{"width":280,"height":350,"url":"https:\/\/locsoftware.com\/wp-content\/uploads\/2024\/09\/LOC_5-Grocery-Technology-Solutions_mockup-1.png","type":"image\/png"}],"twitter_card":"summary_large_image","twitter_misc":{"Tiempo de lectura":"3 minutos"},"schema":{"@context":"https:\/\/schema.org","@graph":[{"@type":"WebPage","@id":"https:\/\/locsoftware.com\/the-top-5-grocery-technology-solutions\/","url":"https:\/\/locsoftware.com\/the-top-5-grocery-technology-solutions\/","name":"Aumente sus ingresos con las mejores soluciones tecnol\u00f3gicas para ultramarinos | LOC","isPartOf":{"@id":"https:\/\/locsoftware.com\/#website"},"primaryImageOfPage":{"@id":"https:\/\/locsoftware.com\/the-top-5-grocery-technology-solutions\/#primaryimage"},"image":{"@id":"https:\/\/locsoftware.com\/the-top-5-grocery-technology-solutions\/#primaryimage"},"thumbnailUrl":"https:\/\/locsoftware.com\/wp-content\/uploads\/2024\/09\/LOC_5-Grocery-Technology-Solutions_mockup-1.png","datePublished":"2024-08-29T15:53:56+00:00","dateModified":"2025-10-16T13:01:18+00:00","description":"Descubra las 5 principales tecnolog\u00edas de la alimentaci\u00f3n que pueden ayudar a su empresa a seguir siendo competitiva, aumentar los ingresos y agilizar las operaciones. Desc\u00e1rguese hoy mismo nuestro ebook para obtener consejos y sugerencias.","breadcrumb":{"@id":"https:\/\/locsoftware.com\/the-top-5-grocery-technology-solutions\/#breadcrumb"},"inLanguage":"es","potentialAction":[{"@type":"ReadAction","target":["https:\/\/locsoftware.com\/the-top-5-grocery-technology-solutions\/"]}]},{"@type":"ImageObject","inLanguage":"es","@id":"https:\/\/locsoftware.com\/the-top-5-grocery-technology-solutions\/#primaryimage","url":"https:\/\/locsoftware.com\/wp-content\/uploads\/2024\/09\/LOC_5-Grocery-Technology-Solutions_mockup-1.png","contentUrl":"https:\/\/locsoftware.com\/wp-content\/uploads\/2024\/09\/LOC_5-Grocery-Technology-Solutions_mockup-1.png"},{"@type":"BreadcrumbList","@id":"https:\/\/locsoftware.com\/the-top-5-grocery-technology-solutions\/#breadcrumb","itemListElement":[{"@type":"ListItem","position":1,"name":"Home","item":"https:\/\/locsoftware.com\/"},{"@type":"ListItem","position":2,"name":"The Top 5 Grocery Technology Solutions"}]},{"@type":"WebSite","@id":"https:\/\/locsoftware.com\/#website","url":"https:\/\/locsoftware.com\/","name":"LOC","description":"El mejor software de gesti\u00f3n para minoristas","publisher":{"@id":"https:\/\/locsoftware.com\/#organization"},"potentialAction":[{"@type":"SearchAction","target":{"@type":"EntryPoint","urlTemplate":"https:\/\/locsoftware.com\/?s={search_term_string}"},"query-input":{"@type":"PropertyValueSpecification","valueRequired":true,"valueName":"search_term_string"}}],"inLanguage":"es"},{"@type":"Organization","@id":"https:\/\/locsoftware.com\/#organization","name":"El mejor software de gesti\u00f3n para minoristas","url":"https:\/\/locsoftware.com\/","logo":{"@type":"ImageObject","inLanguage":"es","@id":"https:\/\/locsoftware.com\/#\/schema\/logo\/image\/","url":"","contentUrl":"","caption":"Best-in-Class Retail Management Software"},"image":{"@id":"https:\/\/locsoftware.com\/#\/schema\/logo\/image\/"}}]}},"_links":{"self":[{"href":"https:\/\/locsoftware.com\/es\/wp-json\/wp\/v2\/pages\/8045","targetHints":{"allow":["GET"]}}],"collection":[{"href":"https:\/\/locsoftware.com\/es\/wp-json\/wp\/v2\/pages"}],"about":[{"href":"https:\/\/locsoftware.com\/es\/wp-json\/wp\/v2\/types\/page"}],"author":[{"embeddable":true,"href":"https:\/\/locsoftware.com\/es\/wp-json\/wp\/v2\/users\/1"}],"replies":[{"embeddable":true,"href":"https:\/\/locsoftware.com\/es\/wp-json\/wp\/v2\/comments?post=8045"}],"version-history":[{"count":5,"href":"https:\/\/locsoftware.com\/es\/wp-json\/wp\/v2\/pages\/8045\/revisions"}],"predecessor-version":[{"id":9366,"href":"https:\/\/locsoftware.com\/es\/wp-json\/wp\/v2\/pages\/8045\/revisions\/9366"}],"wp:attachment":[{"href":"https:\/\/locsoftware.com\/es\/wp-json\/wp\/v2\/media?parent=8045"}],"curies":[{"name":"wp","href":"https:\/\/api.w.org\/{rel}","templated":true}]}}