{"id":8811,"date":"2025-07-02T13:58:18","date_gmt":"2025-07-02T18:58:18","guid":{"rendered":"https:\/\/locsoftware.com\/?page_id=8811"},"modified":"2025-08-01T13:53:20","modified_gmt":"2025-08-01T18:53:20","slug":"conviertase-en-revendedor-o-agente-de-loc","status":"publish","type":"page","link":"https:\/\/locsoftware.com\/es\/become-a-loc-reseller-or-agent\/","title":{"rendered":"Convi\u00e9rtase en distribuidor o agente de LOC"},"content":{"rendered":"<div data-elementor-type=\"wp-page\" data-elementor-id=\"8811\" class=\"elementor elementor-8811\" data-elementor-post-type=\"page\">\n\t\t\t\t\t\t<section class=\"elementor-section elementor-top-section elementor-element elementor-element-66db45d elementor-section-content-top elementor-section-boxed elementor-section-height-default elementor-section-height-default\" data-id=\"66db45d\" data-element_type=\"section\" data-e-type=\"section\" data-settings=\"{&quot;background_background&quot;:&quot;classic&quot;}\">\n\t\t\t\t\t\t<div class=\"elementor-container elementor-column-gap-wide\">\n\t\t\t\t\t<div class=\"elementor-column elementor-col-50 elementor-top-column elementor-element elementor-element-f2165d9\" data-id=\"f2165d9\" data-element_type=\"column\" data-e-type=\"column\">\n\t\t\t<div class=\"elementor-widget-wrap elementor-element-populated\">\n\t\t\t\t\t\t<div class=\"elementor-element elementor-element-291e437 elementor-widget elementor-widget-heading\" data-id=\"291e437\" data-element_type=\"widget\" data-e-type=\"widget\" data-widget_type=\"heading.default\">\n\t\t\t\t<div class=\"elementor-widget-container\">\n\t\t\t\t\t<h1 class=\"elementor-heading-title elementor-size-default\">Mejore su negocio asoci\u00e1ndose con LOC Software<\/h1>\t\t\t\t<\/div>\n\t\t\t\t<\/div>\n\t\t\t\t<div class=\"elementor-element elementor-element-f1777a5 elementor-widget elementor-widget-heading\" data-id=\"f1777a5\" data-element_type=\"widget\" data-e-type=\"widget\" data-widget_type=\"heading.default\">\n\t\t\t\t<div class=\"elementor-widget-container\">\n\t\t\t\t\t<h2 class=\"elementor-heading-title elementor-size-default\">Dos v\u00edas para ayudarle a captar cuota de mercado y aumentar sus ingresos:<\/h2>\t\t\t\t<\/div>\n\t\t\t\t<\/div>\n\t\t\t\t<div class=\"elementor-element elementor-element-3114ebd elementor-widget elementor-widget-text-editor\" data-id=\"3114ebd\" data-element_type=\"widget\" data-e-type=\"widget\" data-widget_type=\"text-editor.default\">\n\t\t\t\t<div class=\"elementor-widget-container\">\n\t\t\t\t\t\t\t\t\t<h3 data-start=\"151\" data-end=\"187\"><strong data-start=\"157\" data-end=\"187\">VAR (Distribuidor de valor a\u00f1adido)<\/strong><\/h3>\n<p data-start=\"189\" data-end=\"310\"><strong data-start=\"189\" data-end=\"197\">Papel<\/strong>: Un VAR compra y revende software de LOC, a menudo junto con hardware, servicios personalizados y asistencia completa.<\/p>\n<p data-start=\"312\" data-end=\"336\"><strong data-start=\"312\" data-end=\"335\">Caracter\u00edsticas principales<\/strong>:<\/p>\n<ul data-start=\"337\" data-end=\"675\">\n<li data-start=\"337\" data-end=\"404\">\n<p data-start=\"339\" data-end=\"404\">Se encarga de toda la relaci\u00f3n con el cliente: presupuestos, contratos, asistencia.<\/p>\n<\/li>\n<li data-start=\"405\" data-end=\"454\">\n<p data-start=\"407\" data-end=\"454\">Instala y configura software de forma aut\u00f3noma.<\/p>\n<\/li>\n<li data-start=\"455\" data-end=\"498\">\n<p data-start=\"457\" data-end=\"498\">Proporciona apoyo t\u00e9cnico y de primera l\u00ednea.<\/p>\n<\/li>\n<li data-start=\"499\" data-end=\"566\">\n<p data-start=\"501\" data-end=\"566\">Obtiene margen de las ventas de licencias, hardware, servicios y asistencia.<\/p>\n<\/li>\n<li data-start=\"567\" data-end=\"621\">\n<p data-start=\"569\" data-end=\"621\">Personaliza las instalaciones para satisfacer las necesidades espec\u00edficas de los minoristas.<\/p>\n<\/li>\n<li data-start=\"622\" data-end=\"675\">\n<p data-start=\"624\" data-end=\"675\">Mantiene la infraestructura, incluso para sistemas locales.<\/p>\n<\/li>\n<\/ul>\n<p data-start=\"677\" data-end=\"837\"><strong data-start=\"677\" data-end=\"690\">Ideal para<\/strong>:<br data-start=\"691\" data-end=\"694\">Proveedores de soluciones de punto de venta o integradores establecidos con experiencia en TI para el comercio minorista y capacidad para suministrar, respaldar y gestionar plenamente soluciones de punto de venta.<\/p>\n<hr data-start=\"839\" data-end=\"842\">\n<h3 data-start=\"844\" data-end=\"859\"><strong data-start=\"850\" data-end=\"859\">Programa de agentes<\/strong><\/h3>\n<p data-start=\"861\" data-end=\"1086\"><strong data-start=\"861\" data-end=\"869\">Papel<\/strong>: Un agente se asocia con LOC para <strong data-start=\"901\" data-end=\"936\">vender y apoyar nuestra oferta ThriVersA SaaS<\/strong> sin ocuparse de la configuraci\u00f3n del sistema backend ni de la infraestructura. LOC proporciona la tecnolog\u00eda de nube; el Agente se centra en vender el hardware front-end, la oferta de LOC, todos los servicios incluyen los servicios de formaci\u00f3n. El agente se encarga de las relaciones con los clientes.<\/p>\n<p data-start=\"1088\" data-end=\"1112\"><strong data-start=\"1088\" data-end=\"1111\">Caracter\u00edsticas principales<\/strong>:<\/p>\n<ul data-start=\"1113\" data-end=\"1541\">\n<li data-start=\"1113\" data-end=\"1155\">\n<p data-start=\"1115\" data-end=\"1155\">Promueve y vende las soluciones SaaS de LOC.<\/p>\n<\/li>\n<li data-start=\"1156\" data-end=\"1216\">\n<p data-start=\"1158\" data-end=\"1216\">Obtiene ingresos recurrentes en funci\u00f3n de nuestra oferta de base de suscripci\u00f3n.<\/p>\n<\/li>\n<li data-start=\"1217\" data-end=\"1283\">\n<p data-start=\"1219\" data-end=\"1283\"><span style=\"word-spacing: normal;\">El agente proporciona formaci\u00f3n, incorporaci\u00f3n y asistencia al cliente para el uso diario (por ejemplo, mantenimiento de art\u00edculos, flujos de trabajo del cajero).<\/span><\/p>\n<\/li>\n<li data-start=\"1408\" data-end=\"1477\">\n<p data-start=\"1410\" data-end=\"1477\">Reducci\u00f3n del esfuerzo t\u00e9cnico y de la inversi\u00f3n de tiempo del agente.<\/p>\n<\/li>\n<li data-start=\"1478\" data-end=\"1541\">\n<p data-start=\"1480\" data-end=\"1541\">Los agentes trabajan exclusivamente con despliegues SaaS basados en navegador (sin servidor back office on-prem).<\/p>\n<\/li>\n<\/ul>\n<p data-start=\"1543\" data-end=\"1813\"><strong data-start=\"1543\" data-end=\"1556\">Ideal para<\/strong>:<\/p>\n<p data-start=\"1543\" data-end=\"1813\">Profesionales de ventas con un equipo t\u00e9cnico o empresas de integraci\u00f3n de sistemas que desean seguir implicados con los clientes pero evitar los gastos generales del mantenimiento de la infraestructura en el back-office o las instalaciones personalizadas profundas. Tambi\u00e9n es ideal para equipos con relaciones con minoristas y que buscan actualizar su soluci\u00f3n actual.<\/p>\t\t\t\t\t\t\t\t<\/div>\n\t\t\t\t<\/div>\n\t\t\t\t\t<\/div>\n\t\t<\/div>\n\t\t\t\t<div class=\"elementor-column elementor-col-50 elementor-top-column elementor-element elementor-element-326d35e\" data-id=\"326d35e\" data-element_type=\"column\" data-e-type=\"column\">\n\t\t\t<div class=\"elementor-widget-wrap elementor-element-populated\">\n\t\t\t\t\t\t<div class=\"elementor-element elementor-element-1946e23 elementor-widget elementor-widget-html\" data-id=\"1946e23\" data-element_type=\"widget\" data-e-type=\"widget\" data-widget_type=\"html.default\">\n\t\t\t\t<div class=\"elementor-widget-container\">\n\t\t\t\t\t<script src=\"https:\/\/js.hsforms.net\/forms\/embed\/48452317.js\" defer><\/script>\r\n<div class=\"hs-form-frame\" data-region=\"na1\" data-form-id=\"99146b7f-d2ef-482e-9300-073d6e4ef60d\" data-portal-id=\"48452317\"><\/div>\t\t\t\t<\/div>\n\t\t\t\t<\/div>\n\t\t\t\t\t<\/div>\n\t\t<\/div>\n\t\t\t\t\t<\/div>\n\t\t<\/section>\n\t\t\t\t<\/div>","protected":false},"excerpt":{"rendered":"<p>Eleve su negocio asoci\u00e1ndose con LOC Software Dos v\u00edas para ayudarle a captar cuota de mercado y aumentar sus ingresos: Rol de VAR (revendedor de valor a\u00f1adido): Un VAR adquiere y revende software de LOC, a menudo junto con hardware, servicios personalizados y asistencia completa. Caracter\u00edsticas clave: Se encarga de toda la relaci\u00f3n con el cliente: presupuestos, contratos, asistencia. Instala y configura el software...<\/p>","protected":false},"author":5,"featured_media":0,"parent":0,"menu_order":0,"comment_status":"closed","ping_status":"closed","template":"elementor_header_footer","meta":{"footnotes":""},"class_list":["post-8811","page","type-page","status-publish","hentry"],"yoast_head":"<!-- This site is optimized with the Yoast SEO Premium plugin v27.4 (Yoast SEO v27.4) - https:\/\/yoast.com\/product\/yoast-seo-premium-wordpress\/ -->\n<title>Become a LOC Reseller or Agent<\/title>\n<meta name=\"description\" content=\"Join us at booth 436 at the 2025 Retail Now show at Caesar&#039;s Palace in Las Vegas. We will be demoing our retail software solution and answering POS questions throughout the show.\" \/>\n<meta name=\"robots\" content=\"index, follow, max-snippet:-1, max-image-preview:large, max-video-preview:-1\" \/>\n<link rel=\"canonical\" href=\"https:\/\/locsoftware.com\/es\/conviertase-en-revendedor-o-agente-de-loc\/\" \/>\n<meta property=\"og:locale\" content=\"es_ES\" \/>\n<meta property=\"og:type\" content=\"article\" \/>\n<meta property=\"og:title\" content=\"Become A LOC Reseller Or Agent\" \/>\n<meta property=\"og:description\" content=\"Join us at booth 436 at the 2025 Retail Now show at Caesar&#039;s Palace in Las Vegas. We will be demoing our retail software solution and answering POS questions throughout the show.\" \/>\n<meta property=\"og:url\" content=\"https:\/\/locsoftware.com\/es\/conviertase-en-revendedor-o-agente-de-loc\/\" \/>\n<meta property=\"og:site_name\" content=\"LOC\" \/>\n<meta property=\"article:modified_time\" content=\"2025-08-01T18:53:20+00:00\" \/>\n<meta name=\"twitter:card\" content=\"summary_large_image\" \/>\n<meta name=\"twitter:label1\" content=\"Tiempo de lectura\" \/>\n\t<meta name=\"twitter:data1\" content=\"4 minutos\" \/>\n<script type=\"application\/ld+json\" class=\"yoast-schema-graph\">{\"@context\":\"https:\\\/\\\/schema.org\",\"@graph\":[{\"@type\":\"WebPage\",\"@id\":\"https:\\\/\\\/locsoftware.com\\\/become-a-loc-reseller-or-agent\\\/\",\"url\":\"https:\\\/\\\/locsoftware.com\\\/become-a-loc-reseller-or-agent\\\/\",\"name\":\"Become a LOC Reseller or Agent\",\"isPartOf\":{\"@id\":\"https:\\\/\\\/locsoftware.com\\\/#website\"},\"datePublished\":\"2025-07-02T18:58:18+00:00\",\"dateModified\":\"2025-08-01T18:53:20+00:00\",\"description\":\"Join us at booth 436 at the 2025 Retail Now show at Caesar's Palace in Las Vegas. We will be demoing our retail software solution and answering POS questions throughout the show.\",\"breadcrumb\":{\"@id\":\"https:\\\/\\\/locsoftware.com\\\/become-a-loc-reseller-or-agent\\\/#breadcrumb\"},\"inLanguage\":\"es\",\"potentialAction\":[{\"@type\":\"ReadAction\",\"target\":[\"https:\\\/\\\/locsoftware.com\\\/become-a-loc-reseller-or-agent\\\/\"]}]},{\"@type\":\"BreadcrumbList\",\"@id\":\"https:\\\/\\\/locsoftware.com\\\/become-a-loc-reseller-or-agent\\\/#breadcrumb\",\"itemListElement\":[{\"@type\":\"ListItem\",\"position\":1,\"name\":\"Home\",\"item\":\"https:\\\/\\\/locsoftware.com\\\/\"},{\"@type\":\"ListItem\",\"position\":2,\"name\":\"Become A LOC Reseller Or Agent\"}]},{\"@type\":\"WebSite\",\"@id\":\"https:\\\/\\\/locsoftware.com\\\/#website\",\"url\":\"https:\\\/\\\/locsoftware.com\\\/\",\"name\":\"LOC\",\"description\":\"Best-in-Class Retail Management Software\",\"publisher\":{\"@id\":\"https:\\\/\\\/locsoftware.com\\\/#organization\"},\"potentialAction\":[{\"@type\":\"SearchAction\",\"target\":{\"@type\":\"EntryPoint\",\"urlTemplate\":\"https:\\\/\\\/locsoftware.com\\\/?s={search_term_string}\"},\"query-input\":{\"@type\":\"PropertyValueSpecification\",\"valueRequired\":true,\"valueName\":\"search_term_string\"}}],\"inLanguage\":\"es\"},{\"@type\":\"Organization\",\"@id\":\"https:\\\/\\\/locsoftware.com\\\/#organization\",\"name\":\"Best-in-Class Retail Management Software\",\"url\":\"https:\\\/\\\/locsoftware.com\\\/\",\"logo\":{\"@type\":\"ImageObject\",\"inLanguage\":\"es\",\"@id\":\"https:\\\/\\\/locsoftware.com\\\/#\\\/schema\\\/logo\\\/image\\\/\",\"url\":\"\",\"contentUrl\":\"\",\"caption\":\"Best-in-Class Retail Management Software\"},\"image\":{\"@id\":\"https:\\\/\\\/locsoftware.com\\\/#\\\/schema\\\/logo\\\/image\\\/\"}}]}<\/script>\n<!-- \/ Yoast SEO Premium plugin. -->","yoast_head_json":{"title":"Convi\u00e9rtase en distribuidor o agente de LOC","description":"Vis\u00edtenos en el stand 436 de la feria 2025 Retail Now en el Caesar's Palace de Las Vegas. Realizaremos demostraciones de nuestra soluci\u00f3n de software para minoristas y responderemos a preguntas sobre puntos de venta durante toda la feria.","robots":{"index":"index","follow":"follow","max-snippet":"max-snippet:-1","max-image-preview":"max-image-preview:large","max-video-preview":"max-video-preview:-1"},"canonical":"https:\/\/locsoftware.com\/es\/conviertase-en-revendedor-o-agente-de-loc\/","og_locale":"es_ES","og_type":"article","og_title":"Become A LOC Reseller Or Agent","og_description":"Join us at booth 436 at the 2025 Retail Now show at Caesar's Palace in Las Vegas. We will be demoing our retail software solution and answering POS questions throughout the show.","og_url":"https:\/\/locsoftware.com\/es\/conviertase-en-revendedor-o-agente-de-loc\/","og_site_name":"LOC","article_modified_time":"2025-08-01T18:53:20+00:00","twitter_card":"summary_large_image","twitter_misc":{"Tiempo de lectura":"4 minutos"},"schema":{"@context":"https:\/\/schema.org","@graph":[{"@type":"WebPage","@id":"https:\/\/locsoftware.com\/become-a-loc-reseller-or-agent\/","url":"https:\/\/locsoftware.com\/become-a-loc-reseller-or-agent\/","name":"Convi\u00e9rtase en distribuidor o agente de LOC","isPartOf":{"@id":"https:\/\/locsoftware.com\/#website"},"datePublished":"2025-07-02T18:58:18+00:00","dateModified":"2025-08-01T18:53:20+00:00","description":"Vis\u00edtenos en el stand 436 de la feria 2025 Retail Now en el Caesar's Palace de Las Vegas. Realizaremos demostraciones de nuestra soluci\u00f3n de software para minoristas y responderemos a preguntas sobre puntos de venta durante toda la feria.","breadcrumb":{"@id":"https:\/\/locsoftware.com\/become-a-loc-reseller-or-agent\/#breadcrumb"},"inLanguage":"es","potentialAction":[{"@type":"ReadAction","target":["https:\/\/locsoftware.com\/become-a-loc-reseller-or-agent\/"]}]},{"@type":"BreadcrumbList","@id":"https:\/\/locsoftware.com\/become-a-loc-reseller-or-agent\/#breadcrumb","itemListElement":[{"@type":"ListItem","position":1,"name":"Home","item":"https:\/\/locsoftware.com\/"},{"@type":"ListItem","position":2,"name":"Become A LOC Reseller Or Agent"}]},{"@type":"WebSite","@id":"https:\/\/locsoftware.com\/#website","url":"https:\/\/locsoftware.com\/","name":"LOC","description":"El mejor software de gesti\u00f3n para minoristas","publisher":{"@id":"https:\/\/locsoftware.com\/#organization"},"potentialAction":[{"@type":"SearchAction","target":{"@type":"EntryPoint","urlTemplate":"https:\/\/locsoftware.com\/?s={search_term_string}"},"query-input":{"@type":"PropertyValueSpecification","valueRequired":true,"valueName":"search_term_string"}}],"inLanguage":"es"},{"@type":"Organization","@id":"https:\/\/locsoftware.com\/#organization","name":"El mejor software de gesti\u00f3n para minoristas","url":"https:\/\/locsoftware.com\/","logo":{"@type":"ImageObject","inLanguage":"es","@id":"https:\/\/locsoftware.com\/#\/schema\/logo\/image\/","url":"","contentUrl":"","caption":"Best-in-Class Retail Management Software"},"image":{"@id":"https:\/\/locsoftware.com\/#\/schema\/logo\/image\/"}}]}},"_links":{"self":[{"href":"https:\/\/locsoftware.com\/es\/wp-json\/wp\/v2\/pages\/8811","targetHints":{"allow":["GET"]}}],"collection":[{"href":"https:\/\/locsoftware.com\/es\/wp-json\/wp\/v2\/pages"}],"about":[{"href":"https:\/\/locsoftware.com\/es\/wp-json\/wp\/v2\/types\/page"}],"author":[{"embeddable":true,"href":"https:\/\/locsoftware.com\/es\/wp-json\/wp\/v2\/users\/5"}],"replies":[{"embeddable":true,"href":"https:\/\/locsoftware.com\/es\/wp-json\/wp\/v2\/comments?post=8811"}],"version-history":[{"count":5,"href":"https:\/\/locsoftware.com\/es\/wp-json\/wp\/v2\/pages\/8811\/revisions"}],"predecessor-version":[{"id":8986,"href":"https:\/\/locsoftware.com\/es\/wp-json\/wp\/v2\/pages\/8811\/revisions\/8986"}],"wp:attachment":[{"href":"https:\/\/locsoftware.com\/es\/wp-json\/wp\/v2\/media?parent=8811"}],"curies":[{"name":"wp","href":"https:\/\/api.w.org\/{rel}","templated":true}]}}