{"id":9258,"date":"2025-10-14T08:17:33","date_gmt":"2025-10-14T13:17:33","guid":{"rendered":"https:\/\/locsoftware.com\/?page_id=9258"},"modified":"2025-10-14T08:17:33","modified_gmt":"2025-10-14T13:17:33","slug":"unase-a-nosotros-en-el-fnr-2026","status":"publish","type":"page","link":"https:\/\/locsoftware.com\/es\/join-us-at-nrf-2026\/","title":{"rendered":"\u00danase a nosotros en NRF 2026"},"content":{"rendered":"","protected":false},"excerpt":{"rendered":"","protected":false},"author":5,"featured_media":0,"parent":0,"menu_order":0,"comment_status":"closed","ping_status":"closed","template":"","meta":{"footnotes":""},"class_list":["post-9258","page","type-page","status-publish","hentry"],"yoast_head":"<!-- This site is optimized with the Yoast SEO Premium plugin v27.3 (Yoast SEO v27.3) - https:\/\/yoast.com\/product\/yoast-seo-premium-wordpress\/ -->\n<title>Join Us At NRF 2026 | LOC<\/title>\n<meta name=\"description\" content=\"Join LOC Software at NRF 2026 (Booth 3120) to discover how cloud, multi-tenant, and mobile technologies are reshaping retail IT management. Schedule time to see how ThriVersA connects your enterprise from anywhere.\" \/>\n<meta name=\"robots\" content=\"index, follow, max-snippet:-1, max-image-preview:large, max-video-preview:-1\" \/>\n<link rel=\"canonical\" href=\"https:\/\/locsoftware.com\/es\/unase-a-nosotros-en-el-fnr-2026\/\" \/>\n<meta property=\"og:locale\" content=\"es_ES\" \/>\n<meta property=\"og:type\" content=\"article\" \/>\n<meta property=\"og:title\" content=\"Join Us At NRF 2026\" \/>\n<meta property=\"og:description\" content=\"Join LOC Software at NRF 2026 (Booth 3120) to discover how cloud, multi-tenant, and mobile technologies are reshaping retail IT management. Schedule time to see how ThriVersA connects your enterprise from anywhere.\" \/>\n<meta property=\"og:url\" content=\"https:\/\/locsoftware.com\/es\/unase-a-nosotros-en-el-fnr-2026\/\" \/>\n<meta property=\"og:site_name\" content=\"LOC\" \/>\n<meta name=\"twitter:card\" content=\"summary_large_image\" \/>\n<script type=\"application\/ld+json\" class=\"yoast-schema-graph\">{\"@context\":\"https:\\\/\\\/schema.org\",\"@graph\":[{\"@type\":\"WebPage\",\"@id\":\"https:\\\/\\\/locsoftware.com\\\/join-us-at-nrf-2026\\\/\",\"url\":\"https:\\\/\\\/locsoftware.com\\\/join-us-at-nrf-2026\\\/\",\"name\":\"Join Us At NRF 2026 | LOC\",\"isPartOf\":{\"@id\":\"https:\\\/\\\/locsoftware.com\\\/#website\"},\"datePublished\":\"2025-10-14T13:17:33+00:00\",\"description\":\"Join LOC Software at NRF 2026 (Booth 3120) to discover how cloud, multi-tenant, and mobile technologies are reshaping retail IT management. Schedule time to see how ThriVersA connects your enterprise from anywhere.\",\"breadcrumb\":{\"@id\":\"https:\\\/\\\/locsoftware.com\\\/join-us-at-nrf-2026\\\/#breadcrumb\"},\"inLanguage\":\"es\",\"potentialAction\":[{\"@type\":\"ReadAction\",\"target\":[\"https:\\\/\\\/locsoftware.com\\\/join-us-at-nrf-2026\\\/\"]}]},{\"@type\":\"BreadcrumbList\",\"@id\":\"https:\\\/\\\/locsoftware.com\\\/join-us-at-nrf-2026\\\/#breadcrumb\",\"itemListElement\":[{\"@type\":\"ListItem\",\"position\":1,\"name\":\"Home\",\"item\":\"https:\\\/\\\/locsoftware.com\\\/\"},{\"@type\":\"ListItem\",\"position\":2,\"name\":\"Join Us At NRF 2026\"}]},{\"@type\":\"WebSite\",\"@id\":\"https:\\\/\\\/locsoftware.com\\\/#website\",\"url\":\"https:\\\/\\\/locsoftware.com\\\/\",\"name\":\"LOC\",\"description\":\"Best-in-Class Retail Management Software\",\"publisher\":{\"@id\":\"https:\\\/\\\/locsoftware.com\\\/#organization\"},\"potentialAction\":[{\"@type\":\"SearchAction\",\"target\":{\"@type\":\"EntryPoint\",\"urlTemplate\":\"https:\\\/\\\/locsoftware.com\\\/?s={search_term_string}\"},\"query-input\":{\"@type\":\"PropertyValueSpecification\",\"valueRequired\":true,\"valueName\":\"search_term_string\"}}],\"inLanguage\":\"es\"},{\"@type\":\"Organization\",\"@id\":\"https:\\\/\\\/locsoftware.com\\\/#organization\",\"name\":\"Best-in-Class Retail Management Software\",\"url\":\"https:\\\/\\\/locsoftware.com\\\/\",\"logo\":{\"@type\":\"ImageObject\",\"inLanguage\":\"es\",\"@id\":\"https:\\\/\\\/locsoftware.com\\\/#\\\/schema\\\/logo\\\/image\\\/\",\"url\":\"\",\"contentUrl\":\"\",\"caption\":\"Best-in-Class Retail Management Software\"},\"image\":{\"@id\":\"https:\\\/\\\/locsoftware.com\\\/#\\\/schema\\\/logo\\\/image\\\/\"}}]}<\/script>\n<!-- \/ Yoast SEO Premium plugin. -->","yoast_head_json":{"title":"\u00danase a nosotros en NRF 2026 | LOC","description":"\u00danase a LOC Software en NRF 2026 (stand 3120) para descubrir c\u00f3mo las tecnolog\u00edas m\u00f3viles, de nube y multiinquilino est\u00e1n remodelando la gesti\u00f3n de TI del comercio minorista. Reserve tiempo para ver c\u00f3mo ThriVersA conecta su empresa desde cualquier lugar.","robots":{"index":"index","follow":"follow","max-snippet":"max-snippet:-1","max-image-preview":"max-image-preview:large","max-video-preview":"max-video-preview:-1"},"canonical":"https:\/\/locsoftware.com\/es\/unase-a-nosotros-en-el-fnr-2026\/","og_locale":"es_ES","og_type":"article","og_title":"Join Us At NRF 2026","og_description":"Join LOC Software at NRF 2026 (Booth 3120) to discover how cloud, multi-tenant, and mobile technologies are reshaping retail IT management. Schedule time to see how ThriVersA connects your enterprise from anywhere.","og_url":"https:\/\/locsoftware.com\/es\/unase-a-nosotros-en-el-fnr-2026\/","og_site_name":"LOC","twitter_card":"summary_large_image","schema":{"@context":"https:\/\/schema.org","@graph":[{"@type":"WebPage","@id":"https:\/\/locsoftware.com\/join-us-at-nrf-2026\/","url":"https:\/\/locsoftware.com\/join-us-at-nrf-2026\/","name":"\u00danase a nosotros en NRF 2026 | LOC","isPartOf":{"@id":"https:\/\/locsoftware.com\/#website"},"datePublished":"2025-10-14T13:17:33+00:00","description":"\u00danase a LOC Software en NRF 2026 (stand 3120) para descubrir c\u00f3mo las tecnolog\u00edas m\u00f3viles, de nube y multiinquilino est\u00e1n remodelando la gesti\u00f3n de TI del comercio minorista. Reserve tiempo para ver c\u00f3mo ThriVersA conecta su empresa desde cualquier lugar.","breadcrumb":{"@id":"https:\/\/locsoftware.com\/join-us-at-nrf-2026\/#breadcrumb"},"inLanguage":"es","potentialAction":[{"@type":"ReadAction","target":["https:\/\/locsoftware.com\/join-us-at-nrf-2026\/"]}]},{"@type":"BreadcrumbList","@id":"https:\/\/locsoftware.com\/join-us-at-nrf-2026\/#breadcrumb","itemListElement":[{"@type":"ListItem","position":1,"name":"Home","item":"https:\/\/locsoftware.com\/"},{"@type":"ListItem","position":2,"name":"Join Us At NRF 2026"}]},{"@type":"WebSite","@id":"https:\/\/locsoftware.com\/#website","url":"https:\/\/locsoftware.com\/","name":"LOC","description":"El mejor software de gesti\u00f3n para minoristas","publisher":{"@id":"https:\/\/locsoftware.com\/#organization"},"potentialAction":[{"@type":"SearchAction","target":{"@type":"EntryPoint","urlTemplate":"https:\/\/locsoftware.com\/?s={search_term_string}"},"query-input":{"@type":"PropertyValueSpecification","valueRequired":true,"valueName":"search_term_string"}}],"inLanguage":"es"},{"@type":"Organization","@id":"https:\/\/locsoftware.com\/#organization","name":"El mejor software de gesti\u00f3n para minoristas","url":"https:\/\/locsoftware.com\/","logo":{"@type":"ImageObject","inLanguage":"es","@id":"https:\/\/locsoftware.com\/#\/schema\/logo\/image\/","url":"","contentUrl":"","caption":"Best-in-Class Retail Management Software"},"image":{"@id":"https:\/\/locsoftware.com\/#\/schema\/logo\/image\/"}}]}},"_links":{"self":[{"href":"https:\/\/locsoftware.com\/es\/wp-json\/wp\/v2\/pages\/9258","targetHints":{"allow":["GET"]}}],"collection":[{"href":"https:\/\/locsoftware.com\/es\/wp-json\/wp\/v2\/pages"}],"about":[{"href":"https:\/\/locsoftware.com\/es\/wp-json\/wp\/v2\/types\/page"}],"author":[{"embeddable":true,"href":"https:\/\/locsoftware.com\/es\/wp-json\/wp\/v2\/users\/5"}],"replies":[{"embeddable":true,"href":"https:\/\/locsoftware.com\/es\/wp-json\/wp\/v2\/comments?post=9258"}],"version-history":[{"count":1,"href":"https:\/\/locsoftware.com\/es\/wp-json\/wp\/v2\/pages\/9258\/revisions"}],"predecessor-version":[{"id":9259,"href":"https:\/\/locsoftware.com\/es\/wp-json\/wp\/v2\/pages\/9258\/revisions\/9259"}],"wp:attachment":[{"href":"https:\/\/locsoftware.com\/es\/wp-json\/wp\/v2\/media?parent=9258"}],"curies":[{"name":"wp","href":"https:\/\/api.w.org\/{rel}","templated":true}]}}