{"id":9403,"date":"2025-11-20T11:41:04","date_gmt":"2025-11-20T16:41:04","guid":{"rendered":"https:\/\/locsoftware.com\/?page_id=9403"},"modified":"2025-12-08T11:59:32","modified_gmt":"2025-12-08T16:59:32","slug":"unete-a-loc-en-nga-2026","status":"publish","type":"page","link":"https:\/\/locsoftware.com\/es\/join-loc-at-nga-2026\/","title":{"rendered":"\u00danete al LOC en NGA 2026"},"content":{"rendered":"<div data-elementor-type=\"wp-page\" data-elementor-id=\"9403\" class=\"elementor elementor-9403\" data-elementor-post-type=\"page\">\n\t\t\t\t\t\t<section class=\"elementor-section elementor-top-section elementor-element elementor-element-4956336 elementor-section-full_width elementor-section-height-default elementor-section-height-default\" data-id=\"4956336\" data-element_type=\"section\" data-e-type=\"section\" data-settings=\"{&quot;background_background&quot;:&quot;classic&quot;}\">\n\t\t\t\t\t\t\t<div class=\"elementor-background-overlay\"><\/div>\n\t\t\t\t\t\t\t<div class=\"elementor-container elementor-column-gap-default\">\n\t\t\t\t\t<div class=\"elementor-column elementor-col-100 elementor-top-column elementor-element elementor-element-e666043\" data-id=\"e666043\" data-element_type=\"column\" data-e-type=\"column\">\n\t\t\t<div class=\"elementor-widget-wrap elementor-element-populated\">\n\t\t\t\t\t\t<div class=\"elementor-element elementor-element-a5a70f2 elementor-widget-mobile__width-initial elementor-widget elementor-widget-heading\" data-id=\"a5a70f2\" data-element_type=\"widget\" data-e-type=\"widget\" data-widget_type=\"heading.default\">\n\t\t\t\t<div class=\"elementor-widget-container\">\n\t\t\t\t\t<h2 class=\"elementor-heading-title elementor-size-default\">\u00danete al LOC en NGA 2026<\/h2>\t\t\t\t<\/div>\n\t\t\t\t<\/div>\n\t\t\t\t<div class=\"elementor-element elementor-element-96ed778 elementor-widget-mobile__width-initial elementor-widget elementor-widget-heading\" data-id=\"96ed778\" data-element_type=\"widget\" data-e-type=\"widget\" data-widget_type=\"heading.default\">\n\t\t\t\t<div class=\"elementor-widget-container\">\n\t\t\t\t\t<h2 class=\"elementor-heading-title elementor-size-default\">Centro de Conferencias MGM Grand, Las Vegas\n| Stand 2167<\/h2>\t\t\t\t<\/div>\n\t\t\t\t<\/div>\n\t\t\t\t\t<\/div>\n\t\t<\/div>\n\t\t\t\t\t<\/div>\n\t\t<\/section>\n\t\t\t\t<section class=\"elementor-section elementor-top-section elementor-element elementor-element-1a104f7f elementor-section-content-top elementor-section-boxed elementor-section-height-default elementor-section-height-default\" data-id=\"1a104f7f\" data-element_type=\"section\" data-e-type=\"section\" data-settings=\"{&quot;background_background&quot;:&quot;classic&quot;}\">\n\t\t\t\t\t\t<div class=\"elementor-container elementor-column-gap-wide\">\n\t\t\t\t\t<div class=\"elementor-column elementor-col-50 elementor-top-column elementor-element elementor-element-5672ca52\" data-id=\"5672ca52\" data-element_type=\"column\" data-e-type=\"column\">\n\t\t\t<div class=\"elementor-widget-wrap elementor-element-populated\">\n\t\t\t\t\t\t<div class=\"elementor-element elementor-element-25a644b2 elementor-widget elementor-widget-heading\" data-id=\"25a644b2\" data-element_type=\"widget\" data-e-type=\"widget\" data-widget_type=\"heading.default\">\n\t\t\t\t<div class=\"elementor-widget-container\">\n\t\t\t\t\t<h1 class=\"elementor-heading-title elementor-size-default\">Re\u00fanase con LOC Software en la NGA<\/h1>\t\t\t\t<\/div>\n\t\t\t\t<\/div>\n\t\t\t\t<div class=\"elementor-element elementor-element-57c1828 elementor-widget elementor-widget-heading\" data-id=\"57c1828\" data-element_type=\"widget\" data-e-type=\"widget\" data-widget_type=\"heading.default\">\n\t\t\t\t<div class=\"elementor-widget-container\">\n\t\t\t\t\t<h2 class=\"elementor-heading-title elementor-size-default\">Experimente las demostraciones de ThriVersA con los expertos de LOC en el stand 2167: Back Office, Mobile POS, Self-Checkout y Kiosco en escenarios reales de venta al por menor.\n<\/h2>\t\t\t\t<\/div>\n\t\t\t\t<\/div>\n\t\t\t\t<div class=\"elementor-element elementor-element-1ba7e077 elementor-widget elementor-widget-text-editor\" data-id=\"1ba7e077\" data-element_type=\"widget\" data-e-type=\"widget\" data-widget_type=\"text-editor.default\">\n\t\t\t\t<div class=\"elementor-widget-container\">\n\t\t\t\t\t\t\t\t\t<p><span style=\"font-weight: 400;\">En la edici\u00f3n de este a\u00f1o <a href=\"file:\/\/\/C:\/Users\/Jimm\/Downloads\/V2-20240509T143946Z-001\/V2\/SPANISH(ESXL)(updated)\/20240417190454_23124-ESXL-fixed\/locsoftware.com_grocery-store-pos-and-operational-trends-how-to-stay-on-the-leading-edge_ESXL.html#:~:text=valiosaenel-,NGAShowde2024,-.Losasistentestuvieron\">NGA Show 2026 en Las Vegas<\/a>, LOC Software le invita a ver c\u00f3mo la suite ThriVersA conecta las operaciones de la tienda desde la sala de ventas hasta el back office. Nuestros socios de hardware y expertos en la materia demostrar\u00e1n c\u00f3mo las soluciones m\u00f3viles y de autoservicio agilizan la caja, mejoran la productividad y mejoran la experiencia del cliente.<\/span><\/p><p><span style=\"font-weight: 400;\">Nos centramos en la ejecuci\u00f3n en el mundo real y en la optimizaci\u00f3n de las operaciones minoristas. Asista a demostraciones pr\u00e1cticas de transacciones, actualizaciones de inventario y mucho m\u00e1s mientras mostramos c\u00f3mo ThriVersA simplifica las tareas diarias de los equipos de tienda.<\/span><\/p><p><b>Lo que ver\u00e1 en NGA 2026:<\/b><\/p>\t\t\t\t\t\t\t\t<\/div>\n\t\t\t\t<\/div>\n\t\t\t\t<section class=\"elementor-section elementor-inner-section elementor-element elementor-element-de7869a elementor-section-boxed elementor-section-height-default elementor-section-height-default\" data-id=\"de7869a\" data-element_type=\"section\" data-e-type=\"section\">\n\t\t\t\t\t\t<div class=\"elementor-container elementor-column-gap-default\">\n\t\t\t\t\t<div class=\"elementor-column elementor-col-100 elementor-inner-column elementor-element elementor-element-9604fc3\" data-id=\"9604fc3\" data-element_type=\"column\" data-e-type=\"column\">\n\t\t\t<div class=\"elementor-widget-wrap elementor-element-populated\">\n\t\t\t\t\t\t<div class=\"elementor-element elementor-element-f3a252d elementor-widget elementor-widget-text-editor\" data-id=\"f3a252d\" data-element_type=\"widget\" data-e-type=\"widget\" data-widget_type=\"text-editor.default\">\n\t\t\t\t<div class=\"elementor-widget-container\">\n\t\t\t\t\t\t\t\t\t<ul><li><span style=\"font-weight: 400;\"><strong>Back Office m\u00f3vil:<\/strong> Gestione el inventario, los precios y los pedidos a proveedores directamente desde la sala de ventas con visibilidad en tiempo real.<\/span><\/li><li><span style=\"font-weight: 400;\"><strong>Mobile POS:<\/strong> Reduzca las colas y asista a los compradores en cualquier lugar de la tienda para mejorar la velocidad de pago y la satisfacci\u00f3n.<\/span><\/li><li><span style=\"font-weight: 400;\"><strong>Self-Checkout:<\/strong> Ofrezca a los clientes libertad y control con ThriVersA POS funcionando en un hardware moderno y flexible.<\/span><\/li><li><span style=\"font-weight: 400;\"><strong>Quiosco:<\/strong> Permita realizar pedidos r\u00e1pidos y en autoservicio de comidas preparadas, servicios y recogidas en tienda.<\/span><\/li><\/ul>\t\t\t\t\t\t\t\t<\/div>\n\t\t\t\t<\/div>\n\t\t\t\t\t<\/div>\n\t\t<\/div>\n\t\t\t\t\t<\/div>\n\t\t<\/section>\n\t\t\t\t<section class=\"elementor-section elementor-inner-section elementor-element elementor-element-dfcfc03 elementor-section-boxed elementor-section-height-default elementor-section-height-default\" data-id=\"dfcfc03\" data-element_type=\"section\" data-e-type=\"section\">\n\t\t\t\t\t\t<div class=\"elementor-container elementor-column-gap-default\">\n\t\t\t\t\t<div class=\"elementor-column elementor-col-100 elementor-inner-column elementor-element elementor-element-1ac4752\" data-id=\"1ac4752\" data-element_type=\"column\" data-e-type=\"column\">\n\t\t\t<div class=\"elementor-widget-wrap elementor-element-populated\">\n\t\t\t\t\t\t<div class=\"elementor-element elementor-element-e74a580 elementor-widget elementor-widget-text-editor\" data-id=\"e74a580\" data-element_type=\"widget\" data-e-type=\"widget\" data-widget_type=\"text-editor.default\">\n\t\t\t\t<div class=\"elementor-widget-container\">\n\t\t\t\t\t\t\t\t\t<p><span style=\"font-weight: 400;\">\u00danase a nosotros en el stand 2167 para experimentar ThriVersA en acci\u00f3n y ver c\u00f3mo LOC Software ayuda a los minoristas a optimizar las operaciones, reducir costes y ofrecer mejores experiencias a los clientes.<\/span><\/p><p><strong>Programe hoy mismo una demostraci\u00f3n con uno de nuestros experimentados miembros del equipo y conozca de primera mano el futuro del comercio minorista conectado.<\/strong><\/p><p><img fetchpriority=\"high\" decoding=\"async\" class=\"alignnone size-full wp-image-9525\" src=\"https:\/\/locsoftware.com\/wp-content\/uploads\/2025\/12\/NYC-Pics-10.png\" alt=\"\" width=\"1920\" height=\"1080\" srcset=\"https:\/\/locsoftware.com\/wp-content\/uploads\/2025\/12\/NYC-Pics-10.png 1920w, https:\/\/locsoftware.com\/wp-content\/uploads\/2025\/12\/NYC-Pics-10-300x169.png 300w, https:\/\/locsoftware.com\/wp-content\/uploads\/2025\/12\/NYC-Pics-10-1024x576.png 1024w, https:\/\/locsoftware.com\/wp-content\/uploads\/2025\/12\/NYC-Pics-10-768x432.png 768w, https:\/\/locsoftware.com\/wp-content\/uploads\/2025\/12\/NYC-Pics-10-1536x864.png 1536w, https:\/\/locsoftware.com\/wp-content\/uploads\/2025\/12\/NYC-Pics-10-18x10.png 18w\" sizes=\"(max-width: 1920px) 100vw, 1920px\" \/><\/p>\t\t\t\t\t\t\t\t<\/div>\n\t\t\t\t<\/div>\n\t\t\t\t\t<\/div>\n\t\t<\/div>\n\t\t\t\t\t<\/div>\n\t\t<\/section>\n\t\t\t\t\t<\/div>\n\t\t<\/div>\n\t\t\t\t<div class=\"elementor-column elementor-col-50 elementor-top-column elementor-element elementor-element-2ded44c6\" data-id=\"2ded44c6\" data-element_type=\"column\" data-e-type=\"column\">\n\t\t\t<div class=\"elementor-widget-wrap elementor-element-populated\">\n\t\t\t\t\t\t<div class=\"elementor-element elementor-element-c67368f elementor-widget elementor-widget-html\" data-id=\"c67368f\" data-element_type=\"widget\" data-e-type=\"widget\" data-widget_type=\"html.default\">\n\t\t\t\t<div class=\"elementor-widget-container\">\n\t\t\t\t\t<script src=\"https:\/\/js.hsforms.net\/forms\/embed\/48452317.js\" defer><\/script>\r\n<div class=\"hs-form-frame\" data-region=\"na1\" data-form-id=\"29f4b939-c8e3-46e7-a283-adaad72760e6\" data-portal-id=\"48452317\"><\/div>\t\t\t\t<\/div>\n\t\t\t\t<\/div>\n\t\t\t\t\t<\/div>\n\t\t<\/div>\n\t\t\t\t\t<\/div>\n\t\t<\/section>\n\t\t\t\t<\/div>","protected":false},"excerpt":{"rendered":"<p>\u00danase a LOC en NGA 2026 MGM Grand Conference Center, Las Vegas | Stand 2167 Re\u00fanase con LOC Software en NGA Experimente las demostraciones de ThriVersA con los expertos de LOC en el stand 2167: Mobile Back Office, Mobile POS, Self-Checkout y Kiosk en escenarios reales de venta al por menor. En el NGA Show 2026 de este a\u00f1o en Las Vegas, LOC Software le invita a...<\/p>","protected":false},"author":5,"featured_media":0,"parent":0,"menu_order":0,"comment_status":"closed","ping_status":"closed","template":"elementor_header_footer","meta":{"footnotes":""},"class_list":["post-9403","page","type-page","status-publish","hentry"],"yoast_head":"<!-- This site is optimized with the Yoast SEO Premium plugin v27.5 (Yoast SEO v27.5) - https:\/\/yoast.com\/product\/yoast-seo-premium-wordpress\/ -->\n<title>Join Us at NGA 2026 | LOC<\/title>\n<meta name=\"description\" content=\"Visit LOC Software at The NGA Show 2026 (Booth 2167) to see hands-on demonstrations of Mobile Back Office, Mobile POS, Self-Checkout, and Kiosk solutions. Meet our experts and discover how ThriVersA connects your entire enterprise for smarter operations and greater efficiency.\" \/>\n<meta name=\"robots\" content=\"index, follow, max-snippet:-1, max-image-preview:large, max-video-preview:-1\" \/>\n<link rel=\"canonical\" href=\"https:\/\/locsoftware.com\/es\/unete-a-loc-en-nga-2026\/\" \/>\n<meta property=\"og:locale\" content=\"es_ES\" \/>\n<meta property=\"og:type\" content=\"article\" \/>\n<meta property=\"og:title\" content=\"Join LOC At NGA 2026\" \/>\n<meta property=\"og:description\" content=\"Visit LOC Software at The NGA Show 2026 (Booth 2167) to see hands-on demonstrations of Mobile Back Office, Mobile POS, Self-Checkout, and Kiosk solutions. Meet our experts and discover how ThriVersA connects your entire enterprise for smarter operations and greater efficiency.\" \/>\n<meta property=\"og:url\" content=\"https:\/\/locsoftware.com\/es\/unete-a-loc-en-nga-2026\/\" \/>\n<meta property=\"og:site_name\" content=\"LOC\" \/>\n<meta property=\"article:modified_time\" content=\"2025-12-08T16:59:32+00:00\" \/>\n<meta property=\"og:image\" content=\"https:\/\/locsoftware.com\/wp-content\/uploads\/2025\/12\/NYC-Pics-10-1024x576.png\" \/>\n\t<meta property=\"og:image:width\" content=\"1024\" \/>\n\t<meta property=\"og:image:height\" content=\"576\" \/>\n\t<meta property=\"og:image:type\" content=\"image\/png\" \/>\n<meta name=\"twitter:card\" content=\"summary_large_image\" \/>\n<meta name=\"twitter:label1\" content=\"Tiempo de lectura\" \/>\n\t<meta name=\"twitter:data1\" content=\"2 minutos\" \/>\n<script type=\"application\/ld+json\" class=\"yoast-schema-graph\">{\"@context\":\"https:\\\/\\\/schema.org\",\"@graph\":[{\"@type\":\"WebPage\",\"@id\":\"https:\\\/\\\/locsoftware.com\\\/join-loc-at-nga-2026\\\/\",\"url\":\"https:\\\/\\\/locsoftware.com\\\/join-loc-at-nga-2026\\\/\",\"name\":\"Join Us at NGA 2026 | LOC\",\"isPartOf\":{\"@id\":\"https:\\\/\\\/locsoftware.com\\\/#website\"},\"primaryImageOfPage\":{\"@id\":\"https:\\\/\\\/locsoftware.com\\\/join-loc-at-nga-2026\\\/#primaryimage\"},\"image\":{\"@id\":\"https:\\\/\\\/locsoftware.com\\\/join-loc-at-nga-2026\\\/#primaryimage\"},\"thumbnailUrl\":\"https:\\\/\\\/locsoftware.com\\\/wp-content\\\/uploads\\\/2025\\\/12\\\/NYC-Pics-10.png\",\"datePublished\":\"2025-11-20T16:41:04+00:00\",\"dateModified\":\"2025-12-08T16:59:32+00:00\",\"description\":\"Visit LOC Software at The NGA Show 2026 (Booth 2167) to see hands-on demonstrations of Mobile Back Office, Mobile POS, Self-Checkout, and Kiosk solutions. Meet our experts and discover how ThriVersA connects your entire enterprise for smarter operations and greater efficiency.\",\"breadcrumb\":{\"@id\":\"https:\\\/\\\/locsoftware.com\\\/join-loc-at-nga-2026\\\/#breadcrumb\"},\"inLanguage\":\"es\",\"potentialAction\":[{\"@type\":\"ReadAction\",\"target\":[\"https:\\\/\\\/locsoftware.com\\\/join-loc-at-nga-2026\\\/\"]}]},{\"@type\":\"ImageObject\",\"inLanguage\":\"es\",\"@id\":\"https:\\\/\\\/locsoftware.com\\\/join-loc-at-nga-2026\\\/#primaryimage\",\"url\":\"https:\\\/\\\/locsoftware.com\\\/wp-content\\\/uploads\\\/2025\\\/12\\\/NYC-Pics-10.png\",\"contentUrl\":\"https:\\\/\\\/locsoftware.com\\\/wp-content\\\/uploads\\\/2025\\\/12\\\/NYC-Pics-10.png\"},{\"@type\":\"BreadcrumbList\",\"@id\":\"https:\\\/\\\/locsoftware.com\\\/join-loc-at-nga-2026\\\/#breadcrumb\",\"itemListElement\":[{\"@type\":\"ListItem\",\"position\":1,\"name\":\"Home\",\"item\":\"https:\\\/\\\/locsoftware.com\\\/\"},{\"@type\":\"ListItem\",\"position\":2,\"name\":\"Join LOC At NGA 2026\"}]},{\"@type\":\"WebSite\",\"@id\":\"https:\\\/\\\/locsoftware.com\\\/#website\",\"url\":\"https:\\\/\\\/locsoftware.com\\\/\",\"name\":\"LOC\",\"description\":\"Best-in-Class Retail Management Software\",\"publisher\":{\"@id\":\"https:\\\/\\\/locsoftware.com\\\/#organization\"},\"potentialAction\":[{\"@type\":\"SearchAction\",\"target\":{\"@type\":\"EntryPoint\",\"urlTemplate\":\"https:\\\/\\\/locsoftware.com\\\/?s={search_term_string}\"},\"query-input\":{\"@type\":\"PropertyValueSpecification\",\"valueRequired\":true,\"valueName\":\"search_term_string\"}}],\"inLanguage\":\"es\"},{\"@type\":\"Organization\",\"@id\":\"https:\\\/\\\/locsoftware.com\\\/#organization\",\"name\":\"Best-in-Class Retail Management Software\",\"url\":\"https:\\\/\\\/locsoftware.com\\\/\",\"logo\":{\"@type\":\"ImageObject\",\"inLanguage\":\"es\",\"@id\":\"https:\\\/\\\/locsoftware.com\\\/#\\\/schema\\\/logo\\\/image\\\/\",\"url\":\"\",\"contentUrl\":\"\",\"caption\":\"Best-in-Class Retail Management Software\"},\"image\":{\"@id\":\"https:\\\/\\\/locsoftware.com\\\/#\\\/schema\\\/logo\\\/image\\\/\"}}]}<\/script>\n<!-- \/ Yoast SEO Premium plugin. -->","yoast_head_json":{"title":"\u00danase a nosotros en NGA 2026 | LOC","description":"Visite LOC Software en The NGA Show 2026 (stand 2167) para ver demostraciones pr\u00e1cticas de las soluciones Mobile Back Office, Mobile POS, Self-Checkout y Kiosk. Conozca a nuestros expertos y descubra c\u00f3mo ThriVersA conecta toda su empresa para lograr operaciones m\u00e1s inteligentes y una mayor eficiencia.","robots":{"index":"index","follow":"follow","max-snippet":"max-snippet:-1","max-image-preview":"max-image-preview:large","max-video-preview":"max-video-preview:-1"},"canonical":"https:\/\/locsoftware.com\/es\/unete-a-loc-en-nga-2026\/","og_locale":"es_ES","og_type":"article","og_title":"Join LOC At NGA 2026","og_description":"Visit LOC Software at The NGA Show 2026 (Booth 2167) to see hands-on demonstrations of Mobile Back Office, Mobile POS, Self-Checkout, and Kiosk solutions. Meet our experts and discover how ThriVersA connects your entire enterprise for smarter operations and greater efficiency.","og_url":"https:\/\/locsoftware.com\/es\/unete-a-loc-en-nga-2026\/","og_site_name":"LOC","article_modified_time":"2025-12-08T16:59:32+00:00","og_image":[{"width":1024,"height":576,"url":"https:\/\/locsoftware.com\/wp-content\/uploads\/2025\/12\/NYC-Pics-10-1024x576.png","type":"image\/png"}],"twitter_card":"summary_large_image","twitter_misc":{"Tiempo de lectura":"2 minutos"},"schema":{"@context":"https:\/\/schema.org","@graph":[{"@type":"WebPage","@id":"https:\/\/locsoftware.com\/join-loc-at-nga-2026\/","url":"https:\/\/locsoftware.com\/join-loc-at-nga-2026\/","name":"\u00danase a nosotros en NGA 2026 | LOC","isPartOf":{"@id":"https:\/\/locsoftware.com\/#website"},"primaryImageOfPage":{"@id":"https:\/\/locsoftware.com\/join-loc-at-nga-2026\/#primaryimage"},"image":{"@id":"https:\/\/locsoftware.com\/join-loc-at-nga-2026\/#primaryimage"},"thumbnailUrl":"https:\/\/locsoftware.com\/wp-content\/uploads\/2025\/12\/NYC-Pics-10.png","datePublished":"2025-11-20T16:41:04+00:00","dateModified":"2025-12-08T16:59:32+00:00","description":"Visite LOC Software en The NGA Show 2026 (stand 2167) para ver demostraciones pr\u00e1cticas de las soluciones Mobile Back Office, Mobile POS, Self-Checkout y Kiosk. Conozca a nuestros expertos y descubra c\u00f3mo ThriVersA conecta toda su empresa para lograr operaciones m\u00e1s inteligentes y una mayor eficiencia.","breadcrumb":{"@id":"https:\/\/locsoftware.com\/join-loc-at-nga-2026\/#breadcrumb"},"inLanguage":"es","potentialAction":[{"@type":"ReadAction","target":["https:\/\/locsoftware.com\/join-loc-at-nga-2026\/"]}]},{"@type":"ImageObject","inLanguage":"es","@id":"https:\/\/locsoftware.com\/join-loc-at-nga-2026\/#primaryimage","url":"https:\/\/locsoftware.com\/wp-content\/uploads\/2025\/12\/NYC-Pics-10.png","contentUrl":"https:\/\/locsoftware.com\/wp-content\/uploads\/2025\/12\/NYC-Pics-10.png"},{"@type":"BreadcrumbList","@id":"https:\/\/locsoftware.com\/join-loc-at-nga-2026\/#breadcrumb","itemListElement":[{"@type":"ListItem","position":1,"name":"Home","item":"https:\/\/locsoftware.com\/"},{"@type":"ListItem","position":2,"name":"Join LOC At NGA 2026"}]},{"@type":"WebSite","@id":"https:\/\/locsoftware.com\/#website","url":"https:\/\/locsoftware.com\/","name":"LOC","description":"El mejor software de gesti\u00f3n para minoristas","publisher":{"@id":"https:\/\/locsoftware.com\/#organization"},"potentialAction":[{"@type":"SearchAction","target":{"@type":"EntryPoint","urlTemplate":"https:\/\/locsoftware.com\/?s={search_term_string}"},"query-input":{"@type":"PropertyValueSpecification","valueRequired":true,"valueName":"search_term_string"}}],"inLanguage":"es"},{"@type":"Organization","@id":"https:\/\/locsoftware.com\/#organization","name":"El mejor software de gesti\u00f3n para minoristas","url":"https:\/\/locsoftware.com\/","logo":{"@type":"ImageObject","inLanguage":"es","@id":"https:\/\/locsoftware.com\/#\/schema\/logo\/image\/","url":"","contentUrl":"","caption":"Best-in-Class Retail Management Software"},"image":{"@id":"https:\/\/locsoftware.com\/#\/schema\/logo\/image\/"}}]}},"_links":{"self":[{"href":"https:\/\/locsoftware.com\/es\/wp-json\/wp\/v2\/pages\/9403","targetHints":{"allow":["GET"]}}],"collection":[{"href":"https:\/\/locsoftware.com\/es\/wp-json\/wp\/v2\/pages"}],"about":[{"href":"https:\/\/locsoftware.com\/es\/wp-json\/wp\/v2\/types\/page"}],"author":[{"embeddable":true,"href":"https:\/\/locsoftware.com\/es\/wp-json\/wp\/v2\/users\/5"}],"replies":[{"embeddable":true,"href":"https:\/\/locsoftware.com\/es\/wp-json\/wp\/v2\/comments?post=9403"}],"version-history":[{"count":5,"href":"https:\/\/locsoftware.com\/es\/wp-json\/wp\/v2\/pages\/9403\/revisions"}],"predecessor-version":[{"id":9531,"href":"https:\/\/locsoftware.com\/es\/wp-json\/wp\/v2\/pages\/9403\/revisions\/9531"}],"wp:attachment":[{"href":"https:\/\/locsoftware.com\/es\/wp-json\/wp\/v2\/media?parent=9403"}],"curies":[{"name":"wp","href":"https:\/\/api.w.org\/{rel}","templated":true}]}}