{"id":9502,"date":"2025-12-03T08:16:04","date_gmt":"2025-12-03T13:16:04","guid":{"rendered":"https:\/\/locsoftware.com\/?page_id=9502"},"modified":"2025-12-03T08:24:35","modified_gmt":"2025-12-03T13:24:35","slug":"tienda-de-alimentacion-etnica","status":"publish","type":"page","link":"https:\/\/locsoftware.com\/es\/ethnic-grocery-store\/","title":{"rendered":"Alimentaci\u00f3n \u00e9tnica Store Estrategias de crecimiento"},"content":{"rendered":"<div data-elementor-type=\"wp-page\" data-elementor-id=\"9502\" class=\"elementor elementor-9502\" data-elementor-post-type=\"page\">\n\t\t\t\t\t\t<\/div>","protected":false},"excerpt":{"rendered":"<p>Enhance Operations with In-Demand Ethnic Grocery Store Offerings The rapid rise in ethnic grocery store demand presents a major growth opportunity for traditional grocers. This free eBook shows how to expand your assortment with authentic, culturally rooted products \u2014 and how the right technology makes it easy to manage new suppliers, pricing models, and customer&hellip;<\/p>","protected":false},"author":1,"featured_media":0,"parent":0,"menu_order":0,"comment_status":"closed","ping_status":"closed","template":"elementor_header_footer","meta":{"footnotes":""},"class_list":["post-9502","page","type-page","status-publish","hentry"],"yoast_head":"<!-- This site is optimized with the Yoast SEO Premium plugin v27.3 (Yoast SEO v27.3) - https:\/\/yoast.com\/product\/yoast-seo-premium-wordpress\/ -->\n<title>Free Ethnic Grocery Store Tech Insights | LOC<\/title>\n<meta name=\"description\" content=\"Discover how to boost efficiency and customer experience by adding in-demand ethnic grocery store offerings. Learn inventory management, supplier strategies, and the tech that streamlines operations in our free eBook.\" \/>\n<meta name=\"robots\" content=\"index, follow, max-snippet:-1, max-image-preview:large, max-video-preview:-1\" \/>\n<link rel=\"canonical\" href=\"https:\/\/locsoftware.com\/es\/tienda-de-alimentacion-etnica\/\" \/>\n<meta property=\"og:locale\" content=\"es_ES\" \/>\n<meta property=\"og:type\" content=\"article\" \/>\n<meta property=\"og:title\" content=\"Ethnic Grocery Store Growth Strategies\" \/>\n<meta property=\"og:description\" content=\"Discover how to boost efficiency and customer experience by adding in-demand ethnic grocery store offerings. Learn inventory management, supplier strategies, and the tech that streamlines operations in our free eBook.\" \/>\n<meta property=\"og:url\" content=\"https:\/\/locsoftware.com\/es\/tienda-de-alimentacion-etnica\/\" \/>\n<meta property=\"og:site_name\" content=\"LOC\" \/>\n<meta property=\"article:modified_time\" content=\"2025-12-03T13:24:35+00:00\" \/>\n<meta property=\"og:image\" content=\"https:\/\/locsoftware.com\/wp-content\/uploads\/2025\/12\/LOC_Ethnic-Grocery-Opportunity_web-mockup.png\" \/>\n\t<meta property=\"og:image:width\" content=\"253\" \/>\n\t<meta property=\"og:image:height\" content=\"350\" \/>\n\t<meta property=\"og:image:type\" content=\"image\/png\" \/>\n<meta name=\"twitter:card\" content=\"summary_large_image\" \/>\n<meta name=\"twitter:label1\" content=\"Tiempo de lectura\" \/>\n\t<meta name=\"twitter:data1\" content=\"1 minuto\" \/>\n<script type=\"application\/ld+json\" class=\"yoast-schema-graph\">{\"@context\":\"https:\\\/\\\/schema.org\",\"@graph\":[{\"@type\":\"WebPage\",\"@id\":\"https:\\\/\\\/locsoftware.com\\\/ethnic-grocery-store\\\/\",\"url\":\"https:\\\/\\\/locsoftware.com\\\/ethnic-grocery-store\\\/\",\"name\":\"Free Ethnic Grocery Store Tech Insights | LOC\",\"isPartOf\":{\"@id\":\"https:\\\/\\\/locsoftware.com\\\/#website\"},\"primaryImageOfPage\":{\"@id\":\"https:\\\/\\\/locsoftware.com\\\/ethnic-grocery-store\\\/#primaryimage\"},\"image\":{\"@id\":\"https:\\\/\\\/locsoftware.com\\\/ethnic-grocery-store\\\/#primaryimage\"},\"thumbnailUrl\":\"https:\\\/\\\/locsoftware.com\\\/wp-content\\\/uploads\\\/2025\\\/12\\\/LOC_Ethnic-Grocery-Opportunity_web-mockup.png\",\"datePublished\":\"2025-12-03T13:16:04+00:00\",\"dateModified\":\"2025-12-03T13:24:35+00:00\",\"description\":\"Discover how to boost efficiency and customer experience by adding in-demand ethnic grocery store offerings. Learn inventory management, supplier strategies, and the tech that streamlines operations in our free eBook.\",\"breadcrumb\":{\"@id\":\"https:\\\/\\\/locsoftware.com\\\/ethnic-grocery-store\\\/#breadcrumb\"},\"inLanguage\":\"es\",\"potentialAction\":[{\"@type\":\"ReadAction\",\"target\":[\"https:\\\/\\\/locsoftware.com\\\/ethnic-grocery-store\\\/\"]}]},{\"@type\":\"ImageObject\",\"inLanguage\":\"es\",\"@id\":\"https:\\\/\\\/locsoftware.com\\\/ethnic-grocery-store\\\/#primaryimage\",\"url\":\"https:\\\/\\\/locsoftware.com\\\/wp-content\\\/uploads\\\/2025\\\/12\\\/LOC_Ethnic-Grocery-Opportunity_web-mockup.png\",\"contentUrl\":\"https:\\\/\\\/locsoftware.com\\\/wp-content\\\/uploads\\\/2025\\\/12\\\/LOC_Ethnic-Grocery-Opportunity_web-mockup.png\"},{\"@type\":\"BreadcrumbList\",\"@id\":\"https:\\\/\\\/locsoftware.com\\\/ethnic-grocery-store\\\/#breadcrumb\",\"itemListElement\":[{\"@type\":\"ListItem\",\"position\":1,\"name\":\"Home\",\"item\":\"https:\\\/\\\/locsoftware.com\\\/\"},{\"@type\":\"ListItem\",\"position\":2,\"name\":\"Ethnic Grocery Store Growth Strategies\"}]},{\"@type\":\"WebSite\",\"@id\":\"https:\\\/\\\/locsoftware.com\\\/#website\",\"url\":\"https:\\\/\\\/locsoftware.com\\\/\",\"name\":\"LOC\",\"description\":\"Best-in-Class Retail Management Software\",\"publisher\":{\"@id\":\"https:\\\/\\\/locsoftware.com\\\/#organization\"},\"potentialAction\":[{\"@type\":\"SearchAction\",\"target\":{\"@type\":\"EntryPoint\",\"urlTemplate\":\"https:\\\/\\\/locsoftware.com\\\/?s={search_term_string}\"},\"query-input\":{\"@type\":\"PropertyValueSpecification\",\"valueRequired\":true,\"valueName\":\"search_term_string\"}}],\"inLanguage\":\"es\"},{\"@type\":\"Organization\",\"@id\":\"https:\\\/\\\/locsoftware.com\\\/#organization\",\"name\":\"Best-in-Class Retail Management Software\",\"url\":\"https:\\\/\\\/locsoftware.com\\\/\",\"logo\":{\"@type\":\"ImageObject\",\"inLanguage\":\"es\",\"@id\":\"https:\\\/\\\/locsoftware.com\\\/#\\\/schema\\\/logo\\\/image\\\/\",\"url\":\"\",\"contentUrl\":\"\",\"caption\":\"Best-in-Class Retail Management Software\"},\"image\":{\"@id\":\"https:\\\/\\\/locsoftware.com\\\/#\\\/schema\\\/logo\\\/image\\\/\"}}]}<\/script>\n<!-- \/ Yoast SEO Premium plugin. -->","yoast_head_json":{"title":"Comestibles \u00e9tnicos gratuitos Store Tech Insights | LOC","description":"Descubra c\u00f3mo aumentar la eficiencia y la experiencia del cliente a\u00f1adiendo productos \u00e9tnicos a la oferta de los supermercados. Conozca la gesti\u00f3n de inventarios, las estrategias de proveedores y la tecnolog\u00eda que agiliza las operaciones en nuestro eBook gratuito.","robots":{"index":"index","follow":"follow","max-snippet":"max-snippet:-1","max-image-preview":"max-image-preview:large","max-video-preview":"max-video-preview:-1"},"canonical":"https:\/\/locsoftware.com\/es\/tienda-de-alimentacion-etnica\/","og_locale":"es_ES","og_type":"article","og_title":"Ethnic Grocery Store Growth Strategies","og_description":"Discover how to boost efficiency and customer experience by adding in-demand ethnic grocery store offerings. Learn inventory management, supplier strategies, and the tech that streamlines operations in our free eBook.","og_url":"https:\/\/locsoftware.com\/es\/tienda-de-alimentacion-etnica\/","og_site_name":"LOC","article_modified_time":"2025-12-03T13:24:35+00:00","og_image":[{"width":253,"height":350,"url":"https:\/\/locsoftware.com\/wp-content\/uploads\/2025\/12\/LOC_Ethnic-Grocery-Opportunity_web-mockup.png","type":"image\/png"}],"twitter_card":"summary_large_image","twitter_misc":{"Tiempo de lectura":"1 minuto"},"schema":{"@context":"https:\/\/schema.org","@graph":[{"@type":"WebPage","@id":"https:\/\/locsoftware.com\/ethnic-grocery-store\/","url":"https:\/\/locsoftware.com\/ethnic-grocery-store\/","name":"Comestibles \u00e9tnicos gratuitos Store Tech Insights | LOC","isPartOf":{"@id":"https:\/\/locsoftware.com\/#website"},"primaryImageOfPage":{"@id":"https:\/\/locsoftware.com\/ethnic-grocery-store\/#primaryimage"},"image":{"@id":"https:\/\/locsoftware.com\/ethnic-grocery-store\/#primaryimage"},"thumbnailUrl":"https:\/\/locsoftware.com\/wp-content\/uploads\/2025\/12\/LOC_Ethnic-Grocery-Opportunity_web-mockup.png","datePublished":"2025-12-03T13:16:04+00:00","dateModified":"2025-12-03T13:24:35+00:00","description":"Descubra c\u00f3mo aumentar la eficiencia y la experiencia del cliente a\u00f1adiendo productos \u00e9tnicos a la oferta de los supermercados. Conozca la gesti\u00f3n de inventarios, las estrategias de proveedores y la tecnolog\u00eda que agiliza las operaciones en nuestro eBook gratuito.","breadcrumb":{"@id":"https:\/\/locsoftware.com\/ethnic-grocery-store\/#breadcrumb"},"inLanguage":"es","potentialAction":[{"@type":"ReadAction","target":["https:\/\/locsoftware.com\/ethnic-grocery-store\/"]}]},{"@type":"ImageObject","inLanguage":"es","@id":"https:\/\/locsoftware.com\/ethnic-grocery-store\/#primaryimage","url":"https:\/\/locsoftware.com\/wp-content\/uploads\/2025\/12\/LOC_Ethnic-Grocery-Opportunity_web-mockup.png","contentUrl":"https:\/\/locsoftware.com\/wp-content\/uploads\/2025\/12\/LOC_Ethnic-Grocery-Opportunity_web-mockup.png"},{"@type":"BreadcrumbList","@id":"https:\/\/locsoftware.com\/ethnic-grocery-store\/#breadcrumb","itemListElement":[{"@type":"ListItem","position":1,"name":"Home","item":"https:\/\/locsoftware.com\/"},{"@type":"ListItem","position":2,"name":"Ethnic Grocery Store Growth Strategies"}]},{"@type":"WebSite","@id":"https:\/\/locsoftware.com\/#website","url":"https:\/\/locsoftware.com\/","name":"LOC","description":"El mejor software de gesti\u00f3n para minoristas","publisher":{"@id":"https:\/\/locsoftware.com\/#organization"},"potentialAction":[{"@type":"SearchAction","target":{"@type":"EntryPoint","urlTemplate":"https:\/\/locsoftware.com\/?s={search_term_string}"},"query-input":{"@type":"PropertyValueSpecification","valueRequired":true,"valueName":"search_term_string"}}],"inLanguage":"es"},{"@type":"Organization","@id":"https:\/\/locsoftware.com\/#organization","name":"El mejor software de gesti\u00f3n para minoristas","url":"https:\/\/locsoftware.com\/","logo":{"@type":"ImageObject","inLanguage":"es","@id":"https:\/\/locsoftware.com\/#\/schema\/logo\/image\/","url":"","contentUrl":"","caption":"Best-in-Class Retail Management Software"},"image":{"@id":"https:\/\/locsoftware.com\/#\/schema\/logo\/image\/"}}]}},"_links":{"self":[{"href":"https:\/\/locsoftware.com\/es\/wp-json\/wp\/v2\/pages\/9502","targetHints":{"allow":["GET"]}}],"collection":[{"href":"https:\/\/locsoftware.com\/es\/wp-json\/wp\/v2\/pages"}],"about":[{"href":"https:\/\/locsoftware.com\/es\/wp-json\/wp\/v2\/types\/page"}],"author":[{"embeddable":true,"href":"https:\/\/locsoftware.com\/es\/wp-json\/wp\/v2\/users\/1"}],"replies":[{"embeddable":true,"href":"https:\/\/locsoftware.com\/es\/wp-json\/wp\/v2\/comments?post=9502"}],"version-history":[{"count":10,"href":"https:\/\/locsoftware.com\/es\/wp-json\/wp\/v2\/pages\/9502\/revisions"}],"predecessor-version":[{"id":9513,"href":"https:\/\/locsoftware.com\/es\/wp-json\/wp\/v2\/pages\/9502\/revisions\/9513"}],"wp:attachment":[{"href":"https:\/\/locsoftware.com\/es\/wp-json\/wp\/v2\/media?parent=9502"}],"curies":[{"name":"wp","href":"https:\/\/api.w.org\/{rel}","templated":true}]}}