{"id":9563,"date":"2025-12-23T13:45:56","date_gmt":"2025-12-23T18:45:56","guid":{"rendered":"https:\/\/locsoftware.com\/?page_id=9563"},"modified":"2025-12-23T13:48:36","modified_gmt":"2025-12-23T18:48:36","slug":"principales-tendencias-del-sector-de-la-alimentacion-2026","status":"publish","type":"page","link":"https:\/\/locsoftware.com\/es\/top-grocery-industry-trends-2026\/","title":{"rendered":"Principales tendencias del sector de la alimentaci\u00f3n en 2026"},"content":{"rendered":"<div data-elementor-type=\"wp-page\" data-elementor-id=\"9563\" class=\"elementor elementor-9563\" data-elementor-post-type=\"page\">\n\t\t\t\t\t\t<\/div>","protected":false},"excerpt":{"rendered":"<p>Explore las tendencias l\u00edderes de la industria de comestibles en 2026 Descubra las tendencias de la industria de comestibles que dar\u00e1n forma a 2026 con el \u00faltimo informe de LOC Software. Basado en informaci\u00f3n de m\u00e1s de 100 supermercados independientes y de mercado medio, este ebook revela las presiones que definen el mercado actual, incluyendo: 63% dicen que los m\u00e1rgenes ajustados son su mayor desaf\u00edo 49% reportan que la escasez de mano de obra impacta la gesti\u00f3n de inventario 35% ya...<\/p>","protected":false},"author":1,"featured_media":9564,"parent":0,"menu_order":0,"comment_status":"closed","ping_status":"closed","template":"elementor_header_footer","meta":{"footnotes":""},"class_list":["post-9563","page","type-page","status-publish","has-post-thumbnail","hentry"],"yoast_head":"<!-- This site is optimized with the Yoast SEO Premium plugin v27.4 (Yoast SEO v27.4) - https:\/\/yoast.com\/product\/yoast-seo-premium-wordpress\/ -->\n<title>Top Grocery Industry Trends 2026 | LOC<\/title>\n<meta name=\"description\" content=\"Discover the top grocery industry trends shaping 2026. Get insights from 100+ grocers on AI, ESLs, inventory tech, and emerging innovations in this free eBook.\" \/>\n<meta name=\"robots\" content=\"index, follow, max-snippet:-1, max-image-preview:large, max-video-preview:-1\" \/>\n<link rel=\"canonical\" href=\"https:\/\/locsoftware.com\/es\/principales-tendencias-del-sector-de-la-alimentacion-2026\/\" \/>\n<meta property=\"og:locale\" content=\"es_ES\" \/>\n<meta property=\"og:type\" content=\"article\" \/>\n<meta property=\"og:title\" content=\"Top Grocery Industry Trends 2026\" \/>\n<meta property=\"og:description\" content=\"Discover the top grocery industry trends shaping 2026. Get insights from 100+ grocers on AI, ESLs, inventory tech, and emerging innovations in this free eBook.\" \/>\n<meta property=\"og:url\" content=\"https:\/\/locsoftware.com\/es\/principales-tendencias-del-sector-de-la-alimentacion-2026\/\" \/>\n<meta property=\"og:site_name\" content=\"LOC\" \/>\n<meta property=\"article:modified_time\" content=\"2025-12-23T18:48:36+00:00\" \/>\n<meta property=\"og:image\" content=\"https:\/\/locsoftware.com\/wp-content\/uploads\/2025\/12\/LOC_Grocery-Tech-Trends-2026_web-mockup.png\" \/>\n\t<meta property=\"og:image:width\" content=\"253\" \/>\n\t<meta property=\"og:image:height\" content=\"350\" \/>\n\t<meta property=\"og:image:type\" content=\"image\/png\" \/>\n<meta name=\"twitter:card\" content=\"summary_large_image\" \/>\n<meta name=\"twitter:label1\" content=\"Tiempo de lectura\" \/>\n\t<meta name=\"twitter:data1\" content=\"1 minuto\" \/>\n<script type=\"application\/ld+json\" class=\"yoast-schema-graph\">{\"@context\":\"https:\\\/\\\/schema.org\",\"@graph\":[{\"@type\":\"WebPage\",\"@id\":\"https:\\\/\\\/locsoftware.com\\\/top-grocery-industry-trends-2026\\\/\",\"url\":\"https:\\\/\\\/locsoftware.com\\\/top-grocery-industry-trends-2026\\\/\",\"name\":\"Top Grocery Industry Trends 2026 | LOC\",\"isPartOf\":{\"@id\":\"https:\\\/\\\/locsoftware.com\\\/#website\"},\"primaryImageOfPage\":{\"@id\":\"https:\\\/\\\/locsoftware.com\\\/top-grocery-industry-trends-2026\\\/#primaryimage\"},\"image\":{\"@id\":\"https:\\\/\\\/locsoftware.com\\\/top-grocery-industry-trends-2026\\\/#primaryimage\"},\"thumbnailUrl\":\"https:\\\/\\\/locsoftware.com\\\/wp-content\\\/uploads\\\/2025\\\/12\\\/LOC_Grocery-Tech-Trends-2026_web-mockup.png\",\"datePublished\":\"2025-12-23T18:45:56+00:00\",\"dateModified\":\"2025-12-23T18:48:36+00:00\",\"description\":\"Discover the top grocery industry trends shaping 2026. Get insights from 100+ grocers on AI, ESLs, inventory tech, and emerging innovations in this free eBook.\",\"breadcrumb\":{\"@id\":\"https:\\\/\\\/locsoftware.com\\\/top-grocery-industry-trends-2026\\\/#breadcrumb\"},\"inLanguage\":\"es\",\"potentialAction\":[{\"@type\":\"ReadAction\",\"target\":[\"https:\\\/\\\/locsoftware.com\\\/top-grocery-industry-trends-2026\\\/\"]}]},{\"@type\":\"ImageObject\",\"inLanguage\":\"es\",\"@id\":\"https:\\\/\\\/locsoftware.com\\\/top-grocery-industry-trends-2026\\\/#primaryimage\",\"url\":\"https:\\\/\\\/locsoftware.com\\\/wp-content\\\/uploads\\\/2025\\\/12\\\/LOC_Grocery-Tech-Trends-2026_web-mockup.png\",\"contentUrl\":\"https:\\\/\\\/locsoftware.com\\\/wp-content\\\/uploads\\\/2025\\\/12\\\/LOC_Grocery-Tech-Trends-2026_web-mockup.png\",\"width\":253,\"height\":350},{\"@type\":\"BreadcrumbList\",\"@id\":\"https:\\\/\\\/locsoftware.com\\\/top-grocery-industry-trends-2026\\\/#breadcrumb\",\"itemListElement\":[{\"@type\":\"ListItem\",\"position\":1,\"name\":\"Home\",\"item\":\"https:\\\/\\\/locsoftware.com\\\/\"},{\"@type\":\"ListItem\",\"position\":2,\"name\":\"Top Grocery Industry Trends 2026\"}]},{\"@type\":\"WebSite\",\"@id\":\"https:\\\/\\\/locsoftware.com\\\/#website\",\"url\":\"https:\\\/\\\/locsoftware.com\\\/\",\"name\":\"LOC\",\"description\":\"Best-in-Class Retail Management Software\",\"publisher\":{\"@id\":\"https:\\\/\\\/locsoftware.com\\\/#organization\"},\"potentialAction\":[{\"@type\":\"SearchAction\",\"target\":{\"@type\":\"EntryPoint\",\"urlTemplate\":\"https:\\\/\\\/locsoftware.com\\\/?s={search_term_string}\"},\"query-input\":{\"@type\":\"PropertyValueSpecification\",\"valueRequired\":true,\"valueName\":\"search_term_string\"}}],\"inLanguage\":\"es\"},{\"@type\":\"Organization\",\"@id\":\"https:\\\/\\\/locsoftware.com\\\/#organization\",\"name\":\"Best-in-Class Retail Management Software\",\"url\":\"https:\\\/\\\/locsoftware.com\\\/\",\"logo\":{\"@type\":\"ImageObject\",\"inLanguage\":\"es\",\"@id\":\"https:\\\/\\\/locsoftware.com\\\/#\\\/schema\\\/logo\\\/image\\\/\",\"url\":\"\",\"contentUrl\":\"\",\"caption\":\"Best-in-Class Retail Management Software\"},\"image\":{\"@id\":\"https:\\\/\\\/locsoftware.com\\\/#\\\/schema\\\/logo\\\/image\\\/\"}}]}<\/script>\n<!-- \/ Yoast SEO Premium plugin. -->","yoast_head_json":{"title":"Principales tendencias del sector de la alimentaci\u00f3n 2026 | LOC","description":"Descubra las principales tendencias del sector de la alimentaci\u00f3n para 2026. Obtenga informaci\u00f3n de m\u00e1s de 100 supermercados sobre IA, ESL, tecnolog\u00eda de inventario e innovaciones emergentes en este libro electr\u00f3nico gratuito.","robots":{"index":"index","follow":"follow","max-snippet":"max-snippet:-1","max-image-preview":"max-image-preview:large","max-video-preview":"max-video-preview:-1"},"canonical":"https:\/\/locsoftware.com\/es\/principales-tendencias-del-sector-de-la-alimentacion-2026\/","og_locale":"es_ES","og_type":"article","og_title":"Top Grocery Industry Trends 2026","og_description":"Discover the top grocery industry trends shaping 2026. Get insights from 100+ grocers on AI, ESLs, inventory tech, and emerging innovations in this free eBook.","og_url":"https:\/\/locsoftware.com\/es\/principales-tendencias-del-sector-de-la-alimentacion-2026\/","og_site_name":"LOC","article_modified_time":"2025-12-23T18:48:36+00:00","og_image":[{"width":253,"height":350,"url":"https:\/\/locsoftware.com\/wp-content\/uploads\/2025\/12\/LOC_Grocery-Tech-Trends-2026_web-mockup.png","type":"image\/png"}],"twitter_card":"summary_large_image","twitter_misc":{"Tiempo de lectura":"1 minuto"},"schema":{"@context":"https:\/\/schema.org","@graph":[{"@type":"WebPage","@id":"https:\/\/locsoftware.com\/top-grocery-industry-trends-2026\/","url":"https:\/\/locsoftware.com\/top-grocery-industry-trends-2026\/","name":"Principales tendencias del sector de la alimentaci\u00f3n 2026 | LOC","isPartOf":{"@id":"https:\/\/locsoftware.com\/#website"},"primaryImageOfPage":{"@id":"https:\/\/locsoftware.com\/top-grocery-industry-trends-2026\/#primaryimage"},"image":{"@id":"https:\/\/locsoftware.com\/top-grocery-industry-trends-2026\/#primaryimage"},"thumbnailUrl":"https:\/\/locsoftware.com\/wp-content\/uploads\/2025\/12\/LOC_Grocery-Tech-Trends-2026_web-mockup.png","datePublished":"2025-12-23T18:45:56+00:00","dateModified":"2025-12-23T18:48:36+00:00","description":"Descubra las principales tendencias del sector de la alimentaci\u00f3n para 2026. Obtenga informaci\u00f3n de m\u00e1s de 100 supermercados sobre IA, ESL, tecnolog\u00eda de inventario e innovaciones emergentes en este libro electr\u00f3nico gratuito.","breadcrumb":{"@id":"https:\/\/locsoftware.com\/top-grocery-industry-trends-2026\/#breadcrumb"},"inLanguage":"es","potentialAction":[{"@type":"ReadAction","target":["https:\/\/locsoftware.com\/top-grocery-industry-trends-2026\/"]}]},{"@type":"ImageObject","inLanguage":"es","@id":"https:\/\/locsoftware.com\/top-grocery-industry-trends-2026\/#primaryimage","url":"https:\/\/locsoftware.com\/wp-content\/uploads\/2025\/12\/LOC_Grocery-Tech-Trends-2026_web-mockup.png","contentUrl":"https:\/\/locsoftware.com\/wp-content\/uploads\/2025\/12\/LOC_Grocery-Tech-Trends-2026_web-mockup.png","width":253,"height":350},{"@type":"BreadcrumbList","@id":"https:\/\/locsoftware.com\/top-grocery-industry-trends-2026\/#breadcrumb","itemListElement":[{"@type":"ListItem","position":1,"name":"Home","item":"https:\/\/locsoftware.com\/"},{"@type":"ListItem","position":2,"name":"Top Grocery Industry Trends 2026"}]},{"@type":"WebSite","@id":"https:\/\/locsoftware.com\/#website","url":"https:\/\/locsoftware.com\/","name":"LOC","description":"El mejor software de gesti\u00f3n para minoristas","publisher":{"@id":"https:\/\/locsoftware.com\/#organization"},"potentialAction":[{"@type":"SearchAction","target":{"@type":"EntryPoint","urlTemplate":"https:\/\/locsoftware.com\/?s={search_term_string}"},"query-input":{"@type":"PropertyValueSpecification","valueRequired":true,"valueName":"search_term_string"}}],"inLanguage":"es"},{"@type":"Organization","@id":"https:\/\/locsoftware.com\/#organization","name":"El mejor software de gesti\u00f3n para minoristas","url":"https:\/\/locsoftware.com\/","logo":{"@type":"ImageObject","inLanguage":"es","@id":"https:\/\/locsoftware.com\/#\/schema\/logo\/image\/","url":"","contentUrl":"","caption":"Best-in-Class Retail Management Software"},"image":{"@id":"https:\/\/locsoftware.com\/#\/schema\/logo\/image\/"}}]}},"_links":{"self":[{"href":"https:\/\/locsoftware.com\/es\/wp-json\/wp\/v2\/pages\/9563","targetHints":{"allow":["GET"]}}],"collection":[{"href":"https:\/\/locsoftware.com\/es\/wp-json\/wp\/v2\/pages"}],"about":[{"href":"https:\/\/locsoftware.com\/es\/wp-json\/wp\/v2\/types\/page"}],"author":[{"embeddable":true,"href":"https:\/\/locsoftware.com\/es\/wp-json\/wp\/v2\/users\/1"}],"replies":[{"embeddable":true,"href":"https:\/\/locsoftware.com\/es\/wp-json\/wp\/v2\/comments?post=9563"}],"version-history":[{"count":4,"href":"https:\/\/locsoftware.com\/es\/wp-json\/wp\/v2\/pages\/9563\/revisions"}],"predecessor-version":[{"id":9568,"href":"https:\/\/locsoftware.com\/es\/wp-json\/wp\/v2\/pages\/9563\/revisions\/9568"}],"wp:featuredmedia":[{"embeddable":true,"href":"https:\/\/locsoftware.com\/es\/wp-json\/wp\/v2\/media\/9564"}],"wp:attachment":[{"href":"https:\/\/locsoftware.com\/es\/wp-json\/wp\/v2\/media?parent=9563"}],"curies":[{"name":"wp","href":"https:\/\/api.w.org\/{rel}","templated":true}]}}