{"id":9676,"date":"2026-04-02T19:28:57","date_gmt":"2026-04-03T00:28:57","guid":{"rendered":"https:\/\/locsoftware.com\/?page_id=9676"},"modified":"2026-04-21T13:04:20","modified_gmt":"2026-04-21T18:04:20","slug":"conocer-a-loc-en-grocerytech-2026","status":"publish","type":"page","link":"https:\/\/locsoftware.com\/es\/meet-loc-at-grocerytech-2026\/","title":{"rendered":"Conoce a LOC en GroceryTech 2026"},"content":{"rendered":"<div data-elementor-type=\"wp-page\" data-elementor-id=\"9676\" class=\"elementor elementor-9676\" data-elementor-post-type=\"page\">\n\t\t\t\t\t\t<section class=\"elementor-section elementor-top-section elementor-element elementor-element-d606e1c elementor-section-height-min-height elementor-section-boxed elementor-section-height-default elementor-section-items-middle\" data-id=\"d606e1c\" data-element_type=\"section\" data-e-type=\"section\" data-settings=\"{&quot;background_background&quot;:&quot;classic&quot;}\">\n\t\t\t\t\t\t<div class=\"elementor-container elementor-column-gap-default\">\n\t\t\t\t\t<div class=\"elementor-column elementor-col-100 elementor-top-column elementor-element elementor-element-71736e0\" data-id=\"71736e0\" data-element_type=\"column\" data-e-type=\"column\" data-settings=\"{&quot;background_background&quot;:&quot;classic&quot;}\">\n\t\t\t<div class=\"elementor-widget-wrap\">\n\t\t\t\t\t\t\t<\/div>\n\t\t<\/div>\n\t\t\t\t\t<\/div>\n\t\t<\/section>\n\t\t\t\t<section class=\"elementor-section elementor-top-section elementor-element elementor-element-1a104f7f elementor-section-content-top elementor-section-boxed elementor-section-height-default elementor-section-height-default\" data-id=\"1a104f7f\" data-element_type=\"section\" data-e-type=\"section\" data-settings=\"{&quot;background_background&quot;:&quot;classic&quot;}\">\n\t\t\t\t\t\t<div class=\"elementor-container elementor-column-gap-wide\">\n\t\t\t\t\t<div class=\"elementor-column elementor-col-50 elementor-top-column elementor-element elementor-element-5672ca52\" data-id=\"5672ca52\" data-element_type=\"column\" data-e-type=\"column\">\n\t\t\t<div class=\"elementor-widget-wrap elementor-element-populated\">\n\t\t\t\t\t\t<div class=\"elementor-element elementor-element-25a644b2 elementor-widget elementor-widget-heading\" data-id=\"25a644b2\" data-element_type=\"widget\" data-e-type=\"widget\" data-widget_type=\"heading.default\">\n\t\t\t\t<div class=\"elementor-widget-container\">\n\t\t\t\t\t<h1 class=\"elementor-heading-title elementor-size-default\">Con\u00e9ctate con LOC Software en GroceryTech 2026<\/h1>\t\t\t\t<\/div>\n\t\t\t\t<\/div>\n\t\t\t\t<div class=\"elementor-element elementor-element-57c1828 elementor-widget elementor-widget-heading\" data-id=\"57c1828\" data-element_type=\"widget\" data-e-type=\"widget\" data-widget_type=\"heading.default\">\n\t\t\t\t<div class=\"elementor-widget-container\">\n\t\t\t\t\t<h2 class=\"elementor-heading-title elementor-size-default\">Modernizar Operaciones. Simplificar TI. Escalar con Confianza.<\/h2>\t\t\t\t<\/div>\n\t\t\t\t<\/div>\n\t\t\t\t<div class=\"elementor-element elementor-element-1ba7e077 elementor-widget elementor-widget-text-editor\" data-id=\"1ba7e077\" data-element_type=\"widget\" data-e-type=\"widget\" data-widget_type=\"text-editor.default\">\n\t\t\t\t<div class=\"elementor-widget-container\">\n\t\t\t\t\t\t\t\t\t<p data-start=\"482\" data-end=\"625\">LOC se dirige a <a href=\"https:\/\/www.grocerytechevent.com\/2026\">GroceryTech 2026<\/a> para conectar con minoristas de comestibles que navegan por cambios r\u00e1pidos en operaciones, TI y la experiencia del comprador.<\/p><p data-start=\"627\" data-end=\"669\">Re\u00fanase con nuestro equipo para explorar c\u00f3mo usted puede:<\/p><ul data-start=\"671\" data-end=\"1083\"><li data-section-id=\"allurn\" data-start=\"671\" data-end=\"754\"><strong data-start=\"673\" data-end=\"693\">Unificar operaciones<\/strong> con una \u00fanica plataforma para gestionar tiendas, dispositivos y datos<\/li><li data-section-id=\"allurn\" data-start=\"671\" data-end=\"754\"><strong data-start=\"757\" data-end=\"787\">Simplificar la infraestructura de TI<\/strong> con implementaci\u00f3n basada en navegador y control centralizado<\/li><li data-section-id=\"allurn\" data-start=\"671\" data-end=\"754\"><strong data-start=\"846\" data-end=\"871\">Escala con confianza<\/strong> utilizando arquitectura segura y multi-inquilino<\/li><li data-section-id=\"allurn\" data-start=\"671\" data-end=\"754\"><strong data-start=\"916\" data-end=\"935\">Habilitar la movilidad<\/strong> con POS m\u00f3vil y gesti\u00f3n remota de la tienda<\/li><li data-section-id=\"allurn\" data-start=\"671\" data-end=\"754\"><strong data-start=\"984\" data-end=\"1012\">Construye ecosistemas m\u00e1s inteligentes<\/strong> con soluciones modulares que reducen los gastos generales y aumentan el tama\u00f1o de la cesta<\/li><\/ul><p data-start=\"1085\" data-end=\"1262\">Ya sea que est\u00e9s modernizando sistemas heredados o planificando tu pr\u00f3xima fase de crecimiento, <strong data-start=\"1166\" data-end=\"1179\">ThriVersA<\/strong> te da la flexibilidad y el control para moverte m\u00e1s r\u00e1pido y operar de manera m\u00e1s eficiente.<\/p><p data-start=\"1264\" data-end=\"1397\"><strong data-start=\"1264\" data-end=\"1297\">Conectemos en GroceryTech.<\/strong><br data-start=\"1297\" data-end=\"1300\" \/>Reserva tiempo con nuestro equipo para discutir tus objetivos y ver c\u00f3mo LOC puede potenciar tus operaciones minoristas.<\/p>\t\t\t\t\t\t\t\t<\/div>\n\t\t\t\t<\/div>\n\t\t\t\t\t<\/div>\n\t\t<\/div>\n\t\t\t\t<div class=\"elementor-column elementor-col-50 elementor-top-column elementor-element elementor-element-2ded44c6\" data-id=\"2ded44c6\" data-element_type=\"column\" data-e-type=\"column\">\n\t\t\t<div class=\"elementor-widget-wrap elementor-element-populated\">\n\t\t\t\t\t\t<div class=\"elementor-element elementor-element-c67368f elementor-widget elementor-widget-html\" data-id=\"c67368f\" data-element_type=\"widget\" data-e-type=\"widget\" data-widget_type=\"html.default\">\n\t\t\t\t<div class=\"elementor-widget-container\">\n\t\t\t\t\t<script src=\"https:\/\/js.hsforms.net\/forms\/embed\/48452317.js\" defer><\/script>\r\n<div class=\"hs-form-frame\" data-region=\"na1\" data-form-id=\"a970cb55-e7d8-4fe4-bd29-b1e7324ff60d\" data-portal-id=\"48452317\"><\/div>\t\t\t\t<\/div>\n\t\t\t\t<\/div>\n\t\t\t\t\t<\/div>\n\t\t<\/div>\n\t\t\t\t\t<\/div>\n\t\t<\/section>\n\t\t\t\t<\/div>","protected":false},"excerpt":{"rendered":"<p>Connect with LOC Software at GroceryTech 2026 Modernize Operations. Simplify IT. Scale with Confidence. LOC is heading to GroceryTech 2026 to connect with grocery retailers navigating rapid change across operations, IT, and the shopper experience. Meet with our team to explore how you can: Unify operations with a single platform to manage stores, devices, and&hellip;<\/p>","protected":false},"author":5,"featured_media":0,"parent":0,"menu_order":0,"comment_status":"closed","ping_status":"closed","template":"elementor_header_footer","meta":{"footnotes":""},"class_list":["post-9676","page","type-page","status-publish","hentry"],"yoast_head":"<!-- This site is optimized with the Yoast SEO Premium plugin v27.5 (Yoast SEO v27.5) - https:\/\/yoast.com\/product\/yoast-seo-premium-wordpress\/ -->\n<title>Meet LOC At GroceryTech 2026<\/title>\n<meta name=\"description\" content=\"Explore Grocery Technology at GroceryTech 2026, where innovation meets the future of grocery retail. Join us in Charlotte, NC.\" \/>\n<meta name=\"robots\" content=\"index, follow, max-snippet:-1, max-image-preview:large, max-video-preview:-1\" \/>\n<link rel=\"canonical\" href=\"https:\/\/locsoftware.com\/es\/conocer-a-loc-en-grocerytech-2026\/\" \/>\n<meta property=\"og:locale\" content=\"es_ES\" \/>\n<meta property=\"og:type\" content=\"article\" \/>\n<meta property=\"og:title\" content=\"Meet LOC At GroceryTech 2026\" \/>\n<meta property=\"og:description\" content=\"Explore Grocery Technology at GroceryTech 2026, where innovation meets the future of grocery retail. Join us in Charlotte, NC.\" \/>\n<meta property=\"og:url\" content=\"https:\/\/locsoftware.com\/es\/conocer-a-loc-en-grocerytech-2026\/\" \/>\n<meta property=\"og:site_name\" content=\"LOC\" \/>\n<meta property=\"article:modified_time\" content=\"2026-04-21T18:04:20+00:00\" \/>\n<meta name=\"twitter:card\" content=\"summary_large_image\" \/>\n<meta name=\"twitter:label1\" content=\"Tiempo de lectura\" \/>\n\t<meta name=\"twitter:data1\" content=\"1 minuto\" \/>\n<script type=\"application\/ld+json\" class=\"yoast-schema-graph\">{\"@context\":\"https:\\\/\\\/schema.org\",\"@graph\":[{\"@type\":\"WebPage\",\"@id\":\"https:\\\/\\\/locsoftware.com\\\/meet-loc-at-grocerytech-2026\\\/\",\"url\":\"https:\\\/\\\/locsoftware.com\\\/meet-loc-at-grocerytech-2026\\\/\",\"name\":\"Meet LOC At GroceryTech 2026\",\"isPartOf\":{\"@id\":\"https:\\\/\\\/locsoftware.com\\\/#website\"},\"datePublished\":\"2026-04-03T00:28:57+00:00\",\"dateModified\":\"2026-04-21T18:04:20+00:00\",\"description\":\"Explore Grocery Technology at GroceryTech 2026, where innovation meets the future of grocery retail. Join us in Charlotte, NC.\",\"breadcrumb\":{\"@id\":\"https:\\\/\\\/locsoftware.com\\\/meet-loc-at-grocerytech-2026\\\/#breadcrumb\"},\"inLanguage\":\"es\",\"potentialAction\":[{\"@type\":\"ReadAction\",\"target\":[\"https:\\\/\\\/locsoftware.com\\\/meet-loc-at-grocerytech-2026\\\/\"]}]},{\"@type\":\"BreadcrumbList\",\"@id\":\"https:\\\/\\\/locsoftware.com\\\/meet-loc-at-grocerytech-2026\\\/#breadcrumb\",\"itemListElement\":[{\"@type\":\"ListItem\",\"position\":1,\"name\":\"Home\",\"item\":\"https:\\\/\\\/locsoftware.com\\\/\"},{\"@type\":\"ListItem\",\"position\":2,\"name\":\"Meet LOC At GroceryTech 2026\"}]},{\"@type\":\"WebSite\",\"@id\":\"https:\\\/\\\/locsoftware.com\\\/#website\",\"url\":\"https:\\\/\\\/locsoftware.com\\\/\",\"name\":\"LOC\",\"description\":\"Best-in-Class Retail Management Software\",\"publisher\":{\"@id\":\"https:\\\/\\\/locsoftware.com\\\/#organization\"},\"potentialAction\":[{\"@type\":\"SearchAction\",\"target\":{\"@type\":\"EntryPoint\",\"urlTemplate\":\"https:\\\/\\\/locsoftware.com\\\/?s={search_term_string}\"},\"query-input\":{\"@type\":\"PropertyValueSpecification\",\"valueRequired\":true,\"valueName\":\"search_term_string\"}}],\"inLanguage\":\"es\"},{\"@type\":\"Organization\",\"@id\":\"https:\\\/\\\/locsoftware.com\\\/#organization\",\"name\":\"Best-in-Class Retail Management Software\",\"url\":\"https:\\\/\\\/locsoftware.com\\\/\",\"logo\":{\"@type\":\"ImageObject\",\"inLanguage\":\"es\",\"@id\":\"https:\\\/\\\/locsoftware.com\\\/#\\\/schema\\\/logo\\\/image\\\/\",\"url\":\"\",\"contentUrl\":\"\",\"caption\":\"Best-in-Class Retail Management Software\"},\"image\":{\"@id\":\"https:\\\/\\\/locsoftware.com\\\/#\\\/schema\\\/logo\\\/image\\\/\"}}]}<\/script>\n<!-- \/ Yoast SEO Premium plugin. -->","yoast_head_json":{"title":"Conoce a LOC en GroceryTech 2026","description":"Explore la tecnolog\u00eda de supermercados en GroceryTech 2026, donde la innovaci\u00f3n se encuentra con el futuro del comercio minorista de comestibles. \u00danase a nosotros en Charlotte, Carolina del Norte.","robots":{"index":"index","follow":"follow","max-snippet":"max-snippet:-1","max-image-preview":"max-image-preview:large","max-video-preview":"max-video-preview:-1"},"canonical":"https:\/\/locsoftware.com\/es\/conocer-a-loc-en-grocerytech-2026\/","og_locale":"es_ES","og_type":"article","og_title":"Meet LOC At GroceryTech 2026","og_description":"Explore Grocery Technology at GroceryTech 2026, where innovation meets the future of grocery retail. Join us in Charlotte, NC.","og_url":"https:\/\/locsoftware.com\/es\/conocer-a-loc-en-grocerytech-2026\/","og_site_name":"LOC","article_modified_time":"2026-04-21T18:04:20+00:00","twitter_card":"summary_large_image","twitter_misc":{"Tiempo de lectura":"1 minuto"},"schema":{"@context":"https:\/\/schema.org","@graph":[{"@type":"WebPage","@id":"https:\/\/locsoftware.com\/meet-loc-at-grocerytech-2026\/","url":"https:\/\/locsoftware.com\/meet-loc-at-grocerytech-2026\/","name":"Conoce a LOC en GroceryTech 2026","isPartOf":{"@id":"https:\/\/locsoftware.com\/#website"},"datePublished":"2026-04-03T00:28:57+00:00","dateModified":"2026-04-21T18:04:20+00:00","description":"Explore la tecnolog\u00eda de supermercados en GroceryTech 2026, donde la innovaci\u00f3n se encuentra con el futuro del comercio minorista de comestibles. \u00danase a nosotros en Charlotte, Carolina del Norte.","breadcrumb":{"@id":"https:\/\/locsoftware.com\/meet-loc-at-grocerytech-2026\/#breadcrumb"},"inLanguage":"es","potentialAction":[{"@type":"ReadAction","target":["https:\/\/locsoftware.com\/meet-loc-at-grocerytech-2026\/"]}]},{"@type":"BreadcrumbList","@id":"https:\/\/locsoftware.com\/meet-loc-at-grocerytech-2026\/#breadcrumb","itemListElement":[{"@type":"ListItem","position":1,"name":"Home","item":"https:\/\/locsoftware.com\/"},{"@type":"ListItem","position":2,"name":"Meet LOC At GroceryTech 2026"}]},{"@type":"WebSite","@id":"https:\/\/locsoftware.com\/#website","url":"https:\/\/locsoftware.com\/","name":"LOC","description":"El mejor software de gesti\u00f3n para minoristas","publisher":{"@id":"https:\/\/locsoftware.com\/#organization"},"potentialAction":[{"@type":"SearchAction","target":{"@type":"EntryPoint","urlTemplate":"https:\/\/locsoftware.com\/?s={search_term_string}"},"query-input":{"@type":"PropertyValueSpecification","valueRequired":true,"valueName":"search_term_string"}}],"inLanguage":"es"},{"@type":"Organization","@id":"https:\/\/locsoftware.com\/#organization","name":"El mejor software de gesti\u00f3n para minoristas","url":"https:\/\/locsoftware.com\/","logo":{"@type":"ImageObject","inLanguage":"es","@id":"https:\/\/locsoftware.com\/#\/schema\/logo\/image\/","url":"","contentUrl":"","caption":"Best-in-Class Retail Management Software"},"image":{"@id":"https:\/\/locsoftware.com\/#\/schema\/logo\/image\/"}}]}},"_links":{"self":[{"href":"https:\/\/locsoftware.com\/es\/wp-json\/wp\/v2\/pages\/9676","targetHints":{"allow":["GET"]}}],"collection":[{"href":"https:\/\/locsoftware.com\/es\/wp-json\/wp\/v2\/pages"}],"about":[{"href":"https:\/\/locsoftware.com\/es\/wp-json\/wp\/v2\/types\/page"}],"author":[{"embeddable":true,"href":"https:\/\/locsoftware.com\/es\/wp-json\/wp\/v2\/users\/5"}],"replies":[{"embeddable":true,"href":"https:\/\/locsoftware.com\/es\/wp-json\/wp\/v2\/comments?post=9676"}],"version-history":[{"count":5,"href":"https:\/\/locsoftware.com\/es\/wp-json\/wp\/v2\/pages\/9676\/revisions"}],"predecessor-version":[{"id":9740,"href":"https:\/\/locsoftware.com\/es\/wp-json\/wp\/v2\/pages\/9676\/revisions\/9740"}],"wp:attachment":[{"href":"https:\/\/locsoftware.com\/es\/wp-json\/wp\/v2\/media?parent=9676"}],"curies":[{"name":"wp","href":"https:\/\/api.w.org\/{rel}","templated":true}]}}