{"id":5110,"date":"2024-01-17T19:07:20","date_gmt":"2024-01-17T19:07:20","guid":{"rendered":"https:\/\/locsoftware.com\/?page_id=5110"},"modified":"2025-04-24T15:55:33","modified_gmt":"2025-04-24T15:55:33","slug":"carrieres","status":"publish","type":"page","link":"https:\/\/locsoftware.com\/fr\/careers\/","title":{"rendered":"Carri\u00e8res"},"content":{"rendered":"<div data-elementor-type=\"wp-page\" data-elementor-id=\"5110\" class=\"elementor elementor-5110\" data-elementor-post-type=\"page\">\n\t\t\t\t\t\t<section class=\"elementor-section elementor-top-section elementor-element elementor-element-5c9e168 elementor-section-height-min-height elementor-section-content-middle elementor-section-boxed elementor-section-height-default elementor-section-items-middle\" data-id=\"5c9e168\" data-element_type=\"section\" data-e-type=\"section\" data-settings=\"{&quot;background_background&quot;:&quot;classic&quot;}\">\n\t\t\t\t\t\t\t<div class=\"elementor-background-overlay\"><\/div>\n\t\t\t\t\t\t\t<div class=\"elementor-container elementor-column-gap-default\">\n\t\t\t\t\t<div class=\"elementor-column elementor-col-100 elementor-top-column elementor-element elementor-element-20088ad9\" data-id=\"20088ad9\" data-element_type=\"column\" data-e-type=\"column\">\n\t\t\t<div class=\"elementor-widget-wrap elementor-element-populated\">\n\t\t\t\t\t\t<div class=\"elementor-element elementor-element-48775250 elementor-widget elementor-widget-heading\" data-id=\"48775250\" data-element_type=\"widget\" data-e-type=\"widget\" data-widget_type=\"heading.default\">\n\t\t\t\t<div class=\"elementor-widget-container\">\n\t\t\t\t\t<h1 class=\"elementor-heading-title elementor-size-default\">Explorez les offres d\u2019emploi de LOC<\/h1>\t\t\t\t<\/div>\n\t\t\t\t<\/div>\n\t\t\t\t\t<\/div>\n\t\t<\/div>\n\t\t\t\t\t<\/div>\n\t\t<\/section>\n\t\t\t\t<section class=\"elementor-section elementor-top-section elementor-element elementor-element-1fc86159 elementor-section-boxed elementor-section-height-default elementor-section-height-default\" data-id=\"1fc86159\" data-element_type=\"section\" data-e-type=\"section\" data-settings=\"{&quot;background_background&quot;:&quot;classic&quot;}\">\n\t\t\t\t\t\t<div class=\"elementor-container elementor-column-gap-wide\">\n\t\t\t\t\t<div class=\"elementor-column elementor-col-50 elementor-top-column elementor-element elementor-element-5f47994e\" data-id=\"5f47994e\" data-element_type=\"column\" data-e-type=\"column\">\n\t\t\t<div class=\"elementor-widget-wrap elementor-element-populated\">\n\t\t\t\t\t\t<div class=\"elementor-element elementor-element-159cb2d2 elementor-widget elementor-widget-heading\" data-id=\"159cb2d2\" data-element_type=\"widget\" data-e-type=\"widget\" data-widget_type=\"heading.default\">\n\t\t\t\t<div class=\"elementor-widget-container\">\n\t\t\t\t\t<h2 class=\"elementor-heading-title elementor-size-default\">Rejoignez-nous pour optimiser les performances du commerce de d\u00e9tail<\/h2>\t\t\t\t<\/div>\n\t\t\t\t<\/div>\n\t\t\t\t<div class=\"elementor-element elementor-element-23dbcc02 elementor-widget elementor-widget-text-editor\" data-id=\"23dbcc02\" data-element_type=\"widget\" data-e-type=\"widget\" data-widget_type=\"text-editor.default\">\n\t\t\t\t<div class=\"elementor-widget-container\">\n\t\t\t\t\t\t\t\t\t<div data-slate-type=\"paragraph\">Chez LOC, nous sommes plus qu\u2019une simple entreprise canadienne de points de vente. Nous sommes une \u00e9quipe de personnes d\u00e9vou\u00e9es, motiv\u00e9es par le travail d\u2019\u00e9quipe et notre engagement \u00e0 servir. Notre slogan, \u00ab Optimiser les performances du commerce de d\u00e9tail \u00bb, d\u00e9finit notre engagement \u00e0 fournir des solutions de pointe qui permettent aux d\u00e9taillants de prosp\u00e9rer dans un march\u00e9 en constante \u00e9volution.<\/div><div data-slate-type=\"paragraph\">\u00a0<\/div><p>Si vous \u00eates \u00e0 la recherche d\u2019une carri\u00e8re dynamique et gratifiante o\u00f9 vous pouvez avoir un impact r\u00e9el, LOC pourrait \u00eatre le bon endroit pour vous. Nous offrons une r\u00e9mun\u00e9ration comp\u00e9titive, des possibilit\u00e9s de formation et de d\u00e9veloppement permanents, ainsi qu\u2019un environnement de travail qui appuie ses employ\u00e9s et o\u00f9 vos id\u00e9es sont appr\u00e9ci\u00e9es et vos contributions reconnues. Ensemble, optimisons les performances du commerce de d\u00e9tail et fa\u00e7onnons l\u2019avenir de l\u2019industrie. Postulez d\u00e8s aujourd\u2019hui et embarquez pour un voyage de croissance, d\u2019innovation et de succ\u00e8s avec LOC.<\/p>\t\t\t\t\t\t\t\t<\/div>\n\t\t\t\t<\/div>\n\t\t\t\t<div class=\"elementor-element elementor-element-ed93ab5 custom-list content-align-left icon-box-vertical-align-top icon-vertical-align-start elementor-widget elementor-widget-the7_image_box_widget\" data-id=\"ed93ab5\" data-element_type=\"widget\" data-e-type=\"widget\" data-widget_type=\"the7_image_box_widget.default\">\n\t\t\t\t<div class=\"elementor-widget-container\">\n\t\t\t\t\t\n\t\t<div class=\"the7-box-wrapper the7-elementor-widget the7_image_box_widget-ed93ab5\">\t\t\t<div class=\"box-content-wrapper\">\n\t\t\t\t\n\t\t\t\t<div class=\"box-content\">\n\t\t\t\t\t<h3 class=\"box-heading\"><a >Excellents avantages sociaux offerts par LOC<\/a><\/h3><div class=\"box-description\"><ul>\n \t<li>Minimum de trois semaines de vacances d\u00e8s la premi\u00e8re ann\u00e9e<\/li>\n \t<li>Assurance m\u00e9dicale collective et prestations d\u2019invalidit\u00e9 de longue dur\u00e9e<\/li>\n \t<li>R\u00e9gime de retrait avec contribution de l\u2019employeur apr\u00e8s la premi\u00e8re ann\u00e9e<\/li>\n \t<li>Cinq jours de cong\u00e9 personnel (JCP) apr\u00e8s trois mois<\/li>\n \t<li>Flexibilit\u00e9 du travail \u00e0 distance : options hybrides, \u00e0 distance et sur site<\/li>\n<\/ul><\/div>\t\t\t\t<\/div>\n\t\t\t<\/div>\n\t\t<\/div>\t\t\t\t<\/div>\n\t\t\t\t<\/div>\n\t\t\t\t<div class=\"elementor-element elementor-element-884bb9d elementor-widget elementor-widget-heading\" data-id=\"884bb9d\" data-element_type=\"widget\" data-e-type=\"widget\" data-widget_type=\"heading.default\">\n\t\t\t\t<div class=\"elementor-widget-container\">\n\t\t\t\t\t<h3 class=\"elementor-heading-title elementor-size-default\">Notre culture d\u2019entreprise<\/h3>\t\t\t\t<\/div>\n\t\t\t\t<\/div>\n\t\t\t\t<div class=\"elementor-element elementor-element-1f0cbe5 elementor-widget elementor-widget-text-editor\" data-id=\"1f0cbe5\" data-element_type=\"widget\" data-e-type=\"widget\" data-widget_type=\"text-editor.default\">\n\t\t\t\t<div class=\"elementor-widget-container\">\n\t\t\t\t\t\t\t\t\t<p>L\u2019\u00e9quipe de LOC accorde une grande importance au travail d\u2019\u00e9quipe, mais aussi \u00e0 la r\u00e9ussite individuelle des membres de l\u2019\u00e9quipe. Chez LOC, vous b\u00e9n\u00e9ficierez du soutien et de la confiance n\u00e9cessaires pour vous d\u00e9velopper professionnellement et acqu\u00e9rir des comp\u00e9tences en mati\u00e8re de leadership. Nous encourageons la pens\u00e9e cr\u00e9ative et l\u2019innovation, en vous donnant la possibilit\u00e9 de vous laisser guider par vos champs d\u2019int\u00e9r\u00eat et vos passions pour d\u00e9velopper une carri\u00e8re gratifiante.<\/p><p>Passez au niveau sup\u00e9rieur en explorant les offres d\u2019emploi de LOC afin d\u2019avoir un impact au sein d\u2019une entreprise en pleine croissance qui fournit les meilleures solutions logicielles au march\u00e9 de la vente au d\u00e9tail.<\/p>\t\t\t\t\t\t\t\t<\/div>\n\t\t\t\t<\/div>\n\t\t\t\t<div class=\"elementor-element elementor-element-4cfc495 elementor-widget elementor-widget-button\" data-id=\"4cfc495\" data-element_type=\"widget\" data-e-type=\"widget\" data-widget_type=\"button.default\">\n\t\t\t\t<div class=\"elementor-widget-container\">\n\t\t\t\t\t\t\t\t\t<div class=\"elementor-button-wrapper\">\n\t\t\t\t\t<a class=\"elementor-button elementor-button-link elementor-size-md\" href=\"https:\/\/locsoftware.catsone.com\/careers\/70073-French\/\" target=\"_blank\">\n\t\t\t\t\t\t<span class=\"elementor-button-content-wrapper\">\n\t\t\t\t\t\t\t\t\t<span class=\"elementor-button-text\">CONSULTEZ LES POSTES \u00c0 POURVOIR<\/span>\n\t\t\t\t\t<\/span>\n\t\t\t\t\t<\/a>\n\t\t\t\t<\/div>\n\t\t\t\t\t\t\t\t<\/div>\n\t\t\t\t<\/div>\n\t\t\t\t\t<\/div>\n\t\t<\/div>\n\t\t\t\t<div class=\"elementor-column elementor-col-50 elementor-top-column elementor-element elementor-element-642c57d2\" data-id=\"642c57d2\" data-element_type=\"column\" data-e-type=\"column\">\n\t\t\t<div class=\"elementor-widget-wrap elementor-element-populated\">\n\t\t\t\t\t\t<div class=\"elementor-element elementor-element-12afc5b9 elementor-widget elementor-widget-image\" data-id=\"12afc5b9\" data-element_type=\"widget\" data-e-type=\"widget\" data-widget_type=\"image.default\">\n\t\t\t\t<div class=\"elementor-widget-container\">\n\t\t\t\t\t\t\t\t\t\t\t\t\t\t\t<img fetchpriority=\"high\" decoding=\"async\" width=\"407\" height=\"389\" src=\"https:\/\/locsoftware.com\/wp-content\/uploads\/2024\/02\/careerspage.png\" class=\"attachment-full size-full wp-image-6027\" alt=\"carri\u00e8res\" srcset=\"https:\/\/locsoftware.com\/wp-content\/uploads\/2024\/02\/careerspage.png 407w, https:\/\/locsoftware.com\/wp-content\/uploads\/2024\/02\/careerspage-300x287.png 300w, https:\/\/locsoftware.com\/wp-content\/uploads\/2024\/02\/careerspage-13x12.png 13w\" sizes=\"(max-width: 407px) 100vw, 407px\" \/>\t\t\t\t\t\t\t\t\t\t\t\t\t\t\t<\/div>\n\t\t\t\t<\/div>\n\t\t\t\t\t<\/div>\n\t\t<\/div>\n\t\t\t\t\t<\/div>\n\t\t<\/section>\n\t\t\t\t<\/div>","protected":false},"excerpt":{"rendered":"<p>Explorez les offres d'emploi de LOC Software Rejoignez-nous pour optimiser les performances de la vente au d\u00e9tail Chez LOC, nous sommes bien plus qu'une simple entreprise internationale de points de vente. Nous sommes une \u00e9quipe de personnes d\u00e9vou\u00e9es, motiv\u00e9es par le travail d'\u00e9quipe et notre engagement \u00e0 servir. Notre slogan, \"Optimiser les performances du commerce de d\u00e9tail\", d\u00e9finit notre engagement \u00e0 fournir des solutions de pointe qui permettent aux d\u00e9taillants...<\/p>","protected":false},"author":1,"featured_media":0,"parent":0,"menu_order":0,"comment_status":"closed","ping_status":"closed","template":"elementor_header_footer","meta":{"footnotes":""},"class_list":["post-5110","page","type-page","status-publish","hentry"],"yoast_head":"<!-- This site is optimized with the Yoast SEO Premium plugin v27.3 (Yoast SEO v27.3) - https:\/\/yoast.com\/product\/yoast-seo-premium-wordpress\/ -->\n<title>LOC Software Jobs: Start an Exciting Career | LOC Software<\/title>\n<meta name=\"description\" content=\"Explore LOC software job openings that may be your opportunity to begin a career optimizing retail performance and impacting the future of the industry.\" \/>\n<meta name=\"robots\" content=\"index, follow, max-snippet:-1, max-image-preview:large, max-video-preview:-1\" \/>\n<link rel=\"canonical\" href=\"https:\/\/locsoftware.com\/fr\/carrieres\/\" \/>\n<meta property=\"og:locale\" content=\"fr_CA\" \/>\n<meta property=\"og:type\" content=\"article\" \/>\n<meta property=\"og:title\" content=\"Careers\" \/>\n<meta property=\"og:description\" content=\"Explore LOC software job openings that may be your opportunity to begin a career optimizing retail performance and impacting the future of the industry.\" \/>\n<meta property=\"og:url\" content=\"https:\/\/locsoftware.com\/fr\/carrieres\/\" \/>\n<meta property=\"og:site_name\" content=\"LOC\" \/>\n<meta property=\"article:modified_time\" content=\"2025-04-24T15:55:33+00:00\" \/>\n<meta property=\"og:image\" content=\"https:\/\/locsoftware.com\/wp-content\/uploads\/2024\/02\/careerspage.png\" \/>\n\t<meta property=\"og:image:width\" content=\"407\" \/>\n\t<meta property=\"og:image:height\" content=\"389\" \/>\n\t<meta property=\"og:image:type\" content=\"image\/png\" \/>\n<meta name=\"twitter:card\" content=\"summary_large_image\" \/>\n<meta name=\"twitter:label1\" content=\"Estimation du temps de lecture\" \/>\n\t<meta name=\"twitter:data1\" content=\"2 minutes\" \/>\n<script type=\"application\/ld+json\" class=\"yoast-schema-graph\">{\"@context\":\"https:\\\/\\\/schema.org\",\"@graph\":[{\"@type\":\"WebPage\",\"@id\":\"https:\\\/\\\/locsoftware.com\\\/careers\\\/\",\"url\":\"https:\\\/\\\/locsoftware.com\\\/careers\\\/\",\"name\":\"LOC Software Jobs: Start an Exciting Career | LOC Software\",\"isPartOf\":{\"@id\":\"https:\\\/\\\/locsoftware.com\\\/#website\"},\"primaryImageOfPage\":{\"@id\":\"https:\\\/\\\/locsoftware.com\\\/careers\\\/#primaryimage\"},\"image\":{\"@id\":\"https:\\\/\\\/locsoftware.com\\\/careers\\\/#primaryimage\"},\"thumbnailUrl\":\"https:\\\/\\\/locsoftware.com\\\/wp-content\\\/uploads\\\/2024\\\/02\\\/careerspage.png\",\"datePublished\":\"2024-01-17T19:07:20+00:00\",\"dateModified\":\"2025-04-24T15:55:33+00:00\",\"description\":\"Explore LOC software job openings that may be your opportunity to begin a career optimizing retail performance and impacting the future of the industry.\",\"breadcrumb\":{\"@id\":\"https:\\\/\\\/locsoftware.com\\\/careers\\\/#breadcrumb\"},\"inLanguage\":\"fr-CA\",\"potentialAction\":[{\"@type\":\"ReadAction\",\"target\":[\"https:\\\/\\\/locsoftware.com\\\/careers\\\/\"]}]},{\"@type\":\"ImageObject\",\"inLanguage\":\"fr-CA\",\"@id\":\"https:\\\/\\\/locsoftware.com\\\/careers\\\/#primaryimage\",\"url\":\"https:\\\/\\\/locsoftware.com\\\/wp-content\\\/uploads\\\/2024\\\/02\\\/careerspage.png\",\"contentUrl\":\"https:\\\/\\\/locsoftware.com\\\/wp-content\\\/uploads\\\/2024\\\/02\\\/careerspage.png\"},{\"@type\":\"BreadcrumbList\",\"@id\":\"https:\\\/\\\/locsoftware.com\\\/careers\\\/#breadcrumb\",\"itemListElement\":[{\"@type\":\"ListItem\",\"position\":1,\"name\":\"Home\",\"item\":\"https:\\\/\\\/locsoftware.com\\\/\"},{\"@type\":\"ListItem\",\"position\":2,\"name\":\"Careers\"}]},{\"@type\":\"WebSite\",\"@id\":\"https:\\\/\\\/locsoftware.com\\\/#website\",\"url\":\"https:\\\/\\\/locsoftware.com\\\/\",\"name\":\"LOC\",\"description\":\"Best-in-Class Retail Management Software\",\"publisher\":{\"@id\":\"https:\\\/\\\/locsoftware.com\\\/#organization\"},\"potentialAction\":[{\"@type\":\"SearchAction\",\"target\":{\"@type\":\"EntryPoint\",\"urlTemplate\":\"https:\\\/\\\/locsoftware.com\\\/?s={search_term_string}\"},\"query-input\":{\"@type\":\"PropertyValueSpecification\",\"valueRequired\":true,\"valueName\":\"search_term_string\"}}],\"inLanguage\":\"fr-CA\"},{\"@type\":\"Organization\",\"@id\":\"https:\\\/\\\/locsoftware.com\\\/#organization\",\"name\":\"Best-in-Class Retail Management Software\",\"url\":\"https:\\\/\\\/locsoftware.com\\\/\",\"logo\":{\"@type\":\"ImageObject\",\"inLanguage\":\"fr-CA\",\"@id\":\"https:\\\/\\\/locsoftware.com\\\/#\\\/schema\\\/logo\\\/image\\\/\",\"url\":\"\",\"contentUrl\":\"\",\"caption\":\"Best-in-Class Retail Management Software\"},\"image\":{\"@id\":\"https:\\\/\\\/locsoftware.com\\\/#\\\/schema\\\/logo\\\/image\\\/\"}}]}<\/script>\n<!-- \/ Yoast SEO Premium plugin. -->","yoast_head_json":{"title":"LOC Jobs : D\u00e9marrer une carri\u00e8re passionnante chez LOC Software","description":"Explorez les offres d'emploi de LOC qui pourraient vous donner l'occasion de commencer une carri\u00e8re en optimisant la performance du commerce de d\u00e9tail et en influen\u00e7ant l'avenir de l'industrie.","robots":{"index":"index","follow":"follow","max-snippet":"max-snippet:-1","max-image-preview":"max-image-preview:large","max-video-preview":"max-video-preview:-1"},"canonical":"https:\/\/locsoftware.com\/fr\/carrieres\/","og_locale":"fr_CA","og_type":"article","og_title":"Careers","og_description":"Explore LOC software job openings that may be your opportunity to begin a career optimizing retail performance and impacting the future of the industry.","og_url":"https:\/\/locsoftware.com\/fr\/carrieres\/","og_site_name":"LOC","article_modified_time":"2025-04-24T15:55:33+00:00","og_image":[{"width":407,"height":389,"url":"https:\/\/locsoftware.com\/wp-content\/uploads\/2024\/02\/careerspage.png","type":"image\/png"}],"twitter_card":"summary_large_image","twitter_misc":{"Estimation du temps de lecture":"2 minutes"},"schema":{"@context":"https:\/\/schema.org","@graph":[{"@type":"WebPage","@id":"https:\/\/locsoftware.com\/careers\/","url":"https:\/\/locsoftware.com\/careers\/","name":"LOC Jobs : D\u00e9marrer une carri\u00e8re passionnante chez LOC Software","isPartOf":{"@id":"https:\/\/locsoftware.com\/#website"},"primaryImageOfPage":{"@id":"https:\/\/locsoftware.com\/careers\/#primaryimage"},"image":{"@id":"https:\/\/locsoftware.com\/careers\/#primaryimage"},"thumbnailUrl":"https:\/\/locsoftware.com\/wp-content\/uploads\/2024\/02\/careerspage.png","datePublished":"2024-01-17T19:07:20+00:00","dateModified":"2025-04-24T15:55:33+00:00","description":"Explorez les offres d'emploi de LOC qui pourraient vous donner l'occasion de commencer une carri\u00e8re en optimisant la performance du commerce de d\u00e9tail et en influen\u00e7ant l'avenir de l'industrie.","breadcrumb":{"@id":"https:\/\/locsoftware.com\/careers\/#breadcrumb"},"inLanguage":"fr-CA","potentialAction":[{"@type":"ReadAction","target":["https:\/\/locsoftware.com\/careers\/"]}]},{"@type":"ImageObject","inLanguage":"fr-CA","@id":"https:\/\/locsoftware.com\/careers\/#primaryimage","url":"https:\/\/locsoftware.com\/wp-content\/uploads\/2024\/02\/careerspage.png","contentUrl":"https:\/\/locsoftware.com\/wp-content\/uploads\/2024\/02\/careerspage.png"},{"@type":"BreadcrumbList","@id":"https:\/\/locsoftware.com\/careers\/#breadcrumb","itemListElement":[{"@type":"ListItem","position":1,"name":"Home","item":"https:\/\/locsoftware.com\/"},{"@type":"ListItem","position":2,"name":"Careers"}]},{"@type":"WebSite","@id":"https:\/\/locsoftware.com\/#website","url":"https:\/\/locsoftware.com\/","name":"LOC","description":"Les meilleurs logiciels de gestion de la vente au d\u00e9tail","publisher":{"@id":"https:\/\/locsoftware.com\/#organization"},"potentialAction":[{"@type":"SearchAction","target":{"@type":"EntryPoint","urlTemplate":"https:\/\/locsoftware.com\/?s={search_term_string}"},"query-input":{"@type":"PropertyValueSpecification","valueRequired":true,"valueName":"search_term_string"}}],"inLanguage":"fr-CA"},{"@type":"Organization","@id":"https:\/\/locsoftware.com\/#organization","name":"Les meilleurs logiciels de gestion de la vente au d\u00e9tail","url":"https:\/\/locsoftware.com\/","logo":{"@type":"ImageObject","inLanguage":"fr-CA","@id":"https:\/\/locsoftware.com\/#\/schema\/logo\/image\/","url":"","contentUrl":"","caption":"Best-in-Class Retail Management Software"},"image":{"@id":"https:\/\/locsoftware.com\/#\/schema\/logo\/image\/"}}]}},"_links":{"self":[{"href":"https:\/\/locsoftware.com\/fr\/wp-json\/wp\/v2\/pages\/5110","targetHints":{"allow":["GET"]}}],"collection":[{"href":"https:\/\/locsoftware.com\/fr\/wp-json\/wp\/v2\/pages"}],"about":[{"href":"https:\/\/locsoftware.com\/fr\/wp-json\/wp\/v2\/types\/page"}],"author":[{"embeddable":true,"href":"https:\/\/locsoftware.com\/fr\/wp-json\/wp\/v2\/users\/1"}],"replies":[{"embeddable":true,"href":"https:\/\/locsoftware.com\/fr\/wp-json\/wp\/v2\/comments?post=5110"}],"version-history":[{"count":52,"href":"https:\/\/locsoftware.com\/fr\/wp-json\/wp\/v2\/pages\/5110\/revisions"}],"predecessor-version":[{"id":8715,"href":"https:\/\/locsoftware.com\/fr\/wp-json\/wp\/v2\/pages\/5110\/revisions\/8715"}],"wp:attachment":[{"href":"https:\/\/locsoftware.com\/fr\/wp-json\/wp\/v2\/media?parent=5110"}],"curies":[{"name":"wp","href":"https:\/\/api.w.org\/{rel}","templated":true}]}}