{"id":5116,"date":"2024-01-17T19:08:42","date_gmt":"2024-01-17T19:08:42","guid":{"rendered":"https:\/\/locsoftware.com\/?page_id=5116"},"modified":"2025-10-16T08:12:20","modified_gmt":"2025-10-16T13:12:20","slug":"demander-une-demonstration","status":"publish","type":"page","link":"https:\/\/locsoftware.com\/fr\/request-a-demo\/","title":{"rendered":"DEMANDER UNE D\u00c9MONSTRATION"},"content":{"rendered":"<div data-elementor-type=\"wp-page\" data-elementor-id=\"5116\" class=\"elementor elementor-5116\" data-elementor-post-type=\"page\">\n\t\t\t\t\t\t<section class=\"elementor-section elementor-top-section elementor-element elementor-element-3b0ce00 elementor-section-content-top elementor-section-boxed elementor-section-height-default elementor-section-height-default\" data-id=\"3b0ce00\" data-element_type=\"section\" data-e-type=\"section\" data-settings=\"{&quot;background_background&quot;:&quot;classic&quot;}\">\n\t\t\t\t\t\t<div class=\"elementor-container elementor-column-gap-wide\">\n\t\t\t\t\t<div class=\"elementor-column elementor-col-50 elementor-top-column elementor-element elementor-element-ae2a8dd\" data-id=\"ae2a8dd\" data-element_type=\"column\" data-e-type=\"column\">\n\t\t\t<div class=\"elementor-widget-wrap elementor-element-populated\">\n\t\t\t\t\t\t<div class=\"elementor-element elementor-element-c06c98a elementor-widget elementor-widget-heading\" data-id=\"c06c98a\" data-element_type=\"widget\" data-e-type=\"widget\" data-widget_type=\"heading.default\">\n\t\t\t\t<div class=\"elementor-widget-container\">\n\t\t\t\t\t<h1 class=\"elementor-heading-title elementor-size-default\">Demander une d\u00e9monstration personnalis\u00e9e de LOC ThriVersA<\/h1>\t\t\t\t<\/div>\n\t\t\t\t<\/div>\n\t\t\t\t<div class=\"elementor-element elementor-element-d8b2885 elementor-widget elementor-widget-heading\" data-id=\"d8b2885\" data-element_type=\"widget\" data-e-type=\"widget\" data-widget_type=\"heading.default\">\n\t\t\t\t<div class=\"elementor-widget-container\">\n\t\t\t\t\t<h3 class=\"elementor-heading-title elementor-size-default\">D\u00e9couvrez la flexibilit\u00e9, la puissance et l'\u00e9volutivit\u00e9 de la suite logicielle ThriVersA pour le commerce de d\u00e9tail - adapt\u00e9e \u00e0 vos besoins commerciaux uniques.<\/h3>\t\t\t\t<\/div>\n\t\t\t\t<\/div>\n\t\t\t\t<div class=\"elementor-element elementor-element-59fd5bc elementor-widget elementor-widget-text-editor\" data-id=\"59fd5bc\" data-element_type=\"widget\" data-e-type=\"widget\" data-widget_type=\"text-editor.default\">\n\t\t\t\t<div class=\"elementor-widget-container\">\n\t\t\t\t\t\t\t\t\t<p><span style=\"font-weight: 400;\">Que vous g\u00e9riez une \u00e9picerie, une pharmacie, une sup\u00e9rette ou un commerce de d\u00e9tail sp\u00e9cialis\u00e9, LOC Software propose une plateforme de vente au d\u00e9tail configurable con\u00e7ue pour optimiser les performances, simplifier les op\u00e9rations et stimuler la croissance.<\/span><\/p>\t\t\t\t\t\t\t\t<\/div>\n\t\t\t\t<\/div>\n\t\t\t\t<div class=\"elementor-element elementor-element-04551c0 elementor-widget elementor-widget-text-editor\" data-id=\"04551c0\" data-element_type=\"widget\" data-e-type=\"widget\" data-widget_type=\"text-editor.default\">\n\t\t\t\t<div class=\"elementor-widget-container\">\n\t\t\t\t\t\t\t\t\t<h4><strong>Pourquoi un logiciel LOC ?<\/strong><\/h4><p><span style=\"font-weight: 400;\">Depuis plus de 30 ans, LOC Software est un nom de confiance dans la technologie du commerce de d\u00e9tail. Notre plateforme ThriVersA est con\u00e7ue pour les d\u00e9taillants ind\u00e9pendants \u00e0 fort volume qui ont besoin d'un logiciel flexible, \u00e9volutif et facilement configurable pour rester comp\u00e9titifs dans un secteur qui \u00e9volue rapidement.<\/span><\/p><p><span style=\"font-weight: 400;\">Notre suite de solutions logicielles vous donne la libert\u00e9 de cr\u00e9er le syst\u00e8me exact dont votre entreprise a besoin, qu'il s'agisse de POS, de fid\u00e9lisation, d'inventaire, de eCommerce, d'outils mobiles ou d'autres choses encore. Et gr\u00e2ce aux solutions pr\u00eates pour le cloud, vous pouvez g\u00e9rer vos op\u00e9rations \u00e0 tout moment et en tout lieu.<\/span><\/p>\t\t\t\t\t\t\t\t<\/div>\n\t\t\t\t<\/div>\n\t\t\t\t<div class=\"elementor-element elementor-element-88c3aaa elementor-widget elementor-widget-text-editor\" data-id=\"88c3aaa\" data-element_type=\"widget\" data-e-type=\"widget\" data-widget_type=\"text-editor.default\">\n\t\t\t\t<div class=\"elementor-widget-container\">\n\t\t\t\t\t\t\t\t\t<h4><strong>Pr\u00eat \u00e0 d\u00e9couvrir ce que LOC ThriVersA peut faire pour votre entreprise ?<\/strong><\/h4><p><span style=\"font-weight: 400;\">Remplissez le formulaire, et un partenaire certifi\u00e9 de LOC vous contactera pour planifier une d\u00e9monstration personnalis\u00e9e en fonction de vos objectifs sp\u00e9cifiques.<\/span><\/p>\t\t\t\t\t\t\t\t<\/div>\n\t\t\t\t<\/div>\n\t\t\t\t<div class=\"elementor-element elementor-element-7227504 elementor-widget elementor-widget-image\" data-id=\"7227504\" data-element_type=\"widget\" data-e-type=\"widget\" data-widget_type=\"image.default\">\n\t\t\t\t<div class=\"elementor-widget-container\">\n\t\t\t\t\t\t\t\t\t\t\t\t\t\t\t<img fetchpriority=\"high\" decoding=\"async\" width=\"660\" height=\"336\" src=\"https:\/\/locsoftware.com\/wp-content\/uploads\/2024\/02\/loc-request-a-demo-image.png\" class=\"attachment-full size-full wp-image-6618\" alt=\"\" srcset=\"https:\/\/locsoftware.com\/wp-content\/uploads\/2024\/02\/loc-request-a-demo-image.png 660w, https:\/\/locsoftware.com\/wp-content\/uploads\/2024\/02\/loc-request-a-demo-image-300x153.png 300w\" sizes=\"(max-width: 660px) 100vw, 660px\" \/>\t\t\t\t\t\t\t\t\t\t\t\t\t\t\t<\/div>\n\t\t\t\t<\/div>\n\t\t\t\t\t<\/div>\n\t\t<\/div>\n\t\t\t\t<div class=\"elementor-column elementor-col-50 elementor-top-column elementor-element elementor-element-92cfbea\" data-id=\"92cfbea\" data-element_type=\"column\" data-e-type=\"column\">\n\t\t\t<div class=\"elementor-widget-wrap elementor-element-populated\">\n\t\t\t\t\t\t<div class=\"elementor-element elementor-element-4b09ff5 elementor-widget elementor-widget-html\" data-id=\"4b09ff5\" data-element_type=\"widget\" data-e-type=\"widget\" data-widget_type=\"html.default\">\n\t\t\t\t<div class=\"elementor-widget-container\">\n\t\t\t\t\t<script src=\"https:\/\/js.hsforms.net\/forms\/embed\/48452317.js\" defer><\/script>\r\n<div class=\"hs-form-frame\" data-region=\"na1\" data-form-id=\"6349a2b5-c657-4948-8d9b-80c0c547f269\" data-portal-id=\"48452317\"><\/div>\t\t\t\t<\/div>\n\t\t\t\t<\/div>\n\t\t\t\t\t<\/div>\n\t\t<\/div>\n\t\t\t\t\t<\/div>\n\t\t<\/section>\n\t\t\t\t<\/div>","protected":false},"excerpt":{"rendered":"<p>Demandez une d\u00e9monstration personnalis\u00e9e de LOC ThriVersA D\u00e9couvrez la flexibilit\u00e9, la puissance et l'\u00e9volutivit\u00e9 de la suite logicielle de vente au d\u00e9tail ThriVersA - adapt\u00e9e aux besoins uniques de votre entreprise. Que vous g\u00e9riez une \u00e9picerie, une pharmacie, un magasin de proximit\u00e9 ou un commerce de d\u00e9tail sp\u00e9cialis\u00e9, LOC Software propose une plateforme de vente au d\u00e9tail configurable con\u00e7ue pour optimiser les performances, simplifier les op\u00e9rations et stimuler la croissance....<\/p>","protected":false},"author":1,"featured_media":0,"parent":0,"menu_order":0,"comment_status":"closed","ping_status":"closed","template":"elementor_header_footer","meta":{"footnotes":""},"class_list":["post-5116","page","type-page","status-publish","hentry"],"yoast_head":"<!-- This site is optimized with the Yoast SEO Premium plugin v27.5 (Yoast SEO v27.5) - https:\/\/yoast.com\/product\/yoast-seo-premium-wordpress\/ -->\n<title>Request a Personalized Software Demo | LOC<\/title>\n<meta name=\"description\" content=\"Request a LOC software demo to experience its functionality and flexibility tailored to your retail operation. Complete this short form to start the process.\" \/>\n<meta name=\"robots\" content=\"index, follow, max-snippet:-1, max-image-preview:large, max-video-preview:-1\" \/>\n<link rel=\"canonical\" href=\"https:\/\/locsoftware.com\/fr\/demander-une-demonstration\/\" \/>\n<meta property=\"og:locale\" content=\"fr_CA\" \/>\n<meta property=\"og:type\" content=\"article\" \/>\n<meta property=\"og:title\" content=\"Request a Demo\" \/>\n<meta property=\"og:description\" content=\"Request a LOC software demo to experience its functionality and flexibility tailored to your retail operation. Complete this short form to start the process.\" \/>\n<meta property=\"og:url\" content=\"https:\/\/locsoftware.com\/fr\/demander-une-demonstration\/\" \/>\n<meta property=\"og:site_name\" content=\"LOC\" \/>\n<meta property=\"article:modified_time\" content=\"2025-10-16T13:12:20+00:00\" \/>\n<meta property=\"og:image\" content=\"https:\/\/locsoftware.com\/wp-content\/uploads\/2024\/02\/loc-request-a-demo-image.png\" \/>\n\t<meta property=\"og:image:width\" content=\"660\" \/>\n\t<meta property=\"og:image:height\" content=\"336\" \/>\n\t<meta property=\"og:image:type\" content=\"image\/png\" \/>\n<meta name=\"twitter:card\" content=\"summary_large_image\" \/>\n<meta name=\"twitter:label1\" content=\"Estimation du temps de lecture\" \/>\n\t<meta name=\"twitter:data1\" content=\"3 minutes\" \/>\n<script type=\"application\/ld+json\" class=\"yoast-schema-graph\">{\"@context\":\"https:\\\/\\\/schema.org\",\"@graph\":[{\"@type\":\"WebPage\",\"@id\":\"https:\\\/\\\/locsoftware.com\\\/request-a-demo\\\/\",\"url\":\"https:\\\/\\\/locsoftware.com\\\/request-a-demo\\\/\",\"name\":\"Request a Personalized Software Demo | LOC\",\"isPartOf\":{\"@id\":\"https:\\\/\\\/locsoftware.com\\\/#website\"},\"primaryImageOfPage\":{\"@id\":\"https:\\\/\\\/locsoftware.com\\\/request-a-demo\\\/#primaryimage\"},\"image\":{\"@id\":\"https:\\\/\\\/locsoftware.com\\\/request-a-demo\\\/#primaryimage\"},\"thumbnailUrl\":\"https:\\\/\\\/locsoftware.com\\\/wp-content\\\/uploads\\\/2024\\\/02\\\/loc-request-a-demo-image.png\",\"datePublished\":\"2024-01-17T19:08:42+00:00\",\"dateModified\":\"2025-10-16T13:12:20+00:00\",\"description\":\"Request a LOC software demo to experience its functionality and flexibility tailored to your retail operation. Complete this short form to start the process.\",\"breadcrumb\":{\"@id\":\"https:\\\/\\\/locsoftware.com\\\/request-a-demo\\\/#breadcrumb\"},\"inLanguage\":\"fr-CA\",\"potentialAction\":[{\"@type\":\"ReadAction\",\"target\":[\"https:\\\/\\\/locsoftware.com\\\/request-a-demo\\\/\"]}]},{\"@type\":\"ImageObject\",\"inLanguage\":\"fr-CA\",\"@id\":\"https:\\\/\\\/locsoftware.com\\\/request-a-demo\\\/#primaryimage\",\"url\":\"https:\\\/\\\/locsoftware.com\\\/wp-content\\\/uploads\\\/2024\\\/02\\\/loc-request-a-demo-image.png\",\"contentUrl\":\"https:\\\/\\\/locsoftware.com\\\/wp-content\\\/uploads\\\/2024\\\/02\\\/loc-request-a-demo-image.png\"},{\"@type\":\"BreadcrumbList\",\"@id\":\"https:\\\/\\\/locsoftware.com\\\/request-a-demo\\\/#breadcrumb\",\"itemListElement\":[{\"@type\":\"ListItem\",\"position\":1,\"name\":\"Home\",\"item\":\"https:\\\/\\\/locsoftware.com\\\/\"},{\"@type\":\"ListItem\",\"position\":2,\"name\":\"Request a Demo\"}]},{\"@type\":\"WebSite\",\"@id\":\"https:\\\/\\\/locsoftware.com\\\/#website\",\"url\":\"https:\\\/\\\/locsoftware.com\\\/\",\"name\":\"LOC\",\"description\":\"Best-in-Class Retail Management Software\",\"publisher\":{\"@id\":\"https:\\\/\\\/locsoftware.com\\\/#organization\"},\"potentialAction\":[{\"@type\":\"SearchAction\",\"target\":{\"@type\":\"EntryPoint\",\"urlTemplate\":\"https:\\\/\\\/locsoftware.com\\\/?s={search_term_string}\"},\"query-input\":{\"@type\":\"PropertyValueSpecification\",\"valueRequired\":true,\"valueName\":\"search_term_string\"}}],\"inLanguage\":\"fr-CA\"},{\"@type\":\"Organization\",\"@id\":\"https:\\\/\\\/locsoftware.com\\\/#organization\",\"name\":\"Best-in-Class Retail Management Software\",\"url\":\"https:\\\/\\\/locsoftware.com\\\/\",\"logo\":{\"@type\":\"ImageObject\",\"inLanguage\":\"fr-CA\",\"@id\":\"https:\\\/\\\/locsoftware.com\\\/#\\\/schema\\\/logo\\\/image\\\/\",\"url\":\"\",\"contentUrl\":\"\",\"caption\":\"Best-in-Class Retail Management Software\"},\"image\":{\"@id\":\"https:\\\/\\\/locsoftware.com\\\/#\\\/schema\\\/logo\\\/image\\\/\"}}]}<\/script>\n<!-- \/ Yoast SEO Premium plugin. -->","yoast_head_json":{"title":"Demander une d\u00e9monstration personnalis\u00e9e du logiciel LOC","description":"Demandez une d\u00e9monstration du LOC pour d\u00e9couvrir ses fonctionnalit\u00e9s et sa flexibilit\u00e9 adapt\u00e9es \u00e0 votre activit\u00e9 de vente au d\u00e9tail. Remplissez ce court formulaire pour d\u00e9marrer le processus.","robots":{"index":"index","follow":"follow","max-snippet":"max-snippet:-1","max-image-preview":"max-image-preview:large","max-video-preview":"max-video-preview:-1"},"canonical":"https:\/\/locsoftware.com\/fr\/demander-une-demonstration\/","og_locale":"fr_CA","og_type":"article","og_title":"Request a Demo","og_description":"Request a LOC software demo to experience its functionality and flexibility tailored to your retail operation. Complete this short form to start the process.","og_url":"https:\/\/locsoftware.com\/fr\/demander-une-demonstration\/","og_site_name":"LOC","article_modified_time":"2025-10-16T13:12:20+00:00","og_image":[{"width":660,"height":336,"url":"https:\/\/locsoftware.com\/wp-content\/uploads\/2024\/02\/loc-request-a-demo-image.png","type":"image\/png"}],"twitter_card":"summary_large_image","twitter_misc":{"Estimation du temps de lecture":"3 minutes"},"schema":{"@context":"https:\/\/schema.org","@graph":[{"@type":"WebPage","@id":"https:\/\/locsoftware.com\/request-a-demo\/","url":"https:\/\/locsoftware.com\/request-a-demo\/","name":"Demander une d\u00e9monstration personnalis\u00e9e du logiciel LOC","isPartOf":{"@id":"https:\/\/locsoftware.com\/#website"},"primaryImageOfPage":{"@id":"https:\/\/locsoftware.com\/request-a-demo\/#primaryimage"},"image":{"@id":"https:\/\/locsoftware.com\/request-a-demo\/#primaryimage"},"thumbnailUrl":"https:\/\/locsoftware.com\/wp-content\/uploads\/2024\/02\/loc-request-a-demo-image.png","datePublished":"2024-01-17T19:08:42+00:00","dateModified":"2025-10-16T13:12:20+00:00","description":"Demandez une d\u00e9monstration du LOC pour d\u00e9couvrir ses fonctionnalit\u00e9s et sa flexibilit\u00e9 adapt\u00e9es \u00e0 votre activit\u00e9 de vente au d\u00e9tail. Remplissez ce court formulaire pour d\u00e9marrer le processus.","breadcrumb":{"@id":"https:\/\/locsoftware.com\/request-a-demo\/#breadcrumb"},"inLanguage":"fr-CA","potentialAction":[{"@type":"ReadAction","target":["https:\/\/locsoftware.com\/request-a-demo\/"]}]},{"@type":"ImageObject","inLanguage":"fr-CA","@id":"https:\/\/locsoftware.com\/request-a-demo\/#primaryimage","url":"https:\/\/locsoftware.com\/wp-content\/uploads\/2024\/02\/loc-request-a-demo-image.png","contentUrl":"https:\/\/locsoftware.com\/wp-content\/uploads\/2024\/02\/loc-request-a-demo-image.png"},{"@type":"BreadcrumbList","@id":"https:\/\/locsoftware.com\/request-a-demo\/#breadcrumb","itemListElement":[{"@type":"ListItem","position":1,"name":"Home","item":"https:\/\/locsoftware.com\/"},{"@type":"ListItem","position":2,"name":"Request a Demo"}]},{"@type":"WebSite","@id":"https:\/\/locsoftware.com\/#website","url":"https:\/\/locsoftware.com\/","name":"LOC","description":"Les meilleurs logiciels de gestion de la vente au d\u00e9tail","publisher":{"@id":"https:\/\/locsoftware.com\/#organization"},"potentialAction":[{"@type":"SearchAction","target":{"@type":"EntryPoint","urlTemplate":"https:\/\/locsoftware.com\/?s={search_term_string}"},"query-input":{"@type":"PropertyValueSpecification","valueRequired":true,"valueName":"search_term_string"}}],"inLanguage":"fr-CA"},{"@type":"Organization","@id":"https:\/\/locsoftware.com\/#organization","name":"Les meilleurs logiciels de gestion de la vente au d\u00e9tail","url":"https:\/\/locsoftware.com\/","logo":{"@type":"ImageObject","inLanguage":"fr-CA","@id":"https:\/\/locsoftware.com\/#\/schema\/logo\/image\/","url":"","contentUrl":"","caption":"Best-in-Class Retail Management Software"},"image":{"@id":"https:\/\/locsoftware.com\/#\/schema\/logo\/image\/"}}]}},"_links":{"self":[{"href":"https:\/\/locsoftware.com\/fr\/wp-json\/wp\/v2\/pages\/5116","targetHints":{"allow":["GET"]}}],"collection":[{"href":"https:\/\/locsoftware.com\/fr\/wp-json\/wp\/v2\/pages"}],"about":[{"href":"https:\/\/locsoftware.com\/fr\/wp-json\/wp\/v2\/types\/page"}],"author":[{"embeddable":true,"href":"https:\/\/locsoftware.com\/fr\/wp-json\/wp\/v2\/users\/1"}],"replies":[{"embeddable":true,"href":"https:\/\/locsoftware.com\/fr\/wp-json\/wp\/v2\/comments?post=5116"}],"version-history":[{"count":5,"href":"https:\/\/locsoftware.com\/fr\/wp-json\/wp\/v2\/pages\/5116\/revisions"}],"predecessor-version":[{"id":9378,"href":"https:\/\/locsoftware.com\/fr\/wp-json\/wp\/v2\/pages\/5116\/revisions\/9378"}],"wp:attachment":[{"href":"https:\/\/locsoftware.com\/fr\/wp-json\/wp\/v2\/media?parent=5116"}],"curies":[{"name":"wp","href":"https:\/\/api.w.org\/{rel}","templated":true}]}}