{"id":5845,"date":"2024-02-15T18:45:16","date_gmt":"2024-02-15T18:45:16","guid":{"rendered":"https:\/\/locsoftware.com\/?page_id=5845"},"modified":"2025-10-16T08:05:09","modified_gmt":"2025-10-16T13:05:09","slug":"telecharger-la-brochure-de-lentreprise-locale","status":"publish","type":"page","link":"https:\/\/locsoftware.com\/fr\/download-the-loc-company-brochure\/","title":{"rendered":"T\u00e9l\u00e9charger la brochure de l'entreprise LOC"},"content":{"rendered":"<div data-elementor-type=\"wp-page\" data-elementor-id=\"5845\" class=\"elementor elementor-5845\" data-elementor-post-type=\"page\">\n\t\t\t\t\t\t<section class=\"elementor-section elementor-top-section elementor-element elementor-element-257ca86 elementor-section-content-top elementor-section-boxed elementor-section-height-default elementor-section-height-default\" data-id=\"257ca86\" data-element_type=\"section\" data-e-type=\"section\" data-settings=\"{&quot;background_background&quot;:&quot;classic&quot;}\">\n\t\t\t\t\t\t<div class=\"elementor-container elementor-column-gap-wide\">\n\t\t\t\t\t<div class=\"elementor-column elementor-col-50 elementor-top-column elementor-element elementor-element-eb34358\" data-id=\"eb34358\" data-element_type=\"column\" data-e-type=\"column\">\n\t\t\t<div class=\"elementor-widget-wrap elementor-element-populated\">\n\t\t\t\t\t\t<div class=\"elementor-element elementor-element-9fb755f elementor-widget elementor-widget-heading\" data-id=\"9fb755f\" data-element_type=\"widget\" data-e-type=\"widget\" data-widget_type=\"heading.default\">\n\t\t\t\t<div class=\"elementor-widget-container\">\n\t\t\t\t\t<h1 class=\"elementor-heading-title elementor-size-default\">T\u00e9l\u00e9charger notre brochure d'entreprise<\/h1>\t\t\t\t<\/div>\n\t\t\t\t<\/div>\n\t\t\t\t<div class=\"elementor-element elementor-element-e755ae5 elementor-widget elementor-widget-heading\" data-id=\"e755ae5\" data-element_type=\"widget\" data-e-type=\"widget\" data-widget_type=\"heading.default\">\n\t\t\t\t<div class=\"elementor-widget-container\">\n\t\t\t\t\t<h3 class=\"elementor-heading-title elementor-size-default\">D\u00e9couvrez la suite de solutions de LOC Software<\/h3>\t\t\t\t<\/div>\n\t\t\t\t<\/div>\n\t\t\t\t<div class=\"elementor-element elementor-element-c7f30ee elementor-widget elementor-widget-text-editor\" data-id=\"c7f30ee\" data-element_type=\"widget\" data-e-type=\"widget\" data-widget_type=\"text-editor.default\">\n\t\t\t\t<div class=\"elementor-widget-container\">\n\t\t\t\t\t\t\t\t\t<p><span style=\"font-weight: 400;\">Vous cherchez un aper\u00e7u rapide et complet des produits et services de LOC Software ? Notre brochure d'entreprise explique comment la plateforme ThriVersA permet aux d\u00e9taillants de rationaliser leurs op\u00e9rations, d'am\u00e9liorer l'exp\u00e9rience de leurs clients et de s'adapter efficacement.<\/span><\/p><p><span style=\"font-weight: 400;\">Que vous g\u00e9riez une \u00e9picerie, une pharmacie, un magasin de proximit\u00e9 ou un commerce de d\u00e9tail sp\u00e9cialis\u00e9, cette brochure explique comment la solution flexible de LOC, bas\u00e9e sur un navigateur, peut \u00eatre adapt\u00e9e \u00e0 vos besoins exacts.<\/span><\/p>\t\t\t\t\t\t\t\t<\/div>\n\t\t\t\t<\/div>\n\t\t\t\t<div class=\"elementor-element elementor-element-3f7f537 elementor-widget elementor-widget-text-editor\" data-id=\"3f7f537\" data-element_type=\"widget\" data-e-type=\"widget\" data-widget_type=\"text-editor.default\">\n\t\t\t\t<div class=\"elementor-widget-container\">\n\t\t\t\t\t\t\t\t\t<p><b>Ce que vous apprendrez :<\/b><\/p><ul><li style=\"font-weight: 400;\" aria-level=\"1\"><span style=\"font-weight: 400;\">Aper\u00e7u de la suite logicielle ThriVersA, y compris POS, black office, mobile et cloud<\/span><\/li><li style=\"font-weight: 400;\" aria-level=\"1\"><span style=\"font-weight: 400;\">Les avantages d'un syst\u00e8me modulaire, bas\u00e9 sur un navigateur, qui \u00e9volue avec votre entreprise<\/span><\/li><li style=\"font-weight: 400;\" aria-level=\"1\"><span style=\"font-weight: 400;\">Caract\u00e9ristiques principales pour la gestion des stocks, de la cha\u00eene d'approvisionnement, de eCommerce et de l'ensemble de l'entreprise<\/span><\/li><li style=\"font-weight: 400;\" aria-level=\"1\"><span style=\"font-weight: 400;\">Comment ThriVersA permet une visibilit\u00e9 en temps r\u00e9el et un acc\u00e8s aux donn\u00e9es \u00e0 travers les sites et les appareils<\/span><\/li><li style=\"font-weight: 400;\" aria-level=\"1\"><span style=\"font-weight: 400;\">Comment la flexibilit\u00e9 et la facilit\u00e9 de configuration de ThriVersA le distinguent des autres logiciels<\/span><\/li><li style=\"font-weight: 400;\" aria-level=\"1\"><span style=\"font-weight: 400;\">Comment notre r\u00e9seau de revendeurs certifi\u00e9s fournit une expertise de confiance et une assistance continue<\/span><\/li><li style=\"font-weight: 400;\" aria-level=\"1\"><span style=\"font-weight: 400;\">Pourquoi plus de 10 000 d\u00e9taillants font confiance \u00e0 LOC Software chaque jour<\/span><\/li><\/ul>\t\t\t\t\t\t\t\t<\/div>\n\t\t\t\t<\/div>\n\t\t\t\t<div class=\"elementor-element elementor-element-aa70d65 elementor-widget elementor-widget-text-editor\" data-id=\"aa70d65\" data-element_type=\"widget\" data-e-type=\"widget\" data-widget_type=\"text-editor.default\">\n\t\t\t\t<div class=\"elementor-widget-container\">\n\t\t\t\t\t\t\t\t\t<p><span style=\"font-weight: 400;\">T\u00e9l\u00e9chargez notre brochure d'entreprise pour d\u00e9couvrir comment LOC Software peut vous aider \u00e0 simplifier les op\u00e9rations de vente au d\u00e9tail et \u00e0 stimuler la croissance de votre entreprise.<\/span><\/p>\t\t\t\t\t\t\t\t<\/div>\n\t\t\t\t<\/div>\n\t\t\t\t<div class=\"elementor-element elementor-element-0edf880 elementor-widget elementor-widget-image\" data-id=\"0edf880\" data-element_type=\"widget\" data-e-type=\"widget\" data-widget_type=\"image.default\">\n\t\t\t\t<div class=\"elementor-widget-container\">\n\t\t\t\t\t\t\t\t\t\t\t\t\t\t\t<img fetchpriority=\"high\" decoding=\"async\" width=\"231\" height=\"320\" src=\"https:\/\/locsoftware.com\/wp-content\/uploads\/2024\/09\/LOC_Company-Brochure-CF_mockup.png\" class=\"attachment-full size-full wp-image-8101\" alt=\"Company Brochure\" srcset=\"https:\/\/locsoftware.com\/wp-content\/uploads\/2024\/09\/LOC_Company-Brochure-CF_mockup.png 231w, https:\/\/locsoftware.com\/wp-content\/uploads\/2024\/09\/LOC_Company-Brochure-CF_mockup-217x300.png 217w, https:\/\/locsoftware.com\/wp-content\/uploads\/2024\/09\/LOC_Company-Brochure-CF_mockup-9x12.png 9w\" sizes=\"(max-width: 231px) 100vw, 231px\" \/>\t\t\t\t\t\t\t\t\t\t\t\t\t\t\t<\/div>\n\t\t\t\t<\/div>\n\t\t\t\t\t<\/div>\n\t\t<\/div>\n\t\t\t\t<div class=\"elementor-column elementor-col-50 elementor-top-column elementor-element elementor-element-2d95a6b\" data-id=\"2d95a6b\" data-element_type=\"column\" data-e-type=\"column\">\n\t\t\t<div class=\"elementor-widget-wrap elementor-element-populated\">\n\t\t\t\t\t\t<div class=\"elementor-element elementor-element-3a7e651 elementor-widget elementor-widget-heading\" data-id=\"3a7e651\" data-element_type=\"widget\" data-e-type=\"widget\" data-widget_type=\"heading.default\">\n\t\t\t\t<div class=\"elementor-widget-container\">\n\t\t\t\t\t<h2 class=\"elementor-heading-title elementor-size-default\">Remplissez ce formulaire pour obtenir votre exemplaire gratuit d\u00e8s aujourd\u2019hui<\/h2>\t\t\t\t<\/div>\n\t\t\t\t<\/div>\n\t\t\t\t<div class=\"elementor-element elementor-element-31b2ae2 elementor-widget elementor-widget-html\" data-id=\"31b2ae2\" data-element_type=\"widget\" data-e-type=\"widget\" data-widget_type=\"html.default\">\n\t\t\t\t<div class=\"elementor-widget-container\">\n\t\t\t\t\t<style>.elementor-element-31b2ae2{display:none !important}<\/style>\t\t\t\t<\/div>\n\t\t\t\t<\/div>\n\t\t\t\t\t<\/div>\n\t\t<\/div>\n\t\t\t\t\t<\/div>\n\t\t<\/section>\n\t\t\t\t<\/div>","protected":false},"excerpt":{"rendered":"<p>T\u00e9l\u00e9chargez notre brochure d'entreprise D\u00e9couvrez la suite de solutions de LOC Software Vous souhaitez avoir une vue d'ensemble rapide et compl\u00e8te des produits et services de LOC Software ? Notre brochure explique comment la plateforme ThriVersA permet aux d\u00e9taillants de rationaliser leurs op\u00e9rations, d'am\u00e9liorer l'exp\u00e9rience de leurs clients et de s'adapter efficacement. Que vous g\u00e9riez une \u00e9picerie, une pharmacie, une sup\u00e9rette ou...<\/p>","protected":false},"author":1,"featured_media":0,"parent":0,"menu_order":30,"comment_status":"closed","ping_status":"closed","template":"elementor_header_footer","meta":{"footnotes":""},"class_list":["post-5845","page","type-page","status-publish","hentry"],"yoast_head":"<!-- This site is optimized with the Yoast SEO Premium plugin v27.4 (Yoast SEO v27.4) - https:\/\/yoast.com\/product\/yoast-seo-premium-wordpress\/ -->\n<title>Get Your Copy of Our Software Brochure | LOC<\/title>\n<meta name=\"description\" content=\"Complete this brief form for a copy of the LOC Software company brochure that shows how to create a tailored solution for optimizing retail performance.\" \/>\n<meta name=\"robots\" content=\"index, follow, max-snippet:-1, max-image-preview:large, max-video-preview:-1\" \/>\n<link rel=\"canonical\" href=\"https:\/\/locsoftware.com\/fr\/telecharger-la-brochure-de-lentreprise-locale\/\" \/>\n<meta property=\"og:locale\" content=\"fr_CA\" \/>\n<meta property=\"og:type\" content=\"article\" \/>\n<meta property=\"og:title\" content=\"Download the LOC Company Brochure\" \/>\n<meta property=\"og:description\" content=\"Complete this brief form for a copy of the LOC Software company brochure that shows how to create a tailored solution for optimizing retail performance.\" \/>\n<meta property=\"og:url\" content=\"https:\/\/locsoftware.com\/fr\/telecharger-la-brochure-de-lentreprise-locale\/\" \/>\n<meta property=\"og:site_name\" content=\"LOC\" \/>\n<meta property=\"article:modified_time\" content=\"2025-10-16T13:05:09+00:00\" \/>\n<meta property=\"og:image\" content=\"https:\/\/locsoftware.com\/wp-content\/uploads\/2024\/09\/LOC_Company-Brochure-Mockup.png\" \/>\n\t<meta property=\"og:image:width\" content=\"231\" \/>\n\t<meta property=\"og:image:height\" content=\"320\" \/>\n\t<meta property=\"og:image:type\" content=\"image\/png\" \/>\n<meta name=\"twitter:card\" content=\"summary_large_image\" \/>\n<meta name=\"twitter:label1\" content=\"Estimation du temps de lecture\" \/>\n\t<meta name=\"twitter:data1\" content=\"4 minutes\" \/>\n<script type=\"application\/ld+json\" class=\"yoast-schema-graph\">{\"@context\":\"https:\\\/\\\/schema.org\",\"@graph\":[{\"@type\":\"WebPage\",\"@id\":\"https:\\\/\\\/locsoftware.com\\\/download-the-loc-company-brochure\\\/\",\"url\":\"https:\\\/\\\/locsoftware.com\\\/download-the-loc-company-brochure\\\/\",\"name\":\"Get Your Copy of Our Software Brochure | LOC\",\"isPartOf\":{\"@id\":\"https:\\\/\\\/locsoftware.com\\\/#website\"},\"primaryImageOfPage\":{\"@id\":\"https:\\\/\\\/locsoftware.com\\\/download-the-loc-company-brochure\\\/#primaryimage\"},\"image\":{\"@id\":\"https:\\\/\\\/locsoftware.com\\\/download-the-loc-company-brochure\\\/#primaryimage\"},\"thumbnailUrl\":\"https:\\\/\\\/locsoftware.com\\\/wp-content\\\/uploads\\\/2024\\\/09\\\/LOC_Company-Brochure-Mockup.png\",\"datePublished\":\"2024-02-15T18:45:16+00:00\",\"dateModified\":\"2025-10-16T13:05:09+00:00\",\"description\":\"Complete this brief form for a copy of the LOC Software company brochure that shows how to create a tailored solution for optimizing retail performance.\",\"breadcrumb\":{\"@id\":\"https:\\\/\\\/locsoftware.com\\\/download-the-loc-company-brochure\\\/#breadcrumb\"},\"inLanguage\":\"fr-CA\",\"potentialAction\":[{\"@type\":\"ReadAction\",\"target\":[\"https:\\\/\\\/locsoftware.com\\\/download-the-loc-company-brochure\\\/\"]}]},{\"@type\":\"ImageObject\",\"inLanguage\":\"fr-CA\",\"@id\":\"https:\\\/\\\/locsoftware.com\\\/download-the-loc-company-brochure\\\/#primaryimage\",\"url\":\"https:\\\/\\\/locsoftware.com\\\/wp-content\\\/uploads\\\/2024\\\/09\\\/LOC_Company-Brochure-Mockup.png\",\"contentUrl\":\"https:\\\/\\\/locsoftware.com\\\/wp-content\\\/uploads\\\/2024\\\/09\\\/LOC_Company-Brochure-Mockup.png\"},{\"@type\":\"BreadcrumbList\",\"@id\":\"https:\\\/\\\/locsoftware.com\\\/download-the-loc-company-brochure\\\/#breadcrumb\",\"itemListElement\":[{\"@type\":\"ListItem\",\"position\":1,\"name\":\"Home\",\"item\":\"https:\\\/\\\/locsoftware.com\\\/\"},{\"@type\":\"ListItem\",\"position\":2,\"name\":\"Download the LOC Company Brochure\"}]},{\"@type\":\"WebSite\",\"@id\":\"https:\\\/\\\/locsoftware.com\\\/#website\",\"url\":\"https:\\\/\\\/locsoftware.com\\\/\",\"name\":\"LOC\",\"description\":\"Best-in-Class Retail Management Software\",\"publisher\":{\"@id\":\"https:\\\/\\\/locsoftware.com\\\/#organization\"},\"potentialAction\":[{\"@type\":\"SearchAction\",\"target\":{\"@type\":\"EntryPoint\",\"urlTemplate\":\"https:\\\/\\\/locsoftware.com\\\/?s={search_term_string}\"},\"query-input\":{\"@type\":\"PropertyValueSpecification\",\"valueRequired\":true,\"valueName\":\"search_term_string\"}}],\"inLanguage\":\"fr-CA\"},{\"@type\":\"Organization\",\"@id\":\"https:\\\/\\\/locsoftware.com\\\/#organization\",\"name\":\"Best-in-Class Retail Management Software\",\"url\":\"https:\\\/\\\/locsoftware.com\\\/\",\"logo\":{\"@type\":\"ImageObject\",\"inLanguage\":\"fr-CA\",\"@id\":\"https:\\\/\\\/locsoftware.com\\\/#\\\/schema\\\/logo\\\/image\\\/\",\"url\":\"\",\"contentUrl\":\"\",\"caption\":\"Best-in-Class Retail Management Software\"},\"image\":{\"@id\":\"https:\\\/\\\/locsoftware.com\\\/#\\\/schema\\\/logo\\\/image\\\/\"}}]}<\/script>\n<!-- \/ Yoast SEO Premium plugin. -->","yoast_head_json":{"title":"Obtenez votre exemplaire de notre brochure sur les logiciels","description":"Remplissez ce bref formulaire pour obtenir une copie de la brochure de la soci\u00e9t\u00e9 LOC qui montre comment cr\u00e9er une solution sur mesure pour optimiser les performances du commerce de d\u00e9tail.","robots":{"index":"index","follow":"follow","max-snippet":"max-snippet:-1","max-image-preview":"max-image-preview:large","max-video-preview":"max-video-preview:-1"},"canonical":"https:\/\/locsoftware.com\/fr\/telecharger-la-brochure-de-lentreprise-locale\/","og_locale":"fr_CA","og_type":"article","og_title":"Download the LOC Company Brochure","og_description":"Complete this brief form for a copy of the LOC Software company brochure that shows how to create a tailored solution for optimizing retail performance.","og_url":"https:\/\/locsoftware.com\/fr\/telecharger-la-brochure-de-lentreprise-locale\/","og_site_name":"LOC","article_modified_time":"2025-10-16T13:05:09+00:00","og_image":[{"width":231,"height":320,"url":"https:\/\/locsoftware.com\/wp-content\/uploads\/2024\/09\/LOC_Company-Brochure-Mockup.png","type":"image\/png"}],"twitter_card":"summary_large_image","twitter_misc":{"Estimation du temps de lecture":"4 minutes"},"schema":{"@context":"https:\/\/schema.org","@graph":[{"@type":"WebPage","@id":"https:\/\/locsoftware.com\/download-the-loc-company-brochure\/","url":"https:\/\/locsoftware.com\/download-the-loc-company-brochure\/","name":"Obtenez votre exemplaire de notre brochure sur les logiciels","isPartOf":{"@id":"https:\/\/locsoftware.com\/#website"},"primaryImageOfPage":{"@id":"https:\/\/locsoftware.com\/download-the-loc-company-brochure\/#primaryimage"},"image":{"@id":"https:\/\/locsoftware.com\/download-the-loc-company-brochure\/#primaryimage"},"thumbnailUrl":"https:\/\/locsoftware.com\/wp-content\/uploads\/2024\/09\/LOC_Company-Brochure-Mockup.png","datePublished":"2024-02-15T18:45:16+00:00","dateModified":"2025-10-16T13:05:09+00:00","description":"Remplissez ce bref formulaire pour obtenir une copie de la brochure de la soci\u00e9t\u00e9 LOC qui montre comment cr\u00e9er une solution sur mesure pour optimiser les performances du commerce de d\u00e9tail.","breadcrumb":{"@id":"https:\/\/locsoftware.com\/download-the-loc-company-brochure\/#breadcrumb"},"inLanguage":"fr-CA","potentialAction":[{"@type":"ReadAction","target":["https:\/\/locsoftware.com\/download-the-loc-company-brochure\/"]}]},{"@type":"ImageObject","inLanguage":"fr-CA","@id":"https:\/\/locsoftware.com\/download-the-loc-company-brochure\/#primaryimage","url":"https:\/\/locsoftware.com\/wp-content\/uploads\/2024\/09\/LOC_Company-Brochure-Mockup.png","contentUrl":"https:\/\/locsoftware.com\/wp-content\/uploads\/2024\/09\/LOC_Company-Brochure-Mockup.png"},{"@type":"BreadcrumbList","@id":"https:\/\/locsoftware.com\/download-the-loc-company-brochure\/#breadcrumb","itemListElement":[{"@type":"ListItem","position":1,"name":"Home","item":"https:\/\/locsoftware.com\/"},{"@type":"ListItem","position":2,"name":"Download the LOC Company Brochure"}]},{"@type":"WebSite","@id":"https:\/\/locsoftware.com\/#website","url":"https:\/\/locsoftware.com\/","name":"LOC","description":"Les meilleurs logiciels de gestion de la vente au d\u00e9tail","publisher":{"@id":"https:\/\/locsoftware.com\/#organization"},"potentialAction":[{"@type":"SearchAction","target":{"@type":"EntryPoint","urlTemplate":"https:\/\/locsoftware.com\/?s={search_term_string}"},"query-input":{"@type":"PropertyValueSpecification","valueRequired":true,"valueName":"search_term_string"}}],"inLanguage":"fr-CA"},{"@type":"Organization","@id":"https:\/\/locsoftware.com\/#organization","name":"Les meilleurs logiciels de gestion de la vente au d\u00e9tail","url":"https:\/\/locsoftware.com\/","logo":{"@type":"ImageObject","inLanguage":"fr-CA","@id":"https:\/\/locsoftware.com\/#\/schema\/logo\/image\/","url":"","contentUrl":"","caption":"Best-in-Class Retail Management Software"},"image":{"@id":"https:\/\/locsoftware.com\/#\/schema\/logo\/image\/"}}]}},"_links":{"self":[{"href":"https:\/\/locsoftware.com\/fr\/wp-json\/wp\/v2\/pages\/5845","targetHints":{"allow":["GET"]}}],"collection":[{"href":"https:\/\/locsoftware.com\/fr\/wp-json\/wp\/v2\/pages"}],"about":[{"href":"https:\/\/locsoftware.com\/fr\/wp-json\/wp\/v2\/types\/page"}],"author":[{"embeddable":true,"href":"https:\/\/locsoftware.com\/fr\/wp-json\/wp\/v2\/users\/1"}],"replies":[{"embeddable":true,"href":"https:\/\/locsoftware.com\/fr\/wp-json\/wp\/v2\/comments?post=5845"}],"version-history":[{"count":5,"href":"https:\/\/locsoftware.com\/fr\/wp-json\/wp\/v2\/pages\/5845\/revisions"}],"predecessor-version":[{"id":9372,"href":"https:\/\/locsoftware.com\/fr\/wp-json\/wp\/v2\/pages\/5845\/revisions\/9372"}],"wp:attachment":[{"href":"https:\/\/locsoftware.com\/fr\/wp-json\/wp\/v2\/media?parent=5845"}],"curies":[{"name":"wp","href":"https:\/\/api.w.org\/{rel}","templated":true}]}}