{"id":7321,"date":"2024-05-02T12:23:21","date_gmt":"2024-05-02T12:23:21","guid":{"rendered":"https:\/\/locsoftware.com\/?page_id=7321"},"modified":"2025-10-16T08:01:33","modified_gmt":"2025-10-16T13:01:33","slug":"un-systeme-de-gestion-du-commerce-de-detail-a-lepreuve-du-temps","status":"publish","type":"page","link":"https:\/\/locsoftware.com\/fr\/a-future-proof-retail-management-system\/","title":{"rendered":"Un syst\u00e8me de gestion du commerce de d\u00e9tail \u00e0 l'\u00e9preuve du temps"},"content":{"rendered":"<div data-elementor-type=\"wp-page\" data-elementor-id=\"7321\" class=\"elementor elementor-7321\" data-elementor-post-type=\"page\">\n\t\t\t\t\t\t<section class=\"elementor-section elementor-top-section elementor-element elementor-element-db8f6ac elementor-section-content-top elementor-section-boxed elementor-section-height-default elementor-section-height-default\" data-id=\"db8f6ac\" data-element_type=\"section\" data-e-type=\"section\" data-settings=\"{&quot;background_background&quot;:&quot;classic&quot;}\">\n\t\t\t\t\t\t<div class=\"elementor-container elementor-column-gap-wide\">\n\t\t\t\t\t<div class=\"elementor-column elementor-col-50 elementor-top-column elementor-element elementor-element-c906039\" data-id=\"c906039\" data-element_type=\"column\" data-e-type=\"column\">\n\t\t\t<div class=\"elementor-widget-wrap elementor-element-populated\">\n\t\t\t\t\t\t<div class=\"elementor-element elementor-element-c34b81a elementor-widget elementor-widget-heading\" data-id=\"c34b81a\" data-element_type=\"widget\" data-e-type=\"widget\" data-widget_type=\"heading.default\">\n\t\t\t\t<div class=\"elementor-widget-container\">\n\t\t\t\t\t<h1 class=\"elementor-heading-title elementor-size-default\">Comment investir dans un syst\u00e8me de gestion du commerce de d\u00e9tail \u00e0 l'\u00e9preuve du temps ?<\/h1>\t\t\t\t<\/div>\n\t\t\t\t<\/div>\n\t\t\t\t<div class=\"elementor-element elementor-element-365df53 elementor-widget elementor-widget-heading\" data-id=\"365df53\" data-element_type=\"widget\" data-e-type=\"widget\" data-widget_type=\"heading.default\">\n\t\t\t\t<div class=\"elementor-widget-container\">\n\t\t\t\t\t<h3 class=\"elementor-heading-title elementor-size-default\">D\u00e9couvrez les caract\u00e9ristiques qui permettent aux d\u00e9taillants de s'adapter aussi rapidement que le secteur \u00e9volue.<\/h3>\t\t\t\t<\/div>\n\t\t\t\t<\/div>\n\t\t\t\t<div class=\"elementor-element elementor-element-2add06f elementor-widget elementor-widget-text-editor\" data-id=\"2add06f\" data-element_type=\"widget\" data-e-type=\"widget\" data-widget_type=\"text-editor.default\">\n\t\t\t\t<div class=\"elementor-widget-container\">\n\t\t\t\t\t\t\t\t\t<p><span style=\"font-weight: 400;\">La technologie \u00e9volue rapidement et votre syst\u00e8me de gestion de la vente au d\u00e9tail doit suivre. Qu'il s'agisse de l'\u00e9volution des attentes des consommateurs, de la p\u00e9nurie de main-d'\u0153uvre ou des exigences croissantes en mati\u00e8re de commerce omnicanal, les d\u00e9taillants ne peuvent pas se permettre d'investir dans un logiciel qui devient obsol\u00e8te en quelques ann\u00e9es seulement.<\/span><\/p><p><span style=\"font-weight: 400;\">Notre eBook gratuit explique comment un syst\u00e8me de gestion de la vente au d\u00e9tail \u00e0 l'\u00e9preuve du temps vous aide \u00e0 \u00e9voluer, \u00e0 simplifier l'informatique et \u00e0 garder une longueur d'avance gr\u00e2ce \u00e0 une architecture moderne, des fonctionnalit\u00e9s flexibles et un acc\u00e8s aux donn\u00e9es en temps r\u00e9el.<\/span><\/p>\t\t\t\t\t\t\t\t<\/div>\n\t\t\t\t<\/div>\n\t\t\t\t<div class=\"elementor-element elementor-element-0591e44 elementor-widget elementor-widget-text-editor\" data-id=\"0591e44\" data-element_type=\"widget\" data-e-type=\"widget\" data-widget_type=\"text-editor.default\">\n\t\t\t\t<div class=\"elementor-widget-container\">\n\t\t\t\t\t\t\t\t\t<p><b>Ce que vous apprendrez :<\/b><\/p><ul><li style=\"font-weight: 400;\" aria-level=\"1\"><span style=\"font-weight: 400;\">Qu'est-ce qui rend un investissement dans un syst\u00e8me de gestion du commerce de d\u00e9tail \"\u00e0 l'\u00e9preuve du temps\" ?\u00a0<\/span><\/li><li style=\"font-weight: 400;\" aria-level=\"1\"><span style=\"font-weight: 400;\">Comment l'architecture logicielle modulaire vous permet d'adapter, et non de remplacer, votre syst\u00e8me\u00a0<\/span><\/li><li style=\"font-weight: 400;\" aria-level=\"1\"><span style=\"font-weight: 400;\">Le r\u00f4le de l'informatique d\u00e9mat\u00e9rialis\u00e9e pour favoriser l'agilit\u00e9, la r\u00e9silience et la rentabilit\u00e9<\/span><\/li><li style=\"font-weight: 400;\" aria-level=\"1\"><span style=\"font-weight: 400;\">Comment les int\u00e9grations API facilitent la connexion avec la cha\u00eene d'approvisionnement, les paiements et d'autres partenaires.<\/span><\/li><li style=\"font-weight: 400;\" aria-level=\"1\"><span style=\"font-weight: 400;\">Comment les syst\u00e8mes \u00e9volutifs, bas\u00e9s sur un navigateur, permettent aux services informatiques de g\u00e9rer plusieurs magasins avec moins de complexit\u00e9.<\/span><\/li><\/ul>\t\t\t\t\t\t\t\t<\/div>\n\t\t\t\t<\/div>\n\t\t\t\t<div class=\"elementor-element elementor-element-5acfdbe elementor-widget elementor-widget-text-editor\" data-id=\"5acfdbe\" data-element_type=\"widget\" data-e-type=\"widget\" data-widget_type=\"text-editor.default\">\n\t\t\t\t<div class=\"elementor-widget-container\">\n\t\t\t\t\t\t\t\t\tQue vous modernisiez un seul magasin ou que vous g\u00e9riez une entreprise \u00e0 \u00e9tablissements multiples, ce guide vous aidera \u00e0 choisir un syst\u00e8me de gestion de la vente au d\u00e9tail con\u00e7u pour s'adapter, se d\u00e9velopper et \u00eatre comp\u00e9titif sur un march\u00e9 concurrentiel.\t\t\t\t\t\t\t\t<\/div>\n\t\t\t\t<\/div>\n\t\t\t\t<div class=\"elementor-element elementor-element-1e56cda elementor-widget elementor-widget-image\" data-id=\"1e56cda\" data-element_type=\"widget\" data-e-type=\"widget\" data-widget_type=\"image.default\">\n\t\t\t\t<div class=\"elementor-widget-container\">\n\t\t\t\t\t\t\t\t\t\t\t\t\t\t\t<img fetchpriority=\"high\" decoding=\"async\" width=\"280\" height=\"350\" src=\"https:\/\/locsoftware.com\/wp-content\/uploads\/2024\/05\/LOC_Futureproof-IT-Ebook_mockup.png\" class=\"attachment-full size-full wp-image-8121\" alt=\"livre \u00e9lectronique\" srcset=\"https:\/\/locsoftware.com\/wp-content\/uploads\/2024\/05\/LOC_Futureproof-IT-Ebook_mockup.png 253w, https:\/\/locsoftware.com\/wp-content\/uploads\/2024\/05\/LOC_Futureproof-IT-Ebook_mockup-217x300.png 217w, https:\/\/locsoftware.com\/wp-content\/uploads\/2024\/05\/LOC_Futureproof-IT-Ebook_mockup-9x12.png 9w\" sizes=\"(max-width: 280px) 100vw, 280px\" \/>\t\t\t\t\t\t\t\t\t\t\t\t\t\t\t<\/div>\n\t\t\t\t<\/div>\n\t\t\t\t\t<\/div>\n\t\t<\/div>\n\t\t\t\t<div class=\"elementor-column elementor-col-50 elementor-top-column elementor-element elementor-element-ec09267\" data-id=\"ec09267\" data-element_type=\"column\" data-e-type=\"column\">\n\t\t\t<div class=\"elementor-widget-wrap elementor-element-populated\">\n\t\t\t\t\t\t<div class=\"elementor-element elementor-element-7fac039 elementor-widget elementor-widget-heading\" data-id=\"7fac039\" data-element_type=\"widget\" data-e-type=\"widget\" data-widget_type=\"heading.default\">\n\t\t\t\t<div class=\"elementor-widget-container\">\n\t\t\t\t\t<h2 class=\"elementor-heading-title elementor-size-default\">Remplissez ce formulaire pour obtenir votre exemplaire gratuit d\u00e8s aujourd\u2019hui<\/h2>\t\t\t\t<\/div>\n\t\t\t\t<\/div>\n\t\t\t\t<div class=\"elementor-element elementor-element-d694604 elementor-widget elementor-widget-html\" data-id=\"d694604\" data-element_type=\"widget\" data-e-type=\"widget\" data-widget_type=\"html.default\">\n\t\t\t\t<div class=\"elementor-widget-container\">\n\t\t\t\t\t<script src=\"https:\/\/js.hsforms.net\/forms\/embed\/48452317.js\" defer><\/script>\r\n<div class=\"hs-form-frame\" data-region=\"na1\" data-form-id=\"e22f39a7-d247-4d8f-8360-e6b56606a739\" data-portal-id=\"48452317\"><\/div>\t\t\t\t<\/div>\n\t\t\t\t<\/div>\n\t\t\t\t\t<\/div>\n\t\t<\/div>\n\t\t\t\t\t<\/div>\n\t\t<\/section>\n\t\t\t\t<\/div>","protected":false},"excerpt":{"rendered":"<p>Comment investir dans un syst\u00e8me de gestion du commerce de d\u00e9tail \u00e0 l'\u00e9preuve du temps D\u00e9couvrez quelles sont les fonctionnalit\u00e9s qui aident les d\u00e9taillants \u00e0 s'adapter aussi rapidement que le secteur \u00e9volue. La technologie \u00e9volue rapidement et votre syst\u00e8me de gestion de la vente au d\u00e9tail doit suivre. Qu'il s'agisse de l'\u00e9volution des attentes des consommateurs, de la p\u00e9nurie de main-d'\u0153uvre ou des exigences croissantes en mati\u00e8re d'omnicanalit\u00e9, les d\u00e9taillants ne peuvent pas se permettre d'investir dans un logiciel qui deviendrait obsol\u00e8te...<\/p>","protected":false},"author":1,"featured_media":0,"parent":0,"menu_order":30,"comment_status":"closed","ping_status":"closed","template":"elementor_header_footer","meta":{"footnotes":""},"class_list":["post-7321","page","type-page","status-publish","hentry"],"yoast_head":"<!-- This site is optimized with the Yoast SEO Premium plugin v27.4 (Yoast SEO v27.4) - https:\/\/yoast.com\/product\/yoast-seo-premium-wordpress\/ -->\n<title>Invest in a Future-Proof Retail Management System | LOC<\/title>\n<meta name=\"description\" content=\"Discover how having the right retail management system can help future-proof your business. Download our ebook today to get tips and advice!\" \/>\n<meta name=\"robots\" content=\"index, follow, max-snippet:-1, max-image-preview:large, max-video-preview:-1\" \/>\n<link rel=\"canonical\" href=\"https:\/\/locsoftware.com\/fr\/un-systeme-de-gestion-du-commerce-de-detail-a-lepreuve-du-temps\/\" \/>\n<meta property=\"og:locale\" content=\"fr_CA\" \/>\n<meta property=\"og:type\" content=\"article\" \/>\n<meta property=\"og:title\" content=\"A Future-Proof Retail Management System\" \/>\n<meta property=\"og:description\" content=\"Discover how having the right retail management system can help future-proof your business. Download our ebook today to get tips and advice!\" \/>\n<meta property=\"og:url\" content=\"https:\/\/locsoftware.com\/fr\/un-systeme-de-gestion-du-commerce-de-detail-a-lepreuve-du-temps\/\" \/>\n<meta property=\"og:site_name\" content=\"LOC\" \/>\n<meta property=\"article:modified_time\" content=\"2025-10-16T13:01:33+00:00\" \/>\n<meta property=\"og:image\" content=\"https:\/\/locsoftware.com\/wp-content\/uploads\/2024\/09\/LOC_Futureproof-IT-Ebook_mockup.png\" \/>\n\t<meta property=\"og:image:width\" content=\"280\" \/>\n\t<meta property=\"og:image:height\" content=\"350\" \/>\n\t<meta property=\"og:image:type\" content=\"image\/png\" \/>\n<meta name=\"twitter:card\" content=\"summary_large_image\" \/>\n<meta name=\"twitter:label1\" content=\"Estimation du temps de lecture\" \/>\n\t<meta name=\"twitter:data1\" content=\"4 minutes\" \/>\n<script type=\"application\/ld+json\" class=\"yoast-schema-graph\">{\"@context\":\"https:\\\/\\\/schema.org\",\"@graph\":[{\"@type\":\"WebPage\",\"@id\":\"https:\\\/\\\/locsoftware.com\\\/a-future-proof-retail-management-system\\\/\",\"url\":\"https:\\\/\\\/locsoftware.com\\\/a-future-proof-retail-management-system\\\/\",\"name\":\"Invest in a Future-Proof Retail Management System | LOC\",\"isPartOf\":{\"@id\":\"https:\\\/\\\/locsoftware.com\\\/#website\"},\"primaryImageOfPage\":{\"@id\":\"https:\\\/\\\/locsoftware.com\\\/a-future-proof-retail-management-system\\\/#primaryimage\"},\"image\":{\"@id\":\"https:\\\/\\\/locsoftware.com\\\/a-future-proof-retail-management-system\\\/#primaryimage\"},\"thumbnailUrl\":\"https:\\\/\\\/locsoftware.com\\\/wp-content\\\/uploads\\\/2024\\\/09\\\/LOC_Futureproof-IT-Ebook_mockup.png\",\"datePublished\":\"2024-05-02T12:23:21+00:00\",\"dateModified\":\"2025-10-16T13:01:33+00:00\",\"description\":\"Discover how having the right retail management system can help future-proof your business. Download our ebook today to get tips and advice!\",\"breadcrumb\":{\"@id\":\"https:\\\/\\\/locsoftware.com\\\/a-future-proof-retail-management-system\\\/#breadcrumb\"},\"inLanguage\":\"fr-CA\",\"potentialAction\":[{\"@type\":\"ReadAction\",\"target\":[\"https:\\\/\\\/locsoftware.com\\\/a-future-proof-retail-management-system\\\/\"]}]},{\"@type\":\"ImageObject\",\"inLanguage\":\"fr-CA\",\"@id\":\"https:\\\/\\\/locsoftware.com\\\/a-future-proof-retail-management-system\\\/#primaryimage\",\"url\":\"https:\\\/\\\/locsoftware.com\\\/wp-content\\\/uploads\\\/2024\\\/09\\\/LOC_Futureproof-IT-Ebook_mockup.png\",\"contentUrl\":\"https:\\\/\\\/locsoftware.com\\\/wp-content\\\/uploads\\\/2024\\\/09\\\/LOC_Futureproof-IT-Ebook_mockup.png\"},{\"@type\":\"BreadcrumbList\",\"@id\":\"https:\\\/\\\/locsoftware.com\\\/a-future-proof-retail-management-system\\\/#breadcrumb\",\"itemListElement\":[{\"@type\":\"ListItem\",\"position\":1,\"name\":\"Home\",\"item\":\"https:\\\/\\\/locsoftware.com\\\/\"},{\"@type\":\"ListItem\",\"position\":2,\"name\":\"A Future-Proof Retail Management System\"}]},{\"@type\":\"WebSite\",\"@id\":\"https:\\\/\\\/locsoftware.com\\\/#website\",\"url\":\"https:\\\/\\\/locsoftware.com\\\/\",\"name\":\"LOC\",\"description\":\"Best-in-Class Retail Management Software\",\"publisher\":{\"@id\":\"https:\\\/\\\/locsoftware.com\\\/#organization\"},\"potentialAction\":[{\"@type\":\"SearchAction\",\"target\":{\"@type\":\"EntryPoint\",\"urlTemplate\":\"https:\\\/\\\/locsoftware.com\\\/?s={search_term_string}\"},\"query-input\":{\"@type\":\"PropertyValueSpecification\",\"valueRequired\":true,\"valueName\":\"search_term_string\"}}],\"inLanguage\":\"fr-CA\"},{\"@type\":\"Organization\",\"@id\":\"https:\\\/\\\/locsoftware.com\\\/#organization\",\"name\":\"Best-in-Class Retail Management Software\",\"url\":\"https:\\\/\\\/locsoftware.com\\\/\",\"logo\":{\"@type\":\"ImageObject\",\"inLanguage\":\"fr-CA\",\"@id\":\"https:\\\/\\\/locsoftware.com\\\/#\\\/schema\\\/logo\\\/image\\\/\",\"url\":\"\",\"contentUrl\":\"\",\"caption\":\"Best-in-Class Retail Management Software\"},\"image\":{\"@id\":\"https:\\\/\\\/locsoftware.com\\\/#\\\/schema\\\/logo\\\/image\\\/\"}}]}<\/script>\n<!-- \/ Yoast SEO Premium plugin. -->","yoast_head_json":{"title":"Investir dans un syst\u00e8me de gestion de la vente au d\u00e9tail \u00e0 l'\u00e9preuve du temps | LOC","description":"D\u00e9couvrez comment un syst\u00e8me de gestion de la vente au d\u00e9tail adapt\u00e9 peut vous aider \u00e0 assurer l'avenir de votre entreprise. T\u00e9l\u00e9chargez notre ebook d\u00e8s aujourd'hui pour obtenir des astuces et des conseils !","robots":{"index":"index","follow":"follow","max-snippet":"max-snippet:-1","max-image-preview":"max-image-preview:large","max-video-preview":"max-video-preview:-1"},"canonical":"https:\/\/locsoftware.com\/fr\/un-systeme-de-gestion-du-commerce-de-detail-a-lepreuve-du-temps\/","og_locale":"fr_CA","og_type":"article","og_title":"A Future-Proof Retail Management System","og_description":"Discover how having the right retail management system can help future-proof your business. Download our ebook today to get tips and advice!","og_url":"https:\/\/locsoftware.com\/fr\/un-systeme-de-gestion-du-commerce-de-detail-a-lepreuve-du-temps\/","og_site_name":"LOC","article_modified_time":"2025-10-16T13:01:33+00:00","og_image":[{"width":280,"height":350,"url":"https:\/\/locsoftware.com\/wp-content\/uploads\/2024\/09\/LOC_Futureproof-IT-Ebook_mockup.png","type":"image\/png"}],"twitter_card":"summary_large_image","twitter_misc":{"Estimation du temps de lecture":"4 minutes"},"schema":{"@context":"https:\/\/schema.org","@graph":[{"@type":"WebPage","@id":"https:\/\/locsoftware.com\/a-future-proof-retail-management-system\/","url":"https:\/\/locsoftware.com\/a-future-proof-retail-management-system\/","name":"Investir dans un syst\u00e8me de gestion de la vente au d\u00e9tail \u00e0 l'\u00e9preuve du temps | LOC","isPartOf":{"@id":"https:\/\/locsoftware.com\/#website"},"primaryImageOfPage":{"@id":"https:\/\/locsoftware.com\/a-future-proof-retail-management-system\/#primaryimage"},"image":{"@id":"https:\/\/locsoftware.com\/a-future-proof-retail-management-system\/#primaryimage"},"thumbnailUrl":"https:\/\/locsoftware.com\/wp-content\/uploads\/2024\/09\/LOC_Futureproof-IT-Ebook_mockup.png","datePublished":"2024-05-02T12:23:21+00:00","dateModified":"2025-10-16T13:01:33+00:00","description":"D\u00e9couvrez comment un syst\u00e8me de gestion de la vente au d\u00e9tail adapt\u00e9 peut vous aider \u00e0 assurer l'avenir de votre entreprise. T\u00e9l\u00e9chargez notre ebook d\u00e8s aujourd'hui pour obtenir des astuces et des conseils !","breadcrumb":{"@id":"https:\/\/locsoftware.com\/a-future-proof-retail-management-system\/#breadcrumb"},"inLanguage":"fr-CA","potentialAction":[{"@type":"ReadAction","target":["https:\/\/locsoftware.com\/a-future-proof-retail-management-system\/"]}]},{"@type":"ImageObject","inLanguage":"fr-CA","@id":"https:\/\/locsoftware.com\/a-future-proof-retail-management-system\/#primaryimage","url":"https:\/\/locsoftware.com\/wp-content\/uploads\/2024\/09\/LOC_Futureproof-IT-Ebook_mockup.png","contentUrl":"https:\/\/locsoftware.com\/wp-content\/uploads\/2024\/09\/LOC_Futureproof-IT-Ebook_mockup.png"},{"@type":"BreadcrumbList","@id":"https:\/\/locsoftware.com\/a-future-proof-retail-management-system\/#breadcrumb","itemListElement":[{"@type":"ListItem","position":1,"name":"Home","item":"https:\/\/locsoftware.com\/"},{"@type":"ListItem","position":2,"name":"A Future-Proof Retail Management System"}]},{"@type":"WebSite","@id":"https:\/\/locsoftware.com\/#website","url":"https:\/\/locsoftware.com\/","name":"LOC","description":"Les meilleurs logiciels de gestion de la vente au d\u00e9tail","publisher":{"@id":"https:\/\/locsoftware.com\/#organization"},"potentialAction":[{"@type":"SearchAction","target":{"@type":"EntryPoint","urlTemplate":"https:\/\/locsoftware.com\/?s={search_term_string}"},"query-input":{"@type":"PropertyValueSpecification","valueRequired":true,"valueName":"search_term_string"}}],"inLanguage":"fr-CA"},{"@type":"Organization","@id":"https:\/\/locsoftware.com\/#organization","name":"Les meilleurs logiciels de gestion de la vente au d\u00e9tail","url":"https:\/\/locsoftware.com\/","logo":{"@type":"ImageObject","inLanguage":"fr-CA","@id":"https:\/\/locsoftware.com\/#\/schema\/logo\/image\/","url":"","contentUrl":"","caption":"Best-in-Class Retail Management Software"},"image":{"@id":"https:\/\/locsoftware.com\/#\/schema\/logo\/image\/"}}]}},"_links":{"self":[{"href":"https:\/\/locsoftware.com\/fr\/wp-json\/wp\/v2\/pages\/7321","targetHints":{"allow":["GET"]}}],"collection":[{"href":"https:\/\/locsoftware.com\/fr\/wp-json\/wp\/v2\/pages"}],"about":[{"href":"https:\/\/locsoftware.com\/fr\/wp-json\/wp\/v2\/types\/page"}],"author":[{"embeddable":true,"href":"https:\/\/locsoftware.com\/fr\/wp-json\/wp\/v2\/users\/1"}],"replies":[{"embeddable":true,"href":"https:\/\/locsoftware.com\/fr\/wp-json\/wp\/v2\/comments?post=7321"}],"version-history":[{"count":5,"href":"https:\/\/locsoftware.com\/fr\/wp-json\/wp\/v2\/pages\/7321\/revisions"}],"predecessor-version":[{"id":9369,"href":"https:\/\/locsoftware.com\/fr\/wp-json\/wp\/v2\/pages\/7321\/revisions\/9369"}],"wp:attachment":[{"href":"https:\/\/locsoftware.com\/fr\/wp-json\/wp\/v2\/media?parent=7321"}],"curies":[{"name":"wp","href":"https:\/\/api.w.org\/{rel}","templated":true}]}}