{"id":7531,"date":"2024-05-16T18:15:31","date_gmt":"2024-05-16T18:15:31","guid":{"rendered":"https:\/\/locsoftware.com\/?page_id=7531"},"modified":"2025-06-03T14:42:40","modified_gmt":"2025-06-03T14:42:40","slug":"demander-une-demo-merci","status":"publish","type":"page","link":"https:\/\/locsoftware.com\/fr\/request-a-demo-thank-you\/","title":{"rendered":"Demander une d\u00e9monstration Merci"},"content":{"rendered":"<div data-elementor-type=\"wp-page\" data-elementor-id=\"7531\" class=\"elementor elementor-7531\" data-elementor-post-type=\"page\">\n\t\t\t\t\t\t<section class=\"elementor-section elementor-top-section elementor-element elementor-element-17763d19 elementor-section-content-middle elementor-section-boxed elementor-section-height-default elementor-section-height-default\" data-id=\"17763d19\" data-element_type=\"section\" data-e-type=\"section\" data-settings=\"{&quot;background_background&quot;:&quot;classic&quot;}\">\n\t\t\t\t\t\t<div class=\"elementor-container elementor-column-gap-wide\">\n\t\t\t\t\t<div class=\"elementor-column elementor-col-100 elementor-top-column elementor-element elementor-element-6b950740\" data-id=\"6b950740\" data-element_type=\"column\" data-e-type=\"column\">\n\t\t\t<div class=\"elementor-widget-wrap elementor-element-populated\">\n\t\t\t\t\t\t<div class=\"elementor-element elementor-element-66005d7 elementor-widget elementor-widget-heading\" data-id=\"66005d7\" data-element_type=\"widget\" data-e-type=\"widget\" data-widget_type=\"heading.default\">\n\t\t\t\t<div class=\"elementor-widget-container\">\n\t\t\t\t\t<h1 class=\"elementor-heading-title elementor-size-default\">Merci<\/h1>\t\t\t\t<\/div>\n\t\t\t\t<\/div>\n\t\t\t\t<div class=\"elementor-element elementor-element-3033090 elementor-widget elementor-widget-text-editor\" data-id=\"3033090\" data-element_type=\"widget\" data-e-type=\"widget\" data-widget_type=\"text-editor.default\">\n\t\t\t\t<div class=\"elementor-widget-container\">\n\t\t\t\t\t\t\t\t\t<p>Merci de votre int\u00e9r\u00eat pour LOC ! Si vous avez demand\u00e9 une d\u00e9monstration ou soumis une question, l'un de nos experts vous r\u00e9pondra dans les plus brefs d\u00e9lais.<\/p>\t\t\t\t\t\t\t\t<\/div>\n\t\t\t\t<\/div>\n\t\t\t\t<div class=\"elementor-element elementor-element-089ecf4 elementor-align-center elementor-widget elementor-widget-button\" data-id=\"089ecf4\" data-element_type=\"widget\" data-e-type=\"widget\" data-widget_type=\"button.default\">\n\t\t\t\t<div class=\"elementor-widget-container\">\n\t\t\t\t\t\t\t\t\t<div class=\"elementor-button-wrapper\">\n\t\t\t\t\t<a class=\"elementor-button elementor-button-link elementor-size-sm\" href=\"https:\/\/locsoftware.com\/fr\/\">\n\t\t\t\t\t\t<span class=\"elementor-button-content-wrapper\">\n\t\t\t\t\t\t\t\t\t<span class=\"elementor-button-text\">Explorer nos solutions<\/span>\n\t\t\t\t\t<\/span>\n\t\t\t\t\t<\/a>\n\t\t\t\t<\/div>\n\t\t\t\t\t\t\t\t<\/div>\n\t\t\t\t<\/div>\n\t\t\t\t\t<\/div>\n\t\t<\/div>\n\t\t\t\t\t<\/div>\n\t\t<\/section>\n\t\t\t\t<\/div>","protected":false},"excerpt":{"rendered":"<p>Merci Merci de l'int\u00e9r\u00eat que vous portez \u00e0 LOC ! Si vous avez demand\u00e9 une d\u00e9monstration ou pos\u00e9 une question, un expert LOC vous r\u00e9pondra rapidement. D\u00e9couvrez nos solutions<\/p>","protected":false},"author":1,"featured_media":0,"parent":0,"menu_order":0,"comment_status":"closed","ping_status":"closed","template":"elementor_header_footer","meta":{"footnotes":""},"class_list":["post-7531","page","type-page","status-publish","hentry"],"yoast_head":"<!-- This site is optimized with the Yoast SEO Premium plugin v27.4 (Yoast SEO v27.4) - https:\/\/yoast.com\/product\/yoast-seo-premium-wordpress\/ -->\n<title>Thank You for Requesting a Demo | LOC<\/title>\n<meta name=\"description\" content=\"The LOC Software team is available to answer your questions, provide information, and introduce you to our ThriVersA suite of products. Contact us today.\" \/>\n<meta name=\"robots\" content=\"index, follow, max-snippet:-1, max-image-preview:large, max-video-preview:-1\" \/>\n<link rel=\"canonical\" href=\"https:\/\/locsoftware.com\/fr\/demander-une-demo-merci\/\" \/>\n<meta property=\"og:locale\" content=\"fr_CA\" \/>\n<meta property=\"og:type\" content=\"article\" \/>\n<meta property=\"og:title\" content=\"Request a Demo Thank You\" \/>\n<meta property=\"og:description\" content=\"The LOC Software team is available to answer your questions, provide information, and introduce you to our ThriVersA suite of products. Contact us today.\" \/>\n<meta property=\"og:url\" content=\"https:\/\/locsoftware.com\/fr\/demander-une-demo-merci\/\" \/>\n<meta property=\"og:site_name\" content=\"LOC\" \/>\n<meta property=\"article:modified_time\" content=\"2025-06-03T14:42:40+00:00\" \/>\n<meta name=\"twitter:card\" content=\"summary_large_image\" \/>\n<meta name=\"twitter:label1\" content=\"Estimation du temps de lecture\" \/>\n\t<meta name=\"twitter:data1\" content=\"1 minute\" \/>\n<script type=\"application\/ld+json\" class=\"yoast-schema-graph\">{\"@context\":\"https:\\\/\\\/schema.org\",\"@graph\":[{\"@type\":\"WebPage\",\"@id\":\"https:\\\/\\\/locsoftware.com\\\/request-a-demo-thank-you\\\/\",\"url\":\"https:\\\/\\\/locsoftware.com\\\/request-a-demo-thank-you\\\/\",\"name\":\"Thank You for Requesting a Demo | LOC\",\"isPartOf\":{\"@id\":\"https:\\\/\\\/locsoftware.com\\\/#website\"},\"datePublished\":\"2024-05-16T18:15:31+00:00\",\"dateModified\":\"2025-06-03T14:42:40+00:00\",\"description\":\"The LOC Software team is available to answer your questions, provide information, and introduce you to our ThriVersA suite of products. Contact us today.\",\"breadcrumb\":{\"@id\":\"https:\\\/\\\/locsoftware.com\\\/request-a-demo-thank-you\\\/#breadcrumb\"},\"inLanguage\":\"fr-CA\",\"potentialAction\":[{\"@type\":\"ReadAction\",\"target\":[\"https:\\\/\\\/locsoftware.com\\\/request-a-demo-thank-you\\\/\"]}]},{\"@type\":\"BreadcrumbList\",\"@id\":\"https:\\\/\\\/locsoftware.com\\\/request-a-demo-thank-you\\\/#breadcrumb\",\"itemListElement\":[{\"@type\":\"ListItem\",\"position\":1,\"name\":\"Home\",\"item\":\"https:\\\/\\\/locsoftware.com\\\/\"},{\"@type\":\"ListItem\",\"position\":2,\"name\":\"Request a Demo Thank You\"}]},{\"@type\":\"WebSite\",\"@id\":\"https:\\\/\\\/locsoftware.com\\\/#website\",\"url\":\"https:\\\/\\\/locsoftware.com\\\/\",\"name\":\"LOC\",\"description\":\"Best-in-Class Retail Management Software\",\"publisher\":{\"@id\":\"https:\\\/\\\/locsoftware.com\\\/#organization\"},\"potentialAction\":[{\"@type\":\"SearchAction\",\"target\":{\"@type\":\"EntryPoint\",\"urlTemplate\":\"https:\\\/\\\/locsoftware.com\\\/?s={search_term_string}\"},\"query-input\":{\"@type\":\"PropertyValueSpecification\",\"valueRequired\":true,\"valueName\":\"search_term_string\"}}],\"inLanguage\":\"fr-CA\"},{\"@type\":\"Organization\",\"@id\":\"https:\\\/\\\/locsoftware.com\\\/#organization\",\"name\":\"Best-in-Class Retail Management Software\",\"url\":\"https:\\\/\\\/locsoftware.com\\\/\",\"logo\":{\"@type\":\"ImageObject\",\"inLanguage\":\"fr-CA\",\"@id\":\"https:\\\/\\\/locsoftware.com\\\/#\\\/schema\\\/logo\\\/image\\\/\",\"url\":\"\",\"contentUrl\":\"\",\"caption\":\"Best-in-Class Retail Management Software\"},\"image\":{\"@id\":\"https:\\\/\\\/locsoftware.com\\\/#\\\/schema\\\/logo\\\/image\\\/\"}}]}<\/script>\n<!-- \/ Yoast SEO Premium plugin. -->","yoast_head_json":{"title":"Merci d'avoir demand\u00e9 une d\u00e9monstration \u00e0 LOC","description":"L'\u00e9quipe de LOC est \u00e0 votre disposition pour r\u00e9pondre \u00e0 vos questions, vous fournir des informations et vous pr\u00e9senter notre suite de produits ThriVersA. Contactez-nous d\u00e8s aujourd'hui.","robots":{"index":"index","follow":"follow","max-snippet":"max-snippet:-1","max-image-preview":"max-image-preview:large","max-video-preview":"max-video-preview:-1"},"canonical":"https:\/\/locsoftware.com\/fr\/demander-une-demo-merci\/","og_locale":"fr_CA","og_type":"article","og_title":"Request a Demo Thank You","og_description":"The LOC Software team is available to answer your questions, provide information, and introduce you to our ThriVersA suite of products. Contact us today.","og_url":"https:\/\/locsoftware.com\/fr\/demander-une-demo-merci\/","og_site_name":"LOC","article_modified_time":"2025-06-03T14:42:40+00:00","twitter_card":"summary_large_image","twitter_misc":{"Estimation du temps de lecture":"1 minute"},"schema":{"@context":"https:\/\/schema.org","@graph":[{"@type":"WebPage","@id":"https:\/\/locsoftware.com\/request-a-demo-thank-you\/","url":"https:\/\/locsoftware.com\/request-a-demo-thank-you\/","name":"Merci d'avoir demand\u00e9 une d\u00e9monstration \u00e0 LOC","isPartOf":{"@id":"https:\/\/locsoftware.com\/#website"},"datePublished":"2024-05-16T18:15:31+00:00","dateModified":"2025-06-03T14:42:40+00:00","description":"L'\u00e9quipe de LOC est \u00e0 votre disposition pour r\u00e9pondre \u00e0 vos questions, vous fournir des informations et vous pr\u00e9senter notre suite de produits ThriVersA. Contactez-nous d\u00e8s aujourd'hui.","breadcrumb":{"@id":"https:\/\/locsoftware.com\/request-a-demo-thank-you\/#breadcrumb"},"inLanguage":"fr-CA","potentialAction":[{"@type":"ReadAction","target":["https:\/\/locsoftware.com\/request-a-demo-thank-you\/"]}]},{"@type":"BreadcrumbList","@id":"https:\/\/locsoftware.com\/request-a-demo-thank-you\/#breadcrumb","itemListElement":[{"@type":"ListItem","position":1,"name":"Home","item":"https:\/\/locsoftware.com\/"},{"@type":"ListItem","position":2,"name":"Request a Demo Thank You"}]},{"@type":"WebSite","@id":"https:\/\/locsoftware.com\/#website","url":"https:\/\/locsoftware.com\/","name":"LOC","description":"Les meilleurs logiciels de gestion de la vente au d\u00e9tail","publisher":{"@id":"https:\/\/locsoftware.com\/#organization"},"potentialAction":[{"@type":"SearchAction","target":{"@type":"EntryPoint","urlTemplate":"https:\/\/locsoftware.com\/?s={search_term_string}"},"query-input":{"@type":"PropertyValueSpecification","valueRequired":true,"valueName":"search_term_string"}}],"inLanguage":"fr-CA"},{"@type":"Organization","@id":"https:\/\/locsoftware.com\/#organization","name":"Les meilleurs logiciels de gestion de la vente au d\u00e9tail","url":"https:\/\/locsoftware.com\/","logo":{"@type":"ImageObject","inLanguage":"fr-CA","@id":"https:\/\/locsoftware.com\/#\/schema\/logo\/image\/","url":"","contentUrl":"","caption":"Best-in-Class Retail Management Software"},"image":{"@id":"https:\/\/locsoftware.com\/#\/schema\/logo\/image\/"}}]}},"_links":{"self":[{"href":"https:\/\/locsoftware.com\/fr\/wp-json\/wp\/v2\/pages\/7531","targetHints":{"allow":["GET"]}}],"collection":[{"href":"https:\/\/locsoftware.com\/fr\/wp-json\/wp\/v2\/pages"}],"about":[{"href":"https:\/\/locsoftware.com\/fr\/wp-json\/wp\/v2\/types\/page"}],"author":[{"embeddable":true,"href":"https:\/\/locsoftware.com\/fr\/wp-json\/wp\/v2\/users\/1"}],"replies":[{"embeddable":true,"href":"https:\/\/locsoftware.com\/fr\/wp-json\/wp\/v2\/comments?post=7531"}],"version-history":[{"count":5,"href":"https:\/\/locsoftware.com\/fr\/wp-json\/wp\/v2\/pages\/7531\/revisions"}],"predecessor-version":[{"id":8732,"href":"https:\/\/locsoftware.com\/fr\/wp-json\/wp\/v2\/pages\/7531\/revisions\/8732"}],"wp:attachment":[{"href":"https:\/\/locsoftware.com\/fr\/wp-json\/wp\/v2\/media?parent=7531"}],"curies":[{"name":"wp","href":"https:\/\/api.w.org\/{rel}","templated":true}]}}