{"id":8045,"date":"2024-08-29T15:53:56","date_gmt":"2024-08-29T15:53:56","guid":{"rendered":"https:\/\/locsoftware.com\/?page_id=8045"},"modified":"2025-10-16T08:01:18","modified_gmt":"2025-10-16T13:01:18","slug":"les-5-principales-solutions-technologiques-pour-lepicerie","status":"publish","type":"page","link":"https:\/\/locsoftware.com\/fr\/the-top-5-grocery-technology-solutions\/","title":{"rendered":"Les 5 meilleures solutions technologiques pour l'\u00e9picerie"},"content":{"rendered":"<div data-elementor-type=\"wp-page\" data-elementor-id=\"8045\" class=\"elementor elementor-8045\" data-elementor-post-type=\"page\">\n\t\t\t\t\t\t<section class=\"elementor-section elementor-top-section elementor-element elementor-element-3cbae21 elementor-section-content-top elementor-section-boxed elementor-section-height-default elementor-section-height-default\" data-id=\"3cbae21\" data-element_type=\"section\" data-e-type=\"section\" data-settings=\"{&quot;background_background&quot;:&quot;classic&quot;}\">\n\t\t\t\t\t\t<div class=\"elementor-container elementor-column-gap-wide\">\n\t\t\t\t\t<div class=\"elementor-column elementor-col-50 elementor-top-column elementor-element elementor-element-804ea45\" data-id=\"804ea45\" data-element_type=\"column\" data-e-type=\"column\">\n\t\t\t<div class=\"elementor-widget-wrap elementor-element-populated\">\n\t\t\t\t\t\t<div class=\"elementor-element elementor-element-c122d2f elementor-widget elementor-widget-heading\" data-id=\"c122d2f\" data-element_type=\"widget\" data-e-type=\"widget\" data-widget_type=\"heading.default\">\n\t\t\t\t<div class=\"elementor-widget-container\">\n\t\t\t\t\t<h1 class=\"elementor-heading-title elementor-size-default\">5 solutions technologiques pour l'\u00e9picerie dont vous avez besoin pour \u00eatre comp\u00e9titif<\/h1>\t\t\t\t<\/div>\n\t\t\t\t<\/div>\n\t\t\t\t<div class=\"elementor-element elementor-element-4ef0127 elementor-widget elementor-widget-heading\" data-id=\"4ef0127\" data-element_type=\"widget\" data-e-type=\"widget\" data-widget_type=\"heading.default\">\n\t\t\t\t<div class=\"elementor-widget-container\">\n\t\t\t\t\t<h3 class=\"elementor-heading-title elementor-size-default\">Votre technologie actuelle en mati\u00e8re d'\u00e9picerie vous aide-t-elle \u00e0 rester comp\u00e9titif ou vous emp\u00eache-t-elle d'avancer ?<\/h3>\t\t\t\t<\/div>\n\t\t\t\t<\/div>\n\t\t\t\t<div class=\"elementor-element elementor-element-a7b0e01 elementor-widget elementor-widget-text-editor\" data-id=\"a7b0e01\" data-element_type=\"widget\" data-e-type=\"widget\" data-widget_type=\"text-editor.default\">\n\t\t\t\t<div class=\"elementor-widget-container\">\n\t\t\t\t\t\t\t\t\t<p><span style=\"font-weight: 400;\">De l'augmentation des co\u00fbts et des d\u00e9fis de la cha\u00eene d'approvisionnement \u00e0 l'\u00e9volution des attentes des clients, le secteur de l'\u00e9picerie \u00e9volue rapidement. Pour prosp\u00e9rer, les \u00e9piciers ind\u00e9pendants ont besoin de solutions flexibles et pr\u00eates pour l'avenir, et non de syst\u00e8mes d\u00e9pass\u00e9s.<\/span><\/p>\t\t\t\t\t\t\t\t<\/div>\n\t\t\t\t<\/div>\n\t\t\t\t<div class=\"elementor-element elementor-element-bae9265 elementor-widget elementor-widget-text-editor\" data-id=\"bae9265\" data-element_type=\"widget\" data-e-type=\"widget\" data-widget_type=\"text-editor.default\">\n\t\t\t\t<div class=\"elementor-widget-container\">\n\t\t\t\t\t\t\t\t\t<p><b>Ce que vous apprendrez :<\/b><\/p><ul><li style=\"font-weight: 400;\" aria-level=\"1\"><span style=\"font-weight: 400;\">Comment les syst\u00e8mes bas\u00e9s sur l'informatique en nuage r\u00e9duisent les co\u00fbts et am\u00e9liorent l'agilit\u00e9<\/span><\/li><li style=\"font-weight: 400;\" aria-level=\"1\"><span style=\"font-weight: 400;\">Pourquoi les outils mobiles POS et de back-office sont essentiels pour les op\u00e9rations d'aujourd'hui<\/span><\/li><li style=\"font-weight: 400;\" aria-level=\"1\"><span style=\"font-weight: 400;\">Les dangers des syst\u00e8mes disparates - et les raisons pour lesquelles les plateformes configurables sont gagnantes<\/span><\/li><li style=\"font-weight: 400;\" aria-level=\"1\"><span style=\"font-weight: 400;\">Comment les API vous permettent d'int\u00e9grer les services demand\u00e9s par vos clients<\/span><\/li><li style=\"font-weight: 400;\" aria-level=\"1\"><span style=\"font-weight: 400;\">Des moyens plus intelligents pour g\u00e9rer les stocks, les fournisseurs et l'espace de stockage<\/span><\/li><\/ul>\t\t\t\t\t\t\t\t<\/div>\n\t\t\t\t<\/div>\n\t\t\t\t<div class=\"elementor-element elementor-element-0d3cfd3 elementor-widget elementor-widget-text-editor\" data-id=\"0d3cfd3\" data-element_type=\"widget\" data-e-type=\"widget\" data-widget_type=\"text-editor.default\">\n\t\t\t\t<div class=\"elementor-widget-container\">\n\t\t\t\t\t\t\t\t\t<p><span style=\"font-weight: 400;\">Que vous g\u00e9riez un seul ou plusieurs magasins, la technologie appropri\u00e9e vous aidera \u00e0 accro\u00eetre votre efficacit\u00e9, \u00e0 contr\u00f4ler vos co\u00fbts et \u00e0 am\u00e9liorer l'exp\u00e9rience de vos clients. T\u00e9l\u00e9chargez notre eBook gratuit et commencez d\u00e8s aujourd'hui \u00e0 construire une \u00e9picerie plus intelligente et plus \u00e9volutive.<\/span><\/p>\t\t\t\t\t\t\t\t<\/div>\n\t\t\t\t<\/div>\n\t\t\t\t<div class=\"elementor-element elementor-element-4c62cf3 elementor-widget elementor-widget-image\" data-id=\"4c62cf3\" data-element_type=\"widget\" data-e-type=\"widget\" data-widget_type=\"image.default\">\n\t\t\t\t<div class=\"elementor-widget-container\">\n\t\t\t\t\t\t\t\t\t\t\t\t\t\t\t<img fetchpriority=\"high\" decoding=\"async\" width=\"280\" height=\"350\" src=\"https:\/\/locsoftware.com\/wp-content\/uploads\/2024\/09\/LOC_5-Grocery-Technology-Solutions_mockup-1.png\" class=\"attachment-full size-full wp-image-8111\" alt=\"5 solutions technologiques pour l&#039;\u00e9picerie dont vous avez besoin pour \u00eatre comp\u00e9titif\" srcset=\"https:\/\/locsoftware.com\/wp-content\/uploads\/2024\/09\/LOC_5-Grocery-Technology-Solutions_mockup-1.png 280w, https:\/\/locsoftware.com\/wp-content\/uploads\/2024\/09\/LOC_5-Grocery-Technology-Solutions_mockup-1-240x300.png 240w, https:\/\/locsoftware.com\/wp-content\/uploads\/2024\/09\/LOC_5-Grocery-Technology-Solutions_mockup-1-10x12.png 10w\" sizes=\"(max-width: 280px) 100vw, 280px\" \/>\t\t\t\t\t\t\t\t\t\t\t\t\t\t\t<\/div>\n\t\t\t\t<\/div>\n\t\t\t\t\t<\/div>\n\t\t<\/div>\n\t\t\t\t<div class=\"elementor-column elementor-col-50 elementor-top-column elementor-element elementor-element-97e03ff\" data-id=\"97e03ff\" data-element_type=\"column\" data-e-type=\"column\">\n\t\t\t<div class=\"elementor-widget-wrap elementor-element-populated\">\n\t\t\t\t\t\t<div class=\"elementor-element elementor-element-521c0db elementor-widget elementor-widget-heading\" data-id=\"521c0db\" data-element_type=\"widget\" data-e-type=\"widget\" data-widget_type=\"heading.default\">\n\t\t\t\t<div class=\"elementor-widget-container\">\n\t\t\t\t\t<h2 class=\"elementor-heading-title elementor-size-default\">Remplissez ce formulaire pour obtenir votre exemplaire gratuit d\u00e8s aujourd\u2019hui<\/h2>\t\t\t\t<\/div>\n\t\t\t\t<\/div>\n\t\t\t\t<div class=\"elementor-element elementor-element-81b7acb elementor-widget elementor-widget-html\" data-id=\"81b7acb\" data-element_type=\"widget\" data-e-type=\"widget\" data-widget_type=\"html.default\">\n\t\t\t\t<div class=\"elementor-widget-container\">\n\t\t\t\t\t<script src=\"https:\/\/js.hsforms.net\/forms\/embed\/48452317.js\" defer><\/script>\r\n<div class=\"hs-form-frame\" data-region=\"na1\" data-form-id=\"0c958673-0d5d-4a77-aa37-cbb895312102\" data-portal-id=\"48452317\"><\/div>\t\t\t\t<\/div>\n\t\t\t\t<\/div>\n\t\t\t\t\t<\/div>\n\t\t<\/div>\n\t\t\t\t\t<\/div>\n\t\t<\/section>\n\t\t\t\t<\/div>","protected":false},"excerpt":{"rendered":"<p>5 solutions technologiques pour l'\u00e9picerie dont vous avez besoin pour \u00eatre comp\u00e9titif Votre technologie actuelle en mati\u00e8re d'\u00e9picerie vous aide-t-elle \u00e0 rester comp\u00e9titif - ou vous emp\u00eache-t-elle de l'\u00eatre ? De l'augmentation des co\u00fbts et des d\u00e9fis de la cha\u00eene d'approvisionnement \u00e0 l'\u00e9volution des attentes des clients, l'industrie de l'\u00e9picerie change rapidement. Pour prosp\u00e9rer, les \u00e9piciers ind\u00e9pendants ont besoin de solutions flexibles et pr\u00eates pour l'avenir, et non de syst\u00e8mes d\u00e9pass\u00e9s. Ce que vous...<\/p>","protected":false},"author":1,"featured_media":0,"parent":0,"menu_order":30,"comment_status":"closed","ping_status":"closed","template":"elementor_header_footer","meta":{"footnotes":""},"class_list":["post-8045","page","type-page","status-publish","hentry"],"yoast_head":"<!-- This site is optimized with the Yoast SEO Premium plugin v27.4 (Yoast SEO v27.4) - https:\/\/yoast.com\/product\/yoast-seo-premium-wordpress\/ -->\n<title>Boost Revenue With Top Grocery Technology Solutions | LOC<\/title>\n<meta name=\"description\" content=\"Discover the top 5 grocery technologies that can help your business stay competitive, boost revenue, and streamline operations. Download our ebook today to get tips and advice!\" \/>\n<meta name=\"robots\" content=\"index, follow, max-snippet:-1, max-image-preview:large, max-video-preview:-1\" \/>\n<link rel=\"canonical\" href=\"https:\/\/locsoftware.com\/fr\/les-5-principales-solutions-technologiques-pour-lepicerie\/\" \/>\n<meta property=\"og:locale\" content=\"fr_CA\" \/>\n<meta property=\"og:type\" content=\"article\" \/>\n<meta property=\"og:title\" content=\"The Top 5 Grocery Technology Solutions\" \/>\n<meta property=\"og:description\" content=\"Discover the top 5 grocery technologies that can help your business stay competitive, boost revenue, and streamline operations. Download our ebook today to get tips and advice!\" \/>\n<meta property=\"og:url\" content=\"https:\/\/locsoftware.com\/fr\/les-5-principales-solutions-technologiques-pour-lepicerie\/\" \/>\n<meta property=\"og:site_name\" content=\"LOC\" \/>\n<meta property=\"article:modified_time\" content=\"2025-10-16T13:01:18+00:00\" \/>\n<meta property=\"og:image\" content=\"https:\/\/locsoftware.com\/wp-content\/uploads\/2024\/09\/LOC_5-Grocery-Technology-Solutions_mockup-1.png\" \/>\n\t<meta property=\"og:image:width\" content=\"280\" \/>\n\t<meta property=\"og:image:height\" content=\"350\" \/>\n\t<meta property=\"og:image:type\" content=\"image\/png\" \/>\n<meta name=\"twitter:card\" content=\"summary_large_image\" \/>\n<meta name=\"twitter:label1\" content=\"Estimation du temps de lecture\" \/>\n\t<meta name=\"twitter:data1\" content=\"3 minutes\" \/>\n<script type=\"application\/ld+json\" class=\"yoast-schema-graph\">{\"@context\":\"https:\\\/\\\/schema.org\",\"@graph\":[{\"@type\":\"WebPage\",\"@id\":\"https:\\\/\\\/locsoftware.com\\\/the-top-5-grocery-technology-solutions\\\/\",\"url\":\"https:\\\/\\\/locsoftware.com\\\/the-top-5-grocery-technology-solutions\\\/\",\"name\":\"Boost Revenue With Top Grocery Technology Solutions | LOC\",\"isPartOf\":{\"@id\":\"https:\\\/\\\/locsoftware.com\\\/#website\"},\"primaryImageOfPage\":{\"@id\":\"https:\\\/\\\/locsoftware.com\\\/the-top-5-grocery-technology-solutions\\\/#primaryimage\"},\"image\":{\"@id\":\"https:\\\/\\\/locsoftware.com\\\/the-top-5-grocery-technology-solutions\\\/#primaryimage\"},\"thumbnailUrl\":\"https:\\\/\\\/locsoftware.com\\\/wp-content\\\/uploads\\\/2024\\\/09\\\/LOC_5-Grocery-Technology-Solutions_mockup-1.png\",\"datePublished\":\"2024-08-29T15:53:56+00:00\",\"dateModified\":\"2025-10-16T13:01:18+00:00\",\"description\":\"Discover the top 5 grocery technologies that can help your business stay competitive, boost revenue, and streamline operations. Download our ebook today to get tips and advice!\",\"breadcrumb\":{\"@id\":\"https:\\\/\\\/locsoftware.com\\\/the-top-5-grocery-technology-solutions\\\/#breadcrumb\"},\"inLanguage\":\"fr-CA\",\"potentialAction\":[{\"@type\":\"ReadAction\",\"target\":[\"https:\\\/\\\/locsoftware.com\\\/the-top-5-grocery-technology-solutions\\\/\"]}]},{\"@type\":\"ImageObject\",\"inLanguage\":\"fr-CA\",\"@id\":\"https:\\\/\\\/locsoftware.com\\\/the-top-5-grocery-technology-solutions\\\/#primaryimage\",\"url\":\"https:\\\/\\\/locsoftware.com\\\/wp-content\\\/uploads\\\/2024\\\/09\\\/LOC_5-Grocery-Technology-Solutions_mockup-1.png\",\"contentUrl\":\"https:\\\/\\\/locsoftware.com\\\/wp-content\\\/uploads\\\/2024\\\/09\\\/LOC_5-Grocery-Technology-Solutions_mockup-1.png\"},{\"@type\":\"BreadcrumbList\",\"@id\":\"https:\\\/\\\/locsoftware.com\\\/the-top-5-grocery-technology-solutions\\\/#breadcrumb\",\"itemListElement\":[{\"@type\":\"ListItem\",\"position\":1,\"name\":\"Home\",\"item\":\"https:\\\/\\\/locsoftware.com\\\/\"},{\"@type\":\"ListItem\",\"position\":2,\"name\":\"The Top 5 Grocery Technology Solutions\"}]},{\"@type\":\"WebSite\",\"@id\":\"https:\\\/\\\/locsoftware.com\\\/#website\",\"url\":\"https:\\\/\\\/locsoftware.com\\\/\",\"name\":\"LOC\",\"description\":\"Best-in-Class Retail Management Software\",\"publisher\":{\"@id\":\"https:\\\/\\\/locsoftware.com\\\/#organization\"},\"potentialAction\":[{\"@type\":\"SearchAction\",\"target\":{\"@type\":\"EntryPoint\",\"urlTemplate\":\"https:\\\/\\\/locsoftware.com\\\/?s={search_term_string}\"},\"query-input\":{\"@type\":\"PropertyValueSpecification\",\"valueRequired\":true,\"valueName\":\"search_term_string\"}}],\"inLanguage\":\"fr-CA\"},{\"@type\":\"Organization\",\"@id\":\"https:\\\/\\\/locsoftware.com\\\/#organization\",\"name\":\"Best-in-Class Retail Management Software\",\"url\":\"https:\\\/\\\/locsoftware.com\\\/\",\"logo\":{\"@type\":\"ImageObject\",\"inLanguage\":\"fr-CA\",\"@id\":\"https:\\\/\\\/locsoftware.com\\\/#\\\/schema\\\/logo\\\/image\\\/\",\"url\":\"\",\"contentUrl\":\"\",\"caption\":\"Best-in-Class Retail Management Software\"},\"image\":{\"@id\":\"https:\\\/\\\/locsoftware.com\\\/#\\\/schema\\\/logo\\\/image\\\/\"}}]}<\/script>\n<!-- \/ Yoast SEO Premium plugin. -->","yoast_head_json":{"title":"Les solutions technologiques de l'\u00e9picerie au service de la croissance du chiffre d'affaires | LOC","description":"D\u00e9couvrez les cinq principales technologies de l'\u00e9picerie qui peuvent aider votre entreprise \u00e0 rester comp\u00e9titive, \u00e0 augmenter son chiffre d'affaires et \u00e0 rationaliser ses op\u00e9rations. T\u00e9l\u00e9chargez notre ebook d\u00e8s aujourd'hui pour obtenir des astuces et des conseils !","robots":{"index":"index","follow":"follow","max-snippet":"max-snippet:-1","max-image-preview":"max-image-preview:large","max-video-preview":"max-video-preview:-1"},"canonical":"https:\/\/locsoftware.com\/fr\/les-5-principales-solutions-technologiques-pour-lepicerie\/","og_locale":"fr_CA","og_type":"article","og_title":"The Top 5 Grocery Technology Solutions","og_description":"Discover the top 5 grocery technologies that can help your business stay competitive, boost revenue, and streamline operations. Download our ebook today to get tips and advice!","og_url":"https:\/\/locsoftware.com\/fr\/les-5-principales-solutions-technologiques-pour-lepicerie\/","og_site_name":"LOC","article_modified_time":"2025-10-16T13:01:18+00:00","og_image":[{"width":280,"height":350,"url":"https:\/\/locsoftware.com\/wp-content\/uploads\/2024\/09\/LOC_5-Grocery-Technology-Solutions_mockup-1.png","type":"image\/png"}],"twitter_card":"summary_large_image","twitter_misc":{"Estimation du temps de lecture":"3 minutes"},"schema":{"@context":"https:\/\/schema.org","@graph":[{"@type":"WebPage","@id":"https:\/\/locsoftware.com\/the-top-5-grocery-technology-solutions\/","url":"https:\/\/locsoftware.com\/the-top-5-grocery-technology-solutions\/","name":"Les solutions technologiques de l'\u00e9picerie au service de la croissance du chiffre d'affaires | LOC","isPartOf":{"@id":"https:\/\/locsoftware.com\/#website"},"primaryImageOfPage":{"@id":"https:\/\/locsoftware.com\/the-top-5-grocery-technology-solutions\/#primaryimage"},"image":{"@id":"https:\/\/locsoftware.com\/the-top-5-grocery-technology-solutions\/#primaryimage"},"thumbnailUrl":"https:\/\/locsoftware.com\/wp-content\/uploads\/2024\/09\/LOC_5-Grocery-Technology-Solutions_mockup-1.png","datePublished":"2024-08-29T15:53:56+00:00","dateModified":"2025-10-16T13:01:18+00:00","description":"D\u00e9couvrez les cinq principales technologies de l'\u00e9picerie qui peuvent aider votre entreprise \u00e0 rester comp\u00e9titive, \u00e0 augmenter son chiffre d'affaires et \u00e0 rationaliser ses op\u00e9rations. T\u00e9l\u00e9chargez notre ebook d\u00e8s aujourd'hui pour obtenir des astuces et des conseils !","breadcrumb":{"@id":"https:\/\/locsoftware.com\/the-top-5-grocery-technology-solutions\/#breadcrumb"},"inLanguage":"fr-CA","potentialAction":[{"@type":"ReadAction","target":["https:\/\/locsoftware.com\/the-top-5-grocery-technology-solutions\/"]}]},{"@type":"ImageObject","inLanguage":"fr-CA","@id":"https:\/\/locsoftware.com\/the-top-5-grocery-technology-solutions\/#primaryimage","url":"https:\/\/locsoftware.com\/wp-content\/uploads\/2024\/09\/LOC_5-Grocery-Technology-Solutions_mockup-1.png","contentUrl":"https:\/\/locsoftware.com\/wp-content\/uploads\/2024\/09\/LOC_5-Grocery-Technology-Solutions_mockup-1.png"},{"@type":"BreadcrumbList","@id":"https:\/\/locsoftware.com\/the-top-5-grocery-technology-solutions\/#breadcrumb","itemListElement":[{"@type":"ListItem","position":1,"name":"Home","item":"https:\/\/locsoftware.com\/"},{"@type":"ListItem","position":2,"name":"The Top 5 Grocery Technology Solutions"}]},{"@type":"WebSite","@id":"https:\/\/locsoftware.com\/#website","url":"https:\/\/locsoftware.com\/","name":"LOC","description":"Les meilleurs logiciels de gestion de la vente au d\u00e9tail","publisher":{"@id":"https:\/\/locsoftware.com\/#organization"},"potentialAction":[{"@type":"SearchAction","target":{"@type":"EntryPoint","urlTemplate":"https:\/\/locsoftware.com\/?s={search_term_string}"},"query-input":{"@type":"PropertyValueSpecification","valueRequired":true,"valueName":"search_term_string"}}],"inLanguage":"fr-CA"},{"@type":"Organization","@id":"https:\/\/locsoftware.com\/#organization","name":"Les meilleurs logiciels de gestion de la vente au d\u00e9tail","url":"https:\/\/locsoftware.com\/","logo":{"@type":"ImageObject","inLanguage":"fr-CA","@id":"https:\/\/locsoftware.com\/#\/schema\/logo\/image\/","url":"","contentUrl":"","caption":"Best-in-Class Retail Management Software"},"image":{"@id":"https:\/\/locsoftware.com\/#\/schema\/logo\/image\/"}}]}},"_links":{"self":[{"href":"https:\/\/locsoftware.com\/fr\/wp-json\/wp\/v2\/pages\/8045","targetHints":{"allow":["GET"]}}],"collection":[{"href":"https:\/\/locsoftware.com\/fr\/wp-json\/wp\/v2\/pages"}],"about":[{"href":"https:\/\/locsoftware.com\/fr\/wp-json\/wp\/v2\/types\/page"}],"author":[{"embeddable":true,"href":"https:\/\/locsoftware.com\/fr\/wp-json\/wp\/v2\/users\/1"}],"replies":[{"embeddable":true,"href":"https:\/\/locsoftware.com\/fr\/wp-json\/wp\/v2\/comments?post=8045"}],"version-history":[{"count":5,"href":"https:\/\/locsoftware.com\/fr\/wp-json\/wp\/v2\/pages\/8045\/revisions"}],"predecessor-version":[{"id":9366,"href":"https:\/\/locsoftware.com\/fr\/wp-json\/wp\/v2\/pages\/8045\/revisions\/9366"}],"wp:attachment":[{"href":"https:\/\/locsoftware.com\/fr\/wp-json\/wp\/v2\/media?parent=8045"}],"curies":[{"name":"wp","href":"https:\/\/api.w.org\/{rel}","templated":true}]}}