{"id":8280,"date":"2024-12-18T16:52:46","date_gmt":"2024-12-18T16:52:46","guid":{"rendered":"https:\/\/locsoftware.com\/?page_id=8280"},"modified":"2025-10-16T08:07:15","modified_gmt":"2025-10-16T13:07:15","slug":"avantages-dun-logiciel-pour-locataires-multiples","status":"publish","type":"page","link":"https:\/\/locsoftware.com\/fr\/benefits-of-multi-tenant-software\/","title":{"rendered":"Avantages des logiciels multilocataires"},"content":{"rendered":"<div data-elementor-type=\"wp-page\" data-elementor-id=\"8280\" class=\"elementor elementor-8280\" data-elementor-post-type=\"page\">\n\t\t\t\t\t\t<section class=\"elementor-section elementor-top-section elementor-element elementor-element-2915f74 elementor-section-content-top elementor-section-boxed elementor-section-height-default elementor-section-height-default\" data-id=\"2915f74\" data-element_type=\"section\" data-e-type=\"section\" data-settings=\"{&quot;background_background&quot;:&quot;classic&quot;}\">\n\t\t\t\t\t\t<div class=\"elementor-container elementor-column-gap-wide\">\n\t\t\t\t\t<div class=\"elementor-column elementor-col-50 elementor-top-column elementor-element elementor-element-c81c232\" data-id=\"c81c232\" data-element_type=\"column\" data-e-type=\"column\">\n\t\t\t<div class=\"elementor-widget-wrap elementor-element-populated\">\n\t\t\t\t\t\t<div class=\"elementor-element elementor-element-58806f7 elementor-widget elementor-widget-heading\" data-id=\"58806f7\" data-element_type=\"widget\" data-e-type=\"widget\" data-widget_type=\"heading.default\">\n\t\t\t\t<div class=\"elementor-widget-container\">\n\t\t\t\t\t<h1 class=\"elementor-heading-title elementor-size-default\">Les avantages de la transformation de votre entreprise gr\u00e2ce aux logiciels multilocataires<\/h1>\t\t\t\t<\/div>\n\t\t\t\t<\/div>\n\t\t\t\t<div class=\"elementor-element elementor-element-34a6ec7 elementor-widget elementor-widget-heading\" data-id=\"34a6ec7\" data-element_type=\"widget\" data-e-type=\"widget\" data-widget_type=\"heading.default\">\n\t\t\t\t<div class=\"elementor-widget-container\">\n\t\t\t\t\t<h3 class=\"elementor-heading-title elementor-size-default\">Unifier les op\u00e9rations. R\u00e9duire la complexit\u00e9. \u00c9voluer plus intelligemment.<\/h3>\t\t\t\t<\/div>\n\t\t\t\t<\/div>\n\t\t\t\t<div class=\"elementor-element elementor-element-76a61eb elementor-widget elementor-widget-text-editor\" data-id=\"76a61eb\" data-element_type=\"widget\" data-e-type=\"widget\" data-widget_type=\"text-editor.default\">\n\t\t\t\t<div class=\"elementor-widget-container\">\n\t\t\t\t\t\t\t\t\t<p><span style=\"font-weight: 400;\">G\u00e9rer plusieurs magasins ne devrait pas signifier dupliquer les syst\u00e8mes, synchroniser les donn\u00e9es entre les sites ou maintenir une infrastructure co\u00fbteuse. Avec les logiciels multi-locataires de LOC, les d\u00e9taillants et les \u00e9piciers peuvent centraliser le contr\u00f4le, rationaliser les op\u00e9rations et r\u00e9duire les co\u00fbts informatiques, tout en conservant la flexibilit\u00e9 n\u00e9cessaire pour r\u00e9pondre aux besoins locaux.<\/span><\/p>\t\t\t\t\t\t\t\t<\/div>\n\t\t\t\t<\/div>\n\t\t\t\t<div class=\"elementor-element elementor-element-a2cb552 elementor-widget elementor-widget-text-editor\" data-id=\"a2cb552\" data-element_type=\"widget\" data-e-type=\"widget\" data-widget_type=\"text-editor.default\">\n\t\t\t\t<div class=\"elementor-widget-container\">\n\t\t\t\t\t\t\t\t\t<p><b>Ce que vous apprendrez :<\/b><\/p><ul><li style=\"font-weight: 400;\" aria-level=\"1\"><span style=\"font-weight: 400;\">Pourquoi les logiciels multi-locataires sont-ils plus performants que les syst\u00e8mes d'entreprise traditionnels ?\u00a0<\/span><\/li><li style=\"font-weight: 400;\" aria-level=\"1\"><span style=\"font-weight: 400;\">Comment g\u00e9rer tous les magasins \u00e0 partir d'une plateforme centralis\u00e9e sans perdre la flexibilit\u00e9 locale ?<\/span><\/li><li style=\"font-weight: 400;\" aria-level=\"1\"><span style=\"font-weight: 400;\">Moyens de r\u00e9duire les co\u00fbts d'infrastructure, de maintenance et de mat\u00e9riel informatique dans l'ensemble de l'entreprise\u00a0<\/span><\/li><li style=\"font-weight: 400;\" aria-level=\"1\"><span style=\"font-weight: 400;\">Comment am\u00e9liorer la gestion des achats et des stocks gr\u00e2ce \u00e0 l'acc\u00e8s aux donn\u00e9es en temps r\u00e9el ?<\/span><\/li><li style=\"font-weight: 400;\" aria-level=\"1\"><span style=\"font-weight: 400;\">Fonctionnalit\u00e9s permettant d'accorder l'acc\u00e8s \u00e0 des magasins individuels tout en prot\u00e9geant les donn\u00e9es de l'entreprise<\/span><\/li><\/ul>\t\t\t\t\t\t\t\t<\/div>\n\t\t\t\t<\/div>\n\t\t\t\t<div class=\"elementor-element elementor-element-b221dfb elementor-widget elementor-widget-text-editor\" data-id=\"b221dfb\" data-element_type=\"widget\" data-e-type=\"widget\" data-widget_type=\"text-editor.default\">\n\t\t\t\t<div class=\"elementor-widget-container\">\n\t\t\t\t\t\t\t\t\tQue vous supervisiez 5 magasins ou 500, les logiciels multi-locataires sont la cl\u00e9 pour transformer des op\u00e9rations d\u00e9connect\u00e9es en une entreprise unifi\u00e9e et agile, sans compromettre les performances, la s\u00e9curit\u00e9 ou l'exp\u00e9rience utilisateur.\t\t\t\t\t\t\t\t<\/div>\n\t\t\t\t<\/div>\n\t\t\t\t<div class=\"elementor-element elementor-element-cc33b85 elementor-widget elementor-widget-image\" data-id=\"cc33b85\" data-element_type=\"widget\" data-e-type=\"widget\" data-widget_type=\"image.default\">\n\t\t\t\t<div class=\"elementor-widget-container\">\n\t\t\t\t\t\t\t\t\t\t\t\t\t\t\t<img fetchpriority=\"high\" decoding=\"async\" width=\"280\" height=\"350\" src=\"https:\/\/locsoftware.com\/wp-content\/uploads\/2024\/12\/LOC_Multi-Tenant-Software_mockup.png\" class=\"attachment-full size-full wp-image-8317\" alt=\"Maquette d&#039;un logiciel multi-locataires\" srcset=\"https:\/\/locsoftware.com\/wp-content\/uploads\/2024\/12\/LOC_Multi-Tenant-Software_mockup.png 280w, https:\/\/locsoftware.com\/wp-content\/uploads\/2024\/12\/LOC_Multi-Tenant-Software_mockup-240x300.png 240w, https:\/\/locsoftware.com\/wp-content\/uploads\/2024\/12\/LOC_Multi-Tenant-Software_mockup-10x12.png 10w\" sizes=\"(max-width: 280px) 100vw, 280px\" \/>\t\t\t\t\t\t\t\t\t\t\t\t\t\t\t<\/div>\n\t\t\t\t<\/div>\n\t\t\t\t\t<\/div>\n\t\t<\/div>\n\t\t\t\t<div class=\"elementor-column elementor-col-50 elementor-top-column elementor-element elementor-element-00d834e\" data-id=\"00d834e\" data-element_type=\"column\" data-e-type=\"column\">\n\t\t\t<div class=\"elementor-widget-wrap elementor-element-populated\">\n\t\t\t\t\t\t<div class=\"elementor-element elementor-element-5b4d5ba elementor-widget elementor-widget-heading\" data-id=\"5b4d5ba\" data-element_type=\"widget\" data-e-type=\"widget\" data-widget_type=\"heading.default\">\n\t\t\t\t<div class=\"elementor-widget-container\">\n\t\t\t\t\t<h2 class=\"elementor-heading-title elementor-size-default\">Remplissez ce formulaire pour obtenir votre exemplaire gratuit d\u00e8s aujourd\u2019hui<\/h2>\t\t\t\t<\/div>\n\t\t\t\t<\/div>\n\t\t\t\t<div class=\"elementor-element elementor-element-a1048cd elementor-widget elementor-widget-html\" data-id=\"a1048cd\" data-element_type=\"widget\" data-e-type=\"widget\" data-widget_type=\"html.default\">\n\t\t\t\t<div class=\"elementor-widget-container\">\n\t\t\t\t\t<script src=\"https:\/\/js.hsforms.net\/forms\/embed\/48452317.js\" defer><\/script>\r\n<div class=\"hs-form-frame\" data-region=\"na1\" data-form-id=\"37b40af0-e658-4481-8347-ce13676953cc\" data-portal-id=\"48452317\"><\/div>\t\t\t\t<\/div>\n\t\t\t\t<\/div>\n\t\t\t\t\t<\/div>\n\t\t<\/div>\n\t\t\t\t\t<\/div>\n\t\t<\/section>\n\t\t\t\t<\/div>","protected":false},"excerpt":{"rendered":"<p>Les avantages de la transformation de votre entreprise gr\u00e2ce aux logiciels multi-locataires Unifier les op\u00e9rations. R\u00e9duire la complexit\u00e9. \u00c9voluez plus intelligemment. G\u00e9rer plusieurs magasins ne devrait pas signifier dupliquer les syst\u00e8mes, synchroniser les donn\u00e9es entre les sites ou maintenir une infrastructure co\u00fbteuse. Avec les logiciels multi-locataires de LOC, les d\u00e9taillants et les \u00e9piciers peuvent centraliser le contr\u00f4le, rationaliser les op\u00e9rations et r\u00e9duire les co\u00fbts informatiques, tout en conservant la flexibilit\u00e9...<\/p>","protected":false},"author":1,"featured_media":0,"parent":0,"menu_order":30,"comment_status":"closed","ping_status":"closed","template":"elementor_header_footer","meta":{"footnotes":""},"class_list":["post-8280","page","type-page","status-publish","hentry"],"yoast_head":"<!-- This site is optimized with the Yoast SEO Premium plugin v27.4 (Yoast SEO v27.4) - https:\/\/yoast.com\/product\/yoast-seo-premium-wordpress\/ -->\n<title>Transform Your Business with Multi-Tenant Software | LOC<\/title>\n<meta name=\"description\" content=\"Discover the power of LOC Software&#039;s multi-tenant software, delivering unmatched benefits to enterprise retailers and grocers.\" \/>\n<meta name=\"robots\" content=\"index, follow, max-snippet:-1, max-image-preview:large, max-video-preview:-1\" \/>\n<link rel=\"canonical\" href=\"https:\/\/locsoftware.com\/fr\/avantages-dun-logiciel-pour-locataires-multiples\/\" \/>\n<meta property=\"og:locale\" content=\"fr_CA\" \/>\n<meta property=\"og:type\" content=\"article\" \/>\n<meta property=\"og:title\" content=\"Benefits of Multi-Tenant Software\" \/>\n<meta property=\"og:description\" content=\"Discover the power of LOC Software&#039;s multi-tenant software, delivering unmatched benefits to enterprise retailers and grocers.\" \/>\n<meta property=\"og:url\" content=\"https:\/\/locsoftware.com\/fr\/avantages-dun-logiciel-pour-locataires-multiples\/\" \/>\n<meta property=\"og:site_name\" content=\"LOC\" \/>\n<meta property=\"article:modified_time\" content=\"2025-10-16T13:07:15+00:00\" \/>\n<meta property=\"og:image\" content=\"https:\/\/locsoftware.com\/wp-content\/uploads\/2024\/12\/LOC_Multi-Tenant-Software_mockup.png\" \/>\n\t<meta property=\"og:image:width\" content=\"280\" \/>\n\t<meta property=\"og:image:height\" content=\"350\" \/>\n\t<meta property=\"og:image:type\" content=\"image\/png\" \/>\n<meta name=\"twitter:card\" content=\"summary_large_image\" \/>\n<meta name=\"twitter:label1\" content=\"Estimation du temps de lecture\" \/>\n\t<meta name=\"twitter:data1\" content=\"3 minutes\" \/>\n<script type=\"application\/ld+json\" class=\"yoast-schema-graph\">{\"@context\":\"https:\\\/\\\/schema.org\",\"@graph\":[{\"@type\":\"WebPage\",\"@id\":\"https:\\\/\\\/locsoftware.com\\\/benefits-of-multi-tenant-software\\\/\",\"url\":\"https:\\\/\\\/locsoftware.com\\\/benefits-of-multi-tenant-software\\\/\",\"name\":\"Transform Your Business with Multi-Tenant Software | LOC\",\"isPartOf\":{\"@id\":\"https:\\\/\\\/locsoftware.com\\\/#website\"},\"primaryImageOfPage\":{\"@id\":\"https:\\\/\\\/locsoftware.com\\\/benefits-of-multi-tenant-software\\\/#primaryimage\"},\"image\":{\"@id\":\"https:\\\/\\\/locsoftware.com\\\/benefits-of-multi-tenant-software\\\/#primaryimage\"},\"thumbnailUrl\":\"https:\\\/\\\/locsoftware.com\\\/wp-content\\\/uploads\\\/2024\\\/12\\\/LOC_Multi-Tenant-Software_mockup.png\",\"datePublished\":\"2024-12-18T16:52:46+00:00\",\"dateModified\":\"2025-10-16T13:07:15+00:00\",\"description\":\"Discover the power of LOC Software's multi-tenant software, delivering unmatched benefits to enterprise retailers and grocers.\",\"breadcrumb\":{\"@id\":\"https:\\\/\\\/locsoftware.com\\\/benefits-of-multi-tenant-software\\\/#breadcrumb\"},\"inLanguage\":\"fr-CA\",\"potentialAction\":[{\"@type\":\"ReadAction\",\"target\":[\"https:\\\/\\\/locsoftware.com\\\/benefits-of-multi-tenant-software\\\/\"]}]},{\"@type\":\"ImageObject\",\"inLanguage\":\"fr-CA\",\"@id\":\"https:\\\/\\\/locsoftware.com\\\/benefits-of-multi-tenant-software\\\/#primaryimage\",\"url\":\"https:\\\/\\\/locsoftware.com\\\/wp-content\\\/uploads\\\/2024\\\/12\\\/LOC_Multi-Tenant-Software_mockup.png\",\"contentUrl\":\"https:\\\/\\\/locsoftware.com\\\/wp-content\\\/uploads\\\/2024\\\/12\\\/LOC_Multi-Tenant-Software_mockup.png\"},{\"@type\":\"BreadcrumbList\",\"@id\":\"https:\\\/\\\/locsoftware.com\\\/benefits-of-multi-tenant-software\\\/#breadcrumb\",\"itemListElement\":[{\"@type\":\"ListItem\",\"position\":1,\"name\":\"Home\",\"item\":\"https:\\\/\\\/locsoftware.com\\\/\"},{\"@type\":\"ListItem\",\"position\":2,\"name\":\"Benefits of Multi-Tenant Software\"}]},{\"@type\":\"WebSite\",\"@id\":\"https:\\\/\\\/locsoftware.com\\\/#website\",\"url\":\"https:\\\/\\\/locsoftware.com\\\/\",\"name\":\"LOC\",\"description\":\"Best-in-Class Retail Management Software\",\"publisher\":{\"@id\":\"https:\\\/\\\/locsoftware.com\\\/#organization\"},\"potentialAction\":[{\"@type\":\"SearchAction\",\"target\":{\"@type\":\"EntryPoint\",\"urlTemplate\":\"https:\\\/\\\/locsoftware.com\\\/?s={search_term_string}\"},\"query-input\":{\"@type\":\"PropertyValueSpecification\",\"valueRequired\":true,\"valueName\":\"search_term_string\"}}],\"inLanguage\":\"fr-CA\"},{\"@type\":\"Organization\",\"@id\":\"https:\\\/\\\/locsoftware.com\\\/#organization\",\"name\":\"Best-in-Class Retail Management Software\",\"url\":\"https:\\\/\\\/locsoftware.com\\\/\",\"logo\":{\"@type\":\"ImageObject\",\"inLanguage\":\"fr-CA\",\"@id\":\"https:\\\/\\\/locsoftware.com\\\/#\\\/schema\\\/logo\\\/image\\\/\",\"url\":\"\",\"contentUrl\":\"\",\"caption\":\"Best-in-Class Retail Management Software\"},\"image\":{\"@id\":\"https:\\\/\\\/locsoftware.com\\\/#\\\/schema\\\/logo\\\/image\\\/\"}}]}<\/script>\n<!-- \/ Yoast SEO Premium plugin. -->","yoast_head_json":{"title":"Transformer votre entreprise avec un logiciel multilocataire | LOC","description":"D\u00e9couvrez la puissance du logiciel multi-tenant de LOC, qui offre des avantages in\u00e9gal\u00e9s aux entreprises de distribution et aux \u00e9piciers.","robots":{"index":"index","follow":"follow","max-snippet":"max-snippet:-1","max-image-preview":"max-image-preview:large","max-video-preview":"max-video-preview:-1"},"canonical":"https:\/\/locsoftware.com\/fr\/avantages-dun-logiciel-pour-locataires-multiples\/","og_locale":"fr_CA","og_type":"article","og_title":"Benefits of Multi-Tenant Software","og_description":"Discover the power of LOC Software's multi-tenant software, delivering unmatched benefits to enterprise retailers and grocers.","og_url":"https:\/\/locsoftware.com\/fr\/avantages-dun-logiciel-pour-locataires-multiples\/","og_site_name":"LOC","article_modified_time":"2025-10-16T13:07:15+00:00","og_image":[{"width":280,"height":350,"url":"https:\/\/locsoftware.com\/wp-content\/uploads\/2024\/12\/LOC_Multi-Tenant-Software_mockup.png","type":"image\/png"}],"twitter_card":"summary_large_image","twitter_misc":{"Estimation du temps de lecture":"3 minutes"},"schema":{"@context":"https:\/\/schema.org","@graph":[{"@type":"WebPage","@id":"https:\/\/locsoftware.com\/benefits-of-multi-tenant-software\/","url":"https:\/\/locsoftware.com\/benefits-of-multi-tenant-software\/","name":"Transformer votre entreprise avec un logiciel multilocataire | LOC","isPartOf":{"@id":"https:\/\/locsoftware.com\/#website"},"primaryImageOfPage":{"@id":"https:\/\/locsoftware.com\/benefits-of-multi-tenant-software\/#primaryimage"},"image":{"@id":"https:\/\/locsoftware.com\/benefits-of-multi-tenant-software\/#primaryimage"},"thumbnailUrl":"https:\/\/locsoftware.com\/wp-content\/uploads\/2024\/12\/LOC_Multi-Tenant-Software_mockup.png","datePublished":"2024-12-18T16:52:46+00:00","dateModified":"2025-10-16T13:07:15+00:00","description":"D\u00e9couvrez la puissance du logiciel multi-tenant de LOC, qui offre des avantages in\u00e9gal\u00e9s aux entreprises de distribution et aux \u00e9piciers.","breadcrumb":{"@id":"https:\/\/locsoftware.com\/benefits-of-multi-tenant-software\/#breadcrumb"},"inLanguage":"fr-CA","potentialAction":[{"@type":"ReadAction","target":["https:\/\/locsoftware.com\/benefits-of-multi-tenant-software\/"]}]},{"@type":"ImageObject","inLanguage":"fr-CA","@id":"https:\/\/locsoftware.com\/benefits-of-multi-tenant-software\/#primaryimage","url":"https:\/\/locsoftware.com\/wp-content\/uploads\/2024\/12\/LOC_Multi-Tenant-Software_mockup.png","contentUrl":"https:\/\/locsoftware.com\/wp-content\/uploads\/2024\/12\/LOC_Multi-Tenant-Software_mockup.png"},{"@type":"BreadcrumbList","@id":"https:\/\/locsoftware.com\/benefits-of-multi-tenant-software\/#breadcrumb","itemListElement":[{"@type":"ListItem","position":1,"name":"Home","item":"https:\/\/locsoftware.com\/"},{"@type":"ListItem","position":2,"name":"Benefits of Multi-Tenant Software"}]},{"@type":"WebSite","@id":"https:\/\/locsoftware.com\/#website","url":"https:\/\/locsoftware.com\/","name":"LOC","description":"Les meilleurs logiciels de gestion de la vente au d\u00e9tail","publisher":{"@id":"https:\/\/locsoftware.com\/#organization"},"potentialAction":[{"@type":"SearchAction","target":{"@type":"EntryPoint","urlTemplate":"https:\/\/locsoftware.com\/?s={search_term_string}"},"query-input":{"@type":"PropertyValueSpecification","valueRequired":true,"valueName":"search_term_string"}}],"inLanguage":"fr-CA"},{"@type":"Organization","@id":"https:\/\/locsoftware.com\/#organization","name":"Les meilleurs logiciels de gestion de la vente au d\u00e9tail","url":"https:\/\/locsoftware.com\/","logo":{"@type":"ImageObject","inLanguage":"fr-CA","@id":"https:\/\/locsoftware.com\/#\/schema\/logo\/image\/","url":"","contentUrl":"","caption":"Best-in-Class Retail Management Software"},"image":{"@id":"https:\/\/locsoftware.com\/#\/schema\/logo\/image\/"}}]}},"_links":{"self":[{"href":"https:\/\/locsoftware.com\/fr\/wp-json\/wp\/v2\/pages\/8280","targetHints":{"allow":["GET"]}}],"collection":[{"href":"https:\/\/locsoftware.com\/fr\/wp-json\/wp\/v2\/pages"}],"about":[{"href":"https:\/\/locsoftware.com\/fr\/wp-json\/wp\/v2\/types\/page"}],"author":[{"embeddable":true,"href":"https:\/\/locsoftware.com\/fr\/wp-json\/wp\/v2\/users\/1"}],"replies":[{"embeddable":true,"href":"https:\/\/locsoftware.com\/fr\/wp-json\/wp\/v2\/comments?post=8280"}],"version-history":[{"count":5,"href":"https:\/\/locsoftware.com\/fr\/wp-json\/wp\/v2\/pages\/8280\/revisions"}],"predecessor-version":[{"id":9375,"href":"https:\/\/locsoftware.com\/fr\/wp-json\/wp\/v2\/pages\/8280\/revisions\/9375"}],"wp:attachment":[{"href":"https:\/\/locsoftware.com\/fr\/wp-json\/wp\/v2\/media?parent=8280"}],"curies":[{"name":"wp","href":"https:\/\/api.w.org\/{rel}","templated":true}]}}