{"id":8811,"date":"2025-07-02T13:58:18","date_gmt":"2025-07-02T18:58:18","guid":{"rendered":"https:\/\/locsoftware.com\/?page_id=8811"},"modified":"2025-08-01T13:53:20","modified_gmt":"2025-08-01T18:53:20","slug":"devenir-revendeur-ou-agent-local","status":"publish","type":"page","link":"https:\/\/locsoftware.com\/fr\/become-a-loc-reseller-or-agent\/","title":{"rendered":"Devenir revendeur ou agent LOC"},"content":{"rendered":"<div data-elementor-type=\"wp-page\" data-elementor-id=\"8811\" class=\"elementor elementor-8811\" data-elementor-post-type=\"page\">\n\t\t\t\t\t\t<section class=\"elementor-section elementor-top-section elementor-element elementor-element-6da7532 elementor-section-content-top elementor-section-boxed elementor-section-height-default elementor-section-height-default\" data-id=\"6da7532\" data-element_type=\"section\" data-e-type=\"section\" data-settings=\"{&quot;background_background&quot;:&quot;classic&quot;}\">\n\t\t\t\t\t\t<div class=\"elementor-container elementor-column-gap-wide\">\n\t\t\t\t\t<div class=\"elementor-column elementor-col-50 elementor-top-column elementor-element elementor-element-ac3ae59\" data-id=\"ac3ae59\" data-element_type=\"column\" data-e-type=\"column\">\n\t\t\t<div class=\"elementor-widget-wrap elementor-element-populated\">\n\t\t\t\t\t\t<div class=\"elementor-element elementor-element-8658d08 elementor-widget elementor-widget-heading\" data-id=\"8658d08\" data-element_type=\"widget\" data-e-type=\"widget\" data-widget_type=\"heading.default\">\n\t\t\t\t<div class=\"elementor-widget-container\">\n\t\t\t\t\t<h1 class=\"elementor-heading-title elementor-size-default\">Am\u00e9liorez votre activit\u00e9 en vous associant \u00e0 LOC<\/h1>\t\t\t\t<\/div>\n\t\t\t\t<\/div>\n\t\t\t\t<div class=\"elementor-element elementor-element-1cd1906 elementor-widget elementor-widget-heading\" data-id=\"1cd1906\" data-element_type=\"widget\" data-e-type=\"widget\" data-widget_type=\"heading.default\">\n\t\t\t\t<div class=\"elementor-widget-container\">\n\t\t\t\t\t<h2 class=\"elementor-heading-title elementor-size-default\">Deux pistes pour vous aider \u00e0 conqu\u00e9rir des parts de march\u00e9 et \u00e0 augmenter vos revenus :<\/h2>\t\t\t\t<\/div>\n\t\t\t\t<\/div>\n\t\t\t\t<div class=\"elementor-element elementor-element-39c5a14 elementor-widget elementor-widget-text-editor\" data-id=\"39c5a14\" data-element_type=\"widget\" data-e-type=\"widget\" data-widget_type=\"text-editor.default\">\n\t\t\t\t<div class=\"elementor-widget-container\">\n\t\t\t\t\t\t\t\t\t<h3 data-start=\"151\" data-end=\"187\"><strong data-start=\"157\" data-end=\"187\">VAR (revendeur \u00e0 valeur ajout\u00e9e)<\/strong><\/h3>\n<p data-start=\"189\" data-end=\"310\"><strong data-start=\"189\" data-end=\"197\">R\u00f4le<\/strong>: Un VAR ach\u00e8te et revend les logiciels de LOC, souvent en les associant \u00e0 du mat\u00e9riel, des services personnalis\u00e9s et une assistance compl\u00e8te.<\/p>\n<p data-start=\"312\" data-end=\"336\"><strong data-start=\"312\" data-end=\"335\">Caract\u00e9ristiques principales<\/strong>:<\/p>\n<ul data-start=\"337\" data-end=\"675\">\n<li data-start=\"337\" data-end=\"404\">\n<p data-start=\"339\" data-end=\"404\">Il est responsable de l'ensemble de la relation avec le client : devis, contrats, assistance.<\/p>\n<\/li>\n<li data-start=\"405\" data-end=\"454\">\n<p data-start=\"407\" data-end=\"454\">Installer et configurer des logiciels de mani\u00e8re autonome.<\/p>\n<\/li>\n<li data-start=\"455\" data-end=\"498\">\n<p data-start=\"457\" data-end=\"498\">Fournir une assistance technique et de premi\u00e8re ligne.<\/p>\n<\/li>\n<li data-start=\"499\" data-end=\"566\">\n<p data-start=\"501\" data-end=\"566\">Il tire sa marge de la vente de licences, de mat\u00e9riel, de services et d'assistance.<\/p>\n<\/li>\n<li data-start=\"567\" data-end=\"621\">\n<p data-start=\"569\" data-end=\"621\">Personnalise les installations pour r\u00e9pondre aux besoins sp\u00e9cifiques des d\u00e9taillants.<\/p>\n<\/li>\n<li data-start=\"622\" data-end=\"675\">\n<p data-start=\"624\" data-end=\"675\">Maintien de l'infrastructure, m\u00eame pour les syst\u00e8mes sur site.<\/p>\n<\/li>\n<\/ul>\n<p data-start=\"677\" data-end=\"837\"><strong data-start=\"677\" data-end=\"690\">Id\u00e9al pour<\/strong>:<br data-start=\"691\" data-end=\"694\">Fournisseurs de solutions POS ou int\u00e9grateurs \u00e9tablis, disposant d'une expertise informatique dans le domaine de la vente au d\u00e9tail et capables de fournir, de soutenir et de g\u00e9rer enti\u00e8rement les solutions LOC.<\/p>\n<hr data-start=\"839\" data-end=\"842\">\n<h3 data-start=\"844\" data-end=\"859\"><strong data-start=\"850\" data-end=\"859\">Programme des agents<\/strong><\/h3>\n<p data-start=\"861\" data-end=\"1086\"><strong data-start=\"861\" data-end=\"869\">R\u00f4le<\/strong>: Un agent s'associe \u00e0 LOC pour <strong data-start=\"901\" data-end=\"936\">vendre et soutenir notre offre ThriVersA SaaS<\/strong> sans s'occuper de la configuration ou de l'infrastructure du syst\u00e8me dorsal. LOC fournit la technologie en nuage ; l'agent se concentre sur la vente du mat\u00e9riel frontal, l'offre de LOC, tous les services comprennent les services de formation. L'agent est responsable des relations avec les clients.<\/p>\n<p data-start=\"1088\" data-end=\"1112\"><strong data-start=\"1088\" data-end=\"1111\">Caract\u00e9ristiques principales<\/strong>:<\/p>\n<ul data-start=\"1113\" data-end=\"1541\">\n<li data-start=\"1113\" data-end=\"1155\">\n<p data-start=\"1115\" data-end=\"1155\">Promouvoir et vendre les solutions SaaS de LOC.<\/p>\n<\/li>\n<li data-start=\"1156\" data-end=\"1216\">\n<p data-start=\"1158\" data-end=\"1216\">Re\u00e7oit des revenus r\u00e9currents sur la base de notre offre d'abonnement.<\/p>\n<\/li>\n<li data-start=\"1217\" data-end=\"1283\">\n<p data-start=\"1219\" data-end=\"1283\"><span style=\"word-spacing: normal;\">L'agent assure la formation, l'int\u00e9gration et l'assistance \u00e0 la client\u00e8le pour l'utilisation quotidienne (par exemple, la gestion des articles, les flux de travail des caissiers).<\/span><\/p>\n<\/li>\n<li data-start=\"1408\" data-end=\"1477\">\n<p data-start=\"1410\" data-end=\"1477\">R\u00e9duction de la charge technique et de l'investissement en temps pour l'agent.<\/p>\n<\/li>\n<li data-start=\"1478\" data-end=\"1541\">\n<p data-start=\"1480\" data-end=\"1541\">Les agents travaillent exclusivement avec des d\u00e9ploiements SaaS bas\u00e9s sur un navigateur (pas de serveur back-office sur site).<\/p>\n<\/li>\n<\/ul>\n<p data-start=\"1543\" data-end=\"1813\"><strong data-start=\"1543\" data-end=\"1556\">Id\u00e9al pour<\/strong>:<\/p>\n<p data-start=\"1543\" data-end=\"1813\">Les professionnels de la vente disposant d'une \u00e9quipe technique ou les soci\u00e9t\u00e9s d'int\u00e9gration de syst\u00e8mes qui souhaitent rester impliqu\u00e9s aupr\u00e8s des clients tout en \u00e9vitant les frais g\u00e9n\u00e9raux li\u00e9s \u00e0 la maintenance de l'infrastructure dans le back-office ou aux installations personnalis\u00e9es approfondies. Cette solution est \u00e9galement id\u00e9ale pour les \u00e9quipes qui entretiennent des relations avec les d\u00e9taillants et qui cherchent \u00e0 mettre \u00e0 niveau leur solution actuelle.<\/p>\t\t\t\t\t\t\t\t<\/div>\n\t\t\t\t<\/div>\n\t\t\t\t\t<\/div>\n\t\t<\/div>\n\t\t\t\t<div class=\"elementor-column elementor-col-50 elementor-top-column elementor-element elementor-element-567460e\" data-id=\"567460e\" data-element_type=\"column\" data-e-type=\"column\">\n\t\t\t<div class=\"elementor-widget-wrap elementor-element-populated\">\n\t\t\t\t\t\t<div class=\"elementor-element elementor-element-27f04e9 elementor-widget elementor-widget-html\" data-id=\"27f04e9\" data-element_type=\"widget\" data-e-type=\"widget\" data-widget_type=\"html.default\">\n\t\t\t\t<div class=\"elementor-widget-container\">\n\t\t\t\t\t<script src=\"https:\/\/js.hsforms.net\/forms\/embed\/48452317.js\" defer><\/script>\r\n<div class=\"hs-form-frame\" data-region=\"na1\" data-form-id=\"84db3e1c-5acc-4277-9f12-1759232a4981\" data-portal-id=\"48452317\"><\/div>\t\t\t\t<\/div>\n\t\t\t\t<\/div>\n\t\t\t\t\t<\/div>\n\t\t<\/div>\n\t\t\t\t\t<\/div>\n\t\t<\/section>\n\t\t\t\t<\/div>","protected":false},"excerpt":{"rendered":"<p>D\u00e9veloppez votre activit\u00e9 en vous associant \u00e0 LOC Deux voies pour vous aider \u00e0 conqu\u00e9rir des parts de march\u00e9 et \u00e0 augmenter votre chiffre d'affaires : R\u00f4le de revendeur \u00e0 valeur ajout\u00e9e (VAR) : Un VAR ach\u00e8te et revend LOC, en les associant souvent \u00e0 du mat\u00e9riel, des services personnalis\u00e9s et une assistance compl\u00e8te. Caract\u00e9ristiques principales : Il est responsable de l'ensemble de la relation avec le client : devis, contrats, assistance. Installe et configure les logiciels...<\/p>","protected":false},"author":5,"featured_media":0,"parent":0,"menu_order":0,"comment_status":"closed","ping_status":"closed","template":"elementor_header_footer","meta":{"footnotes":""},"class_list":["post-8811","page","type-page","status-publish","hentry"],"yoast_head":"<!-- This site is optimized with the Yoast SEO Premium plugin v27.4 (Yoast SEO v27.4) - https:\/\/yoast.com\/product\/yoast-seo-premium-wordpress\/ -->\n<title>Become a LOC Reseller or Agent<\/title>\n<meta name=\"description\" content=\"Join us at booth 436 at the 2025 Retail Now show at Caesar&#039;s Palace in Las Vegas. We will be demoing our retail software solution and answering POS questions throughout the show.\" \/>\n<meta name=\"robots\" content=\"index, follow, max-snippet:-1, max-image-preview:large, max-video-preview:-1\" \/>\n<link rel=\"canonical\" href=\"https:\/\/locsoftware.com\/fr\/devenir-revendeur-ou-agent-local\/\" \/>\n<meta property=\"og:locale\" content=\"fr_CA\" \/>\n<meta property=\"og:type\" content=\"article\" \/>\n<meta property=\"og:title\" content=\"Become A LOC Reseller Or Agent\" \/>\n<meta property=\"og:description\" content=\"Join us at booth 436 at the 2025 Retail Now show at Caesar&#039;s Palace in Las Vegas. We will be demoing our retail software solution and answering POS questions throughout the show.\" \/>\n<meta property=\"og:url\" content=\"https:\/\/locsoftware.com\/fr\/devenir-revendeur-ou-agent-local\/\" \/>\n<meta property=\"og:site_name\" content=\"LOC\" \/>\n<meta property=\"article:modified_time\" content=\"2025-08-01T18:53:20+00:00\" \/>\n<meta name=\"twitter:card\" content=\"summary_large_image\" \/>\n<meta name=\"twitter:label1\" content=\"Estimation du temps de lecture\" \/>\n\t<meta name=\"twitter:data1\" content=\"4 minutes\" \/>\n<script type=\"application\/ld+json\" class=\"yoast-schema-graph\">{\"@context\":\"https:\\\/\\\/schema.org\",\"@graph\":[{\"@type\":\"WebPage\",\"@id\":\"https:\\\/\\\/locsoftware.com\\\/become-a-loc-reseller-or-agent\\\/\",\"url\":\"https:\\\/\\\/locsoftware.com\\\/become-a-loc-reseller-or-agent\\\/\",\"name\":\"Become a LOC Reseller or Agent\",\"isPartOf\":{\"@id\":\"https:\\\/\\\/locsoftware.com\\\/#website\"},\"datePublished\":\"2025-07-02T18:58:18+00:00\",\"dateModified\":\"2025-08-01T18:53:20+00:00\",\"description\":\"Join us at booth 436 at the 2025 Retail Now show at Caesar's Palace in Las Vegas. We will be demoing our retail software solution and answering POS questions throughout the show.\",\"breadcrumb\":{\"@id\":\"https:\\\/\\\/locsoftware.com\\\/become-a-loc-reseller-or-agent\\\/#breadcrumb\"},\"inLanguage\":\"fr-CA\",\"potentialAction\":[{\"@type\":\"ReadAction\",\"target\":[\"https:\\\/\\\/locsoftware.com\\\/become-a-loc-reseller-or-agent\\\/\"]}]},{\"@type\":\"BreadcrumbList\",\"@id\":\"https:\\\/\\\/locsoftware.com\\\/become-a-loc-reseller-or-agent\\\/#breadcrumb\",\"itemListElement\":[{\"@type\":\"ListItem\",\"position\":1,\"name\":\"Home\",\"item\":\"https:\\\/\\\/locsoftware.com\\\/\"},{\"@type\":\"ListItem\",\"position\":2,\"name\":\"Become A LOC Reseller Or Agent\"}]},{\"@type\":\"WebSite\",\"@id\":\"https:\\\/\\\/locsoftware.com\\\/#website\",\"url\":\"https:\\\/\\\/locsoftware.com\\\/\",\"name\":\"LOC\",\"description\":\"Best-in-Class Retail Management Software\",\"publisher\":{\"@id\":\"https:\\\/\\\/locsoftware.com\\\/#organization\"},\"potentialAction\":[{\"@type\":\"SearchAction\",\"target\":{\"@type\":\"EntryPoint\",\"urlTemplate\":\"https:\\\/\\\/locsoftware.com\\\/?s={search_term_string}\"},\"query-input\":{\"@type\":\"PropertyValueSpecification\",\"valueRequired\":true,\"valueName\":\"search_term_string\"}}],\"inLanguage\":\"fr-CA\"},{\"@type\":\"Organization\",\"@id\":\"https:\\\/\\\/locsoftware.com\\\/#organization\",\"name\":\"Best-in-Class Retail Management Software\",\"url\":\"https:\\\/\\\/locsoftware.com\\\/\",\"logo\":{\"@type\":\"ImageObject\",\"inLanguage\":\"fr-CA\",\"@id\":\"https:\\\/\\\/locsoftware.com\\\/#\\\/schema\\\/logo\\\/image\\\/\",\"url\":\"\",\"contentUrl\":\"\",\"caption\":\"Best-in-Class Retail Management Software\"},\"image\":{\"@id\":\"https:\\\/\\\/locsoftware.com\\\/#\\\/schema\\\/logo\\\/image\\\/\"}}]}<\/script>\n<!-- \/ Yoast SEO Premium plugin. -->","yoast_head_json":{"title":"Devenir revendeur ou agent LOC","description":"Rejoignez-nous au stand 436 au salon 2025 Retail Now au Caesar's Palace \u00e0 Las Vegas. Nous ferons des d\u00e9monstrations de notre solution logicielle pour le commerce de d\u00e9tail et r\u00e9pondrons aux questions sur les points de vente pendant toute la dur\u00e9e du salon.","robots":{"index":"index","follow":"follow","max-snippet":"max-snippet:-1","max-image-preview":"max-image-preview:large","max-video-preview":"max-video-preview:-1"},"canonical":"https:\/\/locsoftware.com\/fr\/devenir-revendeur-ou-agent-local\/","og_locale":"fr_CA","og_type":"article","og_title":"Become A LOC Reseller Or Agent","og_description":"Join us at booth 436 at the 2025 Retail Now show at Caesar's Palace in Las Vegas. We will be demoing our retail software solution and answering POS questions throughout the show.","og_url":"https:\/\/locsoftware.com\/fr\/devenir-revendeur-ou-agent-local\/","og_site_name":"LOC","article_modified_time":"2025-08-01T18:53:20+00:00","twitter_card":"summary_large_image","twitter_misc":{"Estimation du temps de lecture":"4 minutes"},"schema":{"@context":"https:\/\/schema.org","@graph":[{"@type":"WebPage","@id":"https:\/\/locsoftware.com\/become-a-loc-reseller-or-agent\/","url":"https:\/\/locsoftware.com\/become-a-loc-reseller-or-agent\/","name":"Devenir revendeur ou agent LOC","isPartOf":{"@id":"https:\/\/locsoftware.com\/#website"},"datePublished":"2025-07-02T18:58:18+00:00","dateModified":"2025-08-01T18:53:20+00:00","description":"Rejoignez-nous au stand 436 au salon 2025 Retail Now au Caesar's Palace \u00e0 Las Vegas. Nous ferons des d\u00e9monstrations de notre solution logicielle pour le commerce de d\u00e9tail et r\u00e9pondrons aux questions sur les points de vente pendant toute la dur\u00e9e du salon.","breadcrumb":{"@id":"https:\/\/locsoftware.com\/become-a-loc-reseller-or-agent\/#breadcrumb"},"inLanguage":"fr-CA","potentialAction":[{"@type":"ReadAction","target":["https:\/\/locsoftware.com\/become-a-loc-reseller-or-agent\/"]}]},{"@type":"BreadcrumbList","@id":"https:\/\/locsoftware.com\/become-a-loc-reseller-or-agent\/#breadcrumb","itemListElement":[{"@type":"ListItem","position":1,"name":"Home","item":"https:\/\/locsoftware.com\/"},{"@type":"ListItem","position":2,"name":"Become A LOC Reseller Or Agent"}]},{"@type":"WebSite","@id":"https:\/\/locsoftware.com\/#website","url":"https:\/\/locsoftware.com\/","name":"LOC","description":"Les meilleurs logiciels de gestion de la vente au d\u00e9tail","publisher":{"@id":"https:\/\/locsoftware.com\/#organization"},"potentialAction":[{"@type":"SearchAction","target":{"@type":"EntryPoint","urlTemplate":"https:\/\/locsoftware.com\/?s={search_term_string}"},"query-input":{"@type":"PropertyValueSpecification","valueRequired":true,"valueName":"search_term_string"}}],"inLanguage":"fr-CA"},{"@type":"Organization","@id":"https:\/\/locsoftware.com\/#organization","name":"Les meilleurs logiciels de gestion de la vente au d\u00e9tail","url":"https:\/\/locsoftware.com\/","logo":{"@type":"ImageObject","inLanguage":"fr-CA","@id":"https:\/\/locsoftware.com\/#\/schema\/logo\/image\/","url":"","contentUrl":"","caption":"Best-in-Class Retail Management Software"},"image":{"@id":"https:\/\/locsoftware.com\/#\/schema\/logo\/image\/"}}]}},"_links":{"self":[{"href":"https:\/\/locsoftware.com\/fr\/wp-json\/wp\/v2\/pages\/8811","targetHints":{"allow":["GET"]}}],"collection":[{"href":"https:\/\/locsoftware.com\/fr\/wp-json\/wp\/v2\/pages"}],"about":[{"href":"https:\/\/locsoftware.com\/fr\/wp-json\/wp\/v2\/types\/page"}],"author":[{"embeddable":true,"href":"https:\/\/locsoftware.com\/fr\/wp-json\/wp\/v2\/users\/5"}],"replies":[{"embeddable":true,"href":"https:\/\/locsoftware.com\/fr\/wp-json\/wp\/v2\/comments?post=8811"}],"version-history":[{"count":5,"href":"https:\/\/locsoftware.com\/fr\/wp-json\/wp\/v2\/pages\/8811\/revisions"}],"predecessor-version":[{"id":8986,"href":"https:\/\/locsoftware.com\/fr\/wp-json\/wp\/v2\/pages\/8811\/revisions\/8986"}],"wp:attachment":[{"href":"https:\/\/locsoftware.com\/fr\/wp-json\/wp\/v2\/media?parent=8811"}],"curies":[{"name":"wp","href":"https:\/\/api.w.org\/{rel}","templated":true}]}}