{"id":9403,"date":"2025-11-20T11:41:04","date_gmt":"2025-11-20T16:41:04","guid":{"rendered":"https:\/\/locsoftware.com\/?page_id=9403"},"modified":"2025-12-08T11:59:32","modified_gmt":"2025-12-08T16:59:32","slug":"rejoindre-loc-a-nga-2026","status":"publish","type":"page","link":"https:\/\/locsoftware.com\/fr\/join-loc-at-nga-2026\/","title":{"rendered":"Rejoignez LOC \u00e0 NGA 2026"},"content":{"rendered":"<div data-elementor-type=\"wp-page\" data-elementor-id=\"9403\" class=\"elementor elementor-9403\" data-elementor-post-type=\"page\">\n\t\t\t\t\t\t<section class=\"elementor-section elementor-top-section elementor-element elementor-element-4956336 elementor-section-full_width elementor-section-height-default elementor-section-height-default\" data-id=\"4956336\" data-element_type=\"section\" data-e-type=\"section\" data-settings=\"{&quot;background_background&quot;:&quot;classic&quot;}\">\n\t\t\t\t\t\t\t<div class=\"elementor-background-overlay\"><\/div>\n\t\t\t\t\t\t\t<div class=\"elementor-container elementor-column-gap-default\">\n\t\t\t\t\t<div class=\"elementor-column elementor-col-100 elementor-top-column elementor-element elementor-element-e666043\" data-id=\"e666043\" data-element_type=\"column\" data-e-type=\"column\">\n\t\t\t<div class=\"elementor-widget-wrap elementor-element-populated\">\n\t\t\t\t\t\t<div class=\"elementor-element elementor-element-a5a70f2 elementor-widget-mobile__width-initial elementor-widget elementor-widget-heading\" data-id=\"a5a70f2\" data-element_type=\"widget\" data-e-type=\"widget\" data-widget_type=\"heading.default\">\n\t\t\t\t<div class=\"elementor-widget-container\">\n\t\t\t\t\t<h2 class=\"elementor-heading-title elementor-size-default\">Rejoignez LOC \u00e0 NGA 2026<\/h2>\t\t\t\t<\/div>\n\t\t\t\t<\/div>\n\t\t\t\t<div class=\"elementor-element elementor-element-96ed778 elementor-widget-mobile__width-initial elementor-widget elementor-widget-heading\" data-id=\"96ed778\" data-element_type=\"widget\" data-e-type=\"widget\" data-widget_type=\"heading.default\">\n\t\t\t\t<div class=\"elementor-widget-container\">\n\t\t\t\t\t<h2 class=\"elementor-heading-title elementor-size-default\">Centre de conf\u00e9rence MGM Grand, Las Vegas\n| Stand 2167<\/h2>\t\t\t\t<\/div>\n\t\t\t\t<\/div>\n\t\t\t\t\t<\/div>\n\t\t<\/div>\n\t\t\t\t\t<\/div>\n\t\t<\/section>\n\t\t\t\t<section class=\"elementor-section elementor-top-section elementor-element elementor-element-1a104f7f elementor-section-content-top elementor-section-boxed elementor-section-height-default elementor-section-height-default\" data-id=\"1a104f7f\" data-element_type=\"section\" data-e-type=\"section\" data-settings=\"{&quot;background_background&quot;:&quot;classic&quot;}\">\n\t\t\t\t\t\t<div class=\"elementor-container elementor-column-gap-wide\">\n\t\t\t\t\t<div class=\"elementor-column elementor-col-50 elementor-top-column elementor-element elementor-element-5672ca52\" data-id=\"5672ca52\" data-element_type=\"column\" data-e-type=\"column\">\n\t\t\t<div class=\"elementor-widget-wrap elementor-element-populated\">\n\t\t\t\t\t\t<div class=\"elementor-element elementor-element-25a644b2 elementor-widget elementor-widget-heading\" data-id=\"25a644b2\" data-element_type=\"widget\" data-e-type=\"widget\" data-widget_type=\"heading.default\">\n\t\t\t\t<div class=\"elementor-widget-container\">\n\t\t\t\t\t<h1 class=\"elementor-heading-title elementor-size-default\">Rencontre avec LOC \u00e0 la NGA<\/h1>\t\t\t\t<\/div>\n\t\t\t\t<\/div>\n\t\t\t\t<div class=\"elementor-element elementor-element-57c1828 elementor-widget elementor-widget-heading\" data-id=\"57c1828\" data-element_type=\"widget\" data-e-type=\"widget\" data-widget_type=\"heading.default\">\n\t\t\t\t<div class=\"elementor-widget-container\">\n\t\t\t\t\t<h2 class=\"elementor-heading-title elementor-size-default\">D\u00e9couvrez les d\u00e9monstrations de ThriVersA avec les experts de LOC au stand 2167 : Back Office mobile, Mobile POS, Self-Checkout et Kiosque dans des sc\u00e9narios r\u00e9els de vente au d\u00e9tail.\n<\/h2>\t\t\t\t<\/div>\n\t\t\t\t<\/div>\n\t\t\t\t<div class=\"elementor-element elementor-element-1ba7e077 elementor-widget elementor-widget-text-editor\" data-id=\"1ba7e077\" data-element_type=\"widget\" data-e-type=\"widget\" data-widget_type=\"text-editor.default\">\n\t\t\t\t<div class=\"elementor-widget-container\">\n\t\t\t\t\t\t\t\t\t<p><span style=\"font-weight: 400;\">Lors de la conf\u00e9rence de cette ann\u00e9e, la <a href=\"https:\/\/www.thengashow.com\/\">Salon NGA 2026 \u00e0 Las Vegas<\/a>, LOC Software vous invite \u00e0 d\u00e9couvrir comment la suite ThriVersA relie les op\u00e9rations des magasins, de la surface de vente au back-office. Nos partenaires mat\u00e9riels et nos experts d\u00e9montreront comment les solutions mobiles et de libre-service rationalisent les caisses, am\u00e9liorent la productivit\u00e9 et l'exp\u00e9rience des clients.<\/span><\/p><p><span style=\"font-weight: 400;\">Nous nous concentrons sur l'ex\u00e9cution et l'optimisation des op\u00e9rations de vente au d\u00e9tail dans le monde r\u00e9el. Assistez \u00e0 des d\u00e9monstrations pratiques de transactions, de mises \u00e0 jour d'inventaire, et plus encore, et d\u00e9couvrez comment ThriVersA simplifie les t\u00e2ches quotidiennes des \u00e9quipes des magasins.<\/span><\/p><p><b>Ce que vous verrez \u00e0 NGA 2026 :<\/b><\/p>\t\t\t\t\t\t\t\t<\/div>\n\t\t\t\t<\/div>\n\t\t\t\t<section class=\"elementor-section elementor-inner-section elementor-element elementor-element-de7869a elementor-section-boxed elementor-section-height-default elementor-section-height-default\" data-id=\"de7869a\" data-element_type=\"section\" data-e-type=\"section\">\n\t\t\t\t\t\t<div class=\"elementor-container elementor-column-gap-default\">\n\t\t\t\t\t<div class=\"elementor-column elementor-col-100 elementor-inner-column elementor-element elementor-element-9604fc3\" data-id=\"9604fc3\" data-element_type=\"column\" data-e-type=\"column\">\n\t\t\t<div class=\"elementor-widget-wrap elementor-element-populated\">\n\t\t\t\t\t\t<div class=\"elementor-element elementor-element-f3a252d elementor-widget elementor-widget-text-editor\" data-id=\"f3a252d\" data-element_type=\"widget\" data-e-type=\"widget\" data-widget_type=\"text-editor.default\">\n\t\t\t\t<div class=\"elementor-widget-container\">\n\t\t\t\t\t\t\t\t\t<ul><li><span style=\"font-weight: 400;\"><strong>Back Office mobile :<\/strong> G\u00e9rez les stocks, les prix et les commandes des fournisseurs directement depuis la surface de vente, avec une visibilit\u00e9 en temps r\u00e9el.<\/span><\/li><li><span style=\"font-weight: 400;\"><strong>Mobile POS :<\/strong> R\u00e9duisez les files d'attente et aidez les clients o\u00f9 qu'ils se trouvent dans le magasin afin d'am\u00e9liorer la rapidit\u00e9 du passage en caisse et la satisfaction des clients.<\/span><\/li><li><span style=\"font-weight: 400;\"><strong>Self-Checkout :<\/strong> Offrez \u00e0 vos clients libert\u00e9 et contr\u00f4le avec ThriVersA POS fonctionnant sur un mat\u00e9riel moderne et flexible.<\/span><\/li><li><span style=\"font-weight: 400;\"><strong>Kiosque :<\/strong> Permet de commander rapidement et en libre-service des plats pr\u00e9par\u00e9s, des services et des commandes en magasin.<\/span><\/li><\/ul>\t\t\t\t\t\t\t\t<\/div>\n\t\t\t\t<\/div>\n\t\t\t\t\t<\/div>\n\t\t<\/div>\n\t\t\t\t\t<\/div>\n\t\t<\/section>\n\t\t\t\t<section class=\"elementor-section elementor-inner-section elementor-element elementor-element-dfcfc03 elementor-section-boxed elementor-section-height-default elementor-section-height-default\" data-id=\"dfcfc03\" data-element_type=\"section\" data-e-type=\"section\">\n\t\t\t\t\t\t<div class=\"elementor-container elementor-column-gap-default\">\n\t\t\t\t\t<div class=\"elementor-column elementor-col-100 elementor-inner-column elementor-element elementor-element-1ac4752\" data-id=\"1ac4752\" data-element_type=\"column\" data-e-type=\"column\">\n\t\t\t<div class=\"elementor-widget-wrap elementor-element-populated\">\n\t\t\t\t\t\t<div class=\"elementor-element elementor-element-e74a580 elementor-widget elementor-widget-text-editor\" data-id=\"e74a580\" data-element_type=\"widget\" data-e-type=\"widget\" data-widget_type=\"text-editor.default\">\n\t\t\t\t<div class=\"elementor-widget-container\">\n\t\t\t\t\t\t\t\t\t<p><span style=\"font-weight: 400;\">Rejoignez-nous au stand 2167 pour d\u00e9couvrir ThriVersA en action et voir comment LOC Software aide les d\u00e9taillants \u00e0 optimiser leurs op\u00e9rations, \u00e0 r\u00e9duire leurs co\u00fbts et \u00e0 offrir de meilleures exp\u00e9riences \u00e0 leurs clients.<\/span><\/p><p><strong>Planifiez d\u00e8s aujourd'hui une d\u00e9monstration avec l'un des membres de notre \u00e9quipe exp\u00e9riment\u00e9e et d\u00e9couvrez l'avenir de la vente au d\u00e9tail connect\u00e9e.<\/strong><\/p><p><img fetchpriority=\"high\" decoding=\"async\" class=\"alignnone size-full wp-image-9525\" src=\"https:\/\/locsoftware.com\/wp-content\/uploads\/2025\/12\/NYC-Pics-10.png\" alt=\"\" width=\"1920\" height=\"1080\" srcset=\"https:\/\/locsoftware.com\/wp-content\/uploads\/2025\/12\/NYC-Pics-10.png 1920w, https:\/\/locsoftware.com\/wp-content\/uploads\/2025\/12\/NYC-Pics-10-300x169.png 300w, https:\/\/locsoftware.com\/wp-content\/uploads\/2025\/12\/NYC-Pics-10-1024x576.png 1024w, https:\/\/locsoftware.com\/wp-content\/uploads\/2025\/12\/NYC-Pics-10-768x432.png 768w, https:\/\/locsoftware.com\/wp-content\/uploads\/2025\/12\/NYC-Pics-10-1536x864.png 1536w, https:\/\/locsoftware.com\/wp-content\/uploads\/2025\/12\/NYC-Pics-10-18x10.png 18w\" sizes=\"(max-width: 1920px) 100vw, 1920px\" \/><\/p>\t\t\t\t\t\t\t\t<\/div>\n\t\t\t\t<\/div>\n\t\t\t\t\t<\/div>\n\t\t<\/div>\n\t\t\t\t\t<\/div>\n\t\t<\/section>\n\t\t\t\t\t<\/div>\n\t\t<\/div>\n\t\t\t\t<div class=\"elementor-column elementor-col-50 elementor-top-column elementor-element elementor-element-2ded44c6\" data-id=\"2ded44c6\" data-element_type=\"column\" data-e-type=\"column\">\n\t\t\t<div class=\"elementor-widget-wrap elementor-element-populated\">\n\t\t\t\t\t\t<div class=\"elementor-element elementor-element-c67368f elementor-widget elementor-widget-html\" data-id=\"c67368f\" data-element_type=\"widget\" data-e-type=\"widget\" data-widget_type=\"html.default\">\n\t\t\t\t<div class=\"elementor-widget-container\">\n\t\t\t\t\t<script src=\"https:\/\/js.hsforms.net\/forms\/embed\/48452317.js\" defer><\/script>\r\n<div class=\"hs-form-frame\" data-region=\"na1\" data-form-id=\"29f4b939-c8e3-46e7-a283-adaad72760e6\" data-portal-id=\"48452317\"><\/div>\t\t\t\t<\/div>\n\t\t\t\t<\/div>\n\t\t\t\t\t<\/div>\n\t\t<\/div>\n\t\t\t\t\t<\/div>\n\t\t<\/section>\n\t\t\t\t<\/div>","protected":false},"excerpt":{"rendered":"<p>Rejoignez LOC \u00e0 NGA 2026 MGM Grand Conference Center, Las Vegas | Stand 2167 Rencontrez LOC Software \u00e0 NGA Faites l'exp\u00e9rience des d\u00e9monstrations ThriVersA avec les experts de LOC au stand 2167 : Back Office, Mobile POS, Self-Checkout et Kiosque dans des sc\u00e9narios r\u00e9els de vente au d\u00e9tail. A l'occasion du NGA Show 2026 de cette ann\u00e9e \u00e0 Las Vegas, LOC Software vous invite \u00e0...<\/p>","protected":false},"author":5,"featured_media":0,"parent":0,"menu_order":0,"comment_status":"closed","ping_status":"closed","template":"elementor_header_footer","meta":{"footnotes":""},"class_list":["post-9403","page","type-page","status-publish","hentry"],"yoast_head":"<!-- This site is optimized with the Yoast SEO Premium plugin v27.5 (Yoast SEO v27.5) - https:\/\/yoast.com\/product\/yoast-seo-premium-wordpress\/ -->\n<title>Join Us at NGA 2026 | LOC<\/title>\n<meta name=\"description\" content=\"Visit LOC Software at The NGA Show 2026 (Booth 2167) to see hands-on demonstrations of Mobile Back Office, Mobile POS, Self-Checkout, and Kiosk solutions. Meet our experts and discover how ThriVersA connects your entire enterprise for smarter operations and greater efficiency.\" \/>\n<meta name=\"robots\" content=\"index, follow, max-snippet:-1, max-image-preview:large, max-video-preview:-1\" \/>\n<link rel=\"canonical\" href=\"https:\/\/locsoftware.com\/fr\/rejoindre-loc-a-nga-2026\/\" \/>\n<meta property=\"og:locale\" content=\"fr_CA\" \/>\n<meta property=\"og:type\" content=\"article\" \/>\n<meta property=\"og:title\" content=\"Join LOC At NGA 2026\" \/>\n<meta property=\"og:description\" content=\"Visit LOC Software at The NGA Show 2026 (Booth 2167) to see hands-on demonstrations of Mobile Back Office, Mobile POS, Self-Checkout, and Kiosk solutions. Meet our experts and discover how ThriVersA connects your entire enterprise for smarter operations and greater efficiency.\" \/>\n<meta property=\"og:url\" content=\"https:\/\/locsoftware.com\/fr\/rejoindre-loc-a-nga-2026\/\" \/>\n<meta property=\"og:site_name\" content=\"LOC\" \/>\n<meta property=\"article:modified_time\" content=\"2025-12-08T16:59:32+00:00\" \/>\n<meta property=\"og:image\" content=\"https:\/\/locsoftware.com\/wp-content\/uploads\/2025\/12\/NYC-Pics-10-1024x576.png\" \/>\n\t<meta property=\"og:image:width\" content=\"1024\" \/>\n\t<meta property=\"og:image:height\" content=\"576\" \/>\n\t<meta property=\"og:image:type\" content=\"image\/png\" \/>\n<meta name=\"twitter:card\" content=\"summary_large_image\" \/>\n<meta name=\"twitter:label1\" content=\"Estimation du temps de lecture\" \/>\n\t<meta name=\"twitter:data1\" content=\"2 minutes\" \/>\n<script type=\"application\/ld+json\" class=\"yoast-schema-graph\">{\"@context\":\"https:\\\/\\\/schema.org\",\"@graph\":[{\"@type\":\"WebPage\",\"@id\":\"https:\\\/\\\/locsoftware.com\\\/join-loc-at-nga-2026\\\/\",\"url\":\"https:\\\/\\\/locsoftware.com\\\/join-loc-at-nga-2026\\\/\",\"name\":\"Join Us at NGA 2026 | LOC\",\"isPartOf\":{\"@id\":\"https:\\\/\\\/locsoftware.com\\\/#website\"},\"primaryImageOfPage\":{\"@id\":\"https:\\\/\\\/locsoftware.com\\\/join-loc-at-nga-2026\\\/#primaryimage\"},\"image\":{\"@id\":\"https:\\\/\\\/locsoftware.com\\\/join-loc-at-nga-2026\\\/#primaryimage\"},\"thumbnailUrl\":\"https:\\\/\\\/locsoftware.com\\\/wp-content\\\/uploads\\\/2025\\\/12\\\/NYC-Pics-10.png\",\"datePublished\":\"2025-11-20T16:41:04+00:00\",\"dateModified\":\"2025-12-08T16:59:32+00:00\",\"description\":\"Visit LOC Software at The NGA Show 2026 (Booth 2167) to see hands-on demonstrations of Mobile Back Office, Mobile POS, Self-Checkout, and Kiosk solutions. Meet our experts and discover how ThriVersA connects your entire enterprise for smarter operations and greater efficiency.\",\"breadcrumb\":{\"@id\":\"https:\\\/\\\/locsoftware.com\\\/join-loc-at-nga-2026\\\/#breadcrumb\"},\"inLanguage\":\"fr-CA\",\"potentialAction\":[{\"@type\":\"ReadAction\",\"target\":[\"https:\\\/\\\/locsoftware.com\\\/join-loc-at-nga-2026\\\/\"]}]},{\"@type\":\"ImageObject\",\"inLanguage\":\"fr-CA\",\"@id\":\"https:\\\/\\\/locsoftware.com\\\/join-loc-at-nga-2026\\\/#primaryimage\",\"url\":\"https:\\\/\\\/locsoftware.com\\\/wp-content\\\/uploads\\\/2025\\\/12\\\/NYC-Pics-10.png\",\"contentUrl\":\"https:\\\/\\\/locsoftware.com\\\/wp-content\\\/uploads\\\/2025\\\/12\\\/NYC-Pics-10.png\"},{\"@type\":\"BreadcrumbList\",\"@id\":\"https:\\\/\\\/locsoftware.com\\\/join-loc-at-nga-2026\\\/#breadcrumb\",\"itemListElement\":[{\"@type\":\"ListItem\",\"position\":1,\"name\":\"Home\",\"item\":\"https:\\\/\\\/locsoftware.com\\\/\"},{\"@type\":\"ListItem\",\"position\":2,\"name\":\"Join LOC At NGA 2026\"}]},{\"@type\":\"WebSite\",\"@id\":\"https:\\\/\\\/locsoftware.com\\\/#website\",\"url\":\"https:\\\/\\\/locsoftware.com\\\/\",\"name\":\"LOC\",\"description\":\"Best-in-Class Retail Management Software\",\"publisher\":{\"@id\":\"https:\\\/\\\/locsoftware.com\\\/#organization\"},\"potentialAction\":[{\"@type\":\"SearchAction\",\"target\":{\"@type\":\"EntryPoint\",\"urlTemplate\":\"https:\\\/\\\/locsoftware.com\\\/?s={search_term_string}\"},\"query-input\":{\"@type\":\"PropertyValueSpecification\",\"valueRequired\":true,\"valueName\":\"search_term_string\"}}],\"inLanguage\":\"fr-CA\"},{\"@type\":\"Organization\",\"@id\":\"https:\\\/\\\/locsoftware.com\\\/#organization\",\"name\":\"Best-in-Class Retail Management Software\",\"url\":\"https:\\\/\\\/locsoftware.com\\\/\",\"logo\":{\"@type\":\"ImageObject\",\"inLanguage\":\"fr-CA\",\"@id\":\"https:\\\/\\\/locsoftware.com\\\/#\\\/schema\\\/logo\\\/image\\\/\",\"url\":\"\",\"contentUrl\":\"\",\"caption\":\"Best-in-Class Retail Management Software\"},\"image\":{\"@id\":\"https:\\\/\\\/locsoftware.com\\\/#\\\/schema\\\/logo\\\/image\\\/\"}}]}<\/script>\n<!-- \/ Yoast SEO Premium plugin. -->","yoast_head_json":{"title":"Rejoignez-nous \u00e0 NGA 2026 | LOC","description":"Visitez LOC Software au NGA Show 2026 (Stand 2167) pour voir des d\u00e9monstrations pratiques des solutions Mobile Back Office, Mobile POS, Self-Checkout, et Kiosque. Rencontrez nos experts et d\u00e9couvrez comment ThriVersA connecte l'ensemble de votre entreprise pour des op\u00e9rations plus intelligentes et une plus grande efficacit\u00e9.","robots":{"index":"index","follow":"follow","max-snippet":"max-snippet:-1","max-image-preview":"max-image-preview:large","max-video-preview":"max-video-preview:-1"},"canonical":"https:\/\/locsoftware.com\/fr\/rejoindre-loc-a-nga-2026\/","og_locale":"fr_CA","og_type":"article","og_title":"Join LOC At NGA 2026","og_description":"Visit LOC Software at The NGA Show 2026 (Booth 2167) to see hands-on demonstrations of Mobile Back Office, Mobile POS, Self-Checkout, and Kiosk solutions. Meet our experts and discover how ThriVersA connects your entire enterprise for smarter operations and greater efficiency.","og_url":"https:\/\/locsoftware.com\/fr\/rejoindre-loc-a-nga-2026\/","og_site_name":"LOC","article_modified_time":"2025-12-08T16:59:32+00:00","og_image":[{"width":1024,"height":576,"url":"https:\/\/locsoftware.com\/wp-content\/uploads\/2025\/12\/NYC-Pics-10-1024x576.png","type":"image\/png"}],"twitter_card":"summary_large_image","twitter_misc":{"Estimation du temps de lecture":"2 minutes"},"schema":{"@context":"https:\/\/schema.org","@graph":[{"@type":"WebPage","@id":"https:\/\/locsoftware.com\/join-loc-at-nga-2026\/","url":"https:\/\/locsoftware.com\/join-loc-at-nga-2026\/","name":"Rejoignez-nous \u00e0 NGA 2026 | LOC","isPartOf":{"@id":"https:\/\/locsoftware.com\/#website"},"primaryImageOfPage":{"@id":"https:\/\/locsoftware.com\/join-loc-at-nga-2026\/#primaryimage"},"image":{"@id":"https:\/\/locsoftware.com\/join-loc-at-nga-2026\/#primaryimage"},"thumbnailUrl":"https:\/\/locsoftware.com\/wp-content\/uploads\/2025\/12\/NYC-Pics-10.png","datePublished":"2025-11-20T16:41:04+00:00","dateModified":"2025-12-08T16:59:32+00:00","description":"Visitez LOC Software au NGA Show 2026 (Stand 2167) pour voir des d\u00e9monstrations pratiques des solutions Mobile Back Office, Mobile POS, Self-Checkout, et Kiosque. Rencontrez nos experts et d\u00e9couvrez comment ThriVersA connecte l'ensemble de votre entreprise pour des op\u00e9rations plus intelligentes et une plus grande efficacit\u00e9.","breadcrumb":{"@id":"https:\/\/locsoftware.com\/join-loc-at-nga-2026\/#breadcrumb"},"inLanguage":"fr-CA","potentialAction":[{"@type":"ReadAction","target":["https:\/\/locsoftware.com\/join-loc-at-nga-2026\/"]}]},{"@type":"ImageObject","inLanguage":"fr-CA","@id":"https:\/\/locsoftware.com\/join-loc-at-nga-2026\/#primaryimage","url":"https:\/\/locsoftware.com\/wp-content\/uploads\/2025\/12\/NYC-Pics-10.png","contentUrl":"https:\/\/locsoftware.com\/wp-content\/uploads\/2025\/12\/NYC-Pics-10.png"},{"@type":"BreadcrumbList","@id":"https:\/\/locsoftware.com\/join-loc-at-nga-2026\/#breadcrumb","itemListElement":[{"@type":"ListItem","position":1,"name":"Home","item":"https:\/\/locsoftware.com\/"},{"@type":"ListItem","position":2,"name":"Join LOC At NGA 2026"}]},{"@type":"WebSite","@id":"https:\/\/locsoftware.com\/#website","url":"https:\/\/locsoftware.com\/","name":"LOC","description":"Les meilleurs logiciels de gestion de la vente au d\u00e9tail","publisher":{"@id":"https:\/\/locsoftware.com\/#organization"},"potentialAction":[{"@type":"SearchAction","target":{"@type":"EntryPoint","urlTemplate":"https:\/\/locsoftware.com\/?s={search_term_string}"},"query-input":{"@type":"PropertyValueSpecification","valueRequired":true,"valueName":"search_term_string"}}],"inLanguage":"fr-CA"},{"@type":"Organization","@id":"https:\/\/locsoftware.com\/#organization","name":"Les meilleurs logiciels de gestion de la vente au d\u00e9tail","url":"https:\/\/locsoftware.com\/","logo":{"@type":"ImageObject","inLanguage":"fr-CA","@id":"https:\/\/locsoftware.com\/#\/schema\/logo\/image\/","url":"","contentUrl":"","caption":"Best-in-Class Retail Management Software"},"image":{"@id":"https:\/\/locsoftware.com\/#\/schema\/logo\/image\/"}}]}},"_links":{"self":[{"href":"https:\/\/locsoftware.com\/fr\/wp-json\/wp\/v2\/pages\/9403","targetHints":{"allow":["GET"]}}],"collection":[{"href":"https:\/\/locsoftware.com\/fr\/wp-json\/wp\/v2\/pages"}],"about":[{"href":"https:\/\/locsoftware.com\/fr\/wp-json\/wp\/v2\/types\/page"}],"author":[{"embeddable":true,"href":"https:\/\/locsoftware.com\/fr\/wp-json\/wp\/v2\/users\/5"}],"replies":[{"embeddable":true,"href":"https:\/\/locsoftware.com\/fr\/wp-json\/wp\/v2\/comments?post=9403"}],"version-history":[{"count":5,"href":"https:\/\/locsoftware.com\/fr\/wp-json\/wp\/v2\/pages\/9403\/revisions"}],"predecessor-version":[{"id":9531,"href":"https:\/\/locsoftware.com\/fr\/wp-json\/wp\/v2\/pages\/9403\/revisions\/9531"}],"wp:attachment":[{"href":"https:\/\/locsoftware.com\/fr\/wp-json\/wp\/v2\/media?parent=9403"}],"curies":[{"name":"wp","href":"https:\/\/api.w.org\/{rel}","templated":true}]}}