{"id":9502,"date":"2025-12-03T08:16:04","date_gmt":"2025-12-03T13:16:04","guid":{"rendered":"https:\/\/locsoftware.com\/?page_id=9502"},"modified":"2025-12-03T08:24:35","modified_gmt":"2025-12-03T13:24:35","slug":"epicerie-ethnique","status":"publish","type":"page","link":"https:\/\/locsoftware.com\/fr\/ethnic-grocery-store\/","title":{"rendered":"\u00c9picerie ethnique Store Strat\u00e9gies de croissance"},"content":{"rendered":"<div data-elementor-type=\"wp-page\" data-elementor-id=\"9502\" class=\"elementor elementor-9502\" data-elementor-post-type=\"page\">\n\t\t\t\t\t\t<\/div>","protected":false},"excerpt":{"rendered":"<p>Am\u00e9liorez vos op\u00e9rations avec des offres d'\u00e9picerie ethnique Store tr\u00e8s demand\u00e9es La demande croissante pour les \u00e9piceries ethniques repr\u00e9sente une opportunit\u00e9 de croissance majeure pour les \u00e9piciers traditionnels. Ce livre \u00e9lectronique gratuit vous montre comment \u00e9largir votre assortiment avec des produits authentiques et culturellement enracin\u00e9s \u2014 et comment la bonne technologie facilite la gestion des nouveaux fournisseurs, des mod\u00e8les de prix et des clients\u2026<\/p>","protected":false},"author":1,"featured_media":0,"parent":0,"menu_order":0,"comment_status":"closed","ping_status":"closed","template":"elementor_header_footer","meta":{"footnotes":""},"class_list":["post-9502","page","type-page","status-publish","hentry"],"yoast_head":"<!-- This site is optimized with the Yoast SEO Premium plugin v27.4 (Yoast SEO v27.4) - https:\/\/yoast.com\/product\/yoast-seo-premium-wordpress\/ -->\n<title>Free Ethnic Grocery Store Tech Insights | LOC<\/title>\n<meta name=\"description\" content=\"Discover how to boost efficiency and customer experience by adding in-demand ethnic grocery store offerings. Learn inventory management, supplier strategies, and the tech that streamlines operations in our free eBook.\" \/>\n<meta name=\"robots\" content=\"index, follow, max-snippet:-1, max-image-preview:large, max-video-preview:-1\" \/>\n<link rel=\"canonical\" href=\"https:\/\/locsoftware.com\/fr\/epicerie-ethnique\/\" \/>\n<meta property=\"og:locale\" content=\"fr_CA\" \/>\n<meta property=\"og:type\" content=\"article\" \/>\n<meta property=\"og:title\" content=\"Ethnic Grocery Store Growth Strategies\" \/>\n<meta property=\"og:description\" content=\"Discover how to boost efficiency and customer experience by adding in-demand ethnic grocery store offerings. Learn inventory management, supplier strategies, and the tech that streamlines operations in our free eBook.\" \/>\n<meta property=\"og:url\" content=\"https:\/\/locsoftware.com\/fr\/epicerie-ethnique\/\" \/>\n<meta property=\"og:site_name\" content=\"LOC\" \/>\n<meta property=\"article:modified_time\" content=\"2025-12-03T13:24:35+00:00\" \/>\n<meta property=\"og:image\" content=\"https:\/\/locsoftware.com\/wp-content\/uploads\/2025\/12\/LOC_Ethnic-Grocery-Opportunity_web-mockup.png\" \/>\n\t<meta property=\"og:image:width\" content=\"253\" \/>\n\t<meta property=\"og:image:height\" content=\"350\" \/>\n\t<meta property=\"og:image:type\" content=\"image\/png\" \/>\n<meta name=\"twitter:card\" content=\"summary_large_image\" \/>\n<meta name=\"twitter:label1\" content=\"Estimation du temps de lecture\" \/>\n\t<meta name=\"twitter:data1\" content=\"1 minute\" \/>\n<script type=\"application\/ld+json\" class=\"yoast-schema-graph\">{\"@context\":\"https:\\\/\\\/schema.org\",\"@graph\":[{\"@type\":\"WebPage\",\"@id\":\"https:\\\/\\\/locsoftware.com\\\/ethnic-grocery-store\\\/\",\"url\":\"https:\\\/\\\/locsoftware.com\\\/ethnic-grocery-store\\\/\",\"name\":\"Free Ethnic Grocery Store Tech Insights | LOC\",\"isPartOf\":{\"@id\":\"https:\\\/\\\/locsoftware.com\\\/#website\"},\"primaryImageOfPage\":{\"@id\":\"https:\\\/\\\/locsoftware.com\\\/ethnic-grocery-store\\\/#primaryimage\"},\"image\":{\"@id\":\"https:\\\/\\\/locsoftware.com\\\/ethnic-grocery-store\\\/#primaryimage\"},\"thumbnailUrl\":\"https:\\\/\\\/locsoftware.com\\\/wp-content\\\/uploads\\\/2025\\\/12\\\/LOC_Ethnic-Grocery-Opportunity_web-mockup.png\",\"datePublished\":\"2025-12-03T13:16:04+00:00\",\"dateModified\":\"2025-12-03T13:24:35+00:00\",\"description\":\"Discover how to boost efficiency and customer experience by adding in-demand ethnic grocery store offerings. Learn inventory management, supplier strategies, and the tech that streamlines operations in our free eBook.\",\"breadcrumb\":{\"@id\":\"https:\\\/\\\/locsoftware.com\\\/ethnic-grocery-store\\\/#breadcrumb\"},\"inLanguage\":\"fr-CA\",\"potentialAction\":[{\"@type\":\"ReadAction\",\"target\":[\"https:\\\/\\\/locsoftware.com\\\/ethnic-grocery-store\\\/\"]}]},{\"@type\":\"ImageObject\",\"inLanguage\":\"fr-CA\",\"@id\":\"https:\\\/\\\/locsoftware.com\\\/ethnic-grocery-store\\\/#primaryimage\",\"url\":\"https:\\\/\\\/locsoftware.com\\\/wp-content\\\/uploads\\\/2025\\\/12\\\/LOC_Ethnic-Grocery-Opportunity_web-mockup.png\",\"contentUrl\":\"https:\\\/\\\/locsoftware.com\\\/wp-content\\\/uploads\\\/2025\\\/12\\\/LOC_Ethnic-Grocery-Opportunity_web-mockup.png\"},{\"@type\":\"BreadcrumbList\",\"@id\":\"https:\\\/\\\/locsoftware.com\\\/ethnic-grocery-store\\\/#breadcrumb\",\"itemListElement\":[{\"@type\":\"ListItem\",\"position\":1,\"name\":\"Home\",\"item\":\"https:\\\/\\\/locsoftware.com\\\/\"},{\"@type\":\"ListItem\",\"position\":2,\"name\":\"Ethnic Grocery Store Growth Strategies\"}]},{\"@type\":\"WebSite\",\"@id\":\"https:\\\/\\\/locsoftware.com\\\/#website\",\"url\":\"https:\\\/\\\/locsoftware.com\\\/\",\"name\":\"LOC\",\"description\":\"Best-in-Class Retail Management Software\",\"publisher\":{\"@id\":\"https:\\\/\\\/locsoftware.com\\\/#organization\"},\"potentialAction\":[{\"@type\":\"SearchAction\",\"target\":{\"@type\":\"EntryPoint\",\"urlTemplate\":\"https:\\\/\\\/locsoftware.com\\\/?s={search_term_string}\"},\"query-input\":{\"@type\":\"PropertyValueSpecification\",\"valueRequired\":true,\"valueName\":\"search_term_string\"}}],\"inLanguage\":\"fr-CA\"},{\"@type\":\"Organization\",\"@id\":\"https:\\\/\\\/locsoftware.com\\\/#organization\",\"name\":\"Best-in-Class Retail Management Software\",\"url\":\"https:\\\/\\\/locsoftware.com\\\/\",\"logo\":{\"@type\":\"ImageObject\",\"inLanguage\":\"fr-CA\",\"@id\":\"https:\\\/\\\/locsoftware.com\\\/#\\\/schema\\\/logo\\\/image\\\/\",\"url\":\"\",\"contentUrl\":\"\",\"caption\":\"Best-in-Class Retail Management Software\"},\"image\":{\"@id\":\"https:\\\/\\\/locsoftware.com\\\/#\\\/schema\\\/logo\\\/image\\\/\"}}]}<\/script>\n<!-- \/ Yoast SEO Premium plugin. -->","yoast_head_json":{"title":"\u00c9picerie ethnique gratuite Store Tech Insights | LOC","description":"D\u00e9couvrez comment am\u00e9liorer l'efficacit\u00e9 et l'exp\u00e9rience des clients en ajoutant des produits ethniques tr\u00e8s demand\u00e9s dans les \u00e9piceries. D\u00e9couvrez la gestion des stocks, les strat\u00e9gies des fournisseurs et la technologie qui rationalise les op\u00e9rations dans notre eBook gratuit.","robots":{"index":"index","follow":"follow","max-snippet":"max-snippet:-1","max-image-preview":"max-image-preview:large","max-video-preview":"max-video-preview:-1"},"canonical":"https:\/\/locsoftware.com\/fr\/epicerie-ethnique\/","og_locale":"fr_CA","og_type":"article","og_title":"Ethnic Grocery Store Growth Strategies","og_description":"Discover how to boost efficiency and customer experience by adding in-demand ethnic grocery store offerings. Learn inventory management, supplier strategies, and the tech that streamlines operations in our free eBook.","og_url":"https:\/\/locsoftware.com\/fr\/epicerie-ethnique\/","og_site_name":"LOC","article_modified_time":"2025-12-03T13:24:35+00:00","og_image":[{"width":253,"height":350,"url":"https:\/\/locsoftware.com\/wp-content\/uploads\/2025\/12\/LOC_Ethnic-Grocery-Opportunity_web-mockup.png","type":"image\/png"}],"twitter_card":"summary_large_image","twitter_misc":{"Estimation du temps de lecture":"1 minute"},"schema":{"@context":"https:\/\/schema.org","@graph":[{"@type":"WebPage","@id":"https:\/\/locsoftware.com\/ethnic-grocery-store\/","url":"https:\/\/locsoftware.com\/ethnic-grocery-store\/","name":"\u00c9picerie ethnique gratuite Store Tech Insights | LOC","isPartOf":{"@id":"https:\/\/locsoftware.com\/#website"},"primaryImageOfPage":{"@id":"https:\/\/locsoftware.com\/ethnic-grocery-store\/#primaryimage"},"image":{"@id":"https:\/\/locsoftware.com\/ethnic-grocery-store\/#primaryimage"},"thumbnailUrl":"https:\/\/locsoftware.com\/wp-content\/uploads\/2025\/12\/LOC_Ethnic-Grocery-Opportunity_web-mockup.png","datePublished":"2025-12-03T13:16:04+00:00","dateModified":"2025-12-03T13:24:35+00:00","description":"D\u00e9couvrez comment am\u00e9liorer l'efficacit\u00e9 et l'exp\u00e9rience des clients en ajoutant des produits ethniques tr\u00e8s demand\u00e9s dans les \u00e9piceries. D\u00e9couvrez la gestion des stocks, les strat\u00e9gies des fournisseurs et la technologie qui rationalise les op\u00e9rations dans notre eBook gratuit.","breadcrumb":{"@id":"https:\/\/locsoftware.com\/ethnic-grocery-store\/#breadcrumb"},"inLanguage":"fr-CA","potentialAction":[{"@type":"ReadAction","target":["https:\/\/locsoftware.com\/ethnic-grocery-store\/"]}]},{"@type":"ImageObject","inLanguage":"fr-CA","@id":"https:\/\/locsoftware.com\/ethnic-grocery-store\/#primaryimage","url":"https:\/\/locsoftware.com\/wp-content\/uploads\/2025\/12\/LOC_Ethnic-Grocery-Opportunity_web-mockup.png","contentUrl":"https:\/\/locsoftware.com\/wp-content\/uploads\/2025\/12\/LOC_Ethnic-Grocery-Opportunity_web-mockup.png"},{"@type":"BreadcrumbList","@id":"https:\/\/locsoftware.com\/ethnic-grocery-store\/#breadcrumb","itemListElement":[{"@type":"ListItem","position":1,"name":"Home","item":"https:\/\/locsoftware.com\/"},{"@type":"ListItem","position":2,"name":"Ethnic Grocery Store Growth Strategies"}]},{"@type":"WebSite","@id":"https:\/\/locsoftware.com\/#website","url":"https:\/\/locsoftware.com\/","name":"LOC","description":"Les meilleurs logiciels de gestion de la vente au d\u00e9tail","publisher":{"@id":"https:\/\/locsoftware.com\/#organization"},"potentialAction":[{"@type":"SearchAction","target":{"@type":"EntryPoint","urlTemplate":"https:\/\/locsoftware.com\/?s={search_term_string}"},"query-input":{"@type":"PropertyValueSpecification","valueRequired":true,"valueName":"search_term_string"}}],"inLanguage":"fr-CA"},{"@type":"Organization","@id":"https:\/\/locsoftware.com\/#organization","name":"Les meilleurs logiciels de gestion de la vente au d\u00e9tail","url":"https:\/\/locsoftware.com\/","logo":{"@type":"ImageObject","inLanguage":"fr-CA","@id":"https:\/\/locsoftware.com\/#\/schema\/logo\/image\/","url":"","contentUrl":"","caption":"Best-in-Class Retail Management Software"},"image":{"@id":"https:\/\/locsoftware.com\/#\/schema\/logo\/image\/"}}]}},"_links":{"self":[{"href":"https:\/\/locsoftware.com\/fr\/wp-json\/wp\/v2\/pages\/9502","targetHints":{"allow":["GET"]}}],"collection":[{"href":"https:\/\/locsoftware.com\/fr\/wp-json\/wp\/v2\/pages"}],"about":[{"href":"https:\/\/locsoftware.com\/fr\/wp-json\/wp\/v2\/types\/page"}],"author":[{"embeddable":true,"href":"https:\/\/locsoftware.com\/fr\/wp-json\/wp\/v2\/users\/1"}],"replies":[{"embeddable":true,"href":"https:\/\/locsoftware.com\/fr\/wp-json\/wp\/v2\/comments?post=9502"}],"version-history":[{"count":5,"href":"https:\/\/locsoftware.com\/fr\/wp-json\/wp\/v2\/pages\/9502\/revisions"}],"predecessor-version":[{"id":9513,"href":"https:\/\/locsoftware.com\/fr\/wp-json\/wp\/v2\/pages\/9502\/revisions\/9513"}],"wp:attachment":[{"href":"https:\/\/locsoftware.com\/fr\/wp-json\/wp\/v2\/media?parent=9502"}],"curies":[{"name":"wp","href":"https:\/\/api.w.org\/{rel}","templated":true}]}}