{"id":9645,"date":"2026-03-31T10:03:17","date_gmt":"2026-03-31T15:03:17","guid":{"rendered":"https:\/\/locsoftware.com\/?page_id=9645"},"modified":"2026-03-31T10:05:54","modified_gmt":"2026-03-31T15:05:54","slug":"solutions-cloud-pour-lepicerie-et-le-commerce-de-detail","status":"publish","type":"page","link":"https:\/\/locsoftware.com\/fr\/grocery-and-retail-cloud-solutions\/","title":{"rendered":"Guide de solution cloud POS pour le commerce de d\u00e9tail"},"content":{"rendered":"<div data-elementor-type=\"wp-page\" data-elementor-id=\"9645\" class=\"elementor elementor-9645\" data-elementor-post-type=\"page\">\n\t\t\t\t\t\t<\/div>","protected":false},"excerpt":{"rendered":"<p>Optimisez les op\u00e9rations de vente au d\u00e9tail avec des solutions Cloud POS La gestion de la technologie de vente au d\u00e9tail sur site peut limiter la flexibilit\u00e9, n\u00e9cessiter des investissements mat\u00e9riels continus et rendre plus difficile la mise \u00e0 l'\u00e9chelle \u00e0 mesure que votre entreprise se d\u00e9veloppe. Ce guide gratuit explore comment les solutions POS et back office bas\u00e9es sur le cloud aident les entreprises d'\u00e9picerie et de vente au d\u00e9tail \u00e0 simplifier la gestion informatique, \u00e0 centraliser les donn\u00e9es et \u00e0 donner aux \u00e9quipes un acc\u00e8s s\u00e9curis\u00e9 \u00e0\u2026<\/p>","protected":false},"author":1,"featured_media":0,"parent":0,"menu_order":30,"comment_status":"closed","ping_status":"closed","template":"elementor_header_footer","meta":{"footnotes":""},"class_list":["post-9645","page","type-page","status-publish","hentry"],"yoast_head":"<!-- This site is optimized with the Yoast SEO Premium plugin v27.4 (Yoast SEO v27.4) - https:\/\/yoast.com\/product\/yoast-seo-premium-wordpress\/ -->\n<title>Discover the Best Retail Cloud POS Solution | LOC<\/title>\n<meta name=\"description\" content=\"Download our cloud POS solution guide to simplify IT, centralize data, and scale retail operations with flexible, secure technology.\" \/>\n<meta name=\"robots\" content=\"index, follow, max-snippet:-1, max-image-preview:large, max-video-preview:-1\" \/>\n<link rel=\"canonical\" href=\"https:\/\/locsoftware.com\/fr\/solutions-cloud-pour-lepicerie-et-le-commerce-de-detail\/\" \/>\n<meta property=\"og:locale\" content=\"fr_CA\" \/>\n<meta property=\"og:type\" content=\"article\" \/>\n<meta property=\"og:title\" content=\"Cloud POS Solution Guide for Retail\" \/>\n<meta property=\"og:description\" content=\"Download our cloud POS solution guide to simplify IT, centralize data, and scale retail operations with flexible, secure technology.\" \/>\n<meta property=\"og:url\" content=\"https:\/\/locsoftware.com\/fr\/solutions-cloud-pour-lepicerie-et-le-commerce-de-detail\/\" \/>\n<meta property=\"og:site_name\" content=\"LOC\" \/>\n<meta property=\"article:modified_time\" content=\"2026-03-31T15:05:54+00:00\" \/>\n<meta property=\"og:image\" content=\"https:\/\/locsoftware.com\/wp-content\/uploads\/2026\/03\/LOC_Cloud-Solution-Brief_web-mockup.png\" \/>\n\t<meta property=\"og:image:width\" content=\"253\" \/>\n\t<meta property=\"og:image:height\" content=\"350\" \/>\n\t<meta property=\"og:image:type\" content=\"image\/png\" \/>\n<meta name=\"twitter:card\" content=\"summary_large_image\" \/>\n<meta name=\"twitter:label1\" content=\"Estimation du temps de lecture\" \/>\n\t<meta name=\"twitter:data1\" content=\"1 minute\" \/>\n<script type=\"application\/ld+json\" class=\"yoast-schema-graph\">{\"@context\":\"https:\\\/\\\/schema.org\",\"@graph\":[{\"@type\":\"WebPage\",\"@id\":\"https:\\\/\\\/locsoftware.com\\\/grocery-and-retail-cloud-solutions\\\/\",\"url\":\"https:\\\/\\\/locsoftware.com\\\/grocery-and-retail-cloud-solutions\\\/\",\"name\":\"Discover the Best Retail Cloud POS Solution | LOC\",\"isPartOf\":{\"@id\":\"https:\\\/\\\/locsoftware.com\\\/#website\"},\"primaryImageOfPage\":{\"@id\":\"https:\\\/\\\/locsoftware.com\\\/grocery-and-retail-cloud-solutions\\\/#primaryimage\"},\"image\":{\"@id\":\"https:\\\/\\\/locsoftware.com\\\/grocery-and-retail-cloud-solutions\\\/#primaryimage\"},\"thumbnailUrl\":\"https:\\\/\\\/locsoftware.com\\\/wp-content\\\/uploads\\\/2026\\\/03\\\/LOC_Cloud-Solution-Brief_web-mockup.png\",\"datePublished\":\"2026-03-31T15:03:17+00:00\",\"dateModified\":\"2026-03-31T15:05:54+00:00\",\"description\":\"Download our cloud POS solution guide to simplify IT, centralize data, and scale retail operations with flexible, secure technology.\",\"breadcrumb\":{\"@id\":\"https:\\\/\\\/locsoftware.com\\\/grocery-and-retail-cloud-solutions\\\/#breadcrumb\"},\"inLanguage\":\"fr-CA\",\"potentialAction\":[{\"@type\":\"ReadAction\",\"target\":[\"https:\\\/\\\/locsoftware.com\\\/grocery-and-retail-cloud-solutions\\\/\"]}]},{\"@type\":\"ImageObject\",\"inLanguage\":\"fr-CA\",\"@id\":\"https:\\\/\\\/locsoftware.com\\\/grocery-and-retail-cloud-solutions\\\/#primaryimage\",\"url\":\"https:\\\/\\\/locsoftware.com\\\/wp-content\\\/uploads\\\/2026\\\/03\\\/LOC_Cloud-Solution-Brief_web-mockup.png\",\"contentUrl\":\"https:\\\/\\\/locsoftware.com\\\/wp-content\\\/uploads\\\/2026\\\/03\\\/LOC_Cloud-Solution-Brief_web-mockup.png\"},{\"@type\":\"BreadcrumbList\",\"@id\":\"https:\\\/\\\/locsoftware.com\\\/grocery-and-retail-cloud-solutions\\\/#breadcrumb\",\"itemListElement\":[{\"@type\":\"ListItem\",\"position\":1,\"name\":\"Home\",\"item\":\"https:\\\/\\\/locsoftware.com\\\/\"},{\"@type\":\"ListItem\",\"position\":2,\"name\":\"Cloud POS Solution Guide for Retail\"}]},{\"@type\":\"WebSite\",\"@id\":\"https:\\\/\\\/locsoftware.com\\\/#website\",\"url\":\"https:\\\/\\\/locsoftware.com\\\/\",\"name\":\"LOC\",\"description\":\"Best-in-Class Retail Management Software\",\"publisher\":{\"@id\":\"https:\\\/\\\/locsoftware.com\\\/#organization\"},\"potentialAction\":[{\"@type\":\"SearchAction\",\"target\":{\"@type\":\"EntryPoint\",\"urlTemplate\":\"https:\\\/\\\/locsoftware.com\\\/?s={search_term_string}\"},\"query-input\":{\"@type\":\"PropertyValueSpecification\",\"valueRequired\":true,\"valueName\":\"search_term_string\"}}],\"inLanguage\":\"fr-CA\"},{\"@type\":\"Organization\",\"@id\":\"https:\\\/\\\/locsoftware.com\\\/#organization\",\"name\":\"Best-in-Class Retail Management Software\",\"url\":\"https:\\\/\\\/locsoftware.com\\\/\",\"logo\":{\"@type\":\"ImageObject\",\"inLanguage\":\"fr-CA\",\"@id\":\"https:\\\/\\\/locsoftware.com\\\/#\\\/schema\\\/logo\\\/image\\\/\",\"url\":\"\",\"contentUrl\":\"\",\"caption\":\"Best-in-Class Retail Management Software\"},\"image\":{\"@id\":\"https:\\\/\\\/locsoftware.com\\\/#\\\/schema\\\/logo\\\/image\\\/\"}}]}<\/script>\n<!-- \/ Yoast SEO Premium plugin. -->","yoast_head_json":{"title":"D\u00e9couvrez la meilleure solution cloud pour le commerce de d\u00e9tail POS | LOC","description":"T\u00e9l\u00e9chargez notre guide de solution cloud POS pour simplifier l'informatique, centraliser les donn\u00e9es et faire \u00e9voluer les op\u00e9rations de vente au d\u00e9tail gr\u00e2ce \u00e0 une technologie flexible et s\u00e9curis\u00e9e.","robots":{"index":"index","follow":"follow","max-snippet":"max-snippet:-1","max-image-preview":"max-image-preview:large","max-video-preview":"max-video-preview:-1"},"canonical":"https:\/\/locsoftware.com\/fr\/solutions-cloud-pour-lepicerie-et-le-commerce-de-detail\/","og_locale":"fr_CA","og_type":"article","og_title":"Cloud POS Solution Guide for Retail","og_description":"Download our cloud POS solution guide to simplify IT, centralize data, and scale retail operations with flexible, secure technology.","og_url":"https:\/\/locsoftware.com\/fr\/solutions-cloud-pour-lepicerie-et-le-commerce-de-detail\/","og_site_name":"LOC","article_modified_time":"2026-03-31T15:05:54+00:00","og_image":[{"width":253,"height":350,"url":"https:\/\/locsoftware.com\/wp-content\/uploads\/2026\/03\/LOC_Cloud-Solution-Brief_web-mockup.png","type":"image\/png"}],"twitter_card":"summary_large_image","twitter_misc":{"Estimation du temps de lecture":"1 minute"},"schema":{"@context":"https:\/\/schema.org","@graph":[{"@type":"WebPage","@id":"https:\/\/locsoftware.com\/grocery-and-retail-cloud-solutions\/","url":"https:\/\/locsoftware.com\/grocery-and-retail-cloud-solutions\/","name":"D\u00e9couvrez la meilleure solution cloud pour le commerce de d\u00e9tail POS | LOC","isPartOf":{"@id":"https:\/\/locsoftware.com\/#website"},"primaryImageOfPage":{"@id":"https:\/\/locsoftware.com\/grocery-and-retail-cloud-solutions\/#primaryimage"},"image":{"@id":"https:\/\/locsoftware.com\/grocery-and-retail-cloud-solutions\/#primaryimage"},"thumbnailUrl":"https:\/\/locsoftware.com\/wp-content\/uploads\/2026\/03\/LOC_Cloud-Solution-Brief_web-mockup.png","datePublished":"2026-03-31T15:03:17+00:00","dateModified":"2026-03-31T15:05:54+00:00","description":"T\u00e9l\u00e9chargez notre guide de solution cloud POS pour simplifier l'informatique, centraliser les donn\u00e9es et faire \u00e9voluer les op\u00e9rations de vente au d\u00e9tail gr\u00e2ce \u00e0 une technologie flexible et s\u00e9curis\u00e9e.","breadcrumb":{"@id":"https:\/\/locsoftware.com\/grocery-and-retail-cloud-solutions\/#breadcrumb"},"inLanguage":"fr-CA","potentialAction":[{"@type":"ReadAction","target":["https:\/\/locsoftware.com\/grocery-and-retail-cloud-solutions\/"]}]},{"@type":"ImageObject","inLanguage":"fr-CA","@id":"https:\/\/locsoftware.com\/grocery-and-retail-cloud-solutions\/#primaryimage","url":"https:\/\/locsoftware.com\/wp-content\/uploads\/2026\/03\/LOC_Cloud-Solution-Brief_web-mockup.png","contentUrl":"https:\/\/locsoftware.com\/wp-content\/uploads\/2026\/03\/LOC_Cloud-Solution-Brief_web-mockup.png"},{"@type":"BreadcrumbList","@id":"https:\/\/locsoftware.com\/grocery-and-retail-cloud-solutions\/#breadcrumb","itemListElement":[{"@type":"ListItem","position":1,"name":"Home","item":"https:\/\/locsoftware.com\/"},{"@type":"ListItem","position":2,"name":"Cloud POS Solution Guide for Retail"}]},{"@type":"WebSite","@id":"https:\/\/locsoftware.com\/#website","url":"https:\/\/locsoftware.com\/","name":"LOC","description":"Les meilleurs logiciels de gestion de la vente au d\u00e9tail","publisher":{"@id":"https:\/\/locsoftware.com\/#organization"},"potentialAction":[{"@type":"SearchAction","target":{"@type":"EntryPoint","urlTemplate":"https:\/\/locsoftware.com\/?s={search_term_string}"},"query-input":{"@type":"PropertyValueSpecification","valueRequired":true,"valueName":"search_term_string"}}],"inLanguage":"fr-CA"},{"@type":"Organization","@id":"https:\/\/locsoftware.com\/#organization","name":"Les meilleurs logiciels de gestion de la vente au d\u00e9tail","url":"https:\/\/locsoftware.com\/","logo":{"@type":"ImageObject","inLanguage":"fr-CA","@id":"https:\/\/locsoftware.com\/#\/schema\/logo\/image\/","url":"","contentUrl":"","caption":"Best-in-Class Retail Management Software"},"image":{"@id":"https:\/\/locsoftware.com\/#\/schema\/logo\/image\/"}}]}},"_links":{"self":[{"href":"https:\/\/locsoftware.com\/fr\/wp-json\/wp\/v2\/pages\/9645","targetHints":{"allow":["GET"]}}],"collection":[{"href":"https:\/\/locsoftware.com\/fr\/wp-json\/wp\/v2\/pages"}],"about":[{"href":"https:\/\/locsoftware.com\/fr\/wp-json\/wp\/v2\/types\/page"}],"author":[{"embeddable":true,"href":"https:\/\/locsoftware.com\/fr\/wp-json\/wp\/v2\/users\/1"}],"replies":[{"embeddable":true,"href":"https:\/\/locsoftware.com\/fr\/wp-json\/wp\/v2\/comments?post=9645"}],"version-history":[{"count":5,"href":"https:\/\/locsoftware.com\/fr\/wp-json\/wp\/v2\/pages\/9645\/revisions"}],"predecessor-version":[{"id":9667,"href":"https:\/\/locsoftware.com\/fr\/wp-json\/wp\/v2\/pages\/9645\/revisions\/9667"}],"wp:attachment":[{"href":"https:\/\/locsoftware.com\/fr\/wp-json\/wp\/v2\/media?parent=9645"}],"curies":[{"name":"wp","href":"https:\/\/api.w.org\/{rel}","templated":true}]}}